{"id":48,"date":"2021-12-10T14:16:36","date_gmt":"2021-12-10T13:16:36","guid":{"rendered":"https:\/\/www.campinglarenaudiere.com\/?page_id=48"},"modified":"2026-03-30T11:54:37","modified_gmt":"2026-03-30T09:54:37","slug":"camping-vendee-services-4-sterne","status":"publish","type":"page","link":"https:\/\/mirabel-baiedecayola.com\/de\/camping-vendee-services-4-etoiles\/","title":{"rendered":"Dienste"},"content":{"rendered":"<h1 class=\"wp-block-heading\" id=\"de-nombreux-services-dans-votre-camping-4-etoiles\"><strong>Vielf\u00e4ltige Dienstleistungen auf Ihrem 4-Sterne-Campingplatz in der Vend\u00e9e<\/strong><\/h1>\n\n\n\n<p class=\"has-text-align-center\">Vor Ort oder in der N\u00e4he bietet der Campingplatz verschiedene Dienstleistungen an, um Ihren Urlaub und Ihren Komfort zu erleichtern. Auf La Baie de Cayola verw\u00f6hnt man Familien mit der gesamten Babyausstattung zum Verleih, Spielpl\u00e4tzen und jeden Sommer mit Animationen f\u00fcr alle.<\/p>\n\n\n\n<figure class=\"wp-block-image aligncenter size-full\"><img decoding=\"async\" src=\"https:\/\/www.mirabel-baiedecayola.com\/wp-content\/uploads\/2022\/01\/barre-bleue.png\" alt=\"\" class=\"wp-image-2382\"\/><\/figure>\n\n\n\n<div class=\"wp-block-columns is-layout-flex wp-container-core-columns-is-layout-28f84493 wp-block-columns-is-layout-flex\">\n<div class=\"wp-block-column is-layout-flow wp-block-column-is-layout-flow\" style=\"flex-basis:40%\">\n<div class=\"wp-block-group p-xl-5 is-layout-flow wp-block-group-is-layout-flow\">\n<h2 class=\"wp-block-heading has-text-align-left\" id=\"liste-des-services\">Liste der Dienste<br><\/h2>\n\n\n\n<p><i class=\"fa fa-hamburger\"><\/i> &nbsp; Bar <\/p>\n\n\n\n<p><i class=\"fa fa-wifi\"><\/i> &nbsp;Wifi-Zugang* (kostenpflichtige Tickets am Empfang erh\u00e4ltlich)<\/p>\n\n\n\n<p><i class=\"fa fa-info-circle\"><\/i> &nbsp; Touristische Informationen <\/p>\n\n\n\n<p><i class=\"fa fa-dice\"><\/i> &nbsp; Spielzimmer<\/p>\n\n\n\n<p><i class=\"fa fa-bicycle\"><\/i> &nbsp;Fahrradverleih<\/p>\n\n\n\n<p><i class=\"fa fa-tshirt\"><\/i> &nbsp;Waschraum mit Waschmaschinen und Trocknern*.<\/p>\n\n\n\n<p><i class=\"fa fa-baby-carriage\"><\/i> &nbsp; Verleih von Babyausstattung*. <\/p>\n\n\n\n<p><i class=\"fa fa-bed\"> <\/i> &nbsp;Verleih von Bettw\u00e4sche-Sets (Kopfkissenbezug und Bettlaken)<\/p>\n\n\n\n<p><img loading=\"lazy\" decoding=\"async\" width=\"24\" height=\"22\" class=\"wp-image-388\" style=\"width: 24px;\" src=\"https:\/\/www.mirabel-baiedecayola.com\/wp-content\/uploads\/2021\/12\/fer-a-repasser.jpg\" alt=\"pret von b\u00fcgeleisen\"> Verleih von B\u00fcgeleisen<\/p>\n\n\n\n<p><img decoding=\"async\" class=\"wp-image-4788\" style=\"width: 24px;\" src=\"https:\/\/www.mirabel-baiedecayola.com\/wp-content\/uploads\/2022\/02\/seche-cheveux.png\" alt=\"Verleih von Haartrocknern\"> Verleih von Haartrocknern<\/p>\n<\/div>\n\n\n\n<p>*Zahler: voi<em>r die Preise f\u00fcr die Optionen auf den Seiten <a href=\"https:\/\/mirabel-baiedecayola.com\/de\/location-mobil-homes-vendee\/#options\">Unterk\u00fcnfte<\/a><\/em><\/p>\n<\/div>\n\n\n\n<div class=\"wp-block-column is-vertically-aligned-center is-layout-flow wp-block-column-is-layout-flow\" style=\"flex-basis:60%\">\n<p class=\"texte-rond has-orange-color has-text-color has-large-font-size\" id=\"les-services-a-proximite-du-camping\">Treffpunkt an der Rezeption<\/p>\n\n\n\n<p>Je nach \u00d6ffnungszeiten in der Neben- und Hochsaison werden Sie w\u00e4hrend Ihres gesamten Aufenthalts betreut. Kommen Sie und nehmen Sie die<strong> Touristeninformationen<\/strong> \u00fcber Freizeitaktivit\u00e4ten, Besichtigungen, Str\u00e4nde und alles, was du in den <a href=\"https:\/\/mirabel-baiedecayola.com\/de\/camping-les-sables-dolonne\/\">Sables d'Olonne<\/a> und in <a href=\"https:\/\/mirabel-baiedecayola.com\/de\/camping-vendee-tourismus\/\">Vend\u00e9e<\/a>. Sie k\u00f6nnen auch Postkarten und Briefmarken kaufen, um Oma und Opa eine Nachricht zu schreiben.\u2019<strong>Lebensmittelgesch\u00e4ft<\/strong> oder auch Eis zum Mitnehmen. <\/p>\n\n\n\n<p>Im Sommer denken Sie an <strong>Ihr Fr\u00fchst\u00fcck<\/strong> : Bestellen Sie Ihr Brot am Vortag (vor 17.15 Uhr) und holen Sie es ab, sobald die Rezeption am n\u00e4chsten Morgen ge\u00f6ffnet ist.<\/p>\n\n\n\n<p>Der Campingplatz verleiht auch Gesellschaftsspiele und <strong>Spiele im Freien<\/strong> wie Tischtennisschl\u00e4ger, finnisches Kegeln (M\u00f6lkky) oder das bretonische Shuffleboard-Spiel, dann kommen Sie zu uns!<\/p>\n\n\n\n<h2 class=\"wp-block-heading\">Verleih von Fahrr\u00e4dern<\/h2>\n\n\n\n<p>Ab Anfang Mai k\u00f6nnen Sie an der Rezeption des Campingplatzes auch Fahrr\u00e4der ausleihen. Los geht's mit einer Fahrt entlang der wilden K\u00fcste auf der&nbsp;<strong>Fahrradweg, der an den Campingplatz grenzt&nbsp;<\/strong>: die&nbsp;<a href=\"https:\/\/www.lavelodyssee.com\/\" target=\"_blank\" rel=\"noreferrer noopener\">V\u00e9lodyss\u00e9e<\/a>. Um den Preis f\u00fcr den Fahrradverleih und das Zubeh\u00f6r zu erfahren, wenden Sie sich an uns.<\/p>\n\n\n\n<figure class=\"wp-block-image size-full\"><img loading=\"lazy\" decoding=\"async\" width=\"600\" height=\"450\" src=\"https:\/\/www.mirabel-baiedecayola.com\/wp-content\/uploads\/2023\/02\/Location-velos-camping-service-2.jpg\" alt=\"vermietung fahrrad service camping\" class=\"wp-image-11922\" srcset=\"https:\/\/mirabel-baiedecayola.com\/wp-content\/uploads\/2023\/02\/Location-velos-camping-service-2.jpg 600w, https:\/\/mirabel-baiedecayola.com\/wp-content\/uploads\/2023\/02\/Location-velos-camping-service-2-300x225.jpg 300w\" sizes=\"auto, (max-width: 600px) 100vw, 600px\" \/><\/figure>\n<\/div>\n<\/div>\n\n\n\n<div class=\"wp-block-group card card-body border border-info is-layout-constrained wp-block-group-is-layout-constrained\">\n<p class=\"has-text-align-center has-medium-font-size\"><strong>Zoom auf das digitale Begr\u00fc\u00dfungsheft<\/strong><br><img loading=\"lazy\" decoding=\"async\" width=\"49\" height=\"6\" class=\"wp-image-4323\" style=\"width: 49px;\" src=\"https:\/\/www.mirabel-prairiesdelamer.com\/wp-content\/uploads\/2021\/12\/barre-camping.png\" alt=\"\"><\/p>\n\n\n\n<p>Finden Sie <strong>alle n\u00fctzlichen Informationen<\/strong> f\u00fcr Ihren Aufenthalt auf unserem Campingplatz: \u00d6ffnungszeiten des Schwimmbads, Planung der Animationen im Sommer, Ideen f\u00fcr Besichtigungen in der Umgebung von Les Sables d'Olonne, Ankunfts- und Abfahrtszeiten der Mietunterk\u00fcnfte, Abendveranstaltungen... online.<\/p>\n\n\n\n<p class=\"has-text-align-center\"><a href=\"https:\/\/notre.guide\/labaiedecayola\/\" target=\"_blank\" rel=\"noopener\" data-wplink-edit=\"true\"><i class=\"far fa-hand-point-right\"> Um es zu entdecken, geht es hier entlang.<\/i><\/a><\/p>\n\n\n\n<p>Auf dem Campingplatz Mirabel La Baie de Cayola ist es uns wichtig, uns <strong>sich f\u00fcr den Planeten engagieren<\/strong> und Sie dabei so gut wie m\u00f6glich zu informieren. Aus diesem Grund sind wir<strong> reduzieren wir die Ausdrucke<\/strong> Papier und haben den<strong> digitaler Leitfaden.<\/strong> Diese Webanwendung ist v\u00f6llig kostenlos und kann \u00fcber Ihr Smartphone, Ihren Tablet-PC oder Ihren Computer aufgerufen werden. <\/p>\n<\/div>\n\n\n\n<p class=\"has-text-align-center texte-rond mt-5 has-large-font-size\">Was es auf dem Campingplatz zu entdecken gibt<\/p>\n\n\n\n<div class=\"wp-block-columns h-20 front-page-section grey is-layout-flex wp-container-core-columns-is-layout-28f84493 wp-block-columns-is-layout-flex\">\n<div class=\"wp-block-column is-layout-flow wp-block-column-is-layout-flow\"><\/div>\n\n\n\n<div class=\"wp-block-column is-layout-flow wp-block-column-is-layout-flow\">\n<div class=\"wp-block-create-block-sevgutenberg-navigation\"><aside class=\"encart-sev-navigation small carre\"><a href=\"https:\/\/mirabel-baiedecayola.com\/de\/wasserpark\/\" class=\"d-flex flex-column align-items-center\"><div class=\"encart-title\"><span>Wasserraum<\/span><\/div><div class=\"vague\"><\/div><img decoding=\"async\" src=\"https:\/\/www.mirabel-baiedecayola.com\/wp-content\/uploads\/2022\/04\/Cayola-piscines-toboggans-1200px.jpg\" alt=\"Campingplatz **** in Les Sables d&#039;Olonne in der Vend\u00e9e\"\/><div class=\"ligne\"><\/div><div class=\"hover\"><\/div><\/a><\/aside><\/div>\n<\/div>\n\n\n\n<div class=\"wp-block-column is-layout-flow wp-block-column-is-layout-flow\">\n<div class=\"wp-block-create-block-sevgutenberg-navigation\"><aside class=\"encart-sev-navigation small carre\"><a href=\"https:\/\/mirabel-baiedecayola.com\/de\/vermietung-wohnung-les-sables-d-olonne\/\" class=\"d-flex flex-column align-items-center\"><div class=\"encart-title\"><span>Die Wohnungen<\/span><\/div><div class=\"vague\"><\/div><img decoding=\"async\" src=\"https:\/\/mirabel-baiedecayola.com\/wp-content\/uploads\/2023\/04\/chambre-couple-sables-olonne.jpg\" alt=\"Doppelzimmer mit Kingsize-Bett f\u00fcr einen Aufenthalt zu zweit in Les Sables d&#039;Olonne\"\/><div class=\"ligne\"><\/div><div class=\"hover\"><\/div><\/a><\/aside><\/div>\n<\/div>\n\n\n\n<div class=\"wp-block-column is-layout-flow wp-block-column-is-layout-flow\">\n<div class=\"wp-block-create-block-sevgutenberg-navigation\"><aside class=\"encart-sev-navigation small carre\"><a href=\"https:\/\/mirabel-baiedecayola.com\/de\/animationen-juli-august\/\" class=\"d-flex flex-column align-items-center\"><div class=\"encart-title\"><span>Animationen<\/span><\/div><div class=\"vague\"><\/div><img decoding=\"async\" src=\"https:\/\/www.mirabel-baiedecayola.com\/wp-content\/uploads\/2022\/04\/HEADER_ANIMATION_OLYMPIADES_CAYOLA-1.jpg\" alt=\"animationen auf dem campingplatz in der vend\u00e9e\"\/><div class=\"ligne\"><\/div><div class=\"hover\"><\/div><\/a><\/aside><\/div>\n<\/div>\n\n\n\n<div class=\"wp-block-column is-layout-flow wp-block-column-is-layout-flow\"><\/div>\n<\/div>\n\n\n\n<figure class=\"wp-block-image aligncenter size-large is-resized mt-5\"><img decoding=\"async\" src=\"https:\/\/www.mirabel-baiedecayola.com\/wp-content\/uploads\/2022\/01\/photo-1024x84.png\" alt=\"Fotogalerie\" class=\"wp-image-2371\" style=\"width:768px;height:63px\"\/><\/figure>\n\n\n\t\t\t<div id=\"sevgallery-383780713\" class=\"sev-diaporama sev-diaporama-portfolio\">\r\n\t\t\t\t<div class=\"row\">\r\n\r\n\t\t\t\t\t\r\n\t\t\t\t\t\t\r\n\t\t\t\t\t\t<div class=\"sev-diaporama-portfolio-item   btnseeall btnseeall-xl col-12 col-md  col-shrink\">\r\n\t\t\t\t\t\t\t<a href=\"https:\/\/mirabel-baiedecayola.com\/wp-content\/uploads\/2023\/04\/location-velo-camping-Cayola-1024x683.jpg\" data-lightbox=\"sevgallery-383780713\" style=\"background-image: url(https:\/\/mirabel-baiedecayola.com\/wp-content\/uploads\/2023\/04\/location-velo-camping-Cayola-1024x683.jpg)\">\r\n\t\t\t\t\t\t\t\t<img decoding=\"async\" src=\"https:\/\/mirabel-baiedecayola.com\/wp-content\/uploads\/2023\/04\/location-velo-camping-Cayola-1024x683.jpg\" alt=\"Fahrradverleih auf dem Campingplatz in der Vend\u00e9e\" loading=\"lazy\">\r\n\t\t\t\t\t\t\t\t\t\t\t\t\t\t\t<\/a>\r\n\t\t\t\t\t\t<\/div>\r\n\r\n\t\t\t\t\t\t\r\n\t\t\t\t\t\t\t\t\t\t\t\t\t\t\t\t\t\r\n\t\t\t\t\t\t\r\n\t\t\t\t\t\t<div class=\"sev-diaporama-portfolio-item   btnseeall btnseeall-xl col-12 col-md\">\r\n\t\t\t\t\t\t\t<a href=\"https:\/\/mirabel-baiedecayola.com\/wp-content\/uploads\/2025\/11\/web-piste-cyclable-vendee.jpg\" data-lightbox=\"sevgallery-383780713\" style=\"background-image: url(https:\/\/mirabel-baiedecayola.com\/wp-content\/uploads\/2025\/11\/web-piste-cyclable-vendee.jpg)\">\r\n\t\t\t\t\t\t\t\t<img decoding=\"async\" src=\"https:\/\/mirabel-baiedecayola.com\/wp-content\/uploads\/2025\/11\/web-piste-cyclable-vendee.jpg\" alt=\"radweg sables d&#039;olonne camping la baie de cayola\" loading=\"lazy\">\r\n\t\t\t\t\t\t\t\t\t\t\t\t\t\t\t<\/a>\r\n\t\t\t\t\t\t<\/div>\r\n\r\n\t\t\t\t\t\t\r\n\t\t\t\t\t\t\t\t\t\t\t\t\t\t\t\t\t\r\n\t\t\t\t\t\t\r\n\t\t\t\t\t\t<div class=\"sev-diaporama-portfolio-item   btnseeall btnseeall-xl col-12 col-md\">\r\n\t\t\t\t\t\t\t<a href=\"https:\/\/mirabel-baiedecayola.com\/wp-content\/uploads\/2024\/01\/vacances-velo-sables-olonne-1024x683.jpg\" data-lightbox=\"sevgallery-383780713\" style=\"background-image: url(https:\/\/mirabel-baiedecayola.com\/wp-content\/uploads\/2024\/01\/vacances-velo-sables-olonne-1024x683.jpg)\">\r\n\t\t\t\t\t\t\t\t<img decoding=\"async\" src=\"https:\/\/mirabel-baiedecayola.com\/wp-content\/uploads\/2024\/01\/vacances-velo-sables-olonne-1024x683.jpg\" alt=\"Fahrradurlaub auf einem Campingplatz, der an der V\u00e9lodyss\u00e9e entlangf\u00fchrt\" loading=\"lazy\">\r\n\t\t\t\t\t\t\t\t\t\t\t\t\t\t\t<\/a>\r\n\t\t\t\t\t\t<\/div>\r\n\r\n\t\t\t\t\t\t\r\n\t\t\t\t\t\t\t\t\t\t\t\t\t\t\t\t\t\r\n\t\t\t\t\t\t\r\n\t\t\t\t\t\t<div class=\"sev-diaporama-portfolio-item   btnseeall btnseeall-xl col-12 col-md\">\r\n\t\t\t\t\t\t\t<a href=\"https:\/\/mirabel-baiedecayola.com\/wp-content\/uploads\/2024\/01\/cayola-aire-de-jeux-enfants-1024x681.jpg\" data-lightbox=\"sevgallery-383780713\" style=\"background-image: url(https:\/\/mirabel-baiedecayola.com\/wp-content\/uploads\/2024\/01\/cayola-aire-de-jeux-enfants-1024x681.jpg)\">\r\n\t\t\t\t\t\t\t\t<img decoding=\"async\" src=\"https:\/\/mirabel-baiedecayola.com\/wp-content\/uploads\/2024\/01\/cayola-aire-de-jeux-enfants-1024x681.jpg\" alt=\"Campingplatz mit Spielplatz f\u00fcr Kinder, Rutsche,\" loading=\"lazy\">\r\n\t\t\t\t\t\t\t\t\t\t\t\t\t\t\t<\/a>\r\n\t\t\t\t\t\t<\/div>\r\n\r\n\t\t\t\t\t\t\t\t\t\t\t\t\t<div class=\"w-100\"><\/div>\r\n\t\t\t\t\t\t\t\t\t\t\t\t\t\r\n\t\t\t\t\t\t\t\t\t\t\t\t\t\t\t\t\t\r\n\t\t\t\t\t\t\r\n\t\t\t\t\t\t<div class=\"sev-diaporama-portfolio-item   btnseeall btnseeall-xl col-12 col-md  col-grow\">\r\n\t\t\t\t\t\t\t<a href=\"https:\/\/mirabel-baiedecayola.com\/wp-content\/uploads\/2022\/04\/allee-velo-cayola-1024x681.jpg\" data-lightbox=\"sevgallery-383780713\" style=\"background-image: url(https:\/\/mirabel-baiedecayola.com\/wp-content\/uploads\/2022\/04\/allee-velo-cayola-1024x681.jpg)\">\r\n\t\t\t\t\t\t\t\t<img decoding=\"async\" src=\"https:\/\/mirabel-baiedecayola.com\/wp-content\/uploads\/2022\/04\/allee-velo-cayola-1024x681.jpg\" alt=\"allee du camping calme aux Sables d&#039;Olonne en Vend\u00e9e\" loading=\"lazy\">\r\n\t\t\t\t\t\t\t\t\t\t\t\t\t\t\t<\/a>\r\n\t\t\t\t\t\t<\/div>\r\n\r\n\t\t\t\t\t\t\r\n\t\t\t\t\t\t\t\t\t\t\t\t\t\t\t\t\t\r\n\t\t\t\t\t\t\r\n\t\t\t\t\t\t<div class=\"sev-diaporama-portfolio-item   btnseeall btnseeall-xl col-12 col-md\">\r\n\t\t\t\t\t\t\t<a href=\"https:\/\/mirabel-baiedecayola.com\/wp-content\/uploads\/2025\/04\/recharger-sa-voiture-au-camping.jpg\" data-lightbox=\"sevgallery-383780713\" style=\"background-image: url(https:\/\/mirabel-baiedecayola.com\/wp-content\/uploads\/2025\/04\/recharger-sa-voiture-au-camping.jpg)\">\r\n\t\t\t\t\t\t\t\t<img decoding=\"async\" src=\"https:\/\/mirabel-baiedecayola.com\/wp-content\/uploads\/2025\/04\/recharger-sa-voiture-au-camping.jpg\" alt=\"Elektroauto, das an der Ladestation des Campingplatzes in Les Sables d&#039;Olonne aufgeladen wird\" loading=\"lazy\">\r\n\t\t\t\t\t\t\t\t\t\t\t\t\t\t\t<\/a>\r\n\t\t\t\t\t\t<\/div>\r\n\r\n\t\t\t\t\t\t\r\n\t\t\t\t\t\t\t\t\t\t\t\t\t\t\t\t\t\r\n\t\t\t\t\t\t\r\n\t\t\t\t\t\t<div class=\"sev-diaporama-portfolio-item   btnseeall btnseeall-xl col-12 col-md  col-grow\">\r\n\t\t\t\t\t\t\t<a href=\"https:\/\/mirabel-baiedecayola.com\/wp-content\/uploads\/2024\/01\/piscine-exterieure-transats-parasols-1024x768.jpg\" data-lightbox=\"sevgallery-383780713\" style=\"background-image: url(https:\/\/mirabel-baiedecayola.com\/wp-content\/uploads\/2024\/01\/piscine-exterieure-transats-parasols-1024x768.jpg)\">\r\n\t\t\t\t\t\t\t\t<img decoding=\"async\" src=\"https:\/\/mirabel-baiedecayola.com\/wp-content\/uploads\/2024\/01\/piscine-exterieure-transats-parasols-1024x768.jpg\" alt=\"Au\u00dfenschwimmbad mit Liegest\u00fchlen und Sonnenschirmen auf dem Campingplatz Les Sables d&#039;Olonne\" loading=\"lazy\">\r\n\t\t\t\t\t\t\t\t\t\t\t\t\t\t\t<\/a>\r\n\t\t\t\t\t\t<\/div>\r\n\r\n\t\t\t\t\t\t\r\n\t\t\t\t\t\t\t\t\t\t\t\t\t\t\t\t\t\r\n\t\t\t\t\t\t\r\n\t\t\t\t\t\t<div class=\"sev-diaporama-portfolio-item  limitsm btnseeall btnseeall-xl col-12 col-md  col-grow last-visible\">\r\n\t\t\t\t\t\t\t<a href=\"https:\/\/mirabel-baiedecayola.com\/wp-content\/uploads\/2022\/04\/TOURNOIS_PETANQUE_1-1024x683.jpg\" data-lightbox=\"sevgallery-383780713\" style=\"background-image: url(https:\/\/mirabel-baiedecayola.com\/wp-content\/uploads\/2022\/04\/TOURNOIS_PETANQUE_1-1024x683.jpg)\">\r\n\t\t\t\t\t\t\t\t<img decoding=\"async\" src=\"https:\/\/mirabel-baiedecayola.com\/wp-content\/uploads\/2022\/04\/TOURNOIS_PETANQUE_1-1024x683.jpg\" alt=\"tags\u00fcber Animationen auf dem Campingplatz\" loading=\"lazy\">\r\n\t\t\t\t\t\t\t\t\t\t\t\t\t\t\t\t\t<img decoding=\"async\" src=\"https:\/\/mirabel-baiedecayola.com\/wp-content\/themes\/mirabel-site\/assets\/img\/voir-photos.png\" alt=\"\" \/>\r\n\t\t\t\t\t\t\t\t\t<span>Alle Fotos anzeigen<\/span>\r\n\t\t\t\t\t\t\t\t\t\t\t\t\t\t\t<\/a>\r\n\t\t\t\t\t\t<\/div>\r\n\r\n\t\t\t\t\t\t\t\t\t\t\t\t\t<div class=\"w-100\"><\/div>\r\n\t\t\t\t\t\t\t\t\t\t\t\t\t\r\n\t\t\t\t\t\t\t\t\t\t\t\t\t\t\t\t\t\t\t\t\t<\/div>\r\n\t\t\t<\/div>\r\n\r\n\t\t\t<script>\r\n\t\t\tjQuery(function($) {\r\n\r\n\t\t\t\tvar marginPortfolio = function() {\r\n\r\n\t\t\t\t\tvar $diapo          = $('#sevgallery-383780713');\r\n\t\t\t\t\tvar container_width = $diapo.parent().outerWidth();\r\n\t\t\t\t\tvar side            = ( $(window).innerWidth() - container_width ) \/ 2;\r\n\r\n\t\t\t\t\t$diapo.css( {\r\n\t\t\t\t\t\t'margin-left': '-' + side + 'px',\r\n\t\t\t\t\t\t'margin-right': '-' + side + 'px',\r\n\t\t\t\t\t} );\r\n\t\t\t\t};\r\n\r\n\t\t\t\t$( window ).resize( function() {\r\n\t\t\t\t\tmarginPortfolio();\r\n\t\t\t\t} );\r\n\t\t\t\tmarginPortfolio();\r\n\t\t\t});\r\n\t\t\t<\/script>\r\n\t\t\t\n\n\n\n<p><\/p>","protected":false},"excerpt":{"rendered":"<p>De multiples services dans votre camping 4 \u00e9toiles en Vend\u00e9e Sur place ou \u00e0 proximit\u00e9, le camping propose plusieurs services [&hellip;]<\/p>\n","protected":false},"author":3,"featured_media":0,"parent":0,"menu_order":0,"comment_status":"closed","ping_status":"closed","template":"","meta":{"_seopress_robots_primary_cat":"","_seopress_titles_title":"Les services du camping 4 \u00e9toiles aux Sables d'Olonne - Vend\u00e9e","_seopress_titles_desc":"Sur place : location de v\u00e9lo, draps, kit b\u00e9b\u00e9, petite \u00e9picerie, bar et snack l'\u00e9t\u00e9, tout est pr\u00e9vu pour vos vacances au camping Mirabel La Baie de Cayola.","_seopress_robots_index":"","footnotes":""},"class_list":["post-48","page","type-page","status-publish","hentry"],"_links":{"self":[{"href":"https:\/\/mirabel-baiedecayola.com\/de\/wp-json\/wp\/v2\/pages\/48","targetHints":{"allow":["GET"]}}],"collection":[{"href":"https:\/\/mirabel-baiedecayola.com\/de\/wp-json\/wp\/v2\/pages"}],"about":[{"href":"https:\/\/mirabel-baiedecayola.com\/de\/wp-json\/wp\/v2\/types\/page"}],"author":[{"embeddable":true,"href":"https:\/\/mirabel-baiedecayola.com\/de\/wp-json\/wp\/v2\/users\/3"}],"replies":[{"embeddable":true,"href":"https:\/\/mirabel-baiedecayola.com\/de\/wp-json\/wp\/v2\/comments?post=48"}],"version-history":[{"count":64,"href":"https:\/\/mirabel-baiedecayola.com\/de\/wp-json\/wp\/v2\/pages\/48\/revisions"}],"predecessor-version":[{"id":17503,"href":"https:\/\/mirabel-baiedecayola.com\/de\/wp-json\/wp\/v2\/pages\/48\/revisions\/17503"}],"wp:attachment":[{"href":"https:\/\/mirabel-baiedecayola.com\/de\/wp-json\/wp\/v2\/media?parent=48"}],"curies":[{"name":"wp","href":"https:\/\/api.w.org\/{rel}","templated":true}]}}