{"id":54,"date":"2021-12-10T14:20:25","date_gmt":"2021-12-10T13:20:25","guid":{"rendered":"https:\/\/www.campinglarenaudiere.com\/?page_id=54"},"modified":"2024-08-27T15:59:18","modified_gmt":"2024-08-27T13:59:18","slug":"wasserpark","status":"publish","type":"page","link":"https:\/\/mirabel-baiedecayola.com\/de\/camping-vendee-piscine-couverte-chauffee\/","title":{"rendered":"Wasserraum"},"content":{"rendered":"<h1 class=\"wp-block-heading\" id=\"un-camping-a-ouistreham-avec-piscine-couverte-et-jeux-aquatiques\"><strong>Beheizte Pools und Wasserrutschen f\u00fcr die ganze Familie<\/strong><\/h1>\n\n\n\n<div class=\"wp-block-group is-layout-flow wp-block-group-is-layout-flow\">\n<p class=\"has-text-align-center\">Auf Ihrem 4-Sterne-Campingplatz in Les Sables d'Olonne, <br>Kommen Sie zur Erholung in unser <strong>sicherer Wasserbereich von \u00fcber 100m2<\/strong>, um eine gute Zeit zu haben oder einfach nur Spa\u00df im Wasser zu haben!<\/p>\n\n\n\n<figure class=\"wp-block-image aligncenter size-full is-resized\"><img decoding=\"async\" src=\"https:\/\/www.mirabel-baiedecayola.com\/wp-content\/uploads\/2022\/01\/barre-bleue.png\" alt=\"\" class=\"wp-image-2382\"\/><\/figure>\n<\/div>\n\n\n\n<div class=\"wp-block-media-text alignwide has-media-on-the-right is-stacked-on-mobile is-vertically-aligned-center\"><div class=\"wp-block-media-text__content\">\n<p>Ab Mitte April, unsere <strong>Hallenbad<\/strong> \u00f6ffnet f\u00fcr Urlauber und Anwohner, die das 28\u00b0 beheizte Wasser genie\u00dfen k\u00f6nnen. <strong>Au\u00dfenbecken<\/strong> und die Rutschen \u00f6ffnen schon zu Beginn des Sommers f\u00fcr noch mehr Spa\u00df!<\/p>\n\n\n\n<p class=\"has-text-align-center texte-rond has-orange-color has-text-color has-large-font-size\">Wir warten auf Sie am Wasser!<\/p>\n\n\n\n<div class=\"wp-block-columns is-layout-flex wp-container-core-columns-is-layout-28f84493 wp-block-columns-is-layout-flex\">\n<div class=\"wp-block-column ml-auto mr-auto is-layout-flow wp-block-column-is-layout-flow\" style=\"flex-basis:80%\">\n<div class=\"wp-block-group border border-info card is-layout-flow wp-block-group-is-layout-flow\">\n<div style=\"height:18px\" aria-hidden=\"true\" class=\"wp-block-spacer\"><\/div>\n\n\n\n<p class=\"has-text-align-center\"><strong>\u00d6ffnungszeiten des Schwimmbads<br><\/strong><img decoding=\"async\" class=\"wp-image-2357\" style=\"width: 50px;\" src=\"https:\/\/www.mirabel-baiedecayola.com\/wp-content\/uploads\/2022\/01\/barre-orange.png\" alt=\"\"><\/p>\n\n\n\n<p class=\"has-text-align-center\"><strong>10 Uhr \u2013 20 Uhr<\/strong> der Sommer<br><br><strong>10:00\u201319:00 Uhr<\/strong> in der Nebensaison<br><\/p>\n\n\n\n<p class=\"has-text-align-center\">Wassertemperatur: 28\u00b0<\/p>\n\n\n\n<p><\/p>\n<\/div>\n<\/div>\n<\/div>\n<\/div><figure class=\"wp-block-media-text__media\"><img loading=\"lazy\" decoding=\"async\" width=\"1024\" height=\"576\" src=\"https:\/\/www.mirabel-baiedecayola.com\/wp-content\/uploads\/2022\/10\/cayola-camping-4-etoiles-piscine.jpg\" alt=\"Schwimmbad Rutsche Meerblick Camping Cayola\" class=\"wp-image-10977 size-full\" srcset=\"https:\/\/mirabel-baiedecayola.com\/wp-content\/uploads\/2022\/10\/cayola-camping-4-etoiles-piscine.jpg 1024w, https:\/\/mirabel-baiedecayola.com\/wp-content\/uploads\/2022\/10\/cayola-camping-4-etoiles-piscine-300x169.jpg 300w, https:\/\/mirabel-baiedecayola.com\/wp-content\/uploads\/2022\/10\/cayola-camping-4-etoiles-piscine-768x432.jpg 768w\" sizes=\"auto, (max-width: 1024px) 100vw, 1024px\" \/><\/figure><\/div>\n\n\n\n<div style=\"height:19px\" aria-hidden=\"true\" class=\"wp-block-spacer\"><\/div>\n\n\n\n<div class=\"wp-block-media-text is-stacked-on-mobile is-vertically-aligned-center front-page-section grey animate left\" id=\"piscine\"><figure class=\"wp-block-media-text__media\"><img loading=\"lazy\" decoding=\"async\" width=\"1024\" height=\"676\" src=\"https:\/\/www.mirabel-baiedecayola.com\/wp-content\/uploads\/2023\/04\/piscine-couverte-cayola-1024x676.jpg\" alt=\"Hallenbad mit Whirlpool in Les Sables d&#039;Olonne\" class=\"wp-image-8136 size-full\" srcset=\"https:\/\/mirabel-baiedecayola.com\/wp-content\/uploads\/2023\/04\/piscine-couverte-cayola-1024x676.jpg 1024w, https:\/\/mirabel-baiedecayola.com\/wp-content\/uploads\/2023\/04\/piscine-couverte-cayola-300x198.jpg 300w, https:\/\/mirabel-baiedecayola.com\/wp-content\/uploads\/2023\/04\/piscine-couverte-cayola-768x507.jpg 768w, https:\/\/mirabel-baiedecayola.com\/wp-content\/uploads\/2023\/04\/piscine-couverte-cayola.jpg 1200w\" sizes=\"auto, (max-width: 1024px) 100vw, 1024px\" \/><\/figure><div class=\"wp-block-media-text__content\">\n<h2 class=\"wp-block-heading\" id=\"piscine-couverte\">Beheiztes Hallenbad und Whirlpool<\/h2>\n\n\n\n<figure class=\"wp-block-image size-full\"><img decoding=\"async\" src=\"https:\/\/www.mirabel-baiedecayola.com\/wp-content\/uploads\/2022\/01\/barre-bleue.png\" alt=\"\" class=\"wp-image-2382\"\/><\/figure>\n\n\n\n<p>Im Wasserbereich der Baie de Cayola, der \u00fcberdacht ist, findet man einen Ort der Entspannung und Gelassenheit. Die Schwimmer k\u00f6nnen ein paar Bahnen ziehen, w\u00e4hrend andere das <strong>Whirlpool<\/strong> F\u00fcr einen echten Moment der Entspannung und des Abschaltens. <\/p>\n\n\n\n<p>Wenn das Wetter mild wird, gibt die Poollandschaft den Blick auf den Wasserbereich und seine Liegest\u00fchle frei. Im Sommer <a href=\"https:\/\/mirabel-baiedecayola.com\/de\/animationen-juli-august\/\"><strong>zahlreiche Animationen<\/strong><\/a> werden als Aqua-Fitness oder Poolparty angeboten!<\/p>\n\n\n\n<figure class=\"wp-block-image alignleft size-full is-resized\"><img loading=\"lazy\" decoding=\"async\" width=\"320\" height=\"216\" src=\"https:\/\/www.mirabel-baiedecayola.com\/wp-content\/uploads\/2022\/01\/eclaboussure.png\" alt=\"Wassersport\" class=\"wp-image-1715\" style=\"width:68px;height:auto\" srcset=\"https:\/\/mirabel-baiedecayola.com\/wp-content\/uploads\/2022\/01\/eclaboussure.png 320w, https:\/\/mirabel-baiedecayola.com\/wp-content\/uploads\/2022\/01\/eclaboussure-300x203.png 300w\" sizes=\"auto, (max-width: 320px) 100vw, 320px\" \/><\/figure>\n\n\n\n<p class=\"texte-rond has-orange-color has-text-color has-large-font-size\"><\/p>\n<\/div><\/div>\n\n\n\n<div class=\"wp-block-media-text alignwide has-media-on-the-right is-stacked-on-mobile is-vertically-aligned-center is-style-default animate right\"><div class=\"wp-block-media-text__content\">\n<p class=\"texte-rond has-orange-color has-text-color has-large-font-size\">Sich pudelwohl f\u00fchlen<\/p>\n\n\n\n<p>Zwischen seinem Strand und seinen Liegest\u00fchlen, seinem <strong>Planschbecken und Rutsche<\/strong> <strong>f\u00fcr Kleinkinder<\/strong>, seine Wasserbremsspuren, das <strong>Au\u00dfenbecken<\/strong> ist der Traumort f\u00fcr alle, die ihren Urlaub im Wasser verbringen m\u00f6chten. Das beheizte Wasser erm\u00f6glicht Ihnen bei jedem Wetter ein Bad. Selbst Frostbeulen werden sich hineinst\u00fcrzen wollen!&nbsp;<\/p>\n\n\n\n<p>Unsere<strong> zwei Rutschen<\/strong> Au\u00dferhalb der Becken erm\u00f6glichen eine sichere Rutschpartie. Halten Sie oben 30 Sekunden an, um die wundersch\u00f6ne Aussicht auf den Ozean zu bewundern. Dann nehmen Sie Fahrt auf, schnallen Sie Ihre Badehose richtig zu und <strong>Es geht ab zur Abfahrt<\/strong>&nbsp;!<\/p>\n\n\n\n<figure class=\"wp-block-image alignright size-full is-resized\"><img loading=\"lazy\" decoding=\"async\" width=\"320\" height=\"214\" src=\"https:\/\/www.mirabel-baiedecayola.com\/wp-content\/uploads\/2022\/01\/Smile.png\" alt=\"Gl\u00fcck am Pool\" class=\"wp-image-1731\" style=\"width:68px;height:auto\" srcset=\"https:\/\/mirabel-baiedecayola.com\/wp-content\/uploads\/2022\/01\/Smile.png 320w, https:\/\/mirabel-baiedecayola.com\/wp-content\/uploads\/2022\/01\/Smile-300x201.png 300w\" sizes=\"auto, (max-width: 320px) 100vw, 320px\" \/><\/figure>\n\n\n\n<div style=\"height:20px\" aria-hidden=\"true\" class=\"wp-block-spacer\"><\/div>\n<\/div><figure class=\"wp-block-media-text__media\"><img loading=\"lazy\" decoding=\"async\" width=\"1024\" height=\"683\" src=\"https:\/\/www.mirabel-baiedecayola.com\/wp-content\/uploads\/2022\/04\/VACANCES_FAMILLE_PISCINE-1024x683.jpg\" alt=\"Das Planschbecken des Campingplatzes Mirabel La Baie de Cayola\" class=\"wp-image-8139 size-full\" srcset=\"https:\/\/mirabel-baiedecayola.com\/wp-content\/uploads\/2022\/04\/VACANCES_FAMILLE_PISCINE-1024x683.jpg 1024w, https:\/\/mirabel-baiedecayola.com\/wp-content\/uploads\/2022\/04\/VACANCES_FAMILLE_PISCINE-300x200.jpg 300w, https:\/\/mirabel-baiedecayola.com\/wp-content\/uploads\/2022\/04\/VACANCES_FAMILLE_PISCINE-768x512.jpg 768w, https:\/\/mirabel-baiedecayola.com\/wp-content\/uploads\/2022\/04\/VACANCES_FAMILLE_PISCINE.jpg 1200w\" sizes=\"auto, (max-width: 1024px) 100vw, 1024px\" \/><\/figure><\/div>\n\n\n\n<p class=\"has-text-align-center texte-rond mt-5 has-large-font-size\">Was es auf dem Campingplatz zu entdecken gibt<\/p>\n\n\n\n<div class=\"wp-block-columns front-page-section grey is-layout-flex wp-container-core-columns-is-layout-28f84493 wp-block-columns-is-layout-flex\">\n<div class=\"wp-block-column is-layout-flow wp-block-column-is-layout-flow\"><\/div>\n\n\n\n<div class=\"wp-block-column is-layout-flow wp-block-column-is-layout-flow\">\n<div class=\"wp-block-create-block-sevgutenberg-navigation\"><aside class=\"encart-sev-navigation small carre\"><a href=\"https:\/\/mirabel-baiedecayola.com\/de\/zweitwohnsitz-vendee\/\" class=\"d-flex flex-column align-items-center\"><div class=\"encart-title\"><span>Werden Sie Eigent\u00fcmer<\/span><\/div><div class=\"vague\"><\/div><img decoding=\"async\" src=\"https:\/\/www.mirabel-baiedecayola.com\/wp-content\/uploads\/2023\/01\/galerie-toscane-8733.jpeg\" alt=\"verkauf mobilheim neue k\u00fcche\"\/><div class=\"ligne\"><\/div><div class=\"hover\"><\/div><\/a><\/aside><\/div>\n<\/div>\n\n\n\n<div class=\"wp-block-column is-vertically-aligned-center is-layout-flow wp-block-column-is-layout-flow\">\n<div class=\"wp-block-create-block-sevgutenberg-navigation\"><aside class=\"encart-sev-navigation small carre\"><a href=\"https:\/\/mirabel-baiedecayola.com\/de\/animationen-juli-august\/\" class=\"d-flex flex-column align-items-center\"><div class=\"encart-title\"><span>Animationen<\/span><\/div><div class=\"vague\"><\/div><img decoding=\"async\" src=\"https:\/\/www.mirabel-baiedecayola.com\/wp-content\/uploads\/2022\/04\/HEADER_ANIMATION_OLYMPIADES_CAYOLA-1.jpg\" alt=\"animationen auf dem campingplatz in der vend\u00e9e\"\/><div class=\"ligne\"><\/div><div class=\"hover\"><\/div><\/a><\/aside><\/div>\n<\/div>\n\n\n\n<div class=\"wp-block-column is-layout-flow wp-block-column-is-layout-flow\">\n<div class=\"wp-block-create-block-sevgutenberg-navigation\"><aside class=\"encart-sev-navigation small carre\"><a href=\"https:\/\/mirabel-baiedecayola.com\/de\/camping-vendee-services-4-sterne\/\" class=\"d-flex flex-column align-items-center\"><div class=\"encart-title\"><span>Unsere Dienstleistungen<\/span><\/div><div class=\"vague\"><\/div><img decoding=\"async\" src=\"https:\/\/www.mirabel-baiedecayola.com\/wp-content\/uploads\/2022\/04\/accueil-reception-vacanciers.jpg\" alt=\"accueil camping ***\"\/><div class=\"ligne\"><\/div><div class=\"hover\"><\/div><\/a><\/aside><\/div>\n<\/div>\n\n\n\n<div class=\"wp-block-column is-layout-flow wp-block-column-is-layout-flow\"><\/div>\n<\/div>\n\n\n\n<figure class=\"wp-block-image aligncenter size-large is-resized mt-5\"><img decoding=\"async\" src=\"https:\/\/www.mirabel-baiedecayola.com\/wp-content\/uploads\/2022\/01\/photo-1024x84.png\" alt=\"Fotogalerie\" class=\"wp-image-2371\" style=\"width:686px;height:auto\"\/><\/figure>\n\n\n\t\t\t<div id=\"sevgallery-2132249593\" class=\"sev-diaporama sev-diaporama-portfolio\">\r\n\t\t\t\t<div class=\"row\">\r\n\r\n\t\t\t\t\t\r\n\t\t\t\t\t\t\r\n\t\t\t\t\t\t<div class=\"sev-diaporama-portfolio-item   btnseeall btnseeall-xl col-12 col-md  col-grow\">\r\n\t\t\t\t\t\t\t<a href=\"https:\/\/mirabel-baiedecayola.com\/wp-content\/uploads\/2024\/01\/piscine-exterieure-transats-parasols-1024x768.jpg\" data-lightbox=\"sevgallery-2132249593\" style=\"background-image: url(https:\/\/mirabel-baiedecayola.com\/wp-content\/uploads\/2024\/01\/piscine-exterieure-transats-parasols-1024x768.jpg)\">\r\n\t\t\t\t\t\t\t\t<img decoding=\"async\" src=\"https:\/\/mirabel-baiedecayola.com\/wp-content\/uploads\/2024\/01\/piscine-exterieure-transats-parasols-1024x768.jpg\" alt=\"Piscine Cayola\" loading=\"lazy\">\r\n\t\t\t\t\t\t\t\t\t\t\t\t\t\t\t<\/a>\r\n\t\t\t\t\t\t<\/div>\r\n\r\n\t\t\t\t\t\t\r\n\t\t\t\t\t\t\t\t\t\t\t\t\t\t\t\t\t\r\n\t\t\t\t\t\t\r\n\t\t\t\t\t\t<div class=\"sev-diaporama-portfolio-item   btnseeall btnseeall-xl col-12 col-md\">\r\n\t\t\t\t\t\t\t<a href=\"https:\/\/mirabel-baiedecayola.com\/wp-content\/uploads\/2023\/04\/hp-camping-cayola-piscine-sables-olonne-1024x576.jpg\" data-lightbox=\"sevgallery-2132249593\" style=\"background-image: url(https:\/\/mirabel-baiedecayola.com\/wp-content\/uploads\/2023\/04\/hp-camping-cayola-piscine-sables-olonne-1024x576.jpg)\">\r\n\t\t\t\t\t\t\t\t<img decoding=\"async\" src=\"https:\/\/mirabel-baiedecayola.com\/wp-content\/uploads\/2023\/04\/hp-camping-cayola-piscine-sables-olonne-1024x576.jpg\" alt=\"4-Sterne-Campingplatz in Les Sables D&#039;Olonne\" loading=\"lazy\">\r\n\t\t\t\t\t\t\t\t\t\t\t\t\t\t\t<\/a>\r\n\t\t\t\t\t\t<\/div>\r\n\r\n\t\t\t\t\t\t\r\n\t\t\t\t\t\t\t\t\t\t\t\t\t\t\t\t\t\r\n\t\t\t\t\t\t\r\n\t\t\t\t\t\t<div class=\"sev-diaporama-portfolio-item   btnseeall btnseeall-xl col-12 col-md  col-grow\">\r\n\t\t\t\t\t\t\t<a href=\"https:\/\/mirabel-baiedecayola.com\/wp-content\/uploads\/2023\/04\/aquagym-piscine-camping-cayola-1024x663.jpg\" data-lightbox=\"sevgallery-2132249593\" style=\"background-image: url(https:\/\/mirabel-baiedecayola.com\/wp-content\/uploads\/2023\/04\/aquagym-piscine-camping-cayola-1024x663.jpg)\">\r\n\t\t\t\t\t\t\t\t<img decoding=\"async\" src=\"https:\/\/mirabel-baiedecayola.com\/wp-content\/uploads\/2023\/04\/aquagym-piscine-camping-cayola-1024x663.jpg\" alt=\"Wassergymnastik im Hallenbad auf dem Campingplatz Mirabel La Baie de Cayola\" loading=\"lazy\">\r\n\t\t\t\t\t\t\t\t\t\t\t\t\t\t\t<\/a>\r\n\t\t\t\t\t\t<\/div>\r\n\r\n\t\t\t\t\t\t\r\n\t\t\t\t\t\t\t\t\t\t\t\t\t\t\t\t\t\r\n\t\t\t\t\t\t\r\n\t\t\t\t\t\t<div class=\"sev-diaporama-portfolio-item   btnseeall btnseeall-xl col-12 col-md  col-grow\">\r\n\t\t\t\t\t\t\t<a href=\"https:\/\/mirabel-baiedecayola.com\/wp-content\/uploads\/2024\/01\/piscine-jacuzzi-camping-cayola.jpg\" data-lightbox=\"sevgallery-2132249593\" style=\"background-image: url(https:\/\/mirabel-baiedecayola.com\/wp-content\/uploads\/2024\/01\/piscine-jacuzzi-camping-cayola.jpg)\">\r\n\t\t\t\t\t\t\t\t<img decoding=\"async\" src=\"https:\/\/mirabel-baiedecayola.com\/wp-content\/uploads\/2024\/01\/piscine-jacuzzi-camping-cayola.jpg\" alt=\"Beheiztes Hallenbad mit Whirlpool auf dem Campingplatz La Baie de Cayola\" loading=\"lazy\">\r\n\t\t\t\t\t\t\t\t\t\t\t\t\t\t\t<\/a>\r\n\t\t\t\t\t\t<\/div>\r\n\r\n\t\t\t\t\t\t\t\t\t\t\t\t\t<div class=\"w-100\"><\/div>\r\n\t\t\t\t\t\t\t\t\t\t\t\t\t\r\n\t\t\t\t\t\t\t\t\t\t\t\t\t\t\t\t\t\r\n\t\t\t\t\t\t\r\n\t\t\t\t\t\t<div class=\"sev-diaporama-portfolio-item   btnseeall btnseeall-xl col-12 col-md\">\r\n\t\t\t\t\t\t\t<a href=\"https:\/\/mirabel-baiedecayola.com\/de\/camping-vendee-photos\/\"  style=\"background-image: url(https:\/\/mirabel-baiedecayola.com\/wp-content\/uploads\/2022\/04\/piscine-cousins-cayola-576x1024.jpg)\">\r\n\t\t\t\t\t\t\t\t<img decoding=\"async\" src=\"https:\/\/mirabel-baiedecayola.com\/wp-content\/uploads\/2022\/04\/piscine-cousins-cayola-576x1024.jpg\" alt=\"Wasserpark f\u00fcr Familien in Les Sables-d&#039;Olonne in der Vend\u00e9e\" loading=\"lazy\">\r\n\t\t\t\t\t\t\t\t\t\t\t\t\t\t\t<\/a>\r\n\t\t\t\t\t\t<\/div>\r\n\r\n\t\t\t\t\t\t\r\n\t\t\t\t\t\t\t\t\t\t\t\t\t\t\t\t\t\r\n\t\t\t\t\t\t\r\n\t\t\t\t\t\t<div class=\"sev-diaporama-portfolio-item   btnseeall btnseeall-xl col-12 col-md  col-shrink\">\r\n\t\t\t\t\t\t\t<a href=\"https:\/\/mirabel-baiedecayola.com\/wp-content\/uploads\/2024\/01\/encart-piscine-jeux-camping-sables.jpg\" data-lightbox=\"sevgallery-2132249593\" style=\"background-image: url(https:\/\/mirabel-baiedecayola.com\/wp-content\/uploads\/2024\/01\/encart-piscine-jeux-camping-sables.jpg)\">\r\n\t\t\t\t\t\t\t\t<img decoding=\"async\" src=\"https:\/\/mirabel-baiedecayola.com\/wp-content\/uploads\/2024\/01\/encart-piscine-jeux-camping-sables.jpg\" alt=\"Schwimmbad mit Rutschen auf dem Campingplatz in Les Sables d&#039;Olonne\" loading=\"lazy\">\r\n\t\t\t\t\t\t\t\t\t\t\t\t\t\t\t<\/a>\r\n\t\t\t\t\t\t<\/div>\r\n\r\n\t\t\t\t\t\t\r\n\t\t\t\t\t\t\t\t\t\t\t\t\t\t\t\t\t\r\n\t\t\t\t\t\t\r\n\t\t\t\t\t\t<div class=\"sev-diaporama-portfolio-item   btnseeall btnseeall-xl col-12 col-md  col-grow\">\r\n\t\t\t\t\t\t\t<a href=\"https:\/\/mirabel-baiedecayola.com\/wp-content\/uploads\/2022\/04\/PISICNE_FAMILLE-1024x683.jpg\" data-lightbox=\"sevgallery-2132249593\" style=\"background-image: url(https:\/\/mirabel-baiedecayola.com\/wp-content\/uploads\/2022\/04\/PISICNE_FAMILLE-1024x683.jpg)\">\r\n\t\t\t\t\t\t\t\t<img decoding=\"async\" src=\"https:\/\/mirabel-baiedecayola.com\/wp-content\/uploads\/2022\/04\/PISICNE_FAMILLE-1024x683.jpg\" alt=\"Campingplatz mit Planschbecken\" loading=\"lazy\">\r\n\t\t\t\t\t\t\t\t\t\t\t\t\t\t\t<\/a>\r\n\t\t\t\t\t\t<\/div>\r\n\r\n\t\t\t\t\t\t\r\n\t\t\t\t\t\t\t\t\t\t\t\t\t\t\t\t\t\r\n\t\t\t\t\t\t\r\n\t\t\t\t\t\t<div class=\"sev-diaporama-portfolio-item  limitsm btnseeall btnseeall-xl col-12 col-md  last-visible\">\r\n\t\t\t\t\t\t\t<a href=\"https:\/\/mirabel-baiedecayola.com\/wp-content\/uploads\/2022\/04\/vue-espace-aquatique-1024x576.jpg\" data-lightbox=\"sevgallery-2132249593\" style=\"background-image: url(https:\/\/mirabel-baiedecayola.com\/wp-content\/uploads\/2022\/04\/vue-espace-aquatique-1024x576.jpg)\">\r\n\t\t\t\t\t\t\t\t<img decoding=\"async\" src=\"https:\/\/mirabel-baiedecayola.com\/wp-content\/uploads\/2022\/04\/vue-espace-aquatique-1024x576.jpg\" alt=\"Schwimmbad mit Liegestuhl in der Vend\u00e9e 85\" loading=\"lazy\">\r\n\t\t\t\t\t\t\t\t\t\t\t\t\t\t\t\t\t<img decoding=\"async\" src=\"https:\/\/mirabel-baiedecayola.com\/wp-content\/themes\/mirabel-site\/assets\/img\/voir-photos.png\" alt=\"\" \/>\r\n\t\t\t\t\t\t\t\t\t<span>Alle Fotos anzeigen<\/span>\r\n\t\t\t\t\t\t\t\t\t\t\t\t\t\t\t<\/a>\r\n\t\t\t\t\t\t<\/div>\r\n\r\n\t\t\t\t\t\t\t\t\t\t\t\t\t<div class=\"w-100\"><\/div>\r\n\t\t\t\t\t\t\t\t\t\t\t\t\t\r\n\t\t\t\t\t\t\t\t\t\t\t\t\t\t\t\t\t\t\t\t\t<\/div>\r\n\t\t\t<\/div>\r\n\r\n\t\t\t<script>\r\n\t\t\tjQuery(function($) {\r\n\r\n\t\t\t\tvar marginPortfolio = function() {\r\n\r\n\t\t\t\t\tvar $diapo          = $('#sevgallery-2132249593');\r\n\t\t\t\t\tvar container_width = $diapo.parent().outerWidth();\r\n\t\t\t\t\tvar side            = ( $(window).innerWidth() - container_width ) \/ 2;\r\n\r\n\t\t\t\t\t$diapo.css( {\r\n\t\t\t\t\t\t'margin-left': '-' + side + 'px',\r\n\t\t\t\t\t\t'margin-right': '-' + side + 'px',\r\n\t\t\t\t\t} );\r\n\t\t\t\t};\r\n\r\n\t\t\t\t$( window ).resize( function() {\r\n\t\t\t\t\tmarginPortfolio();\r\n\t\t\t\t} );\r\n\t\t\t\tmarginPortfolio();\r\n\t\t\t});\r\n\t\t\t<\/script>\r\n\t\t\t\n\n\n\n<p><\/p>","protected":false},"excerpt":{"rendered":"<p>Piscines chauff\u00e9es et toboggans pour toute la famille Dans votre camping 4 \u00e9toiles aux Sables d\u2019Olonne, venez vous ressourcer dans [&hellip;]<\/p>\n","protected":false},"author":3,"featured_media":0,"parent":0,"menu_order":0,"comment_status":"closed","ping_status":"closed","template":"","meta":{"_seopress_robots_primary_cat":"","_seopress_titles_title":"Camping Les Sables d'Olonne piscine couverte et toboggans","_seopress_titles_desc":"Profitez des piscines au camping la Baie de Cayola. Piscine couverte, toboggans, pataugeoire pour toute la famille.","_seopress_robots_index":"","footnotes":""},"class_list":["post-54","page","type-page","status-publish","hentry"],"_links":{"self":[{"href":"https:\/\/mirabel-baiedecayola.com\/de\/wp-json\/wp\/v2\/pages\/54","targetHints":{"allow":["GET"]}}],"collection":[{"href":"https:\/\/mirabel-baiedecayola.com\/de\/wp-json\/wp\/v2\/pages"}],"about":[{"href":"https:\/\/mirabel-baiedecayola.com\/de\/wp-json\/wp\/v2\/types\/page"}],"author":[{"embeddable":true,"href":"https:\/\/mirabel-baiedecayola.com\/de\/wp-json\/wp\/v2\/users\/3"}],"replies":[{"embeddable":true,"href":"https:\/\/mirabel-baiedecayola.com\/de\/wp-json\/wp\/v2\/comments?post=54"}],"version-history":[{"count":56,"href":"https:\/\/mirabel-baiedecayola.com\/de\/wp-json\/wp\/v2\/pages\/54\/revisions"}],"predecessor-version":[{"id":16723,"href":"https:\/\/mirabel-baiedecayola.com\/de\/wp-json\/wp\/v2\/pages\/54\/revisions\/16723"}],"wp:attachment":[{"href":"https:\/\/mirabel-baiedecayola.com\/de\/wp-json\/wp\/v2\/media?parent=54"}],"curies":[{"name":"wp","href":"https:\/\/api.w.org\/{rel}","templated":true}]}}