{"id":73,"date":"2021-12-10T14:27:07","date_gmt":"2021-12-10T13:27:07","guid":{"rendered":"https:\/\/www.campinglarenaudiere.com\/?page_id=73"},"modified":"2025-11-07T16:41:16","modified_gmt":"2025-11-07T15:41:16","slug":"camping-vendee-tourismus","status":"publish","type":"page","link":"https:\/\/mirabel-baiedecayola.com\/de\/camping-vendee-tourisme\/","title":{"rendered":"Vend\u00e9e Tourismus"},"content":{"rendered":"<h1 class=\"wp-block-heading\" id=\"ou-sortir-pendant-vos-vacances-aux-prairie-de-la-mer\"><strong>Aufenthalt in der Vend\u00e9e, f\u00fcr einen gelungenen Urlaub<\/strong><\/h1>\n\n\n\n<p class=\"has-text-align-center\">Wassersport, erholsame Ferien, Freizeitaktivit\u00e4ten f\u00fcr Kinder, kulturelle Besichtigungen: Finden Sie w\u00e4hrend Ihres Aufenthalts auf dem Campingplatz La Baie de Cayola die unumg\u00e4nglichen Sehensw\u00fcrdigkeiten des Reiseziels wieder.<\/p>\n\n\n\n<h2 class=\"wp-block-heading has-text-align-center\"><img loading=\"lazy\" decoding=\"async\" width=\"50\" height=\"8\" class=\"wp-image-2627\" style=\"width: 50px;\" src=\"https:\/\/www.mirabel-baiedecayola.com\/wp-content\/uploads\/2022\/01\/barre-bleue.png\" alt=\"\"><\/h2>\n\n\n\n<div class=\"wp-block-media-text alignwide has-media-on-the-right is-stacked-on-mobile\"><div class=\"wp-block-media-text__content\">\n<h2 class=\"wp-block-heading\">Saint-Gilles-Croix-de-Vie - eine maritime Stadt zum Entdecken<\/h2>\n\n\n\n<figure class=\"wp-block-image size-full\"><img loading=\"lazy\" decoding=\"async\" width=\"50\" height=\"8\" src=\"https:\/\/www.mirabel-baiedecayola.com\/wp-content\/uploads\/2022\/01\/barre-bleue.png\" alt=\"\" class=\"wp-image-2627\"\/><\/figure>\n\n\n\n<p>Das im Norden des Campingplatzes gelegene Dorf Saint-Gilles-Croix-de-Vie ist bei Touristen auf der Suche nach einem lebhaften Familienurlaub sehr beliebt. Zwischen <strong>Fischereihafen, Jachthafen<\/strong>, Wassersportarten, <strong>Sandstr\u00e4nde<\/strong>, Sie haben die Qual der Wahl. Entdecken Sie den gr\u00f6\u00dften Sardinenhafen der Region. <a href=\"https:\/\/www.laperledesdieux.com\/\" target=\"_blank\" rel=\"noreferrer noopener\">l'Atelier de la Sardine (Sardinenwerkstatt)<\/a>&nbsp;: Museum, Laden und Galeriebereich, in dem die Etappen der Konservenfabrik und ihr Know-how nachvollzogen werden.<\/p>\n\n\n\n<p>Eine weitere Vorzeigeaktivit\u00e4t in Saint-Gilles ist das <strong>Velorail<\/strong>, Diese Wanderung kann mit der Familie oder mit Freunden unternommen werden. Inmitten der Natur k\u00f6nnen Sie mit mehreren Personen einen Spaziergang machen und dabei eine reiche Flora, den alten Bahnhof oder auch das Viadukt \u00abDe la Vie\u00bb entdecken. Eine M\u00f6glichkeit, die Gegend auf einzigartige und originelle Weise zu entdecken.<\/p>\n\n\n\n<figure class=\"wp-block-image alignleft size-full is-resized\"><img loading=\"lazy\" decoding=\"async\" width=\"320\" height=\"292\" src=\"https:\/\/www.mirabel-baiedecayola.com\/wp-content\/uploads\/2021\/12\/Soleil.png\" alt=\"sun infos\" class=\"wp-image-1946\" style=\"width:100px\" srcset=\"https:\/\/mirabel-baiedecayola.com\/wp-content\/uploads\/2021\/12\/Soleil.png 320w, https:\/\/mirabel-baiedecayola.com\/wp-content\/uploads\/2021\/12\/Soleil-300x274.png 300w\" sizes=\"auto, (max-width: 320px) 100vw, 320px\" \/><\/figure>\n\n\n\n<p>Im Herzen des Landes von Saint-Gilles-Croix-de-Vie liegt die kleine Gemeinde von <strong>Saint-Hilaire-de-Riez<\/strong> ist insbesondere bekannt f\u00fcr ihre <strong>Salzg\u00e4rten<\/strong>. Von April bis September besuchen Sie den Betrieb, wo Sie mehr \u00fcber die Salzherstellung und die althergebrachten Techniken erfahren k\u00f6nnen. Das ist die Gelegenheit, ein kleines S\u00e4ckchen als Andenken an Ihren Urlaub in der Vend\u00e9e mitzunehmen.<\/p>\n<\/div><figure class=\"wp-block-media-text__media\"><img loading=\"lazy\" decoding=\"async\" width=\"1024\" height=\"683\" src=\"https:\/\/www.mirabel-baiedecayola.com\/wp-content\/uploads\/2022\/04\/Saint-Gilles-Croix-de-Vi-1024x683.jpg\" alt=\"hafen von saint gilles croix de vie\" class=\"wp-image-9252 size-full\" srcset=\"https:\/\/mirabel-baiedecayola.com\/wp-content\/uploads\/2022\/04\/Saint-Gilles-Croix-de-Vi-1024x683.jpg 1024w, https:\/\/mirabel-baiedecayola.com\/wp-content\/uploads\/2022\/04\/Saint-Gilles-Croix-de-Vi-300x200.jpg 300w, https:\/\/mirabel-baiedecayola.com\/wp-content\/uploads\/2022\/04\/Saint-Gilles-Croix-de-Vi-768x512.jpg 768w, https:\/\/mirabel-baiedecayola.com\/wp-content\/uploads\/2022\/04\/Saint-Gilles-Croix-de-Vi.jpg 1200w\" sizes=\"auto, (max-width: 1024px) 100vw, 1024px\" \/><\/figure><\/div>\n\n\n\n<div style=\"height:29px\" aria-hidden=\"true\" class=\"wp-block-spacer\"><\/div>\n\n\n\n<div class=\"wp-block-media-text alignwide is-stacked-on-mobile front-page-section grey animate left\"><figure class=\"wp-block-media-text__media\"><img loading=\"lazy\" decoding=\"async\" width=\"1024\" height=\"683\" src=\"https:\/\/www.mirabel-baiedecayola.com\/wp-content\/uploads\/2022\/04\/st-jean-de-mont-Thalasso_Bienetre-1024x683.jpg\" alt=\"thalasso in saint jean de monts\" class=\"wp-image-9255 size-full\" srcset=\"https:\/\/mirabel-baiedecayola.com\/wp-content\/uploads\/2022\/04\/st-jean-de-mont-Thalasso_Bienetre-1024x683.jpg 1024w, https:\/\/mirabel-baiedecayola.com\/wp-content\/uploads\/2022\/04\/st-jean-de-mont-Thalasso_Bienetre-300x200.jpg 300w, https:\/\/mirabel-baiedecayola.com\/wp-content\/uploads\/2022\/04\/st-jean-de-mont-Thalasso_Bienetre-768x512.jpg 768w, https:\/\/mirabel-baiedecayola.com\/wp-content\/uploads\/2022\/04\/st-jean-de-mont-Thalasso_Bienetre.jpg 1200w\" sizes=\"auto, (max-width: 1024px) 100vw, 1024px\" \/><\/figure><div class=\"wp-block-media-text__content\">\n<h2 class=\"wp-block-heading\"><strong>Saint-Jean-de-Monts - Ausgezeichneter Kurort<\/strong><\/h2>\n\n\n\n<figure class=\"wp-block-image size-full\"><img loading=\"lazy\" decoding=\"async\" width=\"50\" height=\"8\" src=\"https:\/\/www.mirabel-baiedecayola.com\/wp-content\/uploads\/2022\/01\/barre-bleue.png\" alt=\"\" class=\"wp-image-2627\"\/><\/figure>\n\n\n\n<p>Besuchen Sie im S\u00fcden der \u00cele de Noirmoutier <a href=\"https:\/\/www.saintjeandemonts.fr\/\" target=\"_blank\" rel=\"noreferrer noopener\">Saint-Jean-de-Monts<\/a>, der Badeort mit 2300 Sonnenstunden pro Jahr! In einer au\u00dfergew\u00f6hnlichen Umgebung werden Sie die Vielfalt der Landschaften wie Postkartenmotive vorfinden. Der Ozean, die D\u00fcnen, der Wald und die fast 20 km langen Str\u00e4nde werden das Spielfeld f\u00fcr Ihre Lieblingsaktivit\u00e4ten mit der Familie oder mit Freunden sein. Ca. <strong>200 km Fahrradwege<\/strong> die die K\u00fcste von Saint-Jean-de-Monts s\u00e4umen. <a href=\"https:\/\/mirabel-baiedecayola.com\/de\/camping-vendee-services-4-sterne\/\" target=\"_blank\" rel=\"noreferrer noopener\">mit dem Fahrrad vom Campingplatz wegfahren<\/a> f\u00fcr einen Tag <strong>100% Sport.<\/strong> Wenn Sie einmal da sind, k\u00f6nnen Sie Golf spielen, eine Kanufahrt machen oder sich einfach nur in einem der vielen Restaurants entspannen. <strong>thalassotherapie<\/strong> und seinem auf 32\u00b0 C beheizten Meerwasserpool oder den Unterwasser-Massaged\u00fcsen.<\/p>\n<\/div><\/div>\n\n\n\n<div class=\"wp-block-media-text alignwide has-media-on-the-right is-stacked-on-mobile animate right\"><div class=\"wp-block-media-text__content\">\n<h2 class=\"wp-block-heading\">Le Puy du Fou - Der beste Vergn\u00fcgungspark der Welt<\/h2>\n\n\n\n<figure class=\"wp-block-image size-full\"><img loading=\"lazy\" decoding=\"async\" width=\"50\" height=\"8\" src=\"https:\/\/www.mirabel-baiedecayola.com\/wp-content\/uploads\/2022\/01\/barre-bleue.png\" alt=\"\" class=\"wp-image-2627\"\/><\/figure>\n\n\n\n<p>Kaum eine Autostunde von Ihrem Campingplatz entfernt, erkunden Sie eine neue Welt, die Folgendes miteinander verbindet <strong>Falknerei-Show<\/strong> oder Reiten, Wasserf\u00e4lle, <strong>Gladiatorenk\u00e4mpfe<\/strong> in einer aufgeheizten Arena! <a href=\"https:\/\/www.puydufou.com\/france\/fr\" target=\"_blank\" rel=\"noreferrer noopener\">Puy du Fou<\/a> l\u00e4dt Sie zu atemberaubenden Shows ein. <\/p>\n\n\n\n<figure class=\"wp-block-image alignleft size-full is-resized\"><img loading=\"lazy\" decoding=\"async\" width=\"320\" height=\"214\" src=\"https:\/\/www.mirabel-baiedecayola.com\/wp-content\/uploads\/2021\/12\/Smile.png\" alt=\"praktischer Smile\" class=\"wp-image-1947\" style=\"width:100px\" srcset=\"https:\/\/mirabel-baiedecayola.com\/wp-content\/uploads\/2021\/12\/Smile.png 320w, https:\/\/mirabel-baiedecayola.com\/wp-content\/uploads\/2021\/12\/Smile-300x201.png 300w\" sizes=\"auto, (max-width: 320px) 100vw, 320px\" \/><\/figure>\n\n\n\n<p>Er wurde mehrmals zum besten Park der Welt gew\u00e4hlt und ist zweifellos die Attraktion der Vend\u00e9e, die man sich nicht entgehen lassen sollte. Der Besen der Geisterv\u00f6gel, das Dorf aus dem 18. Jahrhundert, die Wikinger oder auch die <strong>Cin\u00e9sc\u00e9nie<\/strong>, Das gr\u00f6\u00dfte Nachtspektakel aller Zeiten mit mehr als 2500 Schauspielern auf der B\u00fchne wird Sie auf eine Reise in die Vergangenheit mitnehmen und Sterne in die Augen von Gro\u00df und Klein zaubern. Mehr wird nicht verraten, am besten ist es, wenn Sie diese unglaubliche Erfahrung mit Ihren Lieben machen!<\/p>\n\n\n\n<p><\/p>\n<\/div><figure class=\"wp-block-media-text__media\"><img loading=\"lazy\" decoding=\"async\" width=\"1024\" height=\"576\" src=\"https:\/\/www.mirabel-baiedecayola.com\/wp-content\/uploads\/2022\/04\/puy-du-fou5-2-1024x576.jpg\" alt=\"gro\u00dfer Park des Puy du fou in der N\u00e4he des Campingplatzes in der Vend\u00e9e\" class=\"wp-image-9258 size-full\" srcset=\"https:\/\/mirabel-baiedecayola.com\/wp-content\/uploads\/2022\/04\/puy-du-fou5-2-1024x576.jpg 1024w, https:\/\/mirabel-baiedecayola.com\/wp-content\/uploads\/2022\/04\/puy-du-fou5-2-300x169.jpg 300w, https:\/\/mirabel-baiedecayola.com\/wp-content\/uploads\/2022\/04\/puy-du-fou5-2-768x432.jpg 768w, https:\/\/mirabel-baiedecayola.com\/wp-content\/uploads\/2022\/04\/puy-du-fou5-2.jpg 1200w\" sizes=\"auto, (max-width: 1024px) 100vw, 1024px\" \/><\/figure><\/div>\n\n\n\n<div class=\"wp-block-media-text alignwide is-stacked-on-mobile animate left\"><figure class=\"wp-block-media-text__media\"><img loading=\"lazy\" decoding=\"async\" width=\"1024\" height=\"683\" src=\"https:\/\/www.mirabel-baiedecayola.com\/wp-content\/uploads\/2022\/04\/marais-salant-noirmoutiers-1024x683.jpg\" alt=\"Besuch der Salzg\u00e4rten von Noirmoutier\" class=\"wp-image-9262 size-full\" srcset=\"https:\/\/mirabel-baiedecayola.com\/wp-content\/uploads\/2022\/04\/marais-salant-noirmoutiers-1024x683.jpg 1024w, https:\/\/mirabel-baiedecayola.com\/wp-content\/uploads\/2022\/04\/marais-salant-noirmoutiers-300x200.jpg 300w, https:\/\/mirabel-baiedecayola.com\/wp-content\/uploads\/2022\/04\/marais-salant-noirmoutiers-768x512.jpg 768w, https:\/\/mirabel-baiedecayola.com\/wp-content\/uploads\/2022\/04\/marais-salant-noirmoutiers.jpg 1200w\" sizes=\"auto, (max-width: 1024px) 100vw, 1024px\" \/><\/figure><div class=\"wp-block-media-text__content\">\n<h2 class=\"wp-block-heading\">Noirmoutier - Die Hauptstadt des Salzes<\/h2>\n\n\n\n<figure class=\"wp-block-image size-full\"><img loading=\"lazy\" decoding=\"async\" width=\"50\" height=\"8\" src=\"https:\/\/www.mirabel-baiedecayola.com\/wp-content\/uploads\/2022\/01\/barre-bleue.png\" alt=\"\" class=\"wp-image-2627\"\/><\/figure>\n\n\n\n<p>Die Vend\u00e9e ist reich an au\u00dfergew\u00f6hnlichen Reisezielen. <a href=\"https:\/\/www.ile-noirmoutier.com\/fr\" target=\"_blank\" rel=\"noreferrer noopener\">Die Insel Noirmoutier<\/a> ist ein Teil davon. Sie k\u00f6nnen sie zu Fu\u00df, mit dem Fahrrad oder mit dem Auto erreichen. Vom Festland aus erreichbar \u00fcber den <strong>Passage du Gois <\/strong>(4,2 km lang) nur bei Ebbe. Sie werden ein atemberaubendes Panorama, einzigartige Landschaften und eine typische lokale Architektur entdecken, insbesondere mit ihren wei\u00dfen H\u00e4usern und ihren blauen Fensterl\u00e4den.<\/p>\n\n\n\n<p>Da mehr als ein Drittel der Insel bewohnt ist, sollten Sie sich die <strong>Salzg\u00e4rten<\/strong>. Dort wird Ihnen das gesamte Know-how des Berufs des Saunierers erkl\u00e4rt. Die Salzg\u00e4rten sind jeden Sommer f\u00fcr Besucher ge\u00f6ffnet. So k\u00f6nnen Sie das Gros Sel probieren oder <strong>die Fleur de Sel,<\/strong> Spezialit\u00e4t von Noirmoutier.<\/p>\n\n\n\n<p>Weitere Ideen f\u00fcr Familienaktivit\u00e4ten auf der Insel : <a href=\"https:\/\/www.aquariumdenoirmoutier.com\/\" target=\"_blank\" rel=\"noreferrer noopener\">das Sealand-Aquarium<\/a>. Die Unterwasserfauna und -flora erwartet Sie dort f\u00fcr einen Moment der Entdeckung, den Sie mit der ganzen Familie teilen k\u00f6nnen. Das Aquarium beherbergt 200 Arten von Meerestieren aus den kalten und tropischen Meeren der Erde. Sie k\u00f6nnen auch die Geschicklichkeitsspiele der Seel\u00f6wen mit ihren Luftballons bewundern.<\/p>\n<\/div><\/div>\n\n\n\n<p class=\"has-text-align-center texte-rond mt-5 has-large-font-size\">Was es auf dem Campingplatz zu entdecken gibt<\/p>\n\n\n\n<div class=\"wp-block-columns front-page-section grey is-layout-flex wp-container-core-columns-is-layout-28f84493 wp-block-columns-is-layout-flex\">\n<div class=\"wp-block-column is-layout-flow wp-block-column-is-layout-flow\"><\/div>\n\n\n\n<div class=\"wp-block-column is-vertically-aligned-center is-layout-flow wp-block-column-is-layout-flow\">\n<div class=\"wp-block-create-block-sevgutenberg-navigation\"><aside class=\"encart-sev-navigation small carre\"><a href=\"https:\/\/mirabel-baiedecayola.com\/de\/camping-vendee-gute-adressen\/\" class=\"d-flex flex-column align-items-center\"><div class=\"encart-title\"><span>Aktivit\u00e4ten<\/span><\/div><div class=\"vague\"><\/div><img decoding=\"async\" src=\"https:\/\/mirabel-baiedecayola.com\/wp-content\/uploads\/2022\/04\/zoo-des-sables-IMG_4050.jpg\" alt=\"Zoo in der N\u00e4he des Campingplatzes\"\/><div class=\"ligne\"><\/div><div class=\"hover\"><\/div><\/a><\/aside><\/div>\n<\/div>\n\n\n\n<div class=\"wp-block-column is-layout-flow wp-block-column-is-layout-flow\">\n<div class=\"wp-block-create-block-sevgutenberg-navigation\"><aside class=\"encart-sev-navigation small carre\"><a href=\"https:\/\/mirabel-baiedecayola.com\/de\/vermietung-wohnung-les-sables-d-olonne\/\" class=\"d-flex flex-column align-items-center\"><div class=\"encart-title\"><span>Unsere Wohnungen<\/span><\/div><div class=\"vague\"><\/div><img decoding=\"async\" src=\"https:\/\/www.mirabel-baiedecayola.com\/wp-content\/uploads\/2022\/04\/Cayola-location-appart-2ch.jpeg\" alt=\"vermietung von ferien aux sables d&#039;olonne\"\/><div class=\"ligne\"><\/div><div class=\"hover\"><\/div><\/a><\/aside><\/div>\n<\/div>\n\n\n\n<div class=\"wp-block-column is-layout-flow wp-block-column-is-layout-flow\">\n<div class=\"wp-block-create-block-sevgutenberg-navigation\"><aside class=\"encart-sev-navigation small carre\"><a href=\"https:\/\/mirabel-baiedecayola.com\/de\/wasserpark\/\" class=\"d-flex flex-column align-items-center\"><div class=\"encart-title\"><span>Wasserraum<\/span><\/div><div class=\"vague\"><\/div><img decoding=\"async\" src=\"https:\/\/www.mirabel-baiedecayola.com\/wp-content\/uploads\/2022\/04\/Cayola-piscines-toboggans-1200px-1.jpg\" alt=\"Wasserbereich des Campingplatzes in der Vend\u00e9e\"\/><div class=\"ligne\"><\/div><div class=\"hover\"><\/div><\/a><\/aside><\/div>\n<\/div>\n\n\n\n<div class=\"wp-block-column is-layout-flow wp-block-column-is-layout-flow\"><\/div>\n<\/div>\n\n\n\n<figure class=\"wp-block-image aligncenter size-large\"><img loading=\"lazy\" decoding=\"async\" width=\"1024\" height=\"84\" src=\"https:\/\/www.mirabel-baiedecayola.com\/wp-content\/uploads\/2022\/01\/photo-1024x84.png\" alt=\"Fotogalerie\" class=\"wp-image-2680\" srcset=\"https:\/\/mirabel-baiedecayola.com\/wp-content\/uploads\/2022\/01\/photo-1024x84.png 1024w, https:\/\/mirabel-baiedecayola.com\/wp-content\/uploads\/2022\/01\/photo-300x25.png 300w, https:\/\/mirabel-baiedecayola.com\/wp-content\/uploads\/2022\/01\/photo-768x63.png 768w, https:\/\/mirabel-baiedecayola.com\/wp-content\/uploads\/2022\/01\/photo-1536x126.png 1536w, https:\/\/mirabel-baiedecayola.com\/wp-content\/uploads\/2022\/01\/photo-2048x169.png 2048w\" sizes=\"auto, (max-width: 1024px) 100vw, 1024px\" \/><\/figure>\n\n\n\t\t\t<div id=\"sevgallery-1853531904\" class=\"sev-diaporama sev-diaporama-portfolio\">\r\n\t\t\t\t<div class=\"row\">\r\n\r\n\t\t\t\t\t\r\n\t\t\t\t\t\t\r\n\t\t\t\t\t\t<div class=\"sev-diaporama-portfolio-item   btnseeall btnseeall-xl col-12 col-md  col-grow\">\r\n\t\t\t\t\t\t\t<a href=\"https:\/\/mirabel-baiedecayola.com\/wp-content\/uploads\/2022\/04\/jard-sur-mer-1024x683.jpg\" data-lightbox=\"sevgallery-1853531904\" style=\"background-image: url(https:\/\/mirabel-baiedecayola.com\/wp-content\/uploads\/2022\/04\/jard-sur-mer-1024x683.jpg)\">\r\n\t\t\t\t\t\t\t\t<img decoding=\"async\" src=\"https:\/\/mirabel-baiedecayola.com\/wp-content\/uploads\/2022\/04\/jard-sur-mer-1024x683.jpg\" alt=\"hafen von jard sur mer\" loading=\"lazy\">\r\n\t\t\t\t\t\t\t\t\t\t\t\t\t\t\t<\/a>\r\n\t\t\t\t\t\t<\/div>\r\n\r\n\t\t\t\t\t\t\r\n\t\t\t\t\t\t\t\t\t\t\t\t\t\t\t\t\t\r\n\t\t\t\t\t\t\r\n\t\t\t\t\t\t<div class=\"sev-diaporama-portfolio-item   btnseeall btnseeall-xl col-12 col-md\">\r\n\t\t\t\t\t\t\t<a href=\"https:\/\/mirabel-baiedecayola.com\/wp-content\/uploads\/2022\/04\/jard-sur-mer-port-1024x683.jpg\" data-lightbox=\"sevgallery-1853531904\" style=\"background-image: url(https:\/\/mirabel-baiedecayola.com\/wp-content\/uploads\/2022\/04\/jard-sur-mer-port-1024x683.jpg)\">\r\n\t\t\t\t\t\t\t\t<img decoding=\"async\" src=\"https:\/\/mirabel-baiedecayola.com\/wp-content\/uploads\/2022\/04\/jard-sur-mer-port-1024x683.jpg\" alt=\"hafen von jard sur mer\" loading=\"lazy\">\r\n\t\t\t\t\t\t\t\t\t\t\t\t\t\t\t<\/a>\r\n\t\t\t\t\t\t<\/div>\r\n\r\n\t\t\t\t\t\t\r\n\t\t\t\t\t\t\t\t\t\t\t\t\t\t\t\t\t\r\n\t\t\t\t\t\t\r\n\t\t\t\t\t\t<div class=\"sev-diaporama-portfolio-item   btnseeall btnseeall-xl col-12 col-md  col-shrink\">\r\n\t\t\t\t\t\t\t<a href=\"https:\/\/mirabel-baiedecayola.com\/wp-content\/uploads\/2022\/04\/marais-salant-noirmoutiers-1-1024x683.jpg\" data-lightbox=\"sevgallery-1853531904\" style=\"background-image: url(https:\/\/mirabel-baiedecayola.com\/wp-content\/uploads\/2022\/04\/marais-salant-noirmoutiers-1-1024x683.jpg)\">\r\n\t\t\t\t\t\t\t\t<img decoding=\"async\" src=\"https:\/\/mirabel-baiedecayola.com\/wp-content\/uploads\/2022\/04\/marais-salant-noirmoutiers-1-1024x683.jpg\" alt=\"Salzg\u00e4rten noirmoutier\" loading=\"lazy\">\r\n\t\t\t\t\t\t\t\t\t\t\t\t\t\t\t<\/a>\r\n\t\t\t\t\t\t<\/div>\r\n\r\n\t\t\t\t\t\t\r\n\t\t\t\t\t\t\t\t\t\t\t\t\t\t\t\t\t\r\n\t\t\t\t\t\t\r\n\t\t\t\t\t\t<div class=\"sev-diaporama-portfolio-item   btnseeall btnseeall-xl col-12 col-md  col-grow\">\r\n\t\t\t\t\t\t\t<a href=\"https:\/\/mirabel-baiedecayola.com\/wp-content\/uploads\/2022\/04\/plage-vendee-tourisme-1-1024x683.jpg\" data-lightbox=\"sevgallery-1853531904\" style=\"background-image: url(https:\/\/mirabel-baiedecayola.com\/wp-content\/uploads\/2022\/04\/plage-vendee-tourisme-1-1024x683.jpg)\">\r\n\t\t\t\t\t\t\t\t<img decoding=\"async\" src=\"https:\/\/mirabel-baiedecayola.com\/wp-content\/uploads\/2022\/04\/plage-vendee-tourisme-1-1024x683.jpg\" alt=\"Strand in der N\u00e4he des Campingplatzes\" loading=\"lazy\">\r\n\t\t\t\t\t\t\t\t\t\t\t\t\t\t\t<\/a>\r\n\t\t\t\t\t\t<\/div>\r\n\r\n\t\t\t\t\t\t\t\t\t\t\t\t\t<div class=\"w-100\"><\/div>\r\n\t\t\t\t\t\t\t\t\t\t\t\t\t\r\n\t\t\t\t\t\t\t\t\t\t\t\t\t\t\t\t\t\r\n\t\t\t\t\t\t\r\n\t\t\t\t\t\t<div class=\"sev-diaporama-portfolio-item   btnseeall btnseeall-xl col-12 col-md  col-grow\">\r\n\t\t\t\t\t\t\t<a href=\"https:\/\/mirabel-baiedecayola.com\/wp-content\/uploads\/2022\/04\/Saint-Gilles-Croix-de-Vi-1-1024x683.jpg\" data-lightbox=\"sevgallery-1853531904\" style=\"background-image: url(https:\/\/mirabel-baiedecayola.com\/wp-content\/uploads\/2022\/04\/Saint-Gilles-Croix-de-Vi-1-1024x683.jpg)\">\r\n\t\t\t\t\t\t\t\t<img decoding=\"async\" src=\"https:\/\/mirabel-baiedecayola.com\/wp-content\/uploads\/2022\/04\/Saint-Gilles-Croix-de-Vi-1-1024x683.jpg\" alt=\"stadt saint gilles croix de vie\" loading=\"lazy\">\r\n\t\t\t\t\t\t\t\t\t\t\t\t\t\t\t<\/a>\r\n\t\t\t\t\t\t<\/div>\r\n\r\n\t\t\t\t\t\t\r\n\t\t\t\t\t\t\t\t\t\t\t\t\t\t\t\t\t\r\n\t\t\t\t\t\t\r\n\t\t\t\t\t\t<div class=\"sev-diaporama-portfolio-item   btnseeall btnseeall-xl col-12 col-md  col-grow\">\r\n\t\t\t\t\t\t\t<a href=\"https:\/\/mirabel-baiedecayola.com\/wp-content\/uploads\/2022\/04\/marais-salants-ile-olonne-IMG_5048-1024x683.jpg\" data-lightbox=\"sevgallery-1853531904\" style=\"background-image: url(https:\/\/mirabel-baiedecayola.com\/wp-content\/uploads\/2022\/04\/marais-salants-ile-olonne-IMG_5048-1024x683.jpg)\">\r\n\t\t\t\t\t\t\t\t<img decoding=\"async\" src=\"https:\/\/mirabel-baiedecayola.com\/wp-content\/uploads\/2022\/04\/marais-salants-ile-olonne-IMG_5048-1024x683.jpg\" alt=\"Salzg\u00e4rten Vend\u00e9e\" loading=\"lazy\">\r\n\t\t\t\t\t\t\t\t\t\t\t\t\t\t\t<\/a>\r\n\t\t\t\t\t\t<\/div>\r\n\r\n\t\t\t\t\t\t\r\n\t\t\t\t\t\t\t\t\t\t\t\t\t\t\t\t\t\r\n\t\t\t\t\t\t\r\n\t\t\t\t\t\t<div class=\"sev-diaporama-portfolio-item   btnseeall btnseeall-xl col-12 col-md  col-grow\">\r\n\t\t\t\t\t\t\t<a href=\"https:\/\/mirabel-baiedecayola.com\/wp-content\/uploads\/2022\/04\/st-jean-de-mont-Thalasso_Bienetre-1-1024x683.jpg\" data-lightbox=\"sevgallery-1853531904\" style=\"background-image: url(https:\/\/mirabel-baiedecayola.com\/wp-content\/uploads\/2022\/04\/st-jean-de-mont-Thalasso_Bienetre-1-1024x683.jpg)\">\r\n\t\t\t\t\t\t\t\t<img decoding=\"async\" src=\"https:\/\/mirabel-baiedecayola.com\/wp-content\/uploads\/2022\/04\/st-jean-de-mont-Thalasso_Bienetre-1-1024x683.jpg\" alt=\"Thalasso in der N\u00e4he des Campingplatzes\" loading=\"lazy\">\r\n\t\t\t\t\t\t\t\t\t\t\t\t\t\t\t<\/a>\r\n\t\t\t\t\t\t<\/div>\r\n\r\n\t\t\t\t\t\t\r\n\t\t\t\t\t\t\t\t\t\t\t\t\t\t\t\t\t\r\n\t\t\t\t\t\t\r\n\t\t\t\t\t\t<div class=\"sev-diaporama-portfolio-item   btnseeall btnseeall-xl col-12 col-md  last-visible\">\r\n\t\t\t\t\t\t\t<a href=\"https:\/\/mirabel-baiedecayola.com\/de\/camping-vendee-photos\/\"  style=\"background-image: url(https:\/\/mirabel-baiedecayola.com\/wp-content\/uploads\/2022\/04\/marais-dolonne-P1010432-1024x575.jpg)\">\r\n\t\t\t\t\t\t\t\t<img decoding=\"async\" src=\"https:\/\/mirabel-baiedecayola.com\/wp-content\/uploads\/2022\/04\/marais-dolonne-P1010432-1024x575.jpg\" alt=\"sumpf les sables d&#039;olonne\" loading=\"lazy\">\r\n\t\t\t\t\t\t\t\t\t\t\t\t\t\t\t\t\t<img decoding=\"async\" src=\"https:\/\/mirabel-baiedecayola.com\/wp-content\/themes\/mirabel-site\/assets\/img\/voir-photos.png\" alt=\"\" \/>\r\n\t\t\t\t\t\t\t\t\t<span>Alle Fotos anzeigen<\/span>\r\n\t\t\t\t\t\t\t\t\t\t\t\t\t\t\t<\/a>\r\n\t\t\t\t\t\t<\/div>\r\n\r\n\t\t\t\t\t\t\t\t\t\t\t\t\t<div class=\"w-100\"><\/div>\r\n\t\t\t\t\t\t\t\t\t\t\t\t\t\r\n\t\t\t\t\t\t\t\t\t\t\t\t\t\t\t\t\t\r\n\t\t\t\t\t\t\r\n\t\t\t\t\t\t<div class=\"sev-diaporama-portfolio-item   btnseeall btnseeall-xl col-12 col-md  col-shrink d-none\">\r\n\t\t\t\t\t\t\t<a href=\"https:\/\/mirabel-baiedecayola.com\/wp-content\/uploads\/2022\/04\/marais-ile-d-olonne-P1000826-1024x575.jpg\" data-lightbox=\"sevgallery-1853531904\" style=\"background-image: url(https:\/\/mirabel-baiedecayola.com\/wp-content\/uploads\/2022\/04\/marais-ile-d-olonne-P1000826-1024x575.jpg)\">\r\n\t\t\t\t\t\t\t\t<img decoding=\"async\" src=\"https:\/\/mirabel-baiedecayola.com\/wp-content\/uploads\/2022\/04\/marais-ile-d-olonne-P1000826-1024x575.jpg\" alt=\"sumpf les sables d&#039;olonne\" loading=\"lazy\">\r\n\t\t\t\t\t\t\t\t\t\t\t\t\t\t\t<\/a>\r\n\t\t\t\t\t\t<\/div>\r\n\r\n\t\t\t\t\t\t\r\n\t\t\t\t\t\t\t\t\t\t\t\t\t\t\t\t\t\r\n\t\t\t\t\t\t\r\n\t\t\t\t\t\t<div class=\"sev-diaporama-portfolio-item  limitsm btnseeall btnseeall-xl col-12 col-md  d-none\">\r\n\t\t\t\t\t\t\t<a href=\"https:\/\/mirabel-baiedecayola.com\/wp-content\/uploads\/2022\/04\/marais-salants-ile-olonne-IMG_5024-1024x683.jpg\" data-lightbox=\"sevgallery-1853531904\" style=\"background-image: url(https:\/\/mirabel-baiedecayola.com\/wp-content\/uploads\/2022\/04\/marais-salants-ile-olonne-IMG_5024-1024x683.jpg)\">\r\n\t\t\t\t\t\t\t\t<img decoding=\"async\" src=\"https:\/\/mirabel-baiedecayola.com\/wp-content\/uploads\/2022\/04\/marais-salants-ile-olonne-IMG_5024-1024x683.jpg\" alt=\"Salzsumpf Vend\u00e9e\" loading=\"lazy\">\r\n\t\t\t\t\t\t\t\t\t\t\t\t\t\t\t<\/a>\r\n\t\t\t\t\t\t<\/div>\r\n\r\n\t\t\t\t\t\t\r\n\t\t\t\t\t\t\t\t\t\t\t\t\t\t\t\t\t\t\t\t\t<\/div>\r\n\t\t\t<\/div>\r\n\r\n\t\t\t<script>\r\n\t\t\tjQuery(function($) {\r\n\r\n\t\t\t\tvar marginPortfolio = function() {\r\n\r\n\t\t\t\t\tvar $diapo          = $('#sevgallery-1853531904');\r\n\t\t\t\t\tvar container_width = $diapo.parent().outerWidth();\r\n\t\t\t\t\tvar side            = ( $(window).innerWidth() - container_width ) \/ 2;\r\n\r\n\t\t\t\t\t$diapo.css( {\r\n\t\t\t\t\t\t'margin-left': '-' + side + 'px',\r\n\t\t\t\t\t\t'margin-right': '-' + side + 'px',\r\n\t\t\t\t\t} );\r\n\t\t\t\t};\r\n\r\n\t\t\t\t$( window ).resize( function() {\r\n\t\t\t\t\tmarginPortfolio();\r\n\t\t\t\t} );\r\n\t\t\t\tmarginPortfolio();\r\n\t\t\t});\r\n\t\t\t<\/script>\r\n\t\t\t\n\n\n\n<p><\/p>","protected":false},"excerpt":{"rendered":"<p>S\u00e9journez en Vend\u00e9e, pour des vacances r\u00e9ussies Activit\u00e9s nautiques, vacances reposantes, loisirs pour les enfants, visites culturelles&nbsp;: retrouvez les incontournables [&hellip;]<\/p>\n","protected":false},"author":3,"featured_media":0,"parent":0,"menu_order":0,"comment_status":"closed","ping_status":"closed","template":"","meta":{"_seopress_robots_primary_cat":"","_seopress_titles_title":"Les activit\u00e9s pour votre s\u00e9jour en Vend\u00e9e","_seopress_titles_desc":"O\u00f9 sortir pendant vos vacances dans notre camping 4 \u00e9toiles des Sables d'Olonne ? D\u00e9couvrez les activit\u00e9s de loisirs de la Vend\u00e9e  autour de la Baie de Cayola","_seopress_robots_index":"","footnotes":""},"class_list":["post-73","page","type-page","status-publish","hentry"],"_links":{"self":[{"href":"https:\/\/mirabel-baiedecayola.com\/de\/wp-json\/wp\/v2\/pages\/73","targetHints":{"allow":["GET"]}}],"collection":[{"href":"https:\/\/mirabel-baiedecayola.com\/de\/wp-json\/wp\/v2\/pages"}],"about":[{"href":"https:\/\/mirabel-baiedecayola.com\/de\/wp-json\/wp\/v2\/types\/page"}],"author":[{"embeddable":true,"href":"https:\/\/mirabel-baiedecayola.com\/de\/wp-json\/wp\/v2\/users\/3"}],"replies":[{"embeddable":true,"href":"https:\/\/mirabel-baiedecayola.com\/de\/wp-json\/wp\/v2\/comments?post=73"}],"version-history":[{"count":69,"href":"https:\/\/mirabel-baiedecayola.com\/de\/wp-json\/wp\/v2\/pages\/73\/revisions"}],"predecessor-version":[{"id":17353,"href":"https:\/\/mirabel-baiedecayola.com\/de\/wp-json\/wp\/v2\/pages\/73\/revisions\/17353"}],"wp:attachment":[{"href":"https:\/\/mirabel-baiedecayola.com\/de\/wp-json\/wp\/v2\/media?parent=73"}],"curies":[{"name":"wp","href":"https:\/\/api.w.org\/{rel}","templated":true}]}}