{"id":8691,"date":"2022-04-11T14:52:58","date_gmt":"2022-04-11T12:52:58","guid":{"rendered":"https:\/\/www.camping-vendee-cayola.com\/?page_id=8691"},"modified":"2024-04-11T09:20:15","modified_gmt":"2024-04-11T07:20:15","slug":"kultur-und-erbe","status":"publish","type":"page","link":"https:\/\/mirabel-baiedecayola.com\/de\/les-experiences\/culture-et-patrimoine\/","title":{"rendered":"Erfahrung in Kultur und Kulturerbe"},"content":{"rendered":"<h1 class=\"wp-block-heading\" id=\"vivez-l-experience-du-moyen-age\"><strong>Das Erlebnis \u00abKultur und Erbe\u00bb in der Vend\u00e9e<\/strong><\/h1>\n\n\n\n<p class=\"has-text-align-center\">Die Vend\u00e9e ist reich an kulturellen Sch\u00e4tzen und verf\u00fcgt \u00fcber ein bedeutendes und vielf\u00e4ltiges Erbe.<\/p>\n\n\n\n<figure class=\"wp-block-image aligncenter size-full\"><img decoding=\"async\" src=\"https:\/\/www.mirabel-baiedecayola.com\/wp-content\/uploads\/2022\/01\/barre-bleue.png\" alt=\"\" class=\"wp-image-2382\"\/><\/figure>\n\n\n\n<div class=\"wp-block-media-text alignwide is-stacked-on-mobile is-image-fill\"><figure class=\"wp-block-media-text__media\" style=\"background-image:url(https:\/\/www.mirabel-baiedecayola.com\/wp-content\/uploads\/2022\/04\/visite_chateau_tiffauges28-1024x683.jpg);background-position:50% 50%\"><a href=\"https:\/\/www.mirabel-baiedecayola.com\/wp-content\/uploads\/2022\/04\/visite_chateau_tiffauges28.jpg\"><img loading=\"lazy\" decoding=\"async\" width=\"1024\" height=\"683\" src=\"https:\/\/www.mirabel-baiedecayola.com\/wp-content\/uploads\/2022\/04\/visite_chateau_tiffauges28-1024x683.jpg\" alt=\"\" class=\"wp-image-9371 size-full\" srcset=\"https:\/\/mirabel-baiedecayola.com\/wp-content\/uploads\/2022\/04\/visite_chateau_tiffauges28-1024x683.jpg 1024w, https:\/\/mirabel-baiedecayola.com\/wp-content\/uploads\/2022\/04\/visite_chateau_tiffauges28-300x200.jpg 300w, https:\/\/mirabel-baiedecayola.com\/wp-content\/uploads\/2022\/04\/visite_chateau_tiffauges28-768x512.jpg 768w, https:\/\/mirabel-baiedecayola.com\/wp-content\/uploads\/2022\/04\/visite_chateau_tiffauges28.jpg 1200w\" sizes=\"auto, (max-width: 1024px) 100vw, 1024px\" \/><\/a><\/figure><div class=\"wp-block-media-text__content\">\n<p class=\"has-medium-font-size\"><strong><strong>Schl\u00f6sser \u2013 R\u00fcckkehr ins Mittelalter<\/strong><\/strong><\/p>\n\n\n\n<figure class=\"wp-block-image size-full\"><img decoding=\"async\" src=\"https:\/\/www.mirabel-baiedecayola.com\/wp-content\/uploads\/2022\/01\/barre-bleue.png\" alt=\"\" class=\"wp-image-2382\"\/><\/figure>\n\n\n\n<figure class=\"wp-block-image alignright size-full is-resized\"><img loading=\"lazy\" decoding=\"async\" width=\"320\" height=\"214\" src=\"https:\/\/www.mirabel-baiedecayola.com\/wp-content\/uploads\/2021\/12\/Smile.png\" alt=\"praktischer Smile\" class=\"wp-image-1947\" style=\"width:100px\" srcset=\"https:\/\/mirabel-baiedecayola.com\/wp-content\/uploads\/2021\/12\/Smile.png 320w, https:\/\/mirabel-baiedecayola.com\/wp-content\/uploads\/2021\/12\/Smile-300x201.png 300w\" sizes=\"auto, (max-width: 320px) 100vw, 320px\" \/><\/figure>\n\n\n\n<p>Mehrere Schl\u00f6sser, die in der Vend\u00e9e errichtet wurden und die Zeiten \u00fcberdauert haben, zeugen von einer reichen Vergangenheit. Auf unseren fr\u00fcheren Seiten berichteten wir Ihnen \u00fcber das <strong><a rel=\"noreferrer noopener\" href=\"https:\/\/chateaudetalmont.com\/\" target=\"_blank\">Schloss von Talmont-Saint-Hilaire<\/a><\/strong>, das auf einem felsigen Vorgebirge thront und somit einen Panoramablick \u00fcber die Gemeinde bietet. <strong>zahlreiche Animationen<\/strong> sind \u00fcber das ganze Jahr verteilt geplant, die Sie alleine oder mit anderen machen k\u00f6nnen. Aber auch andere ebenso bemerkenswerte Schl\u00f6sser sind zu besichtigen wie <a rel=\"noreferrer noopener\" href=\"https:\/\/www.vendee-tourisme.com\/le-chateau-dapremont\/apremont\/pcupdl053v5049lt\" target=\"_blank\"><strong>Schloss Apremont<\/strong><\/a> Wer beherrscht die <strong>Tal des Lebens<\/strong>. Seine 2 T\u00fcrme, die im 16. Jahrhundert erbaut wurden, erinnern uns an die Zeit der Renaissance. T\u00e4glich werden F\u00fchrungen angeboten.<\/p>\n\n\n\n<p>In Tiffauges, trefft euch am ber\u00fchmten <strong>Schloss Gilles de Rais<\/strong>, (Waffengef\u00e4hrte von <strong>Johanna von Orl\u00e9ans<\/strong> wer h\u00e4tte die Figur inspiriert \u00ab&nbsp;<strong>Blaubart<\/strong>&nbsp;\u00bb M\u00e4rchen von Charles Perrault). Die gr\u00f6\u00dfte mittelalterliche Festung des Westens beherbergt auch heute noch eine beeindruckende Sammlung funktionierender Kriegsmaschinen.<\/p>\n<\/div><\/div>\n\n\n\n<div style=\"height:40px\" aria-hidden=\"true\" class=\"wp-block-spacer\"><\/div>\n\n\n\n<div class=\"wp-block-media-text alignwide has-media-on-the-right is-stacked-on-mobile is-image-fill front-page-section grey animate right\"><div class=\"wp-block-media-text__content\">\n<h2 class=\"wp-block-heading\">Museen, um spielerisch weiter zu lernen<\/h2>\n\n\n\n<p>1976 von Gaston Giron er\u00f6ffnet, <strong>Autoliebhaber<\/strong> seit seiner fr\u00fchesten Jugend, Le <a href=\"https:\/\/www.musee-auto-vendee.com\/\" target=\"_blank\" rel=\"noreferrer noopener\"><strong>Automobilmuseum der Vend\u00e9e<\/strong><\/a> liegt nur 10 Minuten von Ihrem Campingplatz La Baie de Cayola entfernt. Sage und schreibe 150 Fahrzeuge sind dort ausgestellt (Autos, Motorr\u00e4der, \u2026) aus der Zeit vom Ende des 19. Jahrhunderts bis heute. Die W\u00e4nde sind mit Plakaten und Schildern aus der Zeit dekoriert, um Sie sofort in die richtige Stimmung zu versetzen.<\/p>\n\n\n\n<p>F\u00fcr die <strong>leidenschaftliche Maler,<\/strong> Sie k\u00f6nnen das Mus\u00e9e de l\u2019Abbaye Sainte Croix besuchen. Das Museum befindet sich in einem ehemaligen Priorat in Les Sables d\u2019Olonne und beherbergt moderne und zeitgen\u00f6ssische Kunstwerke. Hier werden Gem\u00e4lde von gro\u00dfen Namen wie Victor Bruner, Jean Dubuffet, Alberto Magnelli oder Albert Marquet ausgestellt.<\/p>\n\n\n\n<p>Weniger als eine halbe Stunde von Ihrem Urlaubsort entfernt, entdecken Sie das <a rel=\"noreferrer noopener\" href=\"https:\/\/www.museumducoquillage.com\/\" target=\"_blank\">Museum der Muscheln<\/a>. In der N\u00e4he von <strong>45.000 einzigartige Muscheln in Europa <\/strong>werden in au\u00dfergew\u00f6hnlichen Formen und schillernden Farben pr\u00e4sentiert.<\/p>\n\n\n\n<p class=\"texte-rond has-orange-color has-text-color has-large-font-size\">Man lernt nie aus!<\/p>\n\n\n\n<p>F\u00fcr diejenigen, die mehr \u00fcber die Geschichte der Vend\u00e9e erfahren m\u00f6chten, empfehlen wir einen Besuch des Historial de la Vend\u00e9e. Dort, ungef\u00e4hr<strong> 7.000 Jahre Geschichte<\/strong> Sie werden in einer ebenso \u00fcberraschenden wie unglaublichen Architektur pr\u00e4sentiert!<\/p>\n<\/div><figure class=\"wp-block-media-text__media\" style=\"background-image:url(https:\/\/www.mirabel-baiedecayola.com\/wp-content\/uploads\/2022\/04\/Historial-vendee-musee-1024x683.jpg);background-position:84% 61%\"><a href=\"https:\/\/www.mirabel-baiedecayola.com\/wp-content\/uploads\/2022\/04\/Historial-vendee-musee.jpg\"><img loading=\"lazy\" decoding=\"async\" width=\"1024\" height=\"683\" src=\"https:\/\/www.mirabel-baiedecayola.com\/wp-content\/uploads\/2022\/04\/Historial-vendee-musee-1024x683.jpg\" alt=\"\" class=\"wp-image-9364 size-full\" srcset=\"https:\/\/mirabel-baiedecayola.com\/wp-content\/uploads\/2022\/04\/Historial-vendee-musee-1024x683.jpg 1024w, https:\/\/mirabel-baiedecayola.com\/wp-content\/uploads\/2022\/04\/Historial-vendee-musee-300x200.jpg 300w, https:\/\/mirabel-baiedecayola.com\/wp-content\/uploads\/2022\/04\/Historial-vendee-musee-768x512.jpg 768w, https:\/\/mirabel-baiedecayola.com\/wp-content\/uploads\/2022\/04\/Historial-vendee-musee.jpg 1200w\" sizes=\"auto, (max-width: 1024px) 100vw, 1024px\" \/><\/a><\/figure><\/div>\n\n\n\n<div class=\"wp-block-media-text alignwide is-stacked-on-mobile is-image-fill animate left\"><figure class=\"wp-block-media-text__media\" style=\"background-image:url(https:\/\/www.mirabel-baiedecayola.com\/wp-content\/uploads\/2022\/04\/Nieul-sur-lAutise-abbaye-1024x683.jpg);background-position:50% 50%\"><a href=\"https:\/\/www.mirabel-baiedecayola.com\/wp-content\/uploads\/2022\/04\/Nieul-sur-lAutise-abbaye.jpg\"><img loading=\"lazy\" decoding=\"async\" width=\"1024\" height=\"683\" src=\"https:\/\/www.mirabel-baiedecayola.com\/wp-content\/uploads\/2022\/04\/Nieul-sur-lAutise-abbaye-1024x683.jpg\" alt=\"\" class=\"wp-image-9368 size-full\" srcset=\"https:\/\/mirabel-baiedecayola.com\/wp-content\/uploads\/2022\/04\/Nieul-sur-lAutise-abbaye-1024x683.jpg 1024w, https:\/\/mirabel-baiedecayola.com\/wp-content\/uploads\/2022\/04\/Nieul-sur-lAutise-abbaye-300x200.jpg 300w, https:\/\/mirabel-baiedecayola.com\/wp-content\/uploads\/2022\/04\/Nieul-sur-lAutise-abbaye-768x512.jpg 768w, https:\/\/mirabel-baiedecayola.com\/wp-content\/uploads\/2022\/04\/Nieul-sur-lAutise-abbaye.jpg 1200w\" sizes=\"auto, (max-width: 1024px) 100vw, 1024px\" \/><\/a><\/figure><div class=\"wp-block-media-text__content\">\n<h2 class=\"wp-block-heading\">Architektur und Geschichte \u2013 die Abteien<\/h2>\n\n\n\n<p>Zwischen Abteien und Prioraten tauchen Sie nur 900 Meter vom Campingplatz entfernt in eine andere Zeit in der N\u00e4he der Bucht von Cayola ein.\u2019<strong>Abtei Saint Jean d\u2019Orbestier<\/strong>, erbaut im 12. Jahrhundert vom Herzog von Aquitanien und Grafen von Poitou.<\/p>\n\n\n\n<p>Liegt in Nieul-sur-l\u2019Autise, die\u2019<strong>Ali\u00e9nor-Abtei <\/strong>ist ein pr\u00e4chtiges Beispiel f\u00fcr Architektur, die eine einzigartige Restaurierung erfahren hat. Die Abtei ist eine der wenigen fast vollst\u00e4ndig erhaltenen Klosteranlagen des Poitou und besitzt den einzigen romanischen Kreuzgang des Westens, der noch vollst\u00e4ndig erhalten ist.<\/p>\n\n\n\n<p class=\"texte-rond has-orange-color has-text-color has-large-font-size\">La Vend\u00e9e und ihr Erbe: eine Geschichte f\u00fcr sich!<\/p>\n\n\n\n<p>Wenn Sie Priorate m\u00f6gen, dann werden Sie begeistert sein von <a href=\"https:\/\/nossites.vendee.fr\/prieure-de-grammont\" target=\"_blank\" rel=\"noreferrer noopener\"><strong>Priorat von Grammont<\/strong><\/a>. Gegr\u00fcndet Ende des 12. Jahrhunderts unter Richard L\u00f6wenherz, ist es heute eines der am besten erhaltenen Frankreichs. Sie werden bemerkenswerte Elemente wie seine Kapelle oder seinen Kapitelsaal beobachten.<\/p>\n<\/div><\/div>","protected":false},"excerpt":{"rendered":"<p>L\u2019exp\u00e9rience \u00ab&nbsp;culture et patrimoine&nbsp;\u00bb en Vend\u00e9e La Vend\u00e9e regorge de tr\u00e9sors culturels et est dot\u00e9e d\u2019un patrimoine important et vari\u00e9. [&hellip;]<\/p>\n","protected":false},"author":3,"featured_media":0,"parent":272,"menu_order":0,"comment_status":"closed","ping_status":"closed","template":"","meta":{"_seopress_robots_primary_cat":"","_seopress_titles_title":"Exp\u00e9rience Culture et Patrimoine | Vend\u00e9e","_seopress_titles_desc":"Lors de votre s\u00e9jour \u00e0 La Baie de Cayola ***, d\u00e9couvrez la richesse culturelle de la Vend\u00e9e, ch\u00e2teaux, historial de la Vend\u00e9e ou encore Abbaye","_seopress_robots_index":"","footnotes":""},"class_list":["post-8691","page","type-page","status-publish","hentry"],"_links":{"self":[{"href":"https:\/\/mirabel-baiedecayola.com\/de\/wp-json\/wp\/v2\/pages\/8691","targetHints":{"allow":["GET"]}}],"collection":[{"href":"https:\/\/mirabel-baiedecayola.com\/de\/wp-json\/wp\/v2\/pages"}],"about":[{"href":"https:\/\/mirabel-baiedecayola.com\/de\/wp-json\/wp\/v2\/types\/page"}],"author":[{"embeddable":true,"href":"https:\/\/mirabel-baiedecayola.com\/de\/wp-json\/wp\/v2\/users\/3"}],"replies":[{"embeddable":true,"href":"https:\/\/mirabel-baiedecayola.com\/de\/wp-json\/wp\/v2\/comments?post=8691"}],"version-history":[{"count":9,"href":"https:\/\/mirabel-baiedecayola.com\/de\/wp-json\/wp\/v2\/pages\/8691\/revisions"}],"predecessor-version":[{"id":16061,"href":"https:\/\/mirabel-baiedecayola.com\/de\/wp-json\/wp\/v2\/pages\/8691\/revisions\/16061"}],"up":[{"embeddable":true,"href":"https:\/\/mirabel-baiedecayola.com\/de\/wp-json\/wp\/v2\/pages\/272"}],"wp:attachment":[{"href":"https:\/\/mirabel-baiedecayola.com\/de\/wp-json\/wp\/v2\/media?parent=8691"}],"curies":[{"name":"wp","href":"https:\/\/api.w.org\/{rel}","templated":true}]}}