{"id":889,"date":"2021-12-20T11:10:21","date_gmt":"2021-12-20T10:10:21","guid":{"rendered":"https:\/\/www.campinglarenaudiere.com\/?page_id=889"},"modified":"2024-04-11T09:21:07","modified_gmt":"2024-04-11T07:21:07","slug":"freizeit-mit-kindern","status":"publish","type":"page","link":"https:\/\/mirabel-baiedecayola.com\/de\/les-experiences\/loisirs-avec-enfants\/","title":{"rendered":"Erfahrung Mit Kindern"},"content":{"rendered":"<h1 class=\"wp-block-heading\" id=\"decouvrez-le-calvados-a-velo-depuis-votre-camping-4-etoiles\"><strong>Ihr Urlaub mit Kindern<\/strong><\/h1>\n\n\n\n<p class=\"has-text-align-center\">Eine Vielzahl von Ausfl\u00fcgen und Freizeitaktivit\u00e4ten erwartet Ihre Kinder und Enkelkinder in der N\u00e4he des Campingplatzes und Ihres Urlaubsortes.<\/p>\n\n\n\n<figure class=\"wp-block-image aligncenter size-full\"><img decoding=\"async\" src=\"https:\/\/www.mirabel-baiedecayola.com\/wp-content\/uploads\/2022\/01\/barre-bleue.png\" alt=\"\" class=\"wp-image-2382\"\/><\/figure>\n\n\n\n<div class=\"wp-block-media-text alignwide is-stacked-on-mobile is-image-fill\"><figure class=\"wp-block-media-text__media\" style=\"background-image:url(https:\/\/www.mirabel-baiedecayola.com\/wp-content\/uploads\/2022\/04\/chateau-aventuriers-cayola-2.jpg);background-position:51% 57%\"><a href=\"https:\/\/www.mirabel-baiedecayola.com\/wp-content\/uploads\/2022\/04\/chateau-aventuriers-cayola-2.jpg\"><img loading=\"lazy\" decoding=\"async\" width=\"496\" height=\"1020\" src=\"https:\/\/www.mirabel-baiedecayola.com\/wp-content\/uploads\/2022\/04\/chateau-aventuriers-cayola-2.jpg\" alt=\"\" class=\"wp-image-9318 size-full\" srcset=\"https:\/\/mirabel-baiedecayola.com\/wp-content\/uploads\/2022\/04\/chateau-aventuriers-cayola-2.jpg 496w, https:\/\/mirabel-baiedecayola.com\/wp-content\/uploads\/2022\/04\/chateau-aventuriers-cayola-2-146x300.jpg 146w\" sizes=\"auto, (max-width: 496px) 100vw, 496px\" \/><\/a><\/figure><div class=\"wp-block-media-text__content\">\n<h2 class=\"wp-block-heading\" id=\"la-velo-maritime-longez-la-cote-normande-en-deux-roues\"><strong>Aktivit\u00e4ten f\u00fcr Kinder in der N\u00e4he von Les Sables d\u2019Olonne<\/strong><\/h2>\n\n\n\n<figure class=\"wp-block-image size-full\"><img decoding=\"async\" src=\"https:\/\/www.mirabel-baiedecayola.com\/wp-content\/uploads\/2022\/01\/barre-bleue.png\" alt=\"\" class=\"wp-image-2382\"\/><\/figure>\n\n\n\n<p><strong>weniger als 30 Minuten<\/strong> Sie k\u00f6nnen w\u00e4hrend des Campings entdecken, das herrliche <strong><a href=\"https:\/\/www.aquarium-vendee.com\/\" target=\"_blank\" rel=\"noreferrer noopener\">Aquarium de Vend\u00e9e<\/a><\/strong> wo \u00fcber 500 Meeresarten vorgestellt werden oder <strong><a href=\"https:\/\/www.zoodessables.fr\/\" target=\"_blank\" rel=\"noreferrer noopener\">Zoo von Les Sables<\/a><\/strong>, f\u00fcr eine Reise quer durch Kontinente und Tiere. F\u00fcr Sportliebhaber, der <strong><a href=\"https:\/\/www.joa.fr\/casinos\/sables-dolonne-les-pins\/loisirs\/mini-golf\" target=\"_blank\" rel=\"noreferrer noopener\">Mini-Golf des Casinos<\/a><\/strong> ist f\u00fcr einen entspannten Familienmoment ge\u00f6ffnet. Wenn die Tage dunkler werden, warum nicht einen kleinen Animationsfilm f\u00fcr Kinder im Kino \u00ab\u00a0<strong>Der Gro\u00dfe Palast<\/strong>\u00a0\u00bb.<br>Immer auf der Suche nach Tieren, erm\u00f6glicht das Vogelobservatorium von \u00cele d\u2019Olonne den Neugierigsten, die Arten zu beobachten, die in den S\u00fcmpfen der Vend\u00e9e leben. Auf der Suche nach Herausforderungen? Dann begeben Sie sich zum <strong><a href=\"https:\/\/chateau-aventuriers.com\/\" target=\"_blank\" rel=\"noreferrer noopener\">Schloss der Abenteurer<\/a><\/strong> f\u00fcr <strong>Familienspiele<\/strong>, Entdeckungspfad, H\u00fcpfburgen etc. Genug, um mit den Kleinen und Gro\u00dfen einen angenehmen Tag zu verbringen.<br><strong><a href=\"https:\/\/www.vendee-miniature.fr\/\" target=\"_blank\" rel=\"noreferrer noopener\">Vend\u00e9e Miniature<\/a><\/strong> l\u00e4dt Sie ein zu einem Wunderland in einem der sch\u00f6nsten Miniaturd\u00f6rfer Frankreichs. Mit Sorgfalt und Liebe zum Detail ist alles nachgebildet: Gesch\u00e4fte, Lokomotive, M\u00fchle \u2013 alles!<\/p>\n<\/div><\/div>\n\n\n\n<div style=\"height:40px\" aria-hidden=\"true\" class=\"wp-block-spacer\"><\/div>\n\n\n\n<div class=\"wp-block-media-text alignwide has-media-on-the-right is-stacked-on-mobile is-image-fill front-page-section grey\"><div class=\"wp-block-media-text__content\">\n<h2 class=\"wp-block-heading\" id=\"de-ouistreham-a-caen-par-le-canal\"><strong><strong>Freizeitparks innerhalb einer Autostunde vom Campingplatz<\/strong><\/strong><\/h2>\n\n\n\n<figure class=\"wp-block-image size-full\"><img decoding=\"async\" src=\"https:\/\/www.mirabel-baiedecayola.com\/wp-content\/uploads\/2022\/01\/barre-bleue.png\" alt=\"\" class=\"wp-image-2382\"\/><\/figure>\n\n\n\n<p>F\u00fcr noch mehr Spa\u00df und Vergn\u00fcgen nehmen Sie Ihre Kinder und die ganze Familie mit auf gesellige Tage, an denen Lachen und Erinnerungen im Mittelpunkt stehen. In der N\u00e4he Ihres Campingplatzes La Baie de Cayola gibt es verschiedene Parks, Sie m\u00fcssen nur noch Ihren Favoriten ausw\u00e4hlen oder mehrere ausprobieren!<br>Die <strong><a href=\"https:\/\/www.parc-des-dunes.com\/\" target=\"_blank\" rel=\"noreferrer noopener\">Parc des Dunes<\/a><\/strong> bietet eine Vielzahl von Sensationen und Unterhaltungsm\u00f6glichkeiten: Wasserrutschen, Rodelbahn, Minigolf, Tretkart, Trampolin usw. <a href=\"https:\/\/dinos-park.com\/\" target=\"_blank\" rel=\"noreferrer noopener\"><strong>Le Dino\u2019s Park<\/strong><\/a> befindet sich 50 Minuten vom Campingplatz in St-Hilaire-de-Riez entfernt und erweckt die <strong>Dinosaurier<\/strong> dank Robotersystemen. Machen Sie eine Zeitreise und entdecken Sie 230 Millionen Jahre alte Kreaturen.<br><strong><a href=\"https:\/\/oglisspark.fr\/\" data-type=\"page\" target=\"_blank\" rel=\"noreferrer noopener\">O\u2019Gliss Park :<\/a> <\/strong>f\u00fcr Liebhaber von <strong>Wasserspiele und Pools<\/strong>, Wenn Sie nach einem Ort suchen, an dem Sie sich entspannen und Spa\u00df haben k\u00f6nnen, ist dieser Park genau das Richtige f\u00fcr Sie! Wasserrutschen, Wellenbad, Reifenrutsche, Kinderbereich. Sie k\u00f6nnen einen wundersch\u00f6nen Tag mit Ihren Lieben genie\u00dfen und sich nach Lust und Laune vergn\u00fcgen.<\/p>\n\n\n\n<div class=\"wp-block-buttons is-content-justification-center is-layout-flex wp-container-core-buttons-is-layout-a89b3969 wp-block-buttons-is-layout-flex\">\n<div class=\"wp-block-button\"><a class=\"wp-block-button__link has-turquoise-background-color has-background wp-element-button\" href=\"https:\/\/mirabel-baiedecayola.com\/de\/camping-vendee-gute-adressen\/\">Aktivit\u00e4ten und Ausfl\u00fcge<\/a><\/div>\n<\/div>\n<\/div><figure class=\"wp-block-media-text__media\" style=\"background-image:url(https:\/\/www.mirabel-baiedecayola.com\/wp-content\/uploads\/2022\/04\/jeux-eau-toboggan-enfantjpg.jpg);background-position:50% 50%\"><a href=\"https:\/\/www.mirabel-baiedecayola.com\/wp-content\/uploads\/2022\/04\/jeux-eau-toboggan-enfantjpg.jpg\"><img loading=\"lazy\" decoding=\"async\" width=\"680\" height=\"1020\" src=\"https:\/\/www.mirabel-baiedecayola.com\/wp-content\/uploads\/2022\/04\/jeux-eau-toboggan-enfantjpg.jpg\" alt=\"\" class=\"wp-image-9321 size-full\" srcset=\"https:\/\/mirabel-baiedecayola.com\/wp-content\/uploads\/2022\/04\/jeux-eau-toboggan-enfantjpg.jpg 680w, https:\/\/mirabel-baiedecayola.com\/wp-content\/uploads\/2022\/04\/jeux-eau-toboggan-enfantjpg-200x300.jpg 200w\" sizes=\"auto, (max-width: 680px) 100vw, 680px\" \/><\/a><\/figure><\/div>\n\n\n\n<div style=\"height:40px\" aria-hidden=\"true\" class=\"wp-block-spacer\"><\/div>\n\n\n\n<div class=\"wp-block-media-text alignwide is-stacked-on-mobile is-image-fill animate left\"><figure class=\"wp-block-media-text__media\" style=\"background-image:url(https:\/\/www.mirabel-baiedecayola.com\/wp-content\/uploads\/2022\/04\/jeu-plage-enfant-sable.jpg);background-position:48% 45%\"><img loading=\"lazy\" decoding=\"async\" width=\"765\" height=\"1020\" src=\"https:\/\/www.mirabel-baiedecayola.com\/wp-content\/uploads\/2022\/04\/jeu-plage-enfant-sable.jpg\" alt=\"\" class=\"wp-image-9324 size-full\" srcset=\"https:\/\/mirabel-baiedecayola.com\/wp-content\/uploads\/2022\/04\/jeu-plage-enfant-sable.jpg 765w, https:\/\/mirabel-baiedecayola.com\/wp-content\/uploads\/2022\/04\/jeu-plage-enfant-sable-225x300.jpg 225w\" sizes=\"auto, (max-width: 765px) 100vw, 765px\" \/><\/figure><div class=\"wp-block-media-text__content\">\n<p class=\"texte-rond has-orange-color has-text-color has-large-font-size\" id=\"des-circuits-velo-accessibles-a-tous-pour-vos-balades-en-famille\"><strong>Ein Tag am Strand \u2013 Das Unverzichtbare im Urlaub am Meer<\/strong><\/p>\n\n\n\n<p>W\u00e4hrend Ihres Aufenthalts <a href=\"https:\/\/mirabel-baiedecayola.com\/de\/\">Camping 4 Sterne La Baie de Cayola<\/a> an <a href=\"https:\/\/mirabel-baiedecayola.com\/de\/camping-les-sables-dolonne\/\" data-type=\"page\" data-id=\"67\">Sables d'Olonne<\/a>, haben Sie von Ihrer Unterkunft oder dem Pool aus einen atemberaubenden Blick auf den Ozean. Um dorthin zu gelangen, ben\u00f6tigen Sie nur 5 Autominuten. Und auf der <strong>K\u00fcste der Lichter<\/strong>, mehrere Str\u00e4nde stehen Ihnen zur Verf\u00fcgung. Die Kinder werden es lieben, den Tag oder Nachmittag damit zu verbringen, nach der sch\u00f6nsten Muschel oder der gr\u00f6\u00dften zu suchen <strong>Sandburg.<\/strong> Sobald das Handtuch im Sand liegt und Sonnencreme aufgetragen ist, k\u00f6nnen Sie endlich eine wohlverdiente Pause genie\u00dfen. F\u00fcr die Sportlicheren unter Ihnen wartet vielleicht eine Partie Beachvolleyball oder M\u00f6lkky. Die Badesaison steht vor der T\u00fcr: Ziehen Sie Ihren Badeanzug an, holen Sie die Schwimmringe und Schwimmfl\u00fcgel f\u00fcr die Kleinsten und schon kann es losgehen, um ... <strong>Atlantikwellen!<\/strong><\/p>\n<\/div><\/div>\n\n\n\n<div style=\"height:60px\" aria-hidden=\"true\" class=\"wp-block-spacer\"><\/div>\n\n\n\n<div style=\"height:10px\" aria-hidden=\"true\" class=\"wp-block-spacer\"><\/div>\n\n\n\n<figure class=\"wp-block-image aligncenter size-large is-resized mt-5\"><img decoding=\"async\" src=\"https:\/\/www.mirabel-baiedecayola.com\/wp-content\/uploads\/2022\/01\/photo-1024x84.png\" alt=\"Fotogalerie\" class=\"wp-image-2371\" style=\"width:768px;height:63px\"\/><\/figure>\n\n\n\t\t\t<div id=\"sevgallery-1640143074\" class=\"sev-diaporama sev-diaporama-portfolio\">\r\n\t\t\t\t<div class=\"row\">\r\n\r\n\t\t\t\t\t\r\n\t\t\t\t\t\t\r\n\t\t\t\t\t\t<div class=\"sev-diaporama-portfolio-item   btnseeall btnseeall-xl col-12 col-md  col-grow\">\r\n\t\t\t\t\t\t\t<a href=\"https:\/\/mirabel-baiedecayola.com\/wp-content\/uploads\/2022\/04\/chateau-aventuriers-cayola-3.jpg\" data-lightbox=\"sevgallery-1640143074\" style=\"background-image: url(https:\/\/mirabel-baiedecayola.com\/wp-content\/uploads\/2022\/04\/chateau-aventuriers-cayola-3.jpg)\">\r\n\t\t\t\t\t\t\t\t<img decoding=\"async\" src=\"https:\/\/mirabel-baiedecayola.com\/wp-content\/uploads\/2022\/04\/chateau-aventuriers-cayola-3.jpg\" alt=\"Schloss der Abenteurer\" loading=\"lazy\">\r\n\t\t\t\t\t\t\t\t\t\t\t\t\t\t\t<\/a>\r\n\t\t\t\t\t\t<\/div>\r\n\r\n\t\t\t\t\t\t\r\n\t\t\t\t\t\t\t\t\t\t\t\t\t\t\t\t\t\r\n\t\t\t\t\t\t\r\n\t\t\t\t\t\t<div class=\"sev-diaporama-portfolio-item   btnseeall btnseeall-xl col-12 col-md  col-shrink\">\r\n\t\t\t\t\t\t\t<a href=\"https:\/\/mirabel-baiedecayola.com\/wp-content\/uploads\/2022\/04\/IMG_2060-1024x683.jpg\" data-lightbox=\"sevgallery-1640143074\" style=\"background-image: url(https:\/\/mirabel-baiedecayola.com\/wp-content\/uploads\/2022\/04\/IMG_2060-1024x683.jpg)\">\r\n\t\t\t\t\t\t\t\t<img decoding=\"async\" src=\"https:\/\/mirabel-baiedecayola.com\/wp-content\/uploads\/2022\/04\/IMG_2060-1024x683.jpg\" alt=\"Kindererlebnis\" loading=\"lazy\">\r\n\t\t\t\t\t\t\t\t\t\t\t\t\t\t\t<\/a>\r\n\t\t\t\t\t\t<\/div>\r\n\r\n\t\t\t\t\t\t\r\n\t\t\t\t\t\t\t\t\t\t\t\t\t\t\t\t\t\r\n\t\t\t\t\t\t\r\n\t\t\t\t\t\t<div class=\"sev-diaporama-portfolio-item   btnseeall btnseeall-xl col-12 col-md  col-shrink\">\r\n\t\t\t\t\t\t\t<a href=\"https:\/\/mirabel-baiedecayola.com\/wp-content\/uploads\/2022\/04\/jeu-plage-enfant-sable-1.jpg\" data-lightbox=\"sevgallery-1640143074\" style=\"background-image: url(https:\/\/mirabel-baiedecayola.com\/wp-content\/uploads\/2022\/04\/jeu-plage-enfant-sable-1.jpg)\">\r\n\t\t\t\t\t\t\t\t<img decoding=\"async\" src=\"https:\/\/mirabel-baiedecayola.com\/wp-content\/uploads\/2022\/04\/jeu-plage-enfant-sable-1.jpg\" alt=\"Familienurlaub\" loading=\"lazy\">\r\n\t\t\t\t\t\t\t\t\t\t\t\t\t\t\t<\/a>\r\n\t\t\t\t\t\t<\/div>\r\n\r\n\t\t\t\t\t\t\t\t\t\t\t\t\t<div class=\"w-100\"><\/div>\r\n\t\t\t\t\t\t\t\t\t\t\t\t\t\r\n\t\t\t\t\t\t\t\t\t\t\t\t\t\t\t\t\t\r\n\t\t\t\t\t\t\r\n\t\t\t\t\t\t<div class=\"sev-diaporama-portfolio-item   btnseeall btnseeall-xl col-12 col-md  col-grow\">\r\n\t\t\t\t\t\t\t<a href=\"https:\/\/mirabel-baiedecayola.com\/wp-content\/uploads\/2022\/04\/jeux-eau-toboggan-enfantjpg-1.jpg\" data-lightbox=\"sevgallery-1640143074\" style=\"background-image: url(https:\/\/mirabel-baiedecayola.com\/wp-content\/uploads\/2022\/04\/jeux-eau-toboggan-enfantjpg-1.jpg)\">\r\n\t\t\t\t\t\t\t\t<img decoding=\"async\" src=\"https:\/\/mirabel-baiedecayola.com\/wp-content\/uploads\/2022\/04\/jeux-eau-toboggan-enfantjpg-1.jpg\" alt=\"Familienurlaub mit Kindern\" loading=\"lazy\">\r\n\t\t\t\t\t\t\t\t\t\t\t\t\t\t\t<\/a>\r\n\t\t\t\t\t\t<\/div>\r\n\r\n\t\t\t\t\t\t\r\n\t\t\t\t\t\t\t\t\t\t\t\t\t\t\t\t\t\r\n\t\t\t\t\t\t\r\n\t\t\t\t\t\t<div class=\"sev-diaporama-portfolio-item   btnseeall btnseeall-xl col-12 col-md\">\r\n\t\t\t\t\t\t\t<a href=\"https:\/\/mirabel-baiedecayola.com\/wp-content\/uploads\/2022\/04\/journee-plage-jeu-2.jpg\" data-lightbox=\"sevgallery-1640143074\" style=\"background-image: url(https:\/\/mirabel-baiedecayola.com\/wp-content\/uploads\/2022\/04\/journee-plage-jeu-2.jpg)\">\r\n\t\t\t\t\t\t\t\t<img decoding=\"async\" src=\"https:\/\/mirabel-baiedecayola.com\/wp-content\/uploads\/2022\/04\/journee-plage-jeu-2.jpg\" alt=\"ferien kinder\" loading=\"lazy\">\r\n\t\t\t\t\t\t\t\t\t\t\t\t\t\t\t<\/a>\r\n\t\t\t\t\t\t<\/div>\r\n\r\n\t\t\t\t\t\t\r\n\t\t\t\t\t\t\t\t\t\t\t\t\t\t\t\t\t\r\n\t\t\t\t\t\t\r\n\t\t\t\t\t\t<div class=\"sev-diaporama-portfolio-item  limitsm btnseeall btnseeall-xl col-12 col-md  col-grow last-visible\">\r\n\t\t\t\t\t\t\t<a href=\"https:\/\/mirabel-baiedecayola.com\/de\/camping-vendee-photos\/\"  style=\"background-image: url(https:\/\/mirabel-baiedecayola.com\/wp-content\/uploads\/2022\/04\/visite_chateau_tiffauges-enfant-1-1024x683.jpg)\">\r\n\t\t\t\t\t\t\t\t<img decoding=\"async\" src=\"https:\/\/mirabel-baiedecayola.com\/wp-content\/uploads\/2022\/04\/visite_chateau_tiffauges-enfant-1-1024x683.jpg\" alt=\"Besuch des Schlosses Tiffauges\" loading=\"lazy\">\r\n\t\t\t\t\t\t\t\t\t\t\t\t\t\t\t\t\t<img decoding=\"async\" src=\"https:\/\/mirabel-baiedecayola.com\/wp-content\/themes\/mirabel-site\/assets\/img\/voir-photos.png\" alt=\"\" \/>\r\n\t\t\t\t\t\t\t\t\t<span>Alle Fotos anzeigen<\/span>\r\n\t\t\t\t\t\t\t\t\t\t\t\t\t\t\t<\/a>\r\n\t\t\t\t\t\t<\/div>\r\n\r\n\t\t\t\t\t\t\t\t\t\t\t\t\t<div class=\"w-100\"><\/div>\r\n\t\t\t\t\t\t\t\t\t\t\t\t\t\r\n\t\t\t\t\t\t\t\t\t\t\t\t\t\t\t\t\t\t\t\t\t<\/div>\r\n\t\t\t<\/div>\r\n\r\n\t\t\t<script>\r\n\t\t\tjQuery(function($) {\r\n\r\n\t\t\t\tvar marginPortfolio = function() {\r\n\r\n\t\t\t\t\tvar $diapo          = $('#sevgallery-1640143074');\r\n\t\t\t\t\tvar container_width = $diapo.parent().outerWidth();\r\n\t\t\t\t\tvar side            = ( $(window).innerWidth() - container_width ) \/ 2;\r\n\r\n\t\t\t\t\t$diapo.css( {\r\n\t\t\t\t\t\t'margin-left': '-' + side + 'px',\r\n\t\t\t\t\t\t'margin-right': '-' + side + 'px',\r\n\t\t\t\t\t} );\r\n\t\t\t\t};\r\n\r\n\t\t\t\t$( window ).resize( function() {\r\n\t\t\t\t\tmarginPortfolio();\r\n\t\t\t\t} );\r\n\t\t\t\tmarginPortfolio();\r\n\t\t\t});\r\n\t\t\t<\/script>","protected":false},"excerpt":{"rendered":"<p>Vos vacances avec les enfants Une multitude de sorties et d\u2019activit\u00e9s de loisirs attendent vos enfants et petits-enfants \u00e0 proximit\u00e9 [&hellip;]<\/p>\n","protected":false},"author":3,"featured_media":0,"parent":272,"menu_order":0,"comment_status":"closed","ping_status":"closed","template":"","meta":{"_seopress_robots_primary_cat":"","_seopress_titles_title":"La d\u00e9couverte de la Vend\u00e9e avec vos enfants","_seopress_titles_desc":"En s\u00e9journant au camping La Baie de Cayola *** aux Sables d'Olonne vous pourrez profiter d'une multitude d'activit\u00e9s pour petits et grands","_seopress_robots_index":"","footnotes":""},"class_list":["post-889","page","type-page","status-publish","hentry"],"_links":{"self":[{"href":"https:\/\/mirabel-baiedecayola.com\/de\/wp-json\/wp\/v2\/pages\/889","targetHints":{"allow":["GET"]}}],"collection":[{"href":"https:\/\/mirabel-baiedecayola.com\/de\/wp-json\/wp\/v2\/pages"}],"about":[{"href":"https:\/\/mirabel-baiedecayola.com\/de\/wp-json\/wp\/v2\/types\/page"}],"author":[{"embeddable":true,"href":"https:\/\/mirabel-baiedecayola.com\/de\/wp-json\/wp\/v2\/users\/3"}],"replies":[{"embeddable":true,"href":"https:\/\/mirabel-baiedecayola.com\/de\/wp-json\/wp\/v2\/comments?post=889"}],"version-history":[{"count":33,"href":"https:\/\/mirabel-baiedecayola.com\/de\/wp-json\/wp\/v2\/pages\/889\/revisions"}],"predecessor-version":[{"id":16062,"href":"https:\/\/mirabel-baiedecayola.com\/de\/wp-json\/wp\/v2\/pages\/889\/revisions\/16062"}],"up":[{"embeddable":true,"href":"https:\/\/mirabel-baiedecayola.com\/de\/wp-json\/wp\/v2\/pages\/272"}],"wp:attachment":[{"href":"https:\/\/mirabel-baiedecayola.com\/de\/wp-json\/wp\/v2\/media?parent=889"}],"curies":[{"name":"wp","href":"https:\/\/api.w.org\/{rel}","templated":true}]}}