{"id":91,"date":"2021-12-10T14:33:25","date_gmt":"2021-12-10T13:33:25","guid":{"rendered":"https:\/\/www.campinglarenaudiere.com\/?page_id=91"},"modified":"2024-07-02T10:04:05","modified_gmt":"2024-07-02T08:04:05","slug":"sitemap","status":"publish","type":"page","link":"https:\/\/mirabel-baiedecayola.com\/de\/plan-du-site\/","title":{"rendered":"Sitemap"},"content":{"rendered":"<h1 class=\"wp-block-heading\">Sitemap<\/h1>\n\n\n\n<h2>Seiten<\/h2>\t\t<article class=\"sevsitemap-entry\">\r\n\t\t\t\t\t\r\n\t\t\t<div class=\"title\">\r\n\t\t\t\t<a href=\"https:\/\/mirabel-baiedecayola.com\/de\/camping-vendee\/\">\r\n\t\t\t\t\tZugang\t\t\t\t<\/a>\r\n\t\t\t<\/div>\r\n\r\n\t\t<\/article>\r\n\t\t\t\t<article class=\"sevsitemap-entry\">\r\n\t\t\t\t\t\r\n\t\t\t<div class=\"title\">\r\n\t\t\t\t<a href=\"https:\/\/mirabel-baiedecayola.com\/de\/\">\r\n\t\t\t\t\tStartseite\t\t\t\t<\/a>\r\n\t\t\t<\/div>\r\n\r\n\t\t<\/article>\r\n\t\t\t\t<article class=\"sevsitemap-entry\">\r\n\t\t\t\t\t\r\n\t\t\t<div class=\"title\">\r\n\t\t\t\t<a href=\"https:\/\/mirabel-baiedecayola.com\/de\/bons-plans-camping-vendee\/\">\r\n\t\t\t\t\tNachrichten\t\t\t\t<\/a>\r\n\t\t\t<\/div>\r\n\r\n\t\t<\/article>\r\n\t\t\t\t<article class=\"sevsitemap-entry\">\r\n\t\t\t\t\t\r\n\t\t\t<div class=\"title\">\r\n\t\t\t\t<a href=\"https:\/\/mirabel-baiedecayola.com\/de\/animations-juillet-aout\/\">\r\n\t\t\t\t\tAnimationen\t\t\t\t<\/a>\r\n\t\t\t<\/div>\r\n\r\n\t\t<\/article>\r\n\t\t\t\t<article class=\"sevsitemap-entry\">\r\n\t\t\t\t\t\r\n\t\t\t<div class=\"title\">\r\n\t\t\t\t<a href=\"https:\/\/mirabel-baiedecayola.com\/de\/camping-cayola-avis-clients\/\">\r\n\t\t\t\t\tMeinungen\t\t\t\t<\/a>\r\n\t\t\t<\/div>\r\n\r\n\t\t<\/article>\r\n\t\t\t\t<article class=\"sevsitemap-entry\">\r\n\t\t\t\t\t\r\n\t\t\t<div class=\"title\">\r\n\t\t\t\t<a href=\"https:\/\/mirabel-baiedecayola.com\/de\/camping-vendee-contact\/\">\r\n\t\t\t\t\tKontakt\t\t\t\t<\/a>\r\n\t\t\t<\/div>\r\n\r\n\t\t<\/article>\r\n\t\t\t\t<article class=\"sevsitemap-entry\">\r\n\t\t\t\t\t\r\n\t\t\t<div class=\"title\">\r\n\t\t\t\t<a href=\"https:\/\/mirabel-baiedecayola.com\/de\/declaration-de-confidentialite-ue\/\">\r\n\t\t\t\t\tDatenschutzerkl\u00e4rung (EU)\t\t\t\t<\/a>\r\n\t\t\t<\/div>\r\n\r\n\t\t<\/article>\r\n\t\t\t\t<article class=\"sevsitemap-entry\">\r\n\t\t\t\t\t\r\n\t\t\t<div class=\"title\">\r\n\t\t\t\t<a href=\"https:\/\/mirabel-baiedecayola.com\/de\/camping-vendee-2\/\">\r\n\t\t\t\t\tN\u00fctzliche Dokumente\t\t\t\t<\/a>\r\n\t\t\t<\/div>\r\n\r\n\t\t<\/article>\r\n\t\t\t\t<article class=\"sevsitemap-entry\">\r\n\t\t\t\t\t\r\n\t\t\t<div class=\"title\">\r\n\t\t\t\t<a href=\"https:\/\/mirabel-baiedecayola.com\/de\/editorial\/\">\r\n\t\t\t\t\tEditorial\t\t\t\t<\/a>\r\n\t\t\t<\/div>\r\n\r\n\t\t<\/article>\r\n\t\t\t\t<article class=\"sevsitemap-entry\">\r\n\t\t\t\t\t\r\n\t\t\t<div class=\"title\">\r\n\t\t\t\t<a href=\"https:\/\/mirabel-baiedecayola.com\/de\/camping-vendee-piscine-couverte-chauffee\/\">\r\n\t\t\t\t\tWasserraum\t\t\t\t<\/a>\r\n\t\t\t<\/div>\r\n\r\n\t\t<\/article>\r\n\t\t\t\t<article class=\"sevsitemap-entry\">\r\n\t\t\t\t\t\r\n\t\t\t<div class=\"title\">\r\n\t\t\t\t<a href=\"https:\/\/mirabel-baiedecayola.com\/de\/foire-aux-questions\/\">\r\n\t\t\t\t\tFAQ\t\t\t\t<\/a>\r\n\t\t\t<\/div>\r\n\r\n\t\t<\/article>\r\n\t\t\t\t<article class=\"sevsitemap-entry\">\r\n\t\t\t\t\t\r\n\t\t\t<div class=\"title\">\r\n\t\t\t\t<a href=\"https:\/\/mirabel-baiedecayola.com\/de\/camping-vendee-photos\/\">\r\n\t\t\t\t\tFotogalerie\t\t\t\t<\/a>\r\n\t\t\t<\/div>\r\n\r\n\t\t<\/article>\r\n\t\t\t\t<article class=\"sevsitemap-entry\">\r\n\t\t\t\t\t\r\n\t\t\t<div class=\"title\">\r\n\t\t\t\t<a href=\"https:\/\/mirabel-baiedecayola.com\/de\/gestion-des-cookies\/\">\r\n\t\t\t\t\tVerwaltung von Cookies\t\t\t\t<\/a>\r\n\t\t\t<\/div>\r\n\r\n\t\t<\/article>\r\n\t\t\t\t<article class=\"sevsitemap-entry\">\r\n\t\t\t\t\t\r\n\t\t\t<div class=\"title\">\r\n\t\t\t\t<a href=\"https:\/\/mirabel-baiedecayola.com\/de\/la-toussaint-en-camping-aux-sables-dolonne\/\">\r\n\t\t\t\t\tAllerheiligen auf dem Campingplatz in Les Sables d'Olonne\t\t\t\t<\/a>\r\n\t\t\t<\/div>\r\n\r\n\t\t<\/article>\r\n\t\t\t\t<article class=\"sevsitemap-entry\">\r\n\t\t\t\t\t\r\n\t\t\t<div class=\"title\">\r\n\t\t\t\t<a href=\"https:\/\/mirabel-baiedecayola.com\/de\/camping-la-tranche-sur-mer\/\">\r\n\t\t\t\t\tLa Tranche sur Mer\t\t\t\t<\/a>\r\n\t\t\t<\/div>\r\n\r\n\t\t<\/article>\r\n\t\t\t\t<article class=\"sevsitemap-entry\">\r\n\t\t\t\t\t\r\n\t\t\t<div class=\"title\">\r\n\t\t\t\t<a href=\"https:\/\/mirabel-baiedecayola.com\/de\/le-vendee-coeur\/\">\r\n\t\t\t\t\tDas Vend\u00e9e-Herz\t\t\t\t<\/a>\r\n\t\t\t<\/div>\r\n\r\n\t\t<\/article>\r\n\t\t\t\t<article class=\"sevsitemap-entry\">\r\n\t\t\t\t\t\r\n\t\t\t<div class=\"title\">\r\n\t\t\t\t<a href=\"https:\/\/mirabel-baiedecayola.com\/de\/hebergement-vendee-globe\/\">\r\n\t\t\t\t\tDie Vend\u00e9e Globe\t\t\t\t<\/a>\r\n\t\t\t<\/div>\r\n\r\n\t\t<\/article>\r\n\t\t\t\t<article class=\"sevsitemap-entry\">\r\n\t\t\t\t\t\r\n\t\t\t<div class=\"title\">\r\n\t\t\t\t<a href=\"https:\/\/mirabel-baiedecayola.com\/de\/camping-vendee-bonnes-adresses\/\">\r\n\t\t\t\t\tAktivit\u00e4ten\t\t\t\t<\/a>\r\n\t\t\t<\/div>\r\n\r\n\t\t<\/article>\r\n\t\t\t\t<article class=\"sevsitemap-entry\">\r\n\t\t\t\t\t\r\n\t\t\t<div class=\"title\">\r\n\t\t\t\t<a href=\"https:\/\/mirabel-baiedecayola.com\/de\/les-experiences\/\">\r\n\t\t\t\t\tErfahrungen\t\t\t\t<\/a>\r\n\t\t\t<\/div>\r\n\r\n\t\t<\/article>\r\n\t\t\t\t<article class=\"sevsitemap-entry\">\r\n\t\t\t\t\t\r\n\t\t\t<div class=\"title\">\r\n\t\t\t\t<a href=\"https:\/\/mirabel-baiedecayola.com\/de\/les-experiences\/loisirs-avec-enfants\/\">\r\n\t\t\t\t\tErfahrung Mit Kindern\t\t\t\t<\/a>\r\n\t\t\t<\/div>\r\n\r\n\t\t<\/article>\r\n\t\t\t\t<article class=\"sevsitemap-entry\">\r\n\t\t\t\t\t\r\n\t\t\t<div class=\"title\">\r\n\t\t\t\t<a href=\"https:\/\/mirabel-baiedecayola.com\/de\/les-experiences\/culture-et-patrimoine\/\">\r\n\t\t\t\t\tErfahrung in Kultur und Kulturerbe\t\t\t\t<\/a>\r\n\t\t\t<\/div>\r\n\r\n\t\t<\/article>\r\n\t\t\t\t<article class=\"sevsitemap-entry\">\r\n\t\t\t\t\t\r\n\t\t\t<div class=\"title\">\r\n\t\t\t\t<a href=\"https:\/\/mirabel-baiedecayola.com\/de\/les-experiences\/gastronomie-locale\/\">\r\n\t\t\t\t\tErfahrung Lokale Gastronomie\t\t\t\t<\/a>\r\n\t\t\t<\/div>\r\n\r\n\t\t<\/article>\r\n\t\t\t\t<article class=\"sevsitemap-entry\">\r\n\t\t\t\t\t\r\n\t\t\t<div class=\"title\">\r\n\t\t\t\t<a href=\"https:\/\/mirabel-baiedecayola.com\/de\/camping-les-sables-dolonne\/\">\r\n\t\t\t\t\tLes Sables d'Olonne\t\t\t\t<\/a>\r\n\t\t\t<\/div>\r\n\r\n\t\t<\/article>\r\n\t\t\t\t<article class=\"sevsitemap-entry\">\r\n\t\t\t\t\t\r\n\t\t\t<div class=\"title\">\r\n\t\t\t\t<a href=\"https:\/\/mirabel-baiedecayola.com\/de\/location-appartement-les-sables-d-olonne\/\">\r\n\t\t\t\t\tVermietung von Wohnungen\t\t\t\t<\/a>\r\n\t\t\t<\/div>\r\n\r\n\t\t<\/article>\r\n\t\t\t\t<article class=\"sevsitemap-entry\">\r\n\t\t\t\t\t\r\n\t\t\t<div class=\"title\">\r\n\t\t\t\t<a href=\"https:\/\/mirabel-baiedecayola.com\/de\/mentions-legales\/\">\r\n\t\t\t\t\tImpressum\t\t\t\t<\/a>\r\n\t\t\t<\/div>\r\n\r\n\t\t<\/article>\r\n\t\t\t\t<article class=\"sevsitemap-entry\">\r\n\t\t\t\t\t\r\n\t\t\t<div class=\"title\">\r\n\t\t\t\t<a href=\"https:\/\/mirabel-baiedecayola.com\/de\/campings-france\/\">\r\n\t\t\t\t\tUnsere Campingpl\u00e4tze\t\t\t\t<\/a>\r\n\t\t\t<\/div>\r\n\r\n\t\t<\/article>\r\n\t\t\t\t<article class=\"sevsitemap-entry\">\r\n\t\t\t\t\t\r\n\t\t\t<div class=\"title\">\r\n\t\t\t\t<a href=\"https:\/\/mirabel-baiedecayola.com\/de\/nos-hebergements\/\">\r\n\t\t\t\t\tUnsere Unterk\u00fcnfte\t\t\t\t<\/a>\r\n\t\t\t<\/div>\r\n\r\n\t\t<\/article>\r\n\t\t\t\t<article class=\"sevsitemap-entry\">\r\n\t\t\t\t\t\r\n\t\t\t<div class=\"title\">\r\n\t\t\t\t<a href=\"https:\/\/mirabel-baiedecayola.com\/de\/paiement-en-ligne-securise\/\">\r\n\t\t\t\t\tOnline-Bezahlung\t\t\t\t<\/a>\r\n\t\t\t<\/div>\r\n\r\n\t\t<\/article>\r\n\t\t\t\t<article class=\"sevsitemap-entry\">\r\n\t\t\t\t\t\r\n\t\t\t<div class=\"title\">\r\n\t\t\t\t<a href=\"https:\/\/mirabel-baiedecayola.com\/de\/plan-du-camping\/\">\r\n\t\t\t\t\tPlan des Campingplatzes\t\t\t\t<\/a>\r\n\t\t\t<\/div>\r\n\r\n\t\t<\/article>\r\n\t\t\t\t<article class=\"sevsitemap-entry\">\r\n\t\t\t\t\t\r\n\t\t\t<div class=\"title\">\r\n\t\t\t\t<a href=\"https:\/\/mirabel-baiedecayola.com\/de\/plan-du-site\/\">\r\n\t\t\t\t\tSitemap\t\t\t\t<\/a>\r\n\t\t\t<\/div>\r\n\r\n\t\t<\/article>\r\n\t\t\t\t<article class=\"sevsitemap-entry\">\r\n\t\t\t\t\t\r\n\t\t\t<div class=\"title\">\r\n\t\t\t\t<a href=\"https:\/\/mirabel-baiedecayola.com\/de\/politique-de-cookies-ue\/\">\r\n\t\t\t\t\tCookie-Richtlinie (EU)\t\t\t\t<\/a>\r\n\t\t\t<\/div>\r\n\r\n\t\t<\/article>\r\n\t\t\t\t<article class=\"sevsitemap-entry\">\r\n\t\t\t\t\t\r\n\t\t\t<div class=\"title\">\r\n\t\t\t\t<a href=\"https:\/\/mirabel-baiedecayola.com\/de\/camping-vendee-services-4-etoiles\/\">\r\n\t\t\t\t\tDienste\t\t\t\t<\/a>\r\n\t\t\t<\/div>\r\n\r\n\t\t<\/article>\r\n\t\t\t\t<article class=\"sevsitemap-entry\">\r\n\t\t\t\t\t\r\n\t\t\t<div class=\"title\">\r\n\t\t\t\t<a href=\"https:\/\/mirabel-baiedecayola.com\/de\/camping-vendee-activites\/\">\r\n\t\t\t\t\tSport und Freizeit\t\t\t\t<\/a>\r\n\t\t\t<\/div>\r\n\r\n\t\t<\/article>\r\n\t\t\t\t<article class=\"sevsitemap-entry\">\r\n\t\t\t\t\t\r\n\t\t\t<div class=\"title\">\r\n\t\t\t\t<a href=\"https:\/\/mirabel-baiedecayola.com\/de\/camping-talmont-saint-hilaire\/\">\r\n\t\t\t\t\tTalmont Saint Hilaire\t\t\t\t<\/a>\r\n\t\t\t<\/div>\r\n\r\n\t\t<\/article>\r\n\t\t\t\t<article class=\"sevsitemap-entry\">\r\n\t\t\t\t\t\r\n\t\t\t<div class=\"title\">\r\n\t\t\t\t<a href=\"https:\/\/mirabel-baiedecayola.com\/de\/camping-vendee-tourisme\/\">\r\n\t\t\t\t\tVend\u00e9e Tourismus\t\t\t\t<\/a>\r\n\t\t\t<\/div>\r\n\r\n\t\t<\/article>\r\n\t\t\t\t<article class=\"sevsitemap-entry\">\r\n\t\t\t\t\t\r\n\t\t\t<div class=\"title\">\r\n\t\t\t\t<a href=\"https:\/\/mirabel-baiedecayola.com\/de\/proprietaire-mobil-home-vendee\/\">\r\n\t\t\t\t\tVerkauf von neuen und gebrauchten Mobilheimen\t\t\t\t<\/a>\r\n\t\t\t<\/div>\r\n\r\n\t\t<\/article>\r\n\t\t\t\t<article class=\"sevsitemap-entry\">\r\n\t\t\t\t\t\r\n\t\t\t<div class=\"title\">\r\n\t\t\t\t<a href=\"https:\/\/mirabel-baiedecayola.com\/de\/videos-du-camping\/\">\r\n\t\t\t\t\tVideos\t\t\t\t<\/a>\r\n\t\t\t<\/div>\r\n\r\n\t\t<\/article>\r\n\t\t\t\t<article class=\"sevsitemap-entry\">\r\n\t\t\t\t\t\r\n\t\t\t<div class=\"title\">\r\n\t\t\t\t<a href=\"https:\/\/mirabel-baiedecayola.com\/de\/residence-secondaire-vendee\/\">\r\n\t\t\t\t\tIhr Zweitwohnsitz\t\t\t\t<\/a>\r\n\t\t\t<\/div>\r\n\r\n\t\t<\/article>\r\n\t\t<h2>Nachrichten<\/h2>\t\t<article class=\"sevsitemap-entry\">\r\n\t\t\t\t\t\r\n\t\t\t<div class=\"title\">\r\n\t\t\t\t<time>03\/04\/2026<\/time> - \r\n\t\t\t\t<a href=\"https:\/\/mirabel-baiedecayola.com\/de\/la-piscine-est-ouverte-pour-paques-a-la-baie-de-cayola\/\">\r\n\t\t\t\t\tDas Schwimmbad ist zu Ostern in der Cayola Bay ge\u00f6ffnet!\t\t\t\t<\/a>\r\n\t\t\t<\/div>\r\n\r\n\t\t<\/article>\r\n\t\t\t\t<article class=\"sevsitemap-entry\">\r\n\t\t\t\t\t\r\n\t\t\t<div class=\"title\">\r\n\t\t\t\t<time>25\/03\/2026<\/time> - \r\n\t\t\t\t<a href=\"https:\/\/mirabel-baiedecayola.com\/de\/programme-des-vacances-de-paques\/\">\r\n\t\t\t\t\tOsterferienprogramme in Les Sables d'Olonne\t\t\t\t<\/a>\r\n\t\t\t<\/div>\r\n\r\n\t\t<\/article>\r\n\t\t\t\t<article class=\"sevsitemap-entry\">\r\n\t\t\t\t\t\r\n\t\t\t<div class=\"title\">\r\n\t\t\t\t<time>13\/01\/2026<\/time> - \r\n\t\t\t\t<a href=\"https:\/\/mirabel-baiedecayola.com\/de\/on-recrute-a-la-baie-de-cayola\/\">\r\n\t\t\t\t\tSaisonjobs 2026 auf dem Campingplatz in Les Sables d'Olonne\t\t\t\t<\/a>\r\n\t\t\t<\/div>\r\n\r\n\t\t<\/article>\r\n\t\t\t\t<article class=\"sevsitemap-entry\">\r\n\t\t\t\t\t\r\n\t\t\t<div class=\"title\">\r\n\t\t\t\t<time>28\/11\/2025<\/time> - \r\n\t\t\t\t<a href=\"https:\/\/mirabel-baiedecayola.com\/de\/reservations-ouvertes-pour-2026-vos-vacances-aux-sables-dolonne\/\">\r\n\t\t\t\t\tBuchungen f\u00fcr 2026 ge\u00f6ffnet - Ihr Urlaub in Les Sables d'Olonne\t\t\t\t<\/a>\r\n\t\t\t<\/div>\r\n\r\n\t\t<\/article>\r\n\t\t\t\t<article class=\"sevsitemap-entry\">\r\n\t\t\t\t\t\r\n\t\t\t<div class=\"title\">\r\n\t\t\t\t<time>30\/09\/2025<\/time> - \r\n\t\t\t\t<a href=\"https:\/\/mirabel-baiedecayola.com\/de\/vacances-de-la-toussaint-aux-sables-dolonne\/\">\r\n\t\t\t\t\tAllerheiligenferien in Les Sables d'Olonne\t\t\t\t<\/a>\r\n\t\t\t<\/div>\r\n\r\n\t\t<\/article>\r\n\t\t\t\t<article class=\"sevsitemap-entry\">\r\n\t\t\t\t\t\r\n\t\t\t<div class=\"title\">\r\n\t\t\t\t<time>28\/08\/2025<\/time> - \r\n\t\t\t\t<a href=\"https:\/\/mirabel-baiedecayola.com\/de\/vacances-de-septembre-en-vendee\/\">\r\n\t\t\t\t\tSeptemberferien in der Vend\u00e9e\t\t\t\t<\/a>\r\n\t\t\t<\/div>\r\n\r\n\t\t<\/article>\r\n\t\t\t\t<article class=\"sevsitemap-entry\">\r\n\t\t\t\t\t\r\n\t\t\t<div class=\"title\">\r\n\t\t\t\t<time>27\/06\/2025<\/time> - \r\n\t\t\t\t<a href=\"https:\/\/mirabel-baiedecayola.com\/de\/les-animations-reprennent\/\">\r\n\t\t\t\t\tDie Animationen beginnen wieder auf dem Campingplatz f\u00fcr den ganzen Sommer\t\t\t\t<\/a>\r\n\t\t\t<\/div>\r\n\r\n\t\t<\/article>\r\n\t\t\t\t<article class=\"sevsitemap-entry\">\r\n\t\t\t\t\t\r\n\t\t\t<div class=\"title\">\r\n\t\t\t\t<time>29\/04\/2025<\/time> - \r\n\t\t\t\t<a href=\"https:\/\/mirabel-baiedecayola.com\/de\/nouveau-la-borne-de-recharge-electrique\/\">\r\n\t\t\t\t\tNEU: Die elektrische Ladestation\t\t\t\t<\/a>\r\n\t\t\t<\/div>\r\n\r\n\t\t<\/article>\r\n\t\t\t\t<article class=\"sevsitemap-entry\">\r\n\t\t\t\t\t\r\n\t\t\t<div class=\"title\">\r\n\t\t\t\t<time>21\/05\/2024<\/time> - \r\n\t\t\t\t<a href=\"https:\/\/mirabel-baiedecayola.com\/de\/cadeau-special-pour-les-mamans\/\">\r\n\t\t\t\t\tBesonderes Geschenk f\u00fcr V\u00e4ter und M\u00fctter\t\t\t\t<\/a>\r\n\t\t\t<\/div>\r\n\r\n\t\t<\/article>\r\n\t\t\t\t<article class=\"sevsitemap-entry\">\r\n\t\t\t\t\t\r\n\t\t\t<div class=\"title\">\r\n\t\t\t\t<time>17\/08\/2023<\/time> - \r\n\t\t\t\t<a href=\"https:\/\/mirabel-baiedecayola.com\/de\/votez-pour-votre-clip-de-lete-prefere\/\">\r\n\t\t\t\t\tIntercamping-Herausforderung: Der Clip f\u00fcr den Sommer 2023!\t\t\t\t<\/a>\r\n\t\t\t<\/div>\r\n\r\n\t\t<\/article>\r\n\t\t\t\t<article class=\"sevsitemap-entry\">\r\n\t\t\t\t\t\r\n\t\t\t<div class=\"title\">\r\n\t\t\t\t<time>09\/08\/2023<\/time> - \r\n\t\t\t\t<a href=\"https:\/\/mirabel-baiedecayola.com\/de\/les-animations-jusquau-31-aout-au-camping-mirabel-la-baie-de-cayola\/\">\r\n\t\t\t\t\tAnimationen bis zum 31. August auf dem Campingplatz Mirabel La Baie de Cayola\t\t\t\t<\/a>\r\n\t\t\t<\/div>\r\n\r\n\t\t<\/article>\r\n\t\t\t\t<article class=\"sevsitemap-entry\">\r\n\t\t\t\t\t\r\n\t\t\t<div class=\"title\">\r\n\t\t\t\t<time>16\/03\/2023<\/time> - \r\n\t\t\t\t<a href=\"https:\/\/mirabel-baiedecayola.com\/de\/profitez-des-ponts-du-mois-de-mai\/\">\r\n\t\t\t\t\tIm Mai: Genie\u00dfen Sie 3 N\u00e4chte ab 188\u20ac.\t\t\t\t<\/a>\r\n\t\t\t<\/div>\r\n\r\n\t\t<\/article>\r\n\t\t\t\t<article class=\"sevsitemap-entry\">\r\n\t\t\t\t\t\r\n\t\t\t<div class=\"title\">\r\n\t\t\t\t<time>08\/03\/2023<\/time> - \r\n\t\t\t\t<a href=\"https:\/\/mirabel-baiedecayola.com\/de\/j-7-avant-la-reouverture\/\">\r\n\t\t\t\t\tJ-7 vor der Wiederer\u00f6ffnung f\u00fcr unsere Bewohnerinnen und Bewohner\t\t\t\t<\/a>\r\n\t\t\t<\/div>\r\n\r\n\t\t<\/article>\r\n\t\t\t\t<article class=\"sevsitemap-entry\">\r\n\t\t\t\t\t\r\n\t\t\t<div class=\"title\">\r\n\t\t\t\t<time>17\/11\/2022<\/time> - \r\n\t\t\t\t<a href=\"https:\/\/mirabel-baiedecayola.com\/de\/a-lannee-prochaine\/\">\r\n\t\t\t\t\tBis zum n\u00e4chsten Jahr!\t\t\t\t<\/a>\r\n\t\t\t<\/div>\r\n\r\n\t\t<\/article>\r\n\t\t\t\t<article class=\"sevsitemap-entry\">\r\n\t\t\t\t\t\r\n\t\t\t<div class=\"title\">\r\n\t\t\t\t<time>08\/08\/2022<\/time> - \r\n\t\t\t\t<a href=\"https:\/\/mirabel-baiedecayola.com\/de\/defi-inter-camping\/\">\r\n\t\t\t\t\tIntercamping-Herausforderung\t\t\t\t<\/a>\r\n\t\t\t<\/div>\r\n\r\n\t\t<\/article>\r\n\t\t\t\t<article class=\"sevsitemap-entry\">\r\n\t\t\t\t\t\r\n\t\t\t<div class=\"title\">\r\n\t\t\t\t<time>15\/07\/2022<\/time> - \r\n\t\t\t\t<a href=\"https:\/\/mirabel-baiedecayola.com\/de\/grand-concours-de-deguisement-mirabel-2022\/\">\r\n\t\t\t\t\tGro\u00dfer Verkleidungswettbewerb Mirabel 2022\t\t\t\t<\/a>\r\n\t\t\t<\/div>\r\n\r\n\t\t<\/article>\r\n\t\t\t\t<article class=\"sevsitemap-entry\">\r\n\t\t\t\t\t\r\n\t\t\t<div class=\"title\">\r\n\t\t\t\t<time>05\/07\/2022<\/time> - \r\n\t\t\t\t<a href=\"https:\/\/mirabel-baiedecayola.com\/de\/poste-a-pourvoir-au-camping\/\">\r\n\t\t\t\t\tStelle auf dem Campingplatz zu besetzen!\t\t\t\t<\/a>\r\n\t\t\t<\/div>\r\n\r\n\t\t<\/article>\r\n\t\t\t\t<article class=\"sevsitemap-entry\">\r\n\t\t\t\t\t\r\n\t\t\t<div class=\"title\">\r\n\t\t\t\t<time>14\/03\/2022<\/time> - \r\n\t\t\t\t<a href=\"https:\/\/mirabel-baiedecayola.com\/de\/fin-du-port-du-masque-et-du-pass-vaccinal\/\">\r\n\t\t\t\t\tEnde des Maskentragens und des Impfpasses\t\t\t\t<\/a>\r\n\t\t\t<\/div>\r\n\r\n\t\t<\/article>\r\n\t\t\t\t<article class=\"sevsitemap-entry\">\r\n\t\t\t\t\t\r\n\t\t\t<div class=\"title\">\r\n\t\t\t\t<time>09\/03\/2022<\/time> - \r\n\t\t\t\t<a href=\"https:\/\/mirabel-baiedecayola.com\/de\/reouverture-du-camping\/\">\r\n\t\t\t\t\tWiederer\u00f6ffnung des Campingplatzes am 15. M\u00e4rz 2022\t\t\t\t<\/a>\r\n\t\t\t<\/div>\r\n\r\n\t\t<\/article>\r\n\t\t\t\t<article class=\"sevsitemap-entry\">\r\n\t\t\t\t\t\r\n\t\t\t<div class=\"title\">\r\n\t\t\t\t<time>01\/01\/2022<\/time> - \r\n\t\t\t\t<a href=\"https:\/\/mirabel-baiedecayola.com\/de\/bonne-annee\/\">\r\n\t\t\t\t\tGutes Neues Jahr\t\t\t\t<\/a>\r\n\t\t\t<\/div>\r\n\r\n\t\t<\/article>\r\n\t\t<h2>Unterk\u00fcnfte<\/h2>\t\t<article class=\"sevsitemap-entry\">\r\n\t\t\t\r\n\t\t\t<div class=\"title\">\r\n\t\t\t\t<a href=\"https:\/\/mirabel-baiedecayola.com\/de\/hebergement\/notre-mobil-home-3-chambres-2-salles-de-bain-aux-sables-dolonne\/\">\r\n\t\t\t\t\tMobilheim 3 Schlafzimmer, 2 B\u00e4der\t\t\t\t<\/a>\r\n\t\t\t<\/div>\r\n\r\n\t\t<\/article>\r\n\t\t\t\t<article class=\"sevsitemap-entry\">\r\n\t\t\t\r\n\t\t\t<div class=\"title\">\r\n\t\t\t\t<a href=\"https:\/\/mirabel-baiedecayola.com\/de\/hebergement\/appartement-4-pers\/\">\r\n\t\t\t\t\tWohnung 4 Pers.\t\t\t\t<\/a>\r\n\t\t\t<\/div>\r\n\r\n\t\t<\/article>\r\n\t\t\t\t<article class=\"sevsitemap-entry\">\r\n\t\t\t\r\n\t\t\t<div class=\"title\">\r\n\t\t\t\t<a href=\"https:\/\/mirabel-baiedecayola.com\/de\/hebergement\/appartement-duplex-4-pers\/\">\r\n\t\t\t\t\tDuplex-Wohnung 4 Pers.\t\t\t\t<\/a>\r\n\t\t\t<\/div>\r\n\r\n\t\t<\/article>\r\n\t\t\t\t<article class=\"sevsitemap-entry\">\r\n\t\t\t\r\n\t\t\t<div class=\"title\">\r\n\t\t\t\t<a href=\"https:\/\/mirabel-baiedecayola.com\/de\/hebergement\/appartement-duplex-6-pers-2\/\">\r\n\t\t\t\t\tDuplex-Wohnung 6 Pers.\t\t\t\t<\/a>\r\n\t\t\t<\/div>\r\n\r\n\t\t<\/article>\r\n\t\t\t\t<article class=\"sevsitemap-entry\">\r\n\t\t\t\r\n\t\t\t<div class=\"title\">\r\n\t\t\t\t<a href=\"https:\/\/mirabel-baiedecayola.com\/de\/hebergement\/appartement-duplex-6-pers\/\">\r\n\t\t\t\t\tDuplex-Wohnung 6 Pers. 2 B\u00e4der\t\t\t\t<\/a>\r\n\t\t\t<\/div>\r\n\r\n\t\t<\/article>\r\n\t\t\t\t<article class=\"sevsitemap-entry\">\r\n\t\t\t\r\n\t\t\t<div class=\"title\">\r\n\t\t\t\t<a href=\"https:\/\/mirabel-baiedecayola.com\/de\/hebergement\/mobil-home-cayola-pmr\/\">\r\n\t\t\t\t\tMobilheim 2 Zimmer Raum XXL\t\t\t\t<\/a>\r\n\t\t\t<\/div>\r\n\r\n\t\t<\/article>\r\n\t\t\t\t<article class=\"sevsitemap-entry\">\r\n\t\t\t\r\n\t\t\t<div class=\"title\">\r\n\t\t\t\t<a href=\"https:\/\/mirabel-baiedecayola.com\/de\/hebergement\/mobil-home-cayola-trio-plus\/\">\r\n\t\t\t\t\tMobilheim 3 Zimmer\t\t\t\t<\/a>\r\n\t\t\t<\/div>\r\n\r\n\t\t<\/article>\r\n\t\t\t\t<article class=\"sevsitemap-entry\">\r\n\t\t\t\r\n\t\t\t<div class=\"title\">\r\n\t\t\t\t<a href=\"https:\/\/mirabel-baiedecayola.com\/de\/hebergement\/location-mobil-home-2-ch\/\">\r\n\t\t\t\t\tMobilheim 2 Zimmer\t\t\t\t<\/a>\r\n\t\t\t<\/div>\r\n\r\n\t\t<\/article>\r\n\t\t<h2>Aktuelle Eintr\u00e4ge<\/h2>\t\t<article class=\"sevsitemap-entry\">\r\n\t\t\t\r\n\t\t\t<div class=\"title\">\r\n\t\t\t\t<a href=\"https:\/\/mirabel-baiedecayola.com\/de\/editorial\/camping-avec-piscine-ouvert-au-printemps-en-vendee\/\">\r\n\t\t\t\t\tCampingplatz mit Schwimmbad im Fr\u00fchjahr in der Vend\u00e9e ge\u00f6ffnet\t\t\t\t<\/a>\r\n\t\t\t<\/div>\r\n\r\n\t\t<\/article>\r\n\t\t\t\t<article class=\"sevsitemap-entry\">\r\n\t\t\t\r\n\t\t\t<div class=\"title\">\r\n\t\t\t\t<a href=\"https:\/\/mirabel-baiedecayola.com\/de\/editorial\/weekend-a-2-aux-sables-dolonne\/\">\r\n\t\t\t\t\tWochenende zu zweit in Les Sables d'Olonne\t\t\t\t<\/a>\r\n\t\t\t<\/div>\r\n\r\n\t\t<\/article>\r\n\t\t\t\t<article class=\"sevsitemap-entry\">\r\n\t\t\t\r\n\t\t\t<div class=\"title\">\r\n\t\t\t\t<a href=\"https:\/\/mirabel-baiedecayola.com\/de\/editorial\/camping-location-velos-les-sables-dolonne\/\">\r\n\t\t\t\t\tCampingplatz Fahrradverleih Les Sables d'Olonne\t\t\t\t<\/a>\r\n\t\t\t<\/div>\r\n\r\n\t\t<\/article>\r\n\t\t\t\t<article class=\"sevsitemap-entry\">\r\n\t\t\t\r\n\t\t\t<div class=\"title\">\r\n\t\t\t\t<a href=\"https:\/\/mirabel-baiedecayola.com\/de\/editorial\/location-vacances-les-sables-dolonne\/\">\r\n\t\t\t\t\tFerienhauser Les Sables-d'Olonne\t\t\t\t<\/a>\r\n\t\t\t<\/div>\r\n\r\n\t\t<\/article>\r\n\t\t\t\t<article class=\"sevsitemap-entry\">\r\n\t\t\t\r\n\t\t\t<div class=\"title\">\r\n\t\t\t\t<a href=\"https:\/\/mirabel-baiedecayola.com\/de\/editorial\/location-appartements-les-sables-dolonne\/\">\r\n\t\t\t\t\tApartmentvermietung Les Sables d'Olonne\t\t\t\t<\/a>\r\n\t\t\t<\/div>\r\n\r\n\t\t<\/article>\r\n\t\t\t\t<article class=\"sevsitemap-entry\">\r\n\t\t\t\r\n\t\t\t<div class=\"title\">\r\n\t\t\t\t<a href=\"https:\/\/mirabel-baiedecayola.com\/de\/editorial\/camping-et-surf-aux-sables-dolonne\/\">\r\n\t\t\t\t\tCamping und Surfen in Les Sables d'Olonne\t\t\t\t<\/a>\r\n\t\t\t<\/div>\r\n\r\n\t\t<\/article>\r\n\t\t\t\t<article class=\"sevsitemap-entry\">\r\n\t\t\t\r\n\t\t\t<div class=\"title\">\r\n\t\t\t\t<a href=\"https:\/\/mirabel-baiedecayola.com\/de\/editorial\/camping-avec-toboggan-et-proche-plage-les-sables-dolonne\/\">\r\n\t\t\t\t\tCampingplatz mit Rutsche und in Strandn\u00e4he in Les Sables d'Olonne\t\t\t\t<\/a>\r\n\t\t\t<\/div>\r\n\r\n\t\t<\/article>\r\n\t\t\t\t<article class=\"sevsitemap-entry\">\r\n\t\t\t\r\n\t\t\t<div class=\"title\">\r\n\t\t\t\t<a href=\"https:\/\/mirabel-baiedecayola.com\/de\/editorial\/meilleur-camping-les-sables-dolonne\/\">\r\n\t\t\t\t\tBester Campingplatz Les Sables d'Olonne\t\t\t\t<\/a>\r\n\t\t\t<\/div>\r\n\r\n\t\t<\/article>\r\n\t\t\t\t<article class=\"sevsitemap-entry\">\r\n\t\t\t\r\n\t\t\t<div class=\"title\">\r\n\t\t\t\t<a href=\"https:\/\/mirabel-baiedecayola.com\/de\/editorial\/week-end-camping-les-sables-dolonne\/\">\r\n\t\t\t\t\tWochenende Camping Les Sables d'Olonne\t\t\t\t<\/a>\r\n\t\t\t<\/div>\r\n\r\n\t\t<\/article>\r\n\t\t\t\t<article class=\"sevsitemap-entry\">\r\n\t\t\t\r\n\t\t\t<div class=\"title\">\r\n\t\t\t\t<a href=\"https:\/\/mirabel-baiedecayola.com\/de\/editorial\/camping-proche-pistes-cyclables-les-sables-dolonne\/\">\r\n\t\t\t\t\tCampingplatz in der N\u00e4he von Radwegen Les Sables d'Olonne\t\t\t\t<\/a>\r\n\t\t\t<\/div>\r\n\r\n\t\t<\/article>\r\n\t\t\t\t<article class=\"sevsitemap-entry\">\r\n\t\t\t\r\n\t\t\t<div class=\"title\">\r\n\t\t\t\t<a href=\"https:\/\/mirabel-baiedecayola.com\/de\/editorial\/camping-ideal-famille-les-sables-dolonne\/\">\r\n\t\t\t\t\tIdealer Campingplatz f\u00fcr Familien Les Sables d'Olonne\t\t\t\t<\/a>\r\n\t\t\t<\/div>\r\n\r\n\t\t<\/article>\r\n\t\t\t\t<article class=\"sevsitemap-entry\">\r\n\t\t\t\r\n\t\t\t<div class=\"title\">\r\n\t\t\t\t<a href=\"https:\/\/mirabel-baiedecayola.com\/de\/editorial\/location-vacances-vue-mer-les-sables-dolonne\/\">\r\n\t\t\t\t\tFerienhaus mit Meerblick Les Sables d'Olonne\t\t\t\t<\/a>\r\n\t\t\t<\/div>\r\n\r\n\t\t<\/article>\r\n\t\t\t\t<article class=\"sevsitemap-entry\">\r\n\t\t\t\r\n\t\t\t<div class=\"title\">\r\n\t\t\t\t<a href=\"https:\/\/mirabel-baiedecayola.com\/de\/editorial\/camping-4-etoiles-les-sables-dolonne\/\">\r\n\t\t\t\t\t4-Sterne-Campingplatz Les Sables d'Olonne\t\t\t\t<\/a>\r\n\t\t\t<\/div>\r\n\r\n\t\t<\/article>\r\n\t\t\t\t<article class=\"sevsitemap-entry\">\r\n\t\t\t\r\n\t\t\t<div class=\"title\">\r\n\t\t\t\t<a href=\"https:\/\/mirabel-baiedecayola.com\/de\/editorial\/camping-proche-plage-les-sables-dolonne\/\">\r\n\t\t\t\t\tStrandnaher Campingplatz auf Les Sables d'Olonne\t\t\t\t<\/a>\r\n\t\t\t<\/div>\r\n\r\n\t\t<\/article>\r\n\t\t\t\t<article class=\"sevsitemap-entry\">\r\n\t\t\t\r\n\t\t\t<div class=\"title\">\r\n\t\t\t\t<a href=\"https:\/\/mirabel-baiedecayola.com\/de\/editorial\/camping-avec-piscine-couverte-les-sables-dolonne\/\">\r\n\t\t\t\t\tCampingplatz mit Hallenbad Les Sables d'Olonne\t\t\t\t<\/a>\r\n\t\t\t<\/div>\r\n\r\n\t\t<\/article>\r\n\t\t\t\t<article class=\"sevsitemap-entry\">\r\n\t\t\t\r\n\t\t\t<div class=\"title\">\r\n\t\t\t\t<a href=\"https:\/\/mirabel-baiedecayola.com\/de\/editorial\/camping-avec-espace-aquatique-les-sables-dolonne\/\">\r\n\t\t\t\t\tCampingplatz mit Wasserpark Les Sables d'Olonne\t\t\t\t<\/a>\r\n\t\t\t<\/div>\r\n\r\n\t\t<\/article>\r\n\t\t\t\t<article class=\"sevsitemap-entry\">\r\n\t\t\t\r\n\t\t\t<div class=\"title\">\r\n\t\t\t\t<a href=\"https:\/\/mirabel-baiedecayola.com\/de\/editorial\/meilleur-camping-4-etoiles-les-sables-dolonne\/\">\r\n\t\t\t\t\tBester 4-Sterne-Campingplatz auf Les Sables d'Olonne\t\t\t\t<\/a>\r\n\t\t\t<\/div>\r\n\r\n\t\t<\/article>\r\n\t\t\t\t<article class=\"sevsitemap-entry\">\r\n\t\t\t\r\n\t\t\t<div class=\"title\">\r\n\t\t\t\t<a href=\"https:\/\/mirabel-baiedecayola.com\/de\/editorial\/camping-bord-de-mer-les-sables-dolonne\/\">\r\n\t\t\t\t\tCampingplatz am Meer Les Sables d'Olonne\t\t\t\t<\/a>\r\n\t\t\t<\/div>\r\n\r\n\t\t<\/article>\r\n\t\t\t\t<article class=\"sevsitemap-entry\">\r\n\t\t\t\r\n\t\t\t<div class=\"title\">\r\n\t\t\t\t<a href=\"https:\/\/mirabel-baiedecayola.com\/de\/editorial\/camping-familial-les-sables-dolonne\/\">\r\n\t\t\t\t\tFamiliencampingplatz Les Sables d'Olonne\t\t\t\t<\/a>\r\n\t\t\t<\/div>\r\n\r\n\t\t<\/article>\r\n\t\t\t\t<article class=\"sevsitemap-entry\">\r\n\t\t\t\r\n\t\t\t<div class=\"title\">\r\n\t\t\t\t<a href=\"https:\/\/mirabel-baiedecayola.com\/de\/editorial\/camping-les-sables-dolonne\/\">\r\n\t\t\t\t\tCampingplatz Les Sables d'Olonne\t\t\t\t<\/a>\r\n\t\t\t<\/div>\r\n\r\n\t\t<\/article>","protected":false},"excerpt":{"rendered":"<p>Sitemap<\/p>","protected":false},"author":3,"featured_media":0,"parent":0,"menu_order":0,"comment_status":"closed","ping_status":"closed","template":"","meta":{"_seopress_robots_primary_cat":"","_seopress_titles_title":"Plan du site internet du camping","_seopress_titles_desc":"","_seopress_robots_index":"","footnotes":""},"class_list":["post-91","page","type-page","status-publish","hentry"],"_links":{"self":[{"href":"https:\/\/mirabel-baiedecayola.com\/de\/wp-json\/wp\/v2\/pages\/91","targetHints":{"allow":["GET"]}}],"collection":[{"href":"https:\/\/mirabel-baiedecayola.com\/de\/wp-json\/wp\/v2\/pages"}],"about":[{"href":"https:\/\/mirabel-baiedecayola.com\/de\/wp-json\/wp\/v2\/types\/page"}],"author":[{"embeddable":true,"href":"https:\/\/mirabel-baiedecayola.com\/de\/wp-json\/wp\/v2\/users\/3"}],"replies":[{"embeddable":true,"href":"https:\/\/mirabel-baiedecayola.com\/de\/wp-json\/wp\/v2\/comments?post=91"}],"version-history":[{"count":4,"href":"https:\/\/mirabel-baiedecayola.com\/de\/wp-json\/wp\/v2\/pages\/91\/revisions"}],"predecessor-version":[{"id":16541,"href":"https:\/\/mirabel-baiedecayola.com\/de\/wp-json\/wp\/v2\/pages\/91\/revisions\/16541"}],"wp:attachment":[{"href":"https:\/\/mirabel-baiedecayola.com\/de\/wp-json\/wp\/v2\/media?parent=91"}],"curies":[{"name":"wp","href":"https:\/\/api.w.org\/{rel}","templated":true}]}}