{"id":11559,"date":"2023-01-13T15:20:13","date_gmt":"2023-01-13T14:20:13","guid":{"rendered":"https:\/\/www.camping-vendee-cayola.com\/?page_id=11559"},"modified":"2024-04-11T09:50:07","modified_gmt":"2024-04-11T07:50:07","slug":"editorial","status":"publish","type":"page","link":"https:\/\/mirabel-baiedecayola.com\/en\/editorial\/","title":{"rendered":"Editorial"},"content":{"rendered":"\n<h1 class=\"wp-block-heading\">Editorial<\/h1>\n\n\n\t\t\r\n\t\t<div class=\"editos\">\r\n\t\t\t\r\n\t\t\t\t\r\n\t\t\t\t\t\r\n\t\t\t<article>\r\n\t\t\t\t<h2><a href=\"https:\/\/mirabel-baiedecayola.com\/en\/editorial\/camping-avec-piscine-ouvert-au-printemps-en-vendee\/\">Camping avec piscine ouvert au printemps en Vend\u00e9e<\/a><\/h2>\r\n\t\t\t\t<div class=\"content\"><p>Camping ouvert en avril en Vend\u00e9e Le camping Mirabel La Baie de Cayola ouvre le 5 avril prochain pour la [&hellip;]<\/p>\n<\/div>\r\n\t\t\t\t<p class=\"text-right\"><a href=\"https:\/\/mirabel-baiedecayola.com\/en\/editorial\/camping-avec-piscine-ouvert-au-printemps-en-vendee\/\">Read more...<\/a><\/p>\r\n\t\t\t<\/article>\r\n\r\n\t\t\t\t\t\r\n\t\t\t<article>\r\n\t\t\t\t<h2><a href=\"https:\/\/mirabel-baiedecayola.com\/en\/editorial\/weekend-a-2-aux-sables-dolonne\/\">Weekend \u00e0 2 aux Sables d\u2019Olonne<\/a><\/h2>\r\n\t\t\t\t<div class=\"content\"><p>Weekend \u00e0 2 aux Sables d\u2019Olonne Pour des instants complices avec vue sur l\u2019Oc\u00e9an Atlantique, venez passer un s\u00e9jour romantique [&hellip;]<\/p>\n<\/div>\r\n\t\t\t\t<p class=\"text-right\"><a href=\"https:\/\/mirabel-baiedecayola.com\/en\/editorial\/weekend-a-2-aux-sables-dolonne\/\">Read more...<\/a><\/p>\r\n\t\t\t<\/article>\r\n\r\n\t\t\t\t\t\r\n\t\t\t<article>\r\n\t\t\t\t<h2><a href=\"https:\/\/mirabel-baiedecayola.com\/en\/editorial\/camping-location-velos-les-sables-dolonne\/\">Camping location v\u00e9los Les Sables d\u2019Olonne<\/a><\/h2>\r\n\t\t\t\t<div class=\"content\"><p>Camping location v\u00e9los Les Sables d\u2019Olonne Au camping La Baie de Cayola, vous ne manquerez de rien. Les \u00e9quipes sur [&hellip;]<\/p>\n<\/div>\r\n\t\t\t\t<p class=\"text-right\"><a href=\"https:\/\/mirabel-baiedecayola.com\/en\/editorial\/camping-location-velos-les-sables-dolonne\/\">Read more...<\/a><\/p>\r\n\t\t\t<\/article>\r\n\r\n\t\t\t\t\t\r\n\t\t\t<article>\r\n\t\t\t\t<h2><a href=\"https:\/\/mirabel-baiedecayola.com\/en\/editorial\/location-vacances-les-sables-dolonne\/\">Location vacances Les Sables-d\u2019Olonne<\/a><\/h2>\r\n\t\t\t\t<div class=\"content\"><p>Location vacances Les Sables-d\u2019Olonne Bienvenue aux Sables-d\u2019Olonne, la station baln\u00e9aire o\u00f9 tout est possible en haute saison. Le camping de [&hellip;]<\/p>\n<\/div>\r\n\t\t\t\t<p class=\"text-right\"><a href=\"https:\/\/mirabel-baiedecayola.com\/en\/editorial\/location-vacances-les-sables-dolonne\/\">Read more...<\/a><\/p>\r\n\t\t\t<\/article>\r\n\r\n\t\t\t\t\t\r\n\t\t\t<article>\r\n\t\t\t\t<h2><a href=\"https:\/\/mirabel-baiedecayola.com\/en\/editorial\/location-appartements-les-sables-dolonne\/\">Location appartements Les Sables d\u2019Olonne<\/a><\/h2>\r\n\t\t\t\t<div class=\"content\"><p>Location appartements Les Sables d\u2019Olonne Peu de camping peuvent se targuer de proposer la location d\u2019appartements aux Sables d\u2019Olonne. \u00c0 [&hellip;]<\/p>\n<\/div>\r\n\t\t\t\t<p class=\"text-right\"><a href=\"https:\/\/mirabel-baiedecayola.com\/en\/editorial\/location-appartements-les-sables-dolonne\/\">Read more...<\/a><\/p>\r\n\t\t\t<\/article>\r\n\r\n\t\t\t\t\t\r\n\t\t\t<article>\r\n\t\t\t\t<h2><a href=\"https:\/\/mirabel-baiedecayola.com\/en\/editorial\/camping-et-surf-aux-sables-dolonne\/\">Camping et surf aux Sables d\u2019Olonne<\/a><\/h2>\r\n\t\t\t\t<div class=\"content\"><p>Camping et surf aux Sables d\u2019Olonne Si vous \u00eates \u00e0 la recherche d&rsquo;une exp\u00e9rience de camping inoubliable aux Sables d&rsquo;Olonne, [&hellip;]<\/p>\n<\/div>\r\n\t\t\t\t<p class=\"text-right\"><a href=\"https:\/\/mirabel-baiedecayola.com\/en\/editorial\/camping-et-surf-aux-sables-dolonne\/\">Read more...<\/a><\/p>\r\n\t\t\t<\/article>\r\n\r\n\t\t\t\t\t\r\n\t\t\t<article>\r\n\t\t\t\t<h2><a href=\"https:\/\/mirabel-baiedecayola.com\/en\/editorial\/camping-avec-toboggan-et-proche-plage-les-sables-dolonne\/\">Camping avec toboggan et proche de la plage des Sables d\u2019Olonne<\/a><\/h2>\r\n\t\t\t\t<div class=\"content\"><p>Camping avec toboggan et proche de la plage des Sables d\u2019Olonne \u00c0 la recherche d&rsquo;un camping avec toboggan ? Non, [&hellip;]<\/p>\n<\/div>\r\n\t\t\t\t<p class=\"text-right\"><a href=\"https:\/\/mirabel-baiedecayola.com\/en\/editorial\/camping-avec-toboggan-et-proche-plage-les-sables-dolonne\/\">Read more...<\/a><\/p>\r\n\t\t\t<\/article>\r\n\r\n\t\t\t\t\t\r\n\t\t\t<article>\r\n\t\t\t\t<h2><a href=\"https:\/\/mirabel-baiedecayola.com\/en\/editorial\/meilleur-camping-les-sables-dolonne\/\">Meilleur camping les Sables d\u2019Olonne<\/a><\/h2>\r\n\t\t\t\t<div class=\"content\"><p>Meilleur camping sur les Sables d\u2019Olonne Si vous choisissez de passer vos vacances en Vend\u00e9e, peut-\u00eatre vous \u00eates-vous pos\u00e9 la [&hellip;]<\/p>\n<\/div>\r\n\t\t\t\t<p class=\"text-right\"><a href=\"https:\/\/mirabel-baiedecayola.com\/en\/editorial\/meilleur-camping-les-sables-dolonne\/\">Read more...<\/a><\/p>\r\n\t\t\t<\/article>\r\n\r\n\t\t\t\t\t\r\n\t\t\t<article>\r\n\t\t\t\t<h2><a href=\"https:\/\/mirabel-baiedecayola.com\/en\/editorial\/week-end-camping-les-sables-dolonne\/\">Week-end camping Les Sables d\u2019Olonne<\/a><\/h2>\r\n\t\t\t\t<div class=\"content\"><p>Week-end en camping sur Les Sables d\u2019Olonne A d\u00e9faut de pouvoir profiter de trois semaines de cong\u00e9s, pourquoi ne pas [&hellip;]<\/p>\n<\/div>\r\n\t\t\t\t<p class=\"text-right\"><a href=\"https:\/\/mirabel-baiedecayola.com\/en\/editorial\/week-end-camping-les-sables-dolonne\/\">Read more...<\/a><\/p>\r\n\t\t\t<\/article>\r\n\r\n\t\t\t\t\t\r\n\t\t\t<article>\r\n\t\t\t\t<h2><a href=\"https:\/\/mirabel-baiedecayola.com\/en\/editorial\/camping-proche-pistes-cyclables-les-sables-dolonne\/\">Camping proche pistes cyclables Les Sables d\u2019Olonne<\/a><\/h2>\r\n\t\t\t\t<div class=\"content\"><p>Camping proche pistes cyclables sur Les Sables d\u2019Olonne Bienvenue en Vend\u00e9e ! Envie d\u2019\u00e9vasion, de prendre la poudre d\u2019escampette, envie [&hellip;]<\/p>\n<\/div>\r\n\t\t\t\t<p class=\"text-right\"><a href=\"https:\/\/mirabel-baiedecayola.com\/en\/editorial\/camping-proche-pistes-cyclables-les-sables-dolonne\/\">Read more...<\/a><\/p>\r\n\t\t\t<\/article>\r\n\r\n\t\t\t\t\t\r\n\t\t\t<article>\r\n\t\t\t\t<h2><a href=\"https:\/\/mirabel-baiedecayola.com\/en\/editorial\/camping-ideal-famille-les-sables-dolonne\/\">Camping id\u00e9al famille Les Sables d\u2019Olonne<\/a><\/h2>\r\n\t\t\t\t<div class=\"content\"><p>Camping id\u00e9al famille Les Sables d\u2019Olonne Les campings Mirabel vous accueillent dans tout l\u2019Ouest de la France, pour des vacances [&hellip;]<\/p>\n<\/div>\r\n\t\t\t\t<p class=\"text-right\"><a href=\"https:\/\/mirabel-baiedecayola.com\/en\/editorial\/camping-ideal-famille-les-sables-dolonne\/\">Read more...<\/a><\/p>\r\n\t\t\t<\/article>\r\n\r\n\t\t\t\t\t\r\n\t\t\t<article>\r\n\t\t\t\t<h2><a href=\"https:\/\/mirabel-baiedecayola.com\/en\/editorial\/location-vacances-vue-mer-les-sables-dolonne\/\">Location vacances vue mer Les Sables d\u2019Olonne<\/a><\/h2>\r\n\t\t\t\t<div class=\"content\"><p>Location vacances vue mer Les Sables d\u2019Olonne Le camping 4 \u00e9toiles La Baie de Cayola fait partie du groupe Mirabel. [&hellip;]<\/p>\n<\/div>\r\n\t\t\t\t<p class=\"text-right\"><a href=\"https:\/\/mirabel-baiedecayola.com\/en\/editorial\/location-vacances-vue-mer-les-sables-dolonne\/\">Read more...<\/a><\/p>\r\n\t\t\t<\/article>\r\n\r\n\t\t\t\t\t\r\n\t\t\t<article>\r\n\t\t\t\t<h2><a href=\"https:\/\/mirabel-baiedecayola.com\/en\/editorial\/camping-4-etoiles-les-sables-dolonne\/\">Camping 4 \u00e9toiles Les Sables d\u2019Olonne<\/a><\/h2>\r\n\t\t\t\t<div class=\"content\"><p>Camping 4 \u00e9toiles sur Les Sables d\u2019Olonne Le compte \u00e0 rebours est lanc\u00e9\u2026 Plus que quelques semaines avant de pouvoir [&hellip;]<\/p>\n<\/div>\r\n\t\t\t\t<p class=\"text-right\"><a href=\"https:\/\/mirabel-baiedecayola.com\/en\/editorial\/camping-4-etoiles-les-sables-dolonne\/\">Read more...<\/a><\/p>\r\n\t\t\t<\/article>\r\n\r\n\t\t\t\t\t\r\n\t\t\t<article>\r\n\t\t\t\t<h2><a href=\"https:\/\/mirabel-baiedecayola.com\/en\/editorial\/camping-proche-plage-les-sables-dolonne\/\">Camping proche de la plage sur Les Sables d\u2019Olonne<\/a><\/h2>\r\n\t\t\t\t<div class=\"content\"><p>Camping proche de la plage sur Les Sables d\u2019Olonne Vous r\u00eavez de passer des vacances inoubliables proche de la plage [&hellip;]<\/p>\n<\/div>\r\n\t\t\t\t<p class=\"text-right\"><a href=\"https:\/\/mirabel-baiedecayola.com\/en\/editorial\/camping-proche-plage-les-sables-dolonne\/\">Read more...<\/a><\/p>\r\n\t\t\t<\/article>\r\n\r\n\t\t\t\t\t\r\n\t\t\t<article>\r\n\t\t\t\t<h2><a href=\"https:\/\/mirabel-baiedecayola.com\/en\/editorial\/camping-avec-piscine-couverte-les-sables-dolonne\/\">Camping avec piscine couverte Les Sables d\u2019Olonne<\/a><\/h2>\r\n\t\t\t\t<div class=\"content\"><p>Camping avec piscine couverte Les Sables d\u2019Olonne Il est encore temps de penser \u00e0 vos prochaines vacances. Les ponts du [&hellip;]<\/p>\n<\/div>\r\n\t\t\t\t<p class=\"text-right\"><a href=\"https:\/\/mirabel-baiedecayola.com\/en\/editorial\/camping-avec-piscine-couverte-les-sables-dolonne\/\">Read more...<\/a><\/p>\r\n\t\t\t<\/article>\r\n\r\n\t\t\t\t\t\r\n\t\t\t<article>\r\n\t\t\t\t<h2><a href=\"https:\/\/mirabel-baiedecayola.com\/en\/editorial\/camping-avec-espace-aquatique-les-sables-dolonne\/\">Camping avec espace aquatique Les Sables d\u2019Olonne<\/a><\/h2>\r\n\t\t\t\t<div class=\"content\"><p>Camping avec espace aquatique Les Sables d\u2019Olonne La Baie de Cayola aux Sables d\u2019Olonne vous offre des vacances de r\u00eave. [&hellip;]<\/p>\n<\/div>\r\n\t\t\t\t<p class=\"text-right\"><a href=\"https:\/\/mirabel-baiedecayola.com\/en\/editorial\/camping-avec-espace-aquatique-les-sables-dolonne\/\">Read more...<\/a><\/p>\r\n\t\t\t<\/article>\r\n\r\n\t\t\t\t\t\r\n\t\t\t<article>\r\n\t\t\t\t<h2><a href=\"https:\/\/mirabel-baiedecayola.com\/en\/editorial\/meilleur-camping-4-etoiles-les-sables-dolonne\/\">Meilleur camping 4 \u00e9toiles sur Les Sables d\u2019Olonne<\/a><\/h2>\r\n\t\t\t\t<div class=\"content\"><p>Meilleur camping 4 \u00e9toiles sur Les Sables d\u2019Olonne Si vous cherchez le meilleur camping 4 \u00e9toiles aux Sables d\u2019Olonne, vous [&hellip;]<\/p>\n<\/div>\r\n\t\t\t\t<p class=\"text-right\"><a href=\"https:\/\/mirabel-baiedecayola.com\/en\/editorial\/meilleur-camping-4-etoiles-les-sables-dolonne\/\">Read more...<\/a><\/p>\r\n\t\t\t<\/article>\r\n\r\n\t\t\t\t\t\r\n\t\t\t<article>\r\n\t\t\t\t<h2><a href=\"https:\/\/mirabel-baiedecayola.com\/en\/editorial\/camping-bord-de-mer-les-sables-dolonne\/\">Camping en bord de mer Les Sables d\u2019Olonne<\/a><\/h2>\r\n\t\t\t\t<div class=\"content\"><p>Camping en bord de mer Les Sables d\u2019Olonne Tout proche du Puits d\u2019Enfers aux Sables d\u2019Olonne, le camping La Baie [&hellip;]<\/p>\n<\/div>\r\n\t\t\t\t<p class=\"text-right\"><a href=\"https:\/\/mirabel-baiedecayola.com\/en\/editorial\/camping-bord-de-mer-les-sables-dolonne\/\">Read more...<\/a><\/p>\r\n\t\t\t<\/article>\r\n\r\n\t\t\t\t\t\r\n\t\t\t<article>\r\n\t\t\t\t<h2><a href=\"https:\/\/mirabel-baiedecayola.com\/en\/editorial\/camping-familial-les-sables-dolonne\/\">Camping familial les Sables d\u2019Olonne<\/a><\/h2>\r\n\t\t\t\t<div class=\"content\"><p>Camping familial les Sables d\u2019Olonne Le domaine de Cayola est un camping familial situ\u00e9 aux Sables d&rsquo;Olonne, une destination de [&hellip;]<\/p>\n<\/div>\r\n\t\t\t\t<p class=\"text-right\"><a href=\"https:\/\/mirabel-baiedecayola.com\/en\/editorial\/camping-familial-les-sables-dolonne\/\">Read more...<\/a><\/p>\r\n\t\t\t<\/article>\r\n\r\n\t\t\t\t\t\r\n\t\t\t<article>\r\n\t\t\t\t<h2><a href=\"https:\/\/mirabel-baiedecayola.com\/en\/editorial\/camping-les-sables-dolonne\/\">Camping Les Sables d\u2019Olonne<\/a><\/h2>\r\n\t\t\t\t<div class=\"content\"><p>Un camping aux Sables d&rsquo;Olonne La Vend\u00e9e est pleine de richesse \u00e0 d\u00e9couvrir. Choisissez d\u2019y passer vos prochaines vacances en [&hellip;]<\/p>\n<\/div>\r\n\t\t\t\t<p class=\"text-right\"><a href=\"https:\/\/mirabel-baiedecayola.com\/en\/editorial\/camping-les-sables-dolonne\/\">Read more...<\/a><\/p>\r\n\t\t\t<\/article>\r\n\r\n\t\t\r\n\t\t\t\t\t\r\n\t\t\t\t\r\n\t\t\t\t\t\t\r\n\t\t<\/div>\r\n\r\n\t\t\n","protected":false},"excerpt":{"rendered":"<p>Editorial<\/p>","protected":false},"author":3,"featured_media":0,"parent":0,"menu_order":0,"comment_status":"closed","ping_status":"closed","template":"","meta":{"_seopress_robots_primary_cat":"","_seopress_titles_title":"Editorial camping la Baie de Cayola","_seopress_titles_desc":"Consultez nos articles mis \u00e0 jour r\u00e9guli\u00e8rement pour en savoir plus sur votre camping Mirabel, le Cayola avant votre s\u00e9jour","_seopress_robots_index":"","footnotes":""},"class_list":["post-11559","page","type-page","status-publish","hentry"],"_links":{"self":[{"href":"https:\/\/mirabel-baiedecayola.com\/en\/wp-json\/wp\/v2\/pages\/11559","targetHints":{"allow":["GET"]}}],"collection":[{"href":"https:\/\/mirabel-baiedecayola.com\/en\/wp-json\/wp\/v2\/pages"}],"about":[{"href":"https:\/\/mirabel-baiedecayola.com\/en\/wp-json\/wp\/v2\/types\/page"}],"author":[{"embeddable":true,"href":"https:\/\/mirabel-baiedecayola.com\/en\/wp-json\/wp\/v2\/users\/3"}],"replies":[{"embeddable":true,"href":"https:\/\/mirabel-baiedecayola.com\/en\/wp-json\/wp\/v2\/comments?post=11559"}],"version-history":[{"count":4,"href":"https:\/\/mirabel-baiedecayola.com\/en\/wp-json\/wp\/v2\/pages\/11559\/revisions"}],"predecessor-version":[{"id":16068,"href":"https:\/\/mirabel-baiedecayola.com\/en\/wp-json\/wp\/v2\/pages\/11559\/revisions\/16068"}],"wp:attachment":[{"href":"https:\/\/mirabel-baiedecayola.com\/en\/wp-json\/wp\/v2\/media?parent=11559"}],"curies":[{"name":"wp","href":"https:\/\/api.w.org\/{rel}","templated":true}]}}