{"id":17188,"date":"2025-06-04T12:02:50","date_gmt":"2025-06-04T10:02:50","guid":{"rendered":"https:\/\/mirabel-baiedecayola.com\/?page_id=17188"},"modified":"2025-06-04T12:02:51","modified_gmt":"2025-06-04T10:02:51","slug":"our-accommodations","status":"publish","type":"page","link":"https:\/\/mirabel-baiedecayola.com\/en\/nos-hebergements\/","title":{"rendered":"Our accommodations"},"content":{"rendered":"<h1 class=\"wp-block-heading\">Our accommodations<\/h1>\n\n\n\n<div class=\"wp-block-columns is-layout-flex wp-container-core-columns-is-layout-28f84493 wp-block-columns-is-layout-flex\">\n<div class=\"wp-block-column is-layout-flow wp-block-column-is-layout-flow\">\n<div class=\"wp-block-create-block-sevgutenberg\"><aside class=\"encart-sev big carre\"><a href=\"https:\/\/mirabel-baiedecayola.com\/en\/hosting\/mobile-home-rental-2-bdrms\/\" class=\"d-flex flex-column align-items-center\"><div class=\"encart-title\"><h3>Mobile home 3\/4 persons<\/h3><\/div><div class=\"vague\"><\/div><img decoding=\"async\" src=\"https:\/\/www.mirabel-baiedecayola.com\/wp-content\/uploads\/2023\/04\/3A6A2566.jpg\" alt=\"3-bedroom mobile home living room kitchen\"\/><div class=\"ligne\"><\/div><div class=\"hover\"><\/div><\/a><\/aside><\/div>\n<\/div>\n\n\n\n<div class=\"wp-block-column is-layout-flow wp-block-column-is-layout-flow\">\n<div class=\"wp-block-create-block-sevgutenberg\"><aside class=\"encart-sev small carre\"><a href=\"https:\/\/mirabel-baiedecayola.com\/en\/hosting\/mobil-home-cayola-trio-plus\/\" class=\"d-flex flex-column align-items-center\"><div class=\"encart-title\"><h3>Mobile home 5\/6 persons<\/h3><\/div><div class=\"vague\"><\/div><img decoding=\"async\" src=\"https:\/\/www.mirabel-baiedecayola.com\/wp-content\/uploads\/2022\/04\/terrasse-mobilhome-3ch.jpg\" alt=\"3 bedroom camping rental Vend\u00e9e\"\/><div class=\"ligne\"><\/div><div class=\"hover\"><\/div><\/a><\/aside><\/div>\n\n\n\n<div class=\"wp-block-create-block-sevgutenberg\"><aside class=\"encart-sev small carre\"><a href=\"https:\/\/mirabel-baiedecayola.com\/en\/hosting\/4-person-apartment\/\" class=\"d-flex flex-column align-items-center\"><div class=\"encart-title\"><h3>The 4-person apartments<\/h3><\/div><div class=\"vague\"><\/div><img decoding=\"async\" src=\"https:\/\/www.mirabel-baiedecayola.com\/wp-content\/uploads\/2022\/04\/Cayola-location-appart-duplex-2ch.jpg\" alt=\"2-bedroom apartment\"\/><div class=\"ligne\"><\/div><div class=\"hover\"><\/div><\/a><\/aside><\/div>\n<\/div>\n\n\n\n<div class=\"wp-block-column is-layout-flow wp-block-column-is-layout-flow\">\n<div class=\"wp-block-create-block-sevgutenberg\"><aside class=\"encart-sev big carre\"><a href=\"https:\/\/mirabel-baiedecayola.com\/en\/hosting\/duplex-apartment-6-pers\/\" class=\"d-flex flex-column align-items-center\"><div class=\"encart-title\"><h3>6-person apartments<\/h3><\/div><div class=\"vague\"><\/div><img decoding=\"async\" src=\"https:\/\/mirabel-baiedecayola.com\/wp-content\/uploads\/2025\/02\/appartement-location-vacances-terrasse.jpg\" alt=\"terrace apartment 6 persons\"\/><div class=\"ligne\"><\/div><div class=\"hover\"><\/div><\/a><\/aside><\/div>\n<\/div>\n<\/div>","protected":false},"excerpt":{"rendered":"<p>Our accommodations<\/p>","protected":false},"author":3,"featured_media":0,"parent":0,"menu_order":0,"comment_status":"closed","ping_status":"closed","template":"","meta":{"_seopress_robots_primary_cat":"","_seopress_titles_title":"H\u00e9bergements du camping La Baie De Cayola","_seopress_titles_desc":"R\u00e9servez votre s\u00e9jour dans notre camping 4 \u00e9toiles La Baie de Cayola. Camping situ\u00e9 en bord de mer aux Sables d'Olonne.","_seopress_robots_index":"","footnotes":""},"class_list":["post-17188","page","type-page","status-publish","hentry"],"_links":{"self":[{"href":"https:\/\/mirabel-baiedecayola.com\/en\/wp-json\/wp\/v2\/pages\/17188","targetHints":{"allow":["GET"]}}],"collection":[{"href":"https:\/\/mirabel-baiedecayola.com\/en\/wp-json\/wp\/v2\/pages"}],"about":[{"href":"https:\/\/mirabel-baiedecayola.com\/en\/wp-json\/wp\/v2\/types\/page"}],"author":[{"embeddable":true,"href":"https:\/\/mirabel-baiedecayola.com\/en\/wp-json\/wp\/v2\/users\/3"}],"replies":[{"embeddable":true,"href":"https:\/\/mirabel-baiedecayola.com\/en\/wp-json\/wp\/v2\/comments?post=17188"}],"version-history":[{"count":1,"href":"https:\/\/mirabel-baiedecayola.com\/en\/wp-json\/wp\/v2\/pages\/17188\/revisions"}],"predecessor-version":[{"id":17191,"href":"https:\/\/mirabel-baiedecayola.com\/en\/wp-json\/wp\/v2\/pages\/17188\/revisions\/17191"}],"wp:attachment":[{"href":"https:\/\/mirabel-baiedecayola.com\/en\/wp-json\/wp\/v2\/media?parent=17188"}],"curies":[{"name":"wp","href":"https:\/\/api.w.org\/{rel}","templated":true}]}}