{"id":267,"date":"2022-02-02T10:04:00","date_gmt":"2022-02-02T09:04:00","guid":{"rendered":"https:\/\/www.campinglarenaudiere.com\/?page_id=267"},"modified":"2025-03-13T16:37:52","modified_gmt":"2025-03-13T15:37:52","slug":"accommodation-vendee-globe","status":"publish","type":"page","link":"https:\/\/mirabel-baiedecayola.com\/en\/hebergement-vendee-globe\/","title":{"rendered":"The Vend\u00e9e Globe"},"content":{"rendered":"<h1 class=\"wp-block-heading\" id=\"les-plages-du-debarquement-en-normandie-terre-de-liberte\"><strong>Discover Le Vend\u00e9e Globe - The legendary race from Les Sables d'Olonne<\/strong><\/h1>\n\n\n\n<div class=\"wp-block-group is-layout-flow wp-block-group-is-layout-flow\">\n<p class=\"has-text-align-center\">Whether you're a sailing enthusiast, a water sport enthusiast or just curious, Les Sables d'Olonne is the place to be for its famous race.<\/p>\n\n\n\n<figure class=\"wp-block-image aligncenter size-full is-resized\"><img decoding=\"async\" src=\"https:\/\/www.mirabel-baiedecayola.com\/wp-content\/uploads\/2022\/01\/barre-bleue.png\" alt=\"\" class=\"wp-image-2382\" style=\"width:50px;height:8px\"\/><\/figure>\n<\/div>\n\n\n\n<div class=\"wp-block-media-text alignwide has-media-on-the-right is-stacked-on-mobile is-vertically-aligned-center is-image-fill-element is-style-default\"><div class=\"wp-block-media-text__content\">\n<p class=\"texte-rond has-orange-color has-text-color has-large-font-size\" id=\"de-belles-histoires-a-vous-raconter\">Setting course for the Vend\u00e9e Globe!<\/p>\n\n\n\n<p>It's the resort's not-to-be-missed event: <a href=\"https:\/\/www.vendeeglobe.org\/\" target=\"_blank\" rel=\"noreferrer noopener\">The Vend\u00e9e Globe<\/a>, this <strong>legendary solo race around the world<\/strong>. Skippers from the 4 corners of the globe compete aboard their 60-foot monohulls, non-stop and without assistance. The goal: to complete the <strong>around the world<\/strong>, and, of course, set a new record. The race was created in 1989 and is now one of the toughest in the world. Nearly 25,000 miles to be sailed against wind and tide, crossing the Atlantic, Indian and Pacific Oceans as the seasons change.<\/p>\n<\/div><figure class=\"wp-block-media-text__media\"><img loading=\"lazy\" decoding=\"async\" width=\"1024\" height=\"682\" src=\"https:\/\/www.mirabel-baiedecayola.com\/wp-content\/uploads\/2022\/04\/vendee-globe-vainqueur-1024x682.jpg\" alt=\"Vend\u00e9e Globe in Les Sables d&#039;Olonne\" class=\"wp-image-9235 size-full\" style=\"object-position:50% 50%\" srcset=\"https:\/\/mirabel-baiedecayola.com\/wp-content\/uploads\/2022\/04\/vendee-globe-vainqueur-1024x682.jpg 1024w, https:\/\/mirabel-baiedecayola.com\/wp-content\/uploads\/2022\/04\/vendee-globe-vainqueur-300x200.jpg 300w, https:\/\/mirabel-baiedecayola.com\/wp-content\/uploads\/2022\/04\/vendee-globe-vainqueur-768x511.jpg 768w, https:\/\/mirabel-baiedecayola.com\/wp-content\/uploads\/2022\/04\/vendee-globe-vainqueur.jpg 1200w\" sizes=\"auto, (max-width: 1024px) 100vw, 1024px\" \/><\/figure><\/div>\n\n\n\n<div style=\"height:40px\" aria-hidden=\"true\" class=\"wp-block-spacer\"><\/div>\n\n\n\n<div class=\"wp-block-media-text alignwide is-stacked-on-mobile is-vertically-aligned-center is-image-fill-element animate front-page-section grey\"><figure class=\"wp-block-media-text__media\"><img loading=\"lazy\" decoding=\"async\" width=\"1024\" height=\"683\" src=\"https:\/\/www.mirabel-baiedecayola.com\/wp-content\/uploads\/2022\/04\/banque-populaire-armel-le-cleach-vendee-globe-2016-IMG_9388-1024x683.jpg\" alt=\"Vend\u00e9e Globe boat\" class=\"wp-image-9239 size-full\" style=\"object-position:34% 70%\" srcset=\"https:\/\/mirabel-baiedecayola.com\/wp-content\/uploads\/2022\/04\/banque-populaire-armel-le-cleach-vendee-globe-2016-IMG_9388-1024x683.jpg 1024w, https:\/\/mirabel-baiedecayola.com\/wp-content\/uploads\/2022\/04\/banque-populaire-armel-le-cleach-vendee-globe-2016-IMG_9388-300x200.jpg 300w, https:\/\/mirabel-baiedecayola.com\/wp-content\/uploads\/2022\/04\/banque-populaire-armel-le-cleach-vendee-globe-2016-IMG_9388-768x512.jpg 768w, https:\/\/mirabel-baiedecayola.com\/wp-content\/uploads\/2022\/04\/banque-populaire-armel-le-cleach-vendee-globe-2016-IMG_9388.jpg 1200w\" sizes=\"auto, (max-width: 1024px) 100vw, 1024px\" \/><\/figure><div class=\"wp-block-media-text__content\">\n<h2 class=\"wp-block-heading\" id=\"une-ville-active-pour-vos-achats-et-vos-sorties\"><strong><strong>Which boat for this solo round-the-world race?<\/strong><\/strong><\/h2>\n\n\n\n<figure class=\"wp-block-image size-full\"><img decoding=\"async\" src=\"https:\/\/www.mirabel-baiedecayola.com\/wp-content\/uploads\/2022\/01\/barre-bleue.png\" alt=\"\" class=\"wp-image-2382\"\/><\/figure>\n\n\n\n<figure class=\"wp-block-image alignright size-full is-resized\"><img loading=\"lazy\" decoding=\"async\" width=\"320\" height=\"326\" src=\"https:\/\/www.mirabel-baiedecayola.com\/wp-content\/uploads\/2022\/01\/Etoile2-1.png\" alt=\"\" class=\"wp-image-2051\" style=\"width:100px\" srcset=\"https:\/\/mirabel-baiedecayola.com\/wp-content\/uploads\/2022\/01\/Etoile2-1.png 320w, https:\/\/mirabel-baiedecayola.com\/wp-content\/uploads\/2022\/01\/Etoile2-1-294x300.png 294w\" sizes=\"auto, (max-width: 320px) 100vw, 320px\" \/><\/figure>\n\n\n\n<p>To take part in the Vend\u00e9e Globe, all boats must measure <strong>60 feet<\/strong> (approx. 18 m long) with a draught of 4.50 m. These <strong>monohulls <\/strong>are the most powerful in existence, as they are very well equipped and can exceed 30 knots. Today's skippers are equipped to sail single-handed around the globe and to withstand the various weather conditions they may encounter during the race.<\/p>\n<\/div><\/div>\n\n\n\n<div class=\"wp-block-media-text alignwide has-media-on-the-right is-stacked-on-mobile is-vertically-aligned-center is-image-fill-element is-style-default\"><div class=\"wp-block-media-text__content\">\n<h2 class=\"wp-block-heading\" id=\"les-cimetieres-en-hommage-a-nos-liberateurs\"><strong><strong><strong>The start of the race in Les Sables d'Olonne<\/strong><\/strong><\/strong><\/h2>\n\n\n\n<figure class=\"wp-block-image size-full\"><img decoding=\"async\" src=\"https:\/\/www.mirabel-baiedecayola.com\/wp-content\/uploads\/2022\/01\/barre-bleue.png\" alt=\"\" class=\"wp-image-2382\"\/><\/figure>\n\n\n\n<p>The Vend\u00e9e Globe usually takes place in the autumn between October and November and attracts many enthusiasts and curious people! Visit <strong>starting village<\/strong> offers the chance to see the boats before the start of the race, visit exhibitors' stands, and discover what goes on behind the scenes of this incredible event. Visit <strong>next edition will take place in 2028<\/strong>, so, a word of advice: don't delay this year, to <a href=\"https:\/\/bookingpremium.secureholiday.net\/FR\/3287\/\" target=\"_blank\" rel=\"noreferrer noopener\">book your stay<\/a> at <strong>camping la Baie de Cayola<\/strong> to make the most of the race.<\/p>\n<\/div><figure class=\"wp-block-media-text__media\"><img loading=\"lazy\" decoding=\"async\" width=\"1024\" height=\"683\" src=\"https:\/\/www.mirabel-baiedecayola.com\/wp-content\/uploads\/2022\/04\/les-ecoles-vendee-globe-2016-IMG_9246-1-1024x683.jpg\" alt=\"Vend\u00e9e Globe in Les Sables d&#039;Olonne\" class=\"wp-image-9242 size-full\" style=\"object-position:50% 50%\" srcset=\"https:\/\/mirabel-baiedecayola.com\/wp-content\/uploads\/2022\/04\/les-ecoles-vendee-globe-2016-IMG_9246-1-1024x683.jpg 1024w, https:\/\/mirabel-baiedecayola.com\/wp-content\/uploads\/2022\/04\/les-ecoles-vendee-globe-2016-IMG_9246-1-300x200.jpg 300w, https:\/\/mirabel-baiedecayola.com\/wp-content\/uploads\/2022\/04\/les-ecoles-vendee-globe-2016-IMG_9246-1-768x512.jpg 768w, https:\/\/mirabel-baiedecayola.com\/wp-content\/uploads\/2022\/04\/les-ecoles-vendee-globe-2016-IMG_9246-1.jpg 1200w\" sizes=\"auto, (max-width: 1024px) 100vw, 1024px\" \/><\/figure><\/div>\n\n\n\n<p class=\"has-text-align-center texte-rond mt-5 has-large-font-size\">Discover the campsite<\/p>\n\n\n\n<div class=\"wp-block-columns front-page-section grey is-layout-flex wp-container-core-columns-is-layout-28f84493 wp-block-columns-is-layout-flex\">\n<div class=\"wp-block-column is-layout-flow wp-block-column-is-layout-flow\"><\/div>\n\n\n\n<div class=\"wp-block-column is-vertically-aligned-center is-layout-flow wp-block-column-is-layout-flow\">\n<div class=\"wp-block-create-block-sevgutenberg-navigation\"><aside class=\"encart-sev-navigation small carre\"><a href=\"https:\/\/mirabel-baiedecayola.com\/en\/events-july-august\/\" class=\"d-flex flex-column align-items-center\"><div class=\"encart-title\"><span>Entertainment<\/span><\/div><div class=\"vague\"><\/div><img decoding=\"async\" src=\"https:\/\/www.mirabel-baiedecayola.com\/wp-content\/uploads\/2022\/04\/HEADER_ANIMATION_OLYMPIADES_CAYOLA-1.jpg\" alt=\"entertainment at the campsite in vendee\"\/><div class=\"ligne\"><\/div><div class=\"hover\"><\/div><\/a><\/aside><\/div>\n<\/div>\n\n\n\n<div class=\"wp-block-column is-layout-flow wp-block-column-is-layout-flow\">\n<div class=\"wp-block-create-block-sevgutenberg-navigation\"><aside class=\"encart-sev-navigation small carre\"><a href=\"https:\/\/mirabel-baiedecayola.com\/en\/camping-les-sables-dolonne\/\" class=\"d-flex flex-column align-items-center\"><div class=\"encart-title\"><span>Les Sables d'Olonne<\/span><\/div><div class=\"vague\"><\/div><img decoding=\"async\" src=\"https:\/\/www.mirabel-baiedecayola.com\/wp-content\/uploads\/2022\/04\/restaurant-sur-la-plage-sables-dolonne.jpg\" alt=\"beachside restaurant bar in sables d&#039;olonne\"\/><div class=\"ligne\"><\/div><div class=\"hover\"><\/div><\/a><\/aside><\/div>\n<\/div>\n\n\n\n<div class=\"wp-block-column is-layout-flow wp-block-column-is-layout-flow\">\n<div class=\"wp-block-create-block-sevgutenberg-navigation\"><aside class=\"encart-sev-navigation small carre\"><a href=\"https:\/\/mirabel-baiedecayola.com\/en\/camping-vendee-services-4-etoiles\/\" class=\"d-flex flex-column align-items-center\"><div class=\"encart-title\"><span>Our services<\/span><\/div><div class=\"vague\"><\/div><img decoding=\"async\" src=\"https:\/\/www.mirabel-baiedecayola.com\/wp-content\/uploads\/2022\/04\/accueil-reception-vacanciers.jpg\" alt=\"accueil camping ***\"\/><div class=\"ligne\"><\/div><div class=\"hover\"><\/div><\/a><\/aside><\/div>\n<\/div>\n\n\n\n<div class=\"wp-block-column is-layout-flow wp-block-column-is-layout-flow\"><\/div>\n<\/div>\n\n\n\n<figure class=\"wp-block-image aligncenter size-large is-resized mt-5\"><img decoding=\"async\" src=\"https:\/\/www.mirabel-baiedecayola.com\/wp-content\/uploads\/2022\/01\/photo-1024x84.png\" alt=\"photo gallery\" class=\"wp-image-2371\" style=\"width:768px;height:63px\"\/><\/figure>\n\n\n\t\t\t<div id=\"sevgallery-311233770\" class=\"sev-diaporama sev-diaporama-portfolio\">\r\n\t\t\t\t<div class=\"row\">\r\n\r\n\t\t\t\t\t\r\n\t\t\t\t\t\t\r\n\t\t\t\t\t\t<div class=\"sev-diaporama-portfolio-item   btnseeall btnseeall-xl col-12 col-md\">\r\n\t\t\t\t\t\t\t<a href=\"https:\/\/mirabel-baiedecayola.com\/wp-content\/uploads\/2022\/04\/les-ecoles-vendee-globe-2016-IMG_9246-1-1024x683.jpg\" data-lightbox=\"sevgallery-311233770\" style=\"background-image: url(https:\/\/mirabel-baiedecayola.com\/wp-content\/uploads\/2022\/04\/les-ecoles-vendee-globe-2016-IMG_9246-1-1024x683.jpg)\">\r\n\t\t\t\t\t\t\t\t<img decoding=\"async\" src=\"https:\/\/mirabel-baiedecayola.com\/wp-content\/uploads\/2022\/04\/les-ecoles-vendee-globe-2016-IMG_9246-1-1024x683.jpg\" alt=\"Vend\u00e9e Globe starting village\" loading=\"lazy\">\r\n\t\t\t\t\t\t\t\t\t\t\t\t\t\t\t<\/a>\r\n\t\t\t\t\t\t<\/div>\r\n\r\n\t\t\t\t\t\t\r\n\t\t\t\t\t\t\t\t\t\t\t\t\t\t\t\t\t\r\n\t\t\t\t\t\t\r\n\t\t\t\t\t\t<div class=\"sev-diaporama-portfolio-item   btnseeall btnseeall-xl col-12 col-md\">\r\n\t\t\t\t\t\t\t<a href=\"https:\/\/mirabel-baiedecayola.com\/wp-content\/uploads\/2022\/04\/banque-populaire-armel-le-cleach-vendee-globe-2016-IMG_9388-1024x683.jpg\" data-lightbox=\"sevgallery-311233770\" style=\"background-image: url(https:\/\/mirabel-baiedecayola.com\/wp-content\/uploads\/2022\/04\/banque-populaire-armel-le-cleach-vendee-globe-2016-IMG_9388-1024x683.jpg)\">\r\n\t\t\t\t\t\t\t\t<img decoding=\"async\" src=\"https:\/\/mirabel-baiedecayola.com\/wp-content\/uploads\/2022\/04\/banque-populaire-armel-le-cleach-vendee-globe-2016-IMG_9388-1024x683.jpg\" alt=\"Vend\u00e9e Globe boat\" loading=\"lazy\">\r\n\t\t\t\t\t\t\t\t\t\t\t\t\t\t\t<\/a>\r\n\t\t\t\t\t\t<\/div>\r\n\r\n\t\t\t\t\t\t\r\n\t\t\t\t\t\t\t\t\t\t\t\t\t\t\t\t\t\r\n\t\t\t\t\t\t\r\n\t\t\t\t\t\t<div class=\"sev-diaporama-portfolio-item   btnseeall btnseeall-xl col-12 col-md  col-shrink\">\r\n\t\t\t\t\t\t\t<a href=\"https:\/\/mirabel-baiedecayola.com\/wp-content\/uploads\/2022\/04\/one-planet-one-ocean-didac-costa-vendee-globe-2016-IMG_9307-1024x682.jpg\" data-lightbox=\"sevgallery-311233770\" style=\"background-image: url(https:\/\/mirabel-baiedecayola.com\/wp-content\/uploads\/2022\/04\/one-planet-one-ocean-didac-costa-vendee-globe-2016-IMG_9307-1024x682.jpg)\">\r\n\t\t\t\t\t\t\t\t<img decoding=\"async\" src=\"https:\/\/mirabel-baiedecayola.com\/wp-content\/uploads\/2022\/04\/one-planet-one-ocean-didac-costa-vendee-globe-2016-IMG_9307-1024x682.jpg\" alt=\"Vend\u00e9e Globe village\" loading=\"lazy\">\r\n\t\t\t\t\t\t\t\t\t\t\t\t\t\t\t<\/a>\r\n\t\t\t\t\t\t<\/div>\r\n\r\n\t\t\t\t\t\t\r\n\t\t\t\t\t\t\t\t\t\t\t\t\t\t\t\t\t\r\n\t\t\t\t\t\t\r\n\t\t\t\t\t\t<div class=\"sev-diaporama-portfolio-item  limitsm btnseeall btnseeall-xl col-12 col-md  col-grow last-visible\">\r\n\t\t\t\t\t\t\t<a href=\"https:\/\/mirabel-baiedecayola.com\/en\/camping-vendee-photos\/\"  style=\"background-image: url(https:\/\/mirabel-baiedecayola.com\/wp-content\/uploads\/2022\/04\/vendee-globe-vainqueur-1024x682.jpg)\">\r\n\t\t\t\t\t\t\t\t<img decoding=\"async\" src=\"https:\/\/mirabel-baiedecayola.com\/wp-content\/uploads\/2022\/04\/vendee-globe-vainqueur-1024x682.jpg\" alt=\"Vend\u00e9e Globe\" loading=\"lazy\">\r\n\t\t\t\t\t\t\t\t\t\t\t\t\t\t\t\t\t<img decoding=\"async\" src=\"https:\/\/mirabel-baiedecayola.com\/wp-content\/themes\/mirabel-site\/assets\/img\/voir-photos.png\" alt=\"\" \/>\r\n\t\t\t\t\t\t\t\t\t<span>See all photos<\/span>\r\n\t\t\t\t\t\t\t\t\t\t\t\t\t\t\t<\/a>\r\n\t\t\t\t\t\t<\/div>\r\n\r\n\t\t\t\t\t\t\t\t\t\t\t\t\t<div class=\"w-100\"><\/div>\r\n\t\t\t\t\t\t\t\t\t\t\t\t\t\r\n\t\t\t\t\t\t\t\t\t\t\t\t\t\t\t\t\t\t\t\t\t<\/div>\r\n\t\t\t<\/div>\r\n\r\n\t\t\t<script>\r\n\t\t\tjQuery(function($) {\r\n\r\n\t\t\t\tvar marginPortfolio = function() {\r\n\r\n\t\t\t\t\tvar $diapo          = $('#sevgallery-311233770');\r\n\t\t\t\t\tvar container_width = $diapo.parent().outerWidth();\r\n\t\t\t\t\tvar side            = ( $(window).innerWidth() - container_width ) \/ 2;\r\n\r\n\t\t\t\t\t$diapo.css( {\r\n\t\t\t\t\t\t'margin-left': '-' + side + 'px',\r\n\t\t\t\t\t\t'margin-right': '-' + side + 'px',\r\n\t\t\t\t\t} );\r\n\t\t\t\t};\r\n\r\n\t\t\t\t$( window ).resize( function() {\r\n\t\t\t\t\tmarginPortfolio();\r\n\t\t\t\t} );\r\n\t\t\t\tmarginPortfolio();\r\n\t\t\t});\r\n\t\t\t<\/script>","protected":false},"excerpt":{"rendered":"<p>D\u00e9couvrez Le Vend\u00e9e Globe &#8211; La course mythique des Sables d\u2019Olonne Passionn\u00e9 de voile, de sport nautique ou simplement curieux, [&hellip;]<\/p>\n","protected":false},"author":3,"featured_media":0,"parent":0,"menu_order":0,"comment_status":"closed","ping_status":"closed","template":"","meta":{"_seopress_robots_primary_cat":"","_seopress_titles_title":"Camping proche du Vend\u00e9e Globe aux Sables d'Olonne","_seopress_titles_desc":"D\u00e9couvrez le d\u00e9part du Vend\u00e9e Globe et son grand village d\u00e9part au coeur de la ville des Sables d'Olonne","_seopress_robots_index":"","footnotes":""},"class_list":["post-267","page","type-page","status-publish","hentry"],"_links":{"self":[{"href":"https:\/\/mirabel-baiedecayola.com\/en\/wp-json\/wp\/v2\/pages\/267","targetHints":{"allow":["GET"]}}],"collection":[{"href":"https:\/\/mirabel-baiedecayola.com\/en\/wp-json\/wp\/v2\/pages"}],"about":[{"href":"https:\/\/mirabel-baiedecayola.com\/en\/wp-json\/wp\/v2\/types\/page"}],"author":[{"embeddable":true,"href":"https:\/\/mirabel-baiedecayola.com\/en\/wp-json\/wp\/v2\/users\/3"}],"replies":[{"embeddable":true,"href":"https:\/\/mirabel-baiedecayola.com\/en\/wp-json\/wp\/v2\/comments?post=267"}],"version-history":[{"count":43,"href":"https:\/\/mirabel-baiedecayola.com\/en\/wp-json\/wp\/v2\/pages\/267\/revisions"}],"predecessor-version":[{"id":17119,"href":"https:\/\/mirabel-baiedecayola.com\/en\/wp-json\/wp\/v2\/pages\/267\/revisions\/17119"}],"wp:attachment":[{"href":"https:\/\/mirabel-baiedecayola.com\/en\/wp-json\/wp\/v2\/media?parent=267"}],"curies":[{"name":"wp","href":"https:\/\/api.w.org\/{rel}","templated":true}]}}