{"id":272,"date":"2021-12-14T14:59:02","date_gmt":"2021-12-14T13:59:02","guid":{"rendered":"https:\/\/www.campinglarenaudiere.com\/?page_id=272"},"modified":"2024-04-08T17:30:48","modified_gmt":"2024-04-08T15:30:48","slug":"experiences","status":"publish","type":"page","link":"https:\/\/mirabel-baiedecayola.com\/en\/les-experiences\/","title":{"rendered":"Experiences"},"content":{"rendered":"<h1 class=\"wp-block-heading\" id=\"les-experiences\">Unique experiences in Les Sables d'Olonne <\/h1>\n\n\n\n<p class=\"has-text-align-center\">Whether you're a lover of local produce, a nature enthusiast or on a family vacation, we know that your choice of vacation destination is partly determined by the activities on offer nearby. That's why we've selected just a few for you to enjoy to your heart's content!<\/p>\n\n\n\n<div class=\"wp-block-columns is-layout-flex wp-container-core-columns-is-layout-28f84493 wp-block-columns-is-layout-flex\">\n<div class=\"wp-block-column card is-layout-flow wp-block-column-is-layout-flow\">\n<figure class=\"wp-block-image size-large card-img-top\"><a href=\"https:\/\/mirabel-baiedecayola.com\/en\/experiences\/local-gastronomy\/\"><img loading=\"lazy\" decoding=\"async\" width=\"1024\" height=\"683\" src=\"https:\/\/www.mirabel-baiedecayola.com\/wp-content\/uploads\/2022\/04\/header-gastronomie-produit-local-1024x683.jpg\" alt=\"\" class=\"wp-image-9307\" srcset=\"https:\/\/mirabel-baiedecayola.com\/wp-content\/uploads\/2022\/04\/header-gastronomie-produit-local-1024x683.jpg 1024w, https:\/\/mirabel-baiedecayola.com\/wp-content\/uploads\/2022\/04\/header-gastronomie-produit-local-300x200.jpg 300w, https:\/\/mirabel-baiedecayola.com\/wp-content\/uploads\/2022\/04\/header-gastronomie-produit-local-768x512.jpg 768w, https:\/\/mirabel-baiedecayola.com\/wp-content\/uploads\/2022\/04\/header-gastronomie-produit-local.jpg 1200w\" sizes=\"auto, (max-width: 1024px) 100vw, 1024px\" \/><\/a><\/figure>\n\n\n\n<p class=\"has-text-align-center texte-rond card-title has-large-font-size\">Local gastronomy<\/p>\n\n\n\n<figure class=\"wp-block-image aligncenter size-full pluspetit\"><a href=\"https:\/\/mirabel-baiedecayola.com\/en\/experiences\/local-gastronomy\/\"><img loading=\"lazy\" decoding=\"async\" width=\"41\" height=\"41\" src=\"https:\/\/www.mirabel-baiedecayola.com\/wp-content\/uploads\/2022\/01\/plus-1.png\" alt=\"\" class=\"wp-image-3062\"\/><\/a><\/figure>\n<\/div>\n\n\n\n<div class=\"wp-block-column card is-layout-flow wp-block-column-is-layout-flow\">\n<figure class=\"wp-block-image size-large card-img-top\"><a href=\"https:\/\/mirabel-baiedecayola.com\/en\/experiences\/activities-with-children\/\"><img loading=\"lazy\" decoding=\"async\" width=\"1024\" height=\"683\" src=\"https:\/\/www.mirabel-baiedecayola.com\/wp-content\/uploads\/2022\/04\/visite_chateau_tiffauges-enfant-2-1024x683.jpg\" alt=\"\" class=\"wp-image-9347\" srcset=\"https:\/\/mirabel-baiedecayola.com\/wp-content\/uploads\/2022\/04\/visite_chateau_tiffauges-enfant-2-1024x683.jpg 1024w, https:\/\/mirabel-baiedecayola.com\/wp-content\/uploads\/2022\/04\/visite_chateau_tiffauges-enfant-2-300x200.jpg 300w, https:\/\/mirabel-baiedecayola.com\/wp-content\/uploads\/2022\/04\/visite_chateau_tiffauges-enfant-2-768x512.jpg 768w, https:\/\/mirabel-baiedecayola.com\/wp-content\/uploads\/2022\/04\/visite_chateau_tiffauges-enfant-2.jpg 1200w\" sizes=\"auto, (max-width: 1024px) 100vw, 1024px\" \/><\/a><\/figure>\n\n\n\n<p class=\"has-text-align-center texte-rond card-title has-large-font-size\">With children<\/p>\n\n\n\n<figure class=\"wp-block-image aligncenter size-full pluspetit\"><a href=\"https:\/\/mirabel-baiedecayola.com\/en\/experiences\/activities-with-children\/\"><img loading=\"lazy\" decoding=\"async\" width=\"41\" height=\"41\" src=\"https:\/\/www.mirabel-baiedecayola.com\/wp-content\/uploads\/2022\/01\/plus-1.png\" alt=\"\" class=\"wp-image-3062\"\/><\/a><\/figure>\n<\/div>\n\n\n\n<div class=\"wp-block-column card is-layout-flow wp-block-column-is-layout-flow\">\n<figure class=\"wp-block-image size-large card-img-top\"><a href=\"https:\/\/mirabel-baiedecayola.com\/en\/experiences\/culture-and-heritage\/\"><img loading=\"lazy\" decoding=\"async\" width=\"1024\" height=\"683\" src=\"https:\/\/www.mirabel-baiedecayola.com\/wp-content\/uploads\/2022\/04\/Musee-abbaye-Sainte-Croixjpg-1024x683.jpg\" alt=\"museum near the campsite\" class=\"wp-image-9356\" srcset=\"https:\/\/mirabel-baiedecayola.com\/wp-content\/uploads\/2022\/04\/Musee-abbaye-Sainte-Croixjpg-1024x683.jpg 1024w, https:\/\/mirabel-baiedecayola.com\/wp-content\/uploads\/2022\/04\/Musee-abbaye-Sainte-Croixjpg-300x200.jpg 300w, https:\/\/mirabel-baiedecayola.com\/wp-content\/uploads\/2022\/04\/Musee-abbaye-Sainte-Croixjpg-768x512.jpg 768w, https:\/\/mirabel-baiedecayola.com\/wp-content\/uploads\/2022\/04\/Musee-abbaye-Sainte-Croixjpg-1536x1024.jpg 1536w, https:\/\/mirabel-baiedecayola.com\/wp-content\/uploads\/2022\/04\/Musee-abbaye-Sainte-Croixjpg.jpg 1900w\" sizes=\"auto, (max-width: 1024px) 100vw, 1024px\" \/><\/a><\/figure>\n\n\n\n<p class=\"has-text-align-center texte-rond card-title has-large-font-size\">Culture &amp; Heritage<\/p>\n\n\n\n<figure class=\"wp-block-image aligncenter size-full pluspetit\"><a href=\"https:\/\/mirabel-baiedecayola.com\/en\/experiences\/culture-and-heritage\/\"><img loading=\"lazy\" decoding=\"async\" width=\"41\" height=\"41\" src=\"https:\/\/www.mirabel-baiedecayola.com\/wp-content\/uploads\/2022\/01\/plus-1.png\" alt=\"\" class=\"wp-image-3062\"\/><\/a><\/figure>\n<\/div>\n\n\n\n<div class=\"wp-block-column card is-layout-flow wp-block-column-is-layout-flow\">\n<figure class=\"wp-block-image size-large card-img-top\"><a href=\"https:\/\/mirabel-baiedecayola.com\/en\/toussaint-camping-at-sables-dolonne\/\"><img loading=\"lazy\" decoding=\"async\" width=\"1024\" height=\"683\" src=\"https:\/\/www.mirabel-baiedecayola.com\/wp-content\/uploads\/2023\/10\/plagesables-olonne-1024x683.jpg\" alt=\"\" class=\"wp-image-14446\" srcset=\"https:\/\/mirabel-baiedecayola.com\/wp-content\/uploads\/2023\/10\/plagesables-olonne-1024x683.jpg 1024w, https:\/\/mirabel-baiedecayola.com\/wp-content\/uploads\/2023\/10\/plagesables-olonne-300x200.jpg 300w, https:\/\/mirabel-baiedecayola.com\/wp-content\/uploads\/2023\/10\/plagesables-olonne-768x512.jpg 768w, https:\/\/mirabel-baiedecayola.com\/wp-content\/uploads\/2023\/10\/plagesables-olonne.jpg 1200w\" sizes=\"auto, (max-width: 1024px) 100vw, 1024px\" \/><\/a><\/figure>\n\n\n\n<p class=\"has-text-align-center texte-rond card-title has-large-font-size\">All Saints' Day at the Campsite<\/p>\n\n\n\n<figure class=\"wp-block-image aligncenter size-full pluspetit\"><a href=\"https:\/\/mirabel-baiedecayola.com\/en\/toussaint-camping-at-sables-dolonne\/\"><img loading=\"lazy\" decoding=\"async\" width=\"41\" height=\"41\" src=\"https:\/\/www.mirabel-baiedecayola.com\/wp-content\/uploads\/2022\/01\/plus-1.png\" alt=\"\" class=\"wp-image-3062\"\/><\/a><\/figure>\n<\/div>\n<\/div>\n\n\n\n<p><\/p>","protected":false},"excerpt":{"rendered":"<p>Vivez des exp\u00e9riences uniques aux Sables d&rsquo;Olonne Amateur de produits locaux, passionn\u00e9s de nature, en vacances en famille, nous savons [&hellip;]<\/p>\n","protected":false},"author":3,"featured_media":0,"parent":0,"menu_order":0,"comment_status":"closed","ping_status":"closed","template":"","meta":{"_seopress_robots_primary_cat":"","_seopress_titles_title":"Les exp\u00e9riences en famille ou entre amis en Vend\u00e9e","_seopress_titles_desc":"D\u00e9couvrez les exp\u00e9riences de loisir \u00e0 effectuer autour des Sables d'Olonne pour votre s\u00e9jour au camping 4 \u00e9toiles en Vend\u00e9e","_seopress_robots_index":"","footnotes":""},"class_list":["post-272","page","type-page","status-publish","hentry"],"_links":{"self":[{"href":"https:\/\/mirabel-baiedecayola.com\/en\/wp-json\/wp\/v2\/pages\/272","targetHints":{"allow":["GET"]}}],"collection":[{"href":"https:\/\/mirabel-baiedecayola.com\/en\/wp-json\/wp\/v2\/pages"}],"about":[{"href":"https:\/\/mirabel-baiedecayola.com\/en\/wp-json\/wp\/v2\/types\/page"}],"author":[{"embeddable":true,"href":"https:\/\/mirabel-baiedecayola.com\/en\/wp-json\/wp\/v2\/users\/3"}],"replies":[{"embeddable":true,"href":"https:\/\/mirabel-baiedecayola.com\/en\/wp-json\/wp\/v2\/comments?post=272"}],"version-history":[{"count":27,"href":"https:\/\/mirabel-baiedecayola.com\/en\/wp-json\/wp\/v2\/pages\/272\/revisions"}],"predecessor-version":[{"id":15965,"href":"https:\/\/mirabel-baiedecayola.com\/en\/wp-json\/wp\/v2\/pages\/272\/revisions\/15965"}],"wp:attachment":[{"href":"https:\/\/mirabel-baiedecayola.com\/en\/wp-json\/wp\/v2\/media?parent=272"}],"curies":[{"name":"wp","href":"https:\/\/api.w.org\/{rel}","templated":true}]}}