{"id":48,"date":"2021-12-10T14:16:36","date_gmt":"2021-12-10T13:16:36","guid":{"rendered":"https:\/\/www.campinglarenaudiere.com\/?page_id=48"},"modified":"2026-03-30T11:54:37","modified_gmt":"2026-03-30T09:54:37","slug":"camping-vendee-services-4-etoiles","status":"publish","type":"page","link":"https:\/\/mirabel-baiedecayola.com\/en\/camping-vendee-services-4-etoiles\/","title":{"rendered":"Services"},"content":{"rendered":"<h1 class=\"wp-block-heading\" id=\"de-nombreux-services-dans-votre-camping-4-etoiles\"><strong>A host of services at your 4-star campsite in Vend\u00e9e<\/strong><\/h1>\n\n\n\n<p class=\"has-text-align-center\">On-site or nearby, the campsite offers a wide range of services to make your vacation as comfortable as possible. At La Baie de Cayola, we pamper families with baby equipment for hire, play areas and entertainment for all.<\/p>\n\n\n\n<figure class=\"wp-block-image aligncenter size-full\"><img decoding=\"async\" src=\"https:\/\/www.mirabel-baiedecayola.com\/wp-content\/uploads\/2022\/01\/barre-bleue.png\" alt=\"\" class=\"wp-image-2382\"\/><\/figure>\n\n\n\n<div class=\"wp-block-columns is-layout-flex wp-container-core-columns-is-layout-28f84493 wp-block-columns-is-layout-flex\">\n<div class=\"wp-block-column is-layout-flow wp-block-column-is-layout-flow\" style=\"flex-basis:40%\">\n<div class=\"wp-block-group p-xl-5 is-layout-flow wp-block-group-is-layout-flow\">\n<h2 class=\"wp-block-heading has-text-align-left\" id=\"liste-des-services\">List of services<br><\/h2>\n\n\n\n<p><i class=\"fa fa-hamburger\"><\/i> &nbsp; Bar <\/p>\n\n\n\n<p><i class=\"fa fa-wifi\"><\/i> &nbsp;Wifi access* (tickets on sale at reception)<\/p>\n\n\n\n<p><i class=\"fa fa-info-circle\"><\/i> &nbsp; Tourist information <\/p>\n\n\n\n<p><i class=\"fa fa-dice\"><\/i> &nbsp; Games room<\/p>\n\n\n\n<p><i class=\"fa fa-bicycle\"><\/i> &nbsp;Bike rental<\/p>\n\n\n\n<p><i class=\"fa fa-tshirt\"><\/i> &nbsp;Laundry with washing machines and dryers*.<\/p>\n\n\n\n<p><i class=\"fa fa-baby-carriage\"><\/i> &nbsp; Baby kit rental <\/p>\n\n\n\n<p><i class=\"fa fa-bed\"> <\/i> &nbsp;Sheet rental kits (pillowcase and sheets)<\/p>\n\n\n\n<p><img loading=\"lazy\" decoding=\"async\" width=\"24\" height=\"22\" class=\"wp-image-388\" style=\"width: 24px;\" src=\"https:\/\/www.mirabel-baiedecayola.com\/wp-content\/uploads\/2021\/12\/fer-a-repasser.jpg\" alt=\"iron loan\"> Loan of iron<\/p>\n\n\n\n<p><img decoding=\"async\" class=\"wp-image-4788\" style=\"width: 24px;\" src=\"https:\/\/www.mirabel-baiedecayola.com\/wp-content\/uploads\/2022\/02\/seche-cheveux.png\" alt=\"hairdryer loan\"> Hair dryer loan<\/p>\n<\/div>\n\n\n\n<p>*Paying: voi<em>r option prices on the <a href=\"https:\/\/mirabel-baiedecayola.com\/en\/location-mobil-homes-vendee\/#options\">accommodations<\/a><\/em><\/p>\n<\/div>\n\n\n\n<div class=\"wp-block-column is-vertically-aligned-center is-layout-flow wp-block-column-is-layout-flow\" style=\"flex-basis:60%\">\n<p class=\"texte-rond has-orange-color has-text-color has-large-font-size\" id=\"les-services-a-proximite-du-camping\">Appointment at reception<\/p>\n\n\n\n<p>Depending on opening times in low and high season, we'll take care of you for the duration of your stay. Come and take<strong> tourist information<\/strong> about leisure activities, sightseeing, beaches and everything else you can do in the region. <a href=\"https:\/\/mirabel-baiedecayola.com\/en\/camping-les-sables-dolonne\/\">Sables d'Olonne<\/a> and in <a href=\"https:\/\/mirabel-baiedecayola.com\/en\/camping-vendee-tourisme\/\">Vend\u00e9e<\/a>. You can also buy postcards &amp; stamps to write a note to grandma and grandpa, some convenience products at the\u2019<strong>grocery store<\/strong> or takeaway ice creams. <\/p>\n\n\n\n<p>In summer, remember to <strong>your breakfast<\/strong> Order your bread the day before (before 5:15pm) and pick it up when reception opens the next morning.<\/p>\n\n\n\n<p>The campsite also lends out board games and <strong>outdoor games<\/strong> like ping-pong rackets, Finnish skittles (m\u00f6lkky) or Breton shuffleboard, so come and see us!<\/p>\n\n\n\n<h2 class=\"wp-block-heading\">Bicycle rental<\/h2>\n\n\n\n<p>From early May, bikes can also be hired from the campsite reception. Let's go for a ride along the wild coast on the&nbsp;<strong>cycle path alongside the campsite&nbsp;<\/strong>the&nbsp;<a href=\"https:\/\/www.lavelodyssee.com\/\" target=\"_blank\" rel=\"noreferrer noopener\">V\u00e9lodyss\u00e9e<\/a>. To find out how much bike hire and accessories cost, please contact us.<\/p>\n\n\n\n<figure class=\"wp-block-image size-full\"><img loading=\"lazy\" decoding=\"async\" width=\"600\" height=\"450\" src=\"https:\/\/www.mirabel-baiedecayola.com\/wp-content\/uploads\/2023\/02\/Location-velos-camping-service-2.jpg\" alt=\"bike rental service camping\" class=\"wp-image-11922\" srcset=\"https:\/\/mirabel-baiedecayola.com\/wp-content\/uploads\/2023\/02\/Location-velos-camping-service-2.jpg 600w, https:\/\/mirabel-baiedecayola.com\/wp-content\/uploads\/2023\/02\/Location-velos-camping-service-2-300x225.jpg 300w\" sizes=\"auto, (max-width: 600px) 100vw, 600px\" \/><\/figure>\n<\/div>\n<\/div>\n\n\n\n<div class=\"wp-block-group card card-body border border-info is-layout-constrained wp-block-group-is-layout-constrained\">\n<p class=\"has-text-align-center has-medium-font-size\"><strong>Focus on the digital welcome booklet<\/strong><br><img loading=\"lazy\" decoding=\"async\" width=\"49\" height=\"6\" class=\"wp-image-4323\" style=\"width: 49px;\" src=\"https:\/\/www.mirabel-prairiesdelamer.com\/wp-content\/uploads\/2021\/12\/barre-camping.png\" alt=\"\"><\/p>\n\n\n\n<p>Visit <strong>all the information you need<\/strong> to your stay at our campsite: pool times, summer entertainment schedule, ideas for visits around Les Sables d'Olonne, arrival and departure times for rentals, evening events... online.<\/p>\n\n\n\n<p class=\"has-text-align-center\"><a href=\"https:\/\/notre.guide\/labaiedecayola\/\" target=\"_blank\" rel=\"noopener\" data-wplink-edit=\"true\"><i class=\"far fa-hand-point-right\"> To find out more, click here.<\/i><\/a><\/p>\n\n\n\n<p>At Camping Mirabel La Baie de Cayola, we would like to take this opportunity to thank you for your support. <strong>committed to the planet<\/strong> while keeping you as informed as possible. That's why we<strong> reduce printing<\/strong> paper and introduced the<strong> digital guide.<\/strong> This web application is totally free and can be accessed from your smartphone, tablet or computer. <\/p>\n<\/div>\n\n\n\n<p class=\"has-text-align-center texte-rond mt-5 has-large-font-size\">Discover the campsite<\/p>\n\n\n\n<div class=\"wp-block-columns h-20 front-page-section grey is-layout-flex wp-container-core-columns-is-layout-28f84493 wp-block-columns-is-layout-flex\">\n<div class=\"wp-block-column is-layout-flow wp-block-column-is-layout-flow\"><\/div>\n\n\n\n<div class=\"wp-block-column is-layout-flow wp-block-column-is-layout-flow\">\n<div class=\"wp-block-create-block-sevgutenberg-navigation\"><aside class=\"encart-sev-navigation small carre\"><a href=\"https:\/\/mirabel-baiedecayola.com\/en\/campsite-vendee-indoor-heated-pool\/\" class=\"d-flex flex-column align-items-center\"><div class=\"encart-title\"><span>Aquatic area<\/span><\/div><div class=\"vague\"><\/div><img decoding=\"async\" src=\"https:\/\/www.mirabel-baiedecayola.com\/wp-content\/uploads\/2022\/04\/Cayola-piscines-toboggans-1200px.jpg\" alt=\"**** campsite in Les Sables d&#039;Olonne, Vend\u00e9e\"\/><div class=\"ligne\"><\/div><div class=\"hover\"><\/div><\/a><\/aside><\/div>\n<\/div>\n\n\n\n<div class=\"wp-block-column is-layout-flow wp-block-column-is-layout-flow\">\n<div class=\"wp-block-create-block-sevgutenberg-navigation\"><aside class=\"encart-sev-navigation small carre\"><a href=\"https:\/\/mirabel-baiedecayola.com\/en\/apartment-rental-les-sables-d-olonne\/\" class=\"d-flex flex-column align-items-center\"><div class=\"encart-title\"><span>The apartments<\/span><\/div><div class=\"vague\"><\/div><img decoding=\"async\" src=\"https:\/\/mirabel-baiedecayola.com\/wp-content\/uploads\/2023\/04\/chambre-couple-sables-olonne.jpg\" alt=\"double room with king-size bed for a couple&#039;s stay in Les Sables d&#039;Olonne\"\/><div class=\"ligne\"><\/div><div class=\"hover\"><\/div><\/a><\/aside><\/div>\n<\/div>\n\n\n\n<div class=\"wp-block-column is-layout-flow wp-block-column-is-layout-flow\">\n<div class=\"wp-block-create-block-sevgutenberg-navigation\"><aside class=\"encart-sev-navigation small carre\"><a href=\"https:\/\/mirabel-baiedecayola.com\/en\/events-july-august\/\" class=\"d-flex flex-column align-items-center\"><div class=\"encart-title\"><span>Entertainment<\/span><\/div><div class=\"vague\"><\/div><img decoding=\"async\" src=\"https:\/\/www.mirabel-baiedecayola.com\/wp-content\/uploads\/2022\/04\/HEADER_ANIMATION_OLYMPIADES_CAYOLA-1.jpg\" alt=\"entertainment at the campsite in vendee\"\/><div class=\"ligne\"><\/div><div class=\"hover\"><\/div><\/a><\/aside><\/div>\n<\/div>\n\n\n\n<div class=\"wp-block-column is-layout-flow wp-block-column-is-layout-flow\"><\/div>\n<\/div>\n\n\n\n<figure class=\"wp-block-image aligncenter size-large is-resized mt-5\"><img decoding=\"async\" src=\"https:\/\/www.mirabel-baiedecayola.com\/wp-content\/uploads\/2022\/01\/photo-1024x84.png\" alt=\"photo gallery\" class=\"wp-image-2371\" style=\"width:768px;height:63px\"\/><\/figure>\n\n\n\t\t\t<div id=\"sevgallery-1893628233\" class=\"sev-diaporama sev-diaporama-portfolio\">\r\n\t\t\t\t<div class=\"row\">\r\n\r\n\t\t\t\t\t\r\n\t\t\t\t\t\t\r\n\t\t\t\t\t\t<div class=\"sev-diaporama-portfolio-item   btnseeall btnseeall-xl col-12 col-md  col-grow\">\r\n\t\t\t\t\t\t\t<a href=\"https:\/\/mirabel-baiedecayola.com\/wp-content\/uploads\/2023\/04\/location-velo-camping-Cayola-1024x683.jpg\" data-lightbox=\"sevgallery-1893628233\" style=\"background-image: url(https:\/\/mirabel-baiedecayola.com\/wp-content\/uploads\/2023\/04\/location-velo-camping-Cayola-1024x683.jpg)\">\r\n\t\t\t\t\t\t\t\t<img decoding=\"async\" src=\"https:\/\/mirabel-baiedecayola.com\/wp-content\/uploads\/2023\/04\/location-velo-camping-Cayola-1024x683.jpg\" alt=\"bike rental at a campsite in Vend\u00e9e\" loading=\"lazy\">\r\n\t\t\t\t\t\t\t\t\t\t\t\t\t\t\t<\/a>\r\n\t\t\t\t\t\t<\/div>\r\n\r\n\t\t\t\t\t\t\r\n\t\t\t\t\t\t\t\t\t\t\t\t\t\t\t\t\t\r\n\t\t\t\t\t\t\r\n\t\t\t\t\t\t<div class=\"sev-diaporama-portfolio-item   btnseeall btnseeall-xl col-12 col-md  col-grow\">\r\n\t\t\t\t\t\t\t<a href=\"https:\/\/mirabel-baiedecayola.com\/wp-content\/uploads\/2025\/11\/web-piste-cyclable-vendee.jpg\" data-lightbox=\"sevgallery-1893628233\" style=\"background-image: url(https:\/\/mirabel-baiedecayola.com\/wp-content\/uploads\/2025\/11\/web-piste-cyclable-vendee.jpg)\">\r\n\t\t\t\t\t\t\t\t<img decoding=\"async\" src=\"https:\/\/mirabel-baiedecayola.com\/wp-content\/uploads\/2025\/11\/web-piste-cyclable-vendee.jpg\" alt=\"cycle path sables d&#039;olonne camping la baie de cayola\" loading=\"lazy\">\r\n\t\t\t\t\t\t\t\t\t\t\t\t\t\t\t<\/a>\r\n\t\t\t\t\t\t<\/div>\r\n\r\n\t\t\t\t\t\t\r\n\t\t\t\t\t\t\t\t\t\t\t\t\t\t\t\t\t\r\n\t\t\t\t\t\t\r\n\t\t\t\t\t\t<div class=\"sev-diaporama-portfolio-item   btnseeall btnseeall-xl col-12 col-md  col-grow\">\r\n\t\t\t\t\t\t\t<a href=\"https:\/\/mirabel-baiedecayola.com\/wp-content\/uploads\/2024\/01\/vacances-velo-sables-olonne-1024x683.jpg\" data-lightbox=\"sevgallery-1893628233\" style=\"background-image: url(https:\/\/mirabel-baiedecayola.com\/wp-content\/uploads\/2024\/01\/vacances-velo-sables-olonne-1024x683.jpg)\">\r\n\t\t\t\t\t\t\t\t<img decoding=\"async\" src=\"https:\/\/mirabel-baiedecayola.com\/wp-content\/uploads\/2024\/01\/vacances-velo-sables-olonne-1024x683.jpg\" alt=\"Cycling vacations on a campsite along the V\u00e9lodyss\u00e9e\" loading=\"lazy\">\r\n\t\t\t\t\t\t\t\t\t\t\t\t\t\t\t<\/a>\r\n\t\t\t\t\t\t<\/div>\r\n\r\n\t\t\t\t\t\t\r\n\t\t\t\t\t\t\t\t\t\t\t\t\t\t\t\t\t\r\n\t\t\t\t\t\t\r\n\t\t\t\t\t\t<div class=\"sev-diaporama-portfolio-item   btnseeall btnseeall-xl col-12 col-md  col-shrink\">\r\n\t\t\t\t\t\t\t<a href=\"https:\/\/mirabel-baiedecayola.com\/wp-content\/uploads\/2024\/01\/cayola-aire-de-jeux-enfants-1024x681.jpg\" data-lightbox=\"sevgallery-1893628233\" style=\"background-image: url(https:\/\/mirabel-baiedecayola.com\/wp-content\/uploads\/2024\/01\/cayola-aire-de-jeux-enfants-1024x681.jpg)\">\r\n\t\t\t\t\t\t\t\t<img decoding=\"async\" src=\"https:\/\/mirabel-baiedecayola.com\/wp-content\/uploads\/2024\/01\/cayola-aire-de-jeux-enfants-1024x681.jpg\" alt=\"camping with a playground for children, slide,\" loading=\"lazy\">\r\n\t\t\t\t\t\t\t\t\t\t\t\t\t\t\t<\/a>\r\n\t\t\t\t\t\t<\/div>\r\n\r\n\t\t\t\t\t\t\t\t\t\t\t\t\t<div class=\"w-100\"><\/div>\r\n\t\t\t\t\t\t\t\t\t\t\t\t\t\r\n\t\t\t\t\t\t\t\t\t\t\t\t\t\t\t\t\t\r\n\t\t\t\t\t\t\r\n\t\t\t\t\t\t<div class=\"sev-diaporama-portfolio-item   btnseeall btnseeall-xl col-12 col-md\">\r\n\t\t\t\t\t\t\t<a href=\"https:\/\/mirabel-baiedecayola.com\/wp-content\/uploads\/2022\/04\/allee-velo-cayola-1024x681.jpg\" data-lightbox=\"sevgallery-1893628233\" style=\"background-image: url(https:\/\/mirabel-baiedecayola.com\/wp-content\/uploads\/2022\/04\/allee-velo-cayola-1024x681.jpg)\">\r\n\t\t\t\t\t\t\t\t<img decoding=\"async\" src=\"https:\/\/mirabel-baiedecayola.com\/wp-content\/uploads\/2022\/04\/allee-velo-cayola-1024x681.jpg\" alt=\"Quiet campsite lane in Les Sables d&#039;Olonne in Vend\u00e9e\" loading=\"lazy\">\r\n\t\t\t\t\t\t\t\t\t\t\t\t\t\t\t<\/a>\r\n\t\t\t\t\t\t<\/div>\r\n\r\n\t\t\t\t\t\t\r\n\t\t\t\t\t\t\t\t\t\t\t\t\t\t\t\t\t\r\n\t\t\t\t\t\t\r\n\t\t\t\t\t\t<div class=\"sev-diaporama-portfolio-item   btnseeall btnseeall-xl col-12 col-md\">\r\n\t\t\t\t\t\t\t<a href=\"https:\/\/mirabel-baiedecayola.com\/wp-content\/uploads\/2025\/04\/recharger-sa-voiture-au-camping.jpg\" data-lightbox=\"sevgallery-1893628233\" style=\"background-image: url(https:\/\/mirabel-baiedecayola.com\/wp-content\/uploads\/2025\/04\/recharger-sa-voiture-au-camping.jpg)\">\r\n\t\t\t\t\t\t\t\t<img decoding=\"async\" src=\"https:\/\/mirabel-baiedecayola.com\/wp-content\/uploads\/2025\/04\/recharger-sa-voiture-au-camping.jpg\" alt=\"electric car recharging at the Les Sables d&#039;Olonne campsite terminal\" loading=\"lazy\">\r\n\t\t\t\t\t\t\t\t\t\t\t\t\t\t\t<\/a>\r\n\t\t\t\t\t\t<\/div>\r\n\r\n\t\t\t\t\t\t\r\n\t\t\t\t\t\t\t\t\t\t\t\t\t\t\t\t\t\r\n\t\t\t\t\t\t\r\n\t\t\t\t\t\t<div class=\"sev-diaporama-portfolio-item   btnseeall btnseeall-xl col-12 col-md  col-shrink\">\r\n\t\t\t\t\t\t\t<a href=\"https:\/\/mirabel-baiedecayola.com\/wp-content\/uploads\/2024\/01\/piscine-exterieure-transats-parasols-1024x768.jpg\" data-lightbox=\"sevgallery-1893628233\" style=\"background-image: url(https:\/\/mirabel-baiedecayola.com\/wp-content\/uploads\/2024\/01\/piscine-exterieure-transats-parasols-1024x768.jpg)\">\r\n\t\t\t\t\t\t\t\t<img decoding=\"async\" src=\"https:\/\/mirabel-baiedecayola.com\/wp-content\/uploads\/2024\/01\/piscine-exterieure-transats-parasols-1024x768.jpg\" alt=\"Outdoor pool with sun loungers and umbrellas at Camping des Sables d&#039;Olonne\" loading=\"lazy\">\r\n\t\t\t\t\t\t\t\t\t\t\t\t\t\t\t<\/a>\r\n\t\t\t\t\t\t<\/div>\r\n\r\n\t\t\t\t\t\t\r\n\t\t\t\t\t\t\t\t\t\t\t\t\t\t\t\t\t\r\n\t\t\t\t\t\t\r\n\t\t\t\t\t\t<div class=\"sev-diaporama-portfolio-item  limitsm btnseeall btnseeall-xl col-12 col-md  col-shrink last-visible\">\r\n\t\t\t\t\t\t\t<a href=\"https:\/\/mirabel-baiedecayola.com\/wp-content\/uploads\/2022\/04\/TOURNOIS_PETANQUE_1-1024x683.jpg\" data-lightbox=\"sevgallery-1893628233\" style=\"background-image: url(https:\/\/mirabel-baiedecayola.com\/wp-content\/uploads\/2022\/04\/TOURNOIS_PETANQUE_1-1024x683.jpg)\">\r\n\t\t\t\t\t\t\t\t<img decoding=\"async\" src=\"https:\/\/mirabel-baiedecayola.com\/wp-content\/uploads\/2022\/04\/TOURNOIS_PETANQUE_1-1024x683.jpg\" alt=\"daytime entertainment at the campsite\" loading=\"lazy\">\r\n\t\t\t\t\t\t\t\t\t\t\t\t\t\t\t\t\t<img decoding=\"async\" src=\"https:\/\/mirabel-baiedecayola.com\/wp-content\/themes\/mirabel-site\/assets\/img\/voir-photos.png\" alt=\"\" \/>\r\n\t\t\t\t\t\t\t\t\t<span>See all photos<\/span>\r\n\t\t\t\t\t\t\t\t\t\t\t\t\t\t\t<\/a>\r\n\t\t\t\t\t\t<\/div>\r\n\r\n\t\t\t\t\t\t\t\t\t\t\t\t\t<div class=\"w-100\"><\/div>\r\n\t\t\t\t\t\t\t\t\t\t\t\t\t\r\n\t\t\t\t\t\t\t\t\t\t\t\t\t\t\t\t\t\t\t\t\t<\/div>\r\n\t\t\t<\/div>\r\n\r\n\t\t\t<script>\r\n\t\t\tjQuery(function($) {\r\n\r\n\t\t\t\tvar marginPortfolio = function() {\r\n\r\n\t\t\t\t\tvar $diapo          = $('#sevgallery-1893628233');\r\n\t\t\t\t\tvar container_width = $diapo.parent().outerWidth();\r\n\t\t\t\t\tvar side            = ( $(window).innerWidth() - container_width ) \/ 2;\r\n\r\n\t\t\t\t\t$diapo.css( {\r\n\t\t\t\t\t\t'margin-left': '-' + side + 'px',\r\n\t\t\t\t\t\t'margin-right': '-' + side + 'px',\r\n\t\t\t\t\t} );\r\n\t\t\t\t};\r\n\r\n\t\t\t\t$( window ).resize( function() {\r\n\t\t\t\t\tmarginPortfolio();\r\n\t\t\t\t} );\r\n\t\t\t\tmarginPortfolio();\r\n\t\t\t});\r\n\t\t\t<\/script>\r\n\t\t\t\n\n\n\n<p><\/p>","protected":false},"excerpt":{"rendered":"<p>De multiples services dans votre camping 4 \u00e9toiles en Vend\u00e9e Sur place ou \u00e0 proximit\u00e9, le camping propose plusieurs services [&hellip;]<\/p>\n","protected":false},"author":3,"featured_media":0,"parent":0,"menu_order":0,"comment_status":"closed","ping_status":"closed","template":"","meta":{"_seopress_robots_primary_cat":"","_seopress_titles_title":"Les services du camping 4 \u00e9toiles aux Sables d'Olonne - Vend\u00e9e","_seopress_titles_desc":"Sur place : location de v\u00e9lo, draps, kit b\u00e9b\u00e9, petite \u00e9picerie, bar et snack l'\u00e9t\u00e9, tout est pr\u00e9vu pour vos vacances au camping Mirabel La Baie de Cayola.","_seopress_robots_index":"","footnotes":""},"class_list":["post-48","page","type-page","status-publish","hentry"],"_links":{"self":[{"href":"https:\/\/mirabel-baiedecayola.com\/en\/wp-json\/wp\/v2\/pages\/48","targetHints":{"allow":["GET"]}}],"collection":[{"href":"https:\/\/mirabel-baiedecayola.com\/en\/wp-json\/wp\/v2\/pages"}],"about":[{"href":"https:\/\/mirabel-baiedecayola.com\/en\/wp-json\/wp\/v2\/types\/page"}],"author":[{"embeddable":true,"href":"https:\/\/mirabel-baiedecayola.com\/en\/wp-json\/wp\/v2\/users\/3"}],"replies":[{"embeddable":true,"href":"https:\/\/mirabel-baiedecayola.com\/en\/wp-json\/wp\/v2\/comments?post=48"}],"version-history":[{"count":64,"href":"https:\/\/mirabel-baiedecayola.com\/en\/wp-json\/wp\/v2\/pages\/48\/revisions"}],"predecessor-version":[{"id":17503,"href":"https:\/\/mirabel-baiedecayola.com\/en\/wp-json\/wp\/v2\/pages\/48\/revisions\/17503"}],"wp:attachment":[{"href":"https:\/\/mirabel-baiedecayola.com\/en\/wp-json\/wp\/v2\/media?parent=48"}],"curies":[{"name":"wp","href":"https:\/\/api.w.org\/{rel}","templated":true}]}}