{"id":77,"date":"2021-12-10T14:28:16","date_gmt":"2021-12-10T13:28:16","guid":{"rendered":"https:\/\/www.campinglarenaudiere.com\/?page_id=77"},"modified":"2024-04-08T17:31:27","modified_gmt":"2024-04-08T15:31:27","slug":"camping-vendee","status":"publish","type":"page","link":"https:\/\/mirabel-baiedecayola.com\/en\/camping-vendee\/","title":{"rendered":"Access"},"content":{"rendered":"<h1 class=\"wp-block-heading\" id=\"acces\">Coming to camping La Baie de Cayola<\/h1>\n\n\n\n<p class=\"has-text-align-center\">Camping Mirabel La Baie de Cayola is located in the Vend\u00e9e (85) in the Pays-de-Loire region, in Les Sables d'Olonne, on the wild coast.<br><strong>GPS coordinates :<\/strong>&nbsp;Latitude 46.464990; Longitude -1.726385<\/p>\n\n\n\n<div class=\"wp-block-group is-layout-flow wp-block-group-is-layout-flow\">\n<figure class=\"wp-block-image aligncenter size-full is-resized\"><img decoding=\"async\" src=\"https:\/\/www.mirabel-baiedecayola.com\/wp-content\/uploads\/2022\/01\/barre-bleue.png\" alt=\"\" class=\"wp-image-2382\" style=\"width:50px;height:8px\"\/><\/figure>\n<\/div>\n\n\n\n<div class=\"wp-block-columns is-layout-flex wp-container-core-columns-is-layout-28f84493 wp-block-columns-is-layout-flex\">\n<div class=\"wp-block-column is-vertically-aligned-center is-layout-flow wp-block-column-is-layout-flow\" style=\"flex-basis:40%\">\n<div style=\"height:21px\" aria-hidden=\"true\" class=\"wp-block-spacer\"><\/div>\n\n\n\n<div class=\"wp-block-group border border-info card pt-4 is-layout-flow wp-block-group-is-layout-flow\">\n<div class=\"wp-block-group is-layout-flow wp-block-group-is-layout-flow\">\n<p class=\"has-text-align-center\"><strong><strong>Camping la Baie de Cayola<\/strong> <br><\/strong>17 Promenade de Cayola<br>85180 Le Ch\u00e2teau d'Olonne<\/p>\n<\/div>\n\n\n\n<div style=\"height:15px\" aria-hidden=\"true\" class=\"wp-block-spacer\"><\/div>\n\n\n\n<p class=\"has-text-align-center\"><strong>Next to the campsite:<\/strong> <br>Le Ch\u00e2teau d'Olonne - 6.5 km<br>Les Sables d'Olonne - 10 km<br>Les Sables d'Olonne train station - 6.5 km<\/p>\n\n\n\n<div class=\"wp-block-buttons is-horizontal is-content-justification-center is-layout-flex wp-container-core-buttons-is-layout-03627597 wp-block-buttons-is-layout-flex\">\n<div class=\"wp-block-button\"><a class=\"wp-block-button__link has-turquoise-background-color has-background wp-element-button\" href=\"https:\/\/mirabel-baiedecayola.com\/en\/camping-vendee-contact\/\">Contact<\/a><\/div>\n<\/div>\n\n\n\n<div style=\"height:11px\" aria-hidden=\"true\" class=\"wp-block-spacer\"><\/div>\n<\/div>\n\n\n\n<div style=\"height:27px\" aria-hidden=\"true\" class=\"wp-block-spacer\"><\/div>\n<\/div>\n\n\n\n<div class=\"wp-block-column is-layout-flow wp-block-column-is-layout-flow\" style=\"flex-basis:60%\">\n<div style=\"height:30px\" aria-hidden=\"true\" class=\"wp-block-spacer\"><\/div>\n\n\n\n<iframe src=\"https:\/\/www.google.com\/maps\/embed?pb=!1m14!1m8!1m3!1d2748.233121807482!2d-1.729481!3d46.4638902!3m2!1i1024!2i768!4f13.1!3m3!1m2!1s0x480468ff4f2d604d%3A0x913174948b4a31fe!2sDomaine%20R%C3%A9sidentiel%20La%20Baie%20de%20Cayola!5e0!3m2!1sfr!2sfr!4v1649665621197!5m2!1sfr!2sfr\" width=\"100%\" height=\"350\" style=\"border:0;\" allowfullscreen=\"\" loading=\"lazy\" referrerpolicy=\"no-referrer-when-downgrade\"><\/iframe>\n<\/div>\n<\/div>\n\n\n\n<figure class=\"wp-block-image alignright size-full is-resized\"><img loading=\"lazy\" decoding=\"async\" width=\"320\" height=\"329\" src=\"https:\/\/www.mirabel-baiedecayola.com\/wp-content\/uploads\/2022\/01\/etoile.png\" alt=\"\" class=\"wp-image-2111\" style=\"width:160px;height:165px\" srcset=\"https:\/\/mirabel-baiedecayola.com\/wp-content\/uploads\/2022\/01\/etoile.png 320w, https:\/\/mirabel-baiedecayola.com\/wp-content\/uploads\/2022\/01\/etoile-292x300.png 292w\" sizes=\"auto, (max-width: 320px) 100vw, 320px\" \/><\/figure>\n\n\n\n<p class=\"texte-rond has-orange-color has-text-color has-large-font-size\">Our itinerary tips for coming to La Baie de Cayola<\/p>\n\n\n\n<p><strong>From Paris (4h30) :<\/strong> A10 then A11 - On the A10 (34 km) towards Nantes - Join the A11 for 232 km towards Nantes - Join the A87 for 142 km towards Niort\/ La Roche sur Yon - Take exit 14 then continue on the D160 (24 km) towards Ch\u00e2teau d'Olonne then the D32a - Then the D32b to the campsite (entrance on your left).<\/p>\n\n\n\n<p><strong>From Nantes (1h24) :<\/strong> Take the A87 towards Les Sables d'Olonne (via Saint-S\u00e9bastien-sur-Loire) - Stay on the A87 for 36 km - Take exit 33 towards La Roche sur Yon - Continue on the D160 for 24 km to Ch\u00e2teau d'Olonne<\/p>\n\n\n\n<p><strong>From La Rochelle (1h30) :<\/strong> Take the D105 towards the D10 at Villedoux - Then continue on the D9, D10a, D137 to the D949 - On the D949 head towards Les Sables d'Olonne on the D32a - Continue on the D32b to the campsite.<\/p>\n\n\n\n<p><strong>If you wish to come by train :<\/strong> TGV from Paris (Gare de l'Est) - 3h30 to Les Sables d'Olonne station<\/p>\n\n\n\n<p><strong>By plane :<\/strong> Paris Orly Sud \/ Nantes airport then La Lande aerodrome at Ch\u00e2teau d'Olonne<\/p>\n\n\n\n<p><strong>GPS coordinates :<\/strong><br>Latitude: 46.464645 - Longitude: -1.727554<\/p>\n\n\n\n<p class=\"has-text-align-center texte-rond mt-5 has-large-font-size\">Discover the campsite<\/p>\n\n\n\n<div class=\"wp-block-columns are-vertically-aligned-center h-20 front-page-section grey is-layout-flex wp-container-core-columns-is-layout-28f84493 wp-block-columns-is-layout-flex\">\n<div class=\"wp-block-column is-layout-flow wp-block-column-is-layout-flow\"><\/div>\n\n\n\n<div class=\"wp-block-column is-layout-flow wp-block-column-is-layout-flow\">\n<div class=\"wp-block-create-block-sevgutenberg-navigation\"><aside class=\"encart-sev-navigation small carre\"><a href=\"https:\/\/mirabel-baiedecayola.com\/en\/camping-vendee-contact\/\" class=\"d-flex flex-column align-items-center\"><div class=\"encart-title\"><span>Contact<\/span><\/div><div class=\"vague\"><\/div><img decoding=\"async\" src=\"https:\/\/www.mirabel-baiedecayola.com\/wp-content\/uploads\/2022\/04\/accueil-reception-vacanciers.jpg\" alt=\"accueil camping ***\"\/><div class=\"ligne\"><\/div><div class=\"hover\"><\/div><\/a><\/aside><\/div>\n<\/div>\n\n\n\n<div class=\"wp-block-column is-layout-flow wp-block-column-is-layout-flow\">\n<div class=\"wp-block-create-block-sevgutenberg-navigation\"><aside class=\"encart-sev-navigation small carre\"><a href=\"https:\/\/mirabel-baiedecayola.com\/en\/camping-les-sables-dolonne\/\" class=\"d-flex flex-column align-items-center\"><div class=\"encart-title\"><span>Les Sables d'Olonne<\/span><\/div><div class=\"vague\"><\/div><img decoding=\"async\" src=\"https:\/\/www.mirabel-baiedecayola.com\/wp-content\/uploads\/2022\/04\/restaurant-sur-la-plage-sables-dolonne.jpg\" alt=\"beachside restaurant bar in sables d&#039;olonne\"\/><div class=\"ligne\"><\/div><div class=\"hover\"><\/div><\/a><\/aside><\/div>\n<\/div>\n\n\n\n<div class=\"wp-block-column is-layout-flow wp-block-column-is-layout-flow\">\n<div class=\"wp-block-create-block-sevgutenberg-navigation\"><aside class=\"encart-sev-navigation small carre\"><a href=\"https:\/\/mirabel-baiedecayola.com\/en\/experiences\/\" class=\"d-flex flex-column align-items-center\"><div class=\"encart-title\"><span>Experiences<\/span><\/div><div class=\"vague\"><\/div><img decoding=\"async\" src=\"https:\/\/www.mirabel-baiedecayola.com\/wp-content\/uploads\/2022\/04\/huitre-degustation-aperitif2.jpg\" alt=\"Vend\u00e9e gastronomy\"\/><div class=\"ligne\"><\/div><div class=\"hover\"><\/div><\/a><\/aside><\/div>\n<\/div>\n\n\n\n<div class=\"wp-block-column is-layout-flow wp-block-column-is-layout-flow\"><\/div>\n<\/div>","protected":false},"excerpt":{"rendered":"<p>Venir au camping La Baie de Cayola Le camping Mirabel La Baie de Cayola, est situ\u00e9 en Vend\u00e9e (85) en [&hellip;]<\/p>\n","protected":false},"author":3,"featured_media":0,"parent":0,"menu_order":0,"comment_status":"closed","ping_status":"closed","template":"","meta":{"_seopress_robots_primary_cat":"","_seopress_titles_title":"Acc\u00e8s au Camping La Baie de Cayola aux Sables d'Olonne","_seopress_titles_desc":"Carte de situation et itin\u00e9raires conseill\u00e9s pour venir au camping Mirabel La Baie de Cayola, situ\u00e9 aux Sables d'Olonne en Vend\u00e9e.","_seopress_robots_index":"","footnotes":""},"class_list":["post-77","page","type-page","status-publish","hentry"],"_links":{"self":[{"href":"https:\/\/mirabel-baiedecayola.com\/en\/wp-json\/wp\/v2\/pages\/77","targetHints":{"allow":["GET"]}}],"collection":[{"href":"https:\/\/mirabel-baiedecayola.com\/en\/wp-json\/wp\/v2\/pages"}],"about":[{"href":"https:\/\/mirabel-baiedecayola.com\/en\/wp-json\/wp\/v2\/types\/page"}],"author":[{"embeddable":true,"href":"https:\/\/mirabel-baiedecayola.com\/en\/wp-json\/wp\/v2\/users\/3"}],"replies":[{"embeddable":true,"href":"https:\/\/mirabel-baiedecayola.com\/en\/wp-json\/wp\/v2\/comments?post=77"}],"version-history":[{"count":32,"href":"https:\/\/mirabel-baiedecayola.com\/en\/wp-json\/wp\/v2\/pages\/77\/revisions"}],"predecessor-version":[{"id":15968,"href":"https:\/\/mirabel-baiedecayola.com\/en\/wp-json\/wp\/v2\/pages\/77\/revisions\/15968"}],"wp:attachment":[{"href":"https:\/\/mirabel-baiedecayola.com\/en\/wp-json\/wp\/v2\/media?parent=77"}],"curies":[{"name":"wp","href":"https:\/\/api.w.org\/{rel}","templated":true}]}}