{"id":8691,"date":"2022-04-11T14:52:58","date_gmt":"2022-04-11T12:52:58","guid":{"rendered":"https:\/\/www.camping-vendee-cayola.com\/?page_id=8691"},"modified":"2024-04-11T09:20:15","modified_gmt":"2024-04-11T07:20:15","slug":"culture-and-heritage","status":"publish","type":"page","link":"https:\/\/mirabel-baiedecayola.com\/en\/les-experiences\/culture-et-patrimoine\/","title":{"rendered":"Culture and Heritage Experience"},"content":{"rendered":"<h1 class=\"wp-block-heading\" id=\"vivez-l-experience-du-moyen-age\"><strong>The \u00abculture and heritage\u00bb experience in Vend\u00e9e<\/strong><\/h1>\n\n\n\n<p class=\"has-text-align-center\">The Vend\u00e9e is bursting with cultural treasures and boasts a rich and varied heritage.<\/p>\n\n\n\n<figure class=\"wp-block-image aligncenter size-full\"><img decoding=\"async\" src=\"https:\/\/www.mirabel-baiedecayola.com\/wp-content\/uploads\/2022\/01\/barre-bleue.png\" alt=\"\" class=\"wp-image-2382\"\/><\/figure>\n\n\n\n<div class=\"wp-block-media-text alignwide is-stacked-on-mobile is-image-fill\"><figure class=\"wp-block-media-text__media\" style=\"background-image:url(https:\/\/www.mirabel-baiedecayola.com\/wp-content\/uploads\/2022\/04\/visite_chateau_tiffauges28-1024x683.jpg);background-position:50% 50%\"><a href=\"https:\/\/www.mirabel-baiedecayola.com\/wp-content\/uploads\/2022\/04\/visite_chateau_tiffauges28.jpg\"><img loading=\"lazy\" decoding=\"async\" width=\"1024\" height=\"683\" src=\"https:\/\/www.mirabel-baiedecayola.com\/wp-content\/uploads\/2022\/04\/visite_chateau_tiffauges28-1024x683.jpg\" alt=\"\" class=\"wp-image-9371 size-full\" srcset=\"https:\/\/mirabel-baiedecayola.com\/wp-content\/uploads\/2022\/04\/visite_chateau_tiffauges28-1024x683.jpg 1024w, https:\/\/mirabel-baiedecayola.com\/wp-content\/uploads\/2022\/04\/visite_chateau_tiffauges28-300x200.jpg 300w, https:\/\/mirabel-baiedecayola.com\/wp-content\/uploads\/2022\/04\/visite_chateau_tiffauges28-768x512.jpg 768w, https:\/\/mirabel-baiedecayola.com\/wp-content\/uploads\/2022\/04\/visite_chateau_tiffauges28.jpg 1200w\" sizes=\"auto, (max-width: 1024px) 100vw, 1024px\" \/><\/a><\/figure><div class=\"wp-block-media-text__content\">\n<p class=\"has-medium-font-size\"><strong><strong>Castles - Back to the Middle Ages<\/strong><\/strong><\/p>\n\n\n\n<figure class=\"wp-block-image size-full\"><img decoding=\"async\" src=\"https:\/\/www.mirabel-baiedecayola.com\/wp-content\/uploads\/2022\/01\/barre-bleue.png\" alt=\"\" class=\"wp-image-2382\"\/><\/figure>\n\n\n\n<figure class=\"wp-block-image alignright size-full is-resized\"><img loading=\"lazy\" decoding=\"async\" width=\"320\" height=\"214\" src=\"https:\/\/www.mirabel-baiedecayola.com\/wp-content\/uploads\/2021\/12\/Smile.png\" alt=\"smile practical\" class=\"wp-image-1947\" style=\"width:100px\" srcset=\"https:\/\/mirabel-baiedecayola.com\/wp-content\/uploads\/2021\/12\/Smile.png 320w, https:\/\/mirabel-baiedecayola.com\/wp-content\/uploads\/2021\/12\/Smile-300x201.png 300w\" sizes=\"auto, (max-width: 320px) 100vw, 320px\" \/><\/figure>\n\n\n\n<p>Many of the Vend\u00e9e's castles have stood the test of time, bearing witness to a rich past. In our previous pages, we told you about <strong><a rel=\"noreferrer noopener\" href=\"https:\/\/chateaudetalmont.com\/\" target=\"_blank\">Talmont-Saint-Hilaire Castle<\/a><\/strong>, positioned on a rocky promontory with panoramic views over the commune. From <strong>many events<\/strong> are scheduled throughout the year, which you can do on your own or with others. But there are other equally remarkable ch\u00e2teaux to visit, such as <a rel=\"noreferrer noopener\" href=\"https:\/\/www.vendee-tourisme.com\/le-chateau-dapremont\/apremont\/pcupdl053v5049lt\" target=\"_blank\"><strong>Ch\u00e2teau d'Apremont<\/strong><\/a> which dominates the <strong>Vall\u00e9e de la Vie<\/strong>. Its 2 towers, built in the 16th century, are a reminder of the Renaissance period. Guided tours are available every day.<\/p>\n\n\n\n<p>In Tiffauges, visit the famous <strong>Gilles de Rais Castle<\/strong>, (companion in arms of <strong>Joan of Arc<\/strong> who inspired the character \u00ab&nbsp;<strong>Bluebeard<\/strong>&nbsp;\u00bbfrom Charles Perrault's fairy tales). The largest medieval fortress in the West still houses an impressive collection of working war machines.<\/p>\n<\/div><\/div>\n\n\n\n<div style=\"height:40px\" aria-hidden=\"true\" class=\"wp-block-spacer\"><\/div>\n\n\n\n<div class=\"wp-block-media-text alignwide has-media-on-the-right is-stacked-on-mobile is-image-fill front-page-section grey animate right\"><div class=\"wp-block-media-text__content\">\n<h2 class=\"wp-block-heading\">Museums to keep learning fun<\/h2>\n\n\n\n<p>Opened in 1976 by Gaston Giron, <strong>car enthusiast<\/strong> from an early age, Le <a href=\"https:\/\/www.musee-auto-vendee.com\/\" target=\"_blank\" rel=\"noreferrer noopener\"><strong>Vend\u00e9e Automobile Museum<\/strong><\/a> is located just 10 minutes from your La Baie de Cayola campsite. No fewer than 150 vehicles are on display (cars, motorcycles, etc.) dating from the late 19th century to the present day. The walls are decorated with period posters and signs to get you in the mood straight away.<\/p>\n\n\n\n<p>For <strong>painting enthusiasts,<\/strong> you can visit the Mus\u00e9e de l'Abbaye Sainte Croix. Housed in a former priory in Les Sables d'Olonne, the museum is home to modern and contemporary works of art. Paintings by such great names as Victor Bruner, Jean Dubuffer, Alberto Magnelli and Albert Marquet are on display.<\/p>\n\n\n\n<p>Less than half an hour from your vacation destination, discover the <a rel=\"noreferrer noopener\" href=\"https:\/\/www.museumducoquillage.com\/\" target=\"_blank\">Museum du Coquillage<\/a>. Nearly <strong>45,000 shells unique in Europe <\/strong>with extraordinary shapes and shimmering colors.<\/p>\n\n\n\n<p class=\"texte-rond has-orange-color has-text-color has-large-font-size\">You learn something new every day!<\/p>\n\n\n\n<p>For those interested in learning more about the history of the Vend\u00e9e, we recommend a visit to the Historial de la Vend\u00e9e. There, about<strong> 7,000 years of history<\/strong> in an architecture as surprising as it is incredible!<\/p>\n<\/div><figure class=\"wp-block-media-text__media\" style=\"background-image:url(https:\/\/www.mirabel-baiedecayola.com\/wp-content\/uploads\/2022\/04\/Historial-vendee-musee-1024x683.jpg);background-position:84% 61%\"><a href=\"https:\/\/www.mirabel-baiedecayola.com\/wp-content\/uploads\/2022\/04\/Historial-vendee-musee.jpg\"><img loading=\"lazy\" decoding=\"async\" width=\"1024\" height=\"683\" src=\"https:\/\/www.mirabel-baiedecayola.com\/wp-content\/uploads\/2022\/04\/Historial-vendee-musee-1024x683.jpg\" alt=\"\" class=\"wp-image-9364 size-full\" srcset=\"https:\/\/mirabel-baiedecayola.com\/wp-content\/uploads\/2022\/04\/Historial-vendee-musee-1024x683.jpg 1024w, https:\/\/mirabel-baiedecayola.com\/wp-content\/uploads\/2022\/04\/Historial-vendee-musee-300x200.jpg 300w, https:\/\/mirabel-baiedecayola.com\/wp-content\/uploads\/2022\/04\/Historial-vendee-musee-768x512.jpg 768w, https:\/\/mirabel-baiedecayola.com\/wp-content\/uploads\/2022\/04\/Historial-vendee-musee.jpg 1200w\" sizes=\"auto, (max-width: 1024px) 100vw, 1024px\" \/><\/a><\/figure><\/div>\n\n\n\n<div class=\"wp-block-media-text alignwide is-stacked-on-mobile is-image-fill animate left\"><figure class=\"wp-block-media-text__media\" style=\"background-image:url(https:\/\/www.mirabel-baiedecayola.com\/wp-content\/uploads\/2022\/04\/Nieul-sur-lAutise-abbaye-1024x683.jpg);background-position:50% 50%\"><a href=\"https:\/\/www.mirabel-baiedecayola.com\/wp-content\/uploads\/2022\/04\/Nieul-sur-lAutise-abbaye.jpg\"><img loading=\"lazy\" decoding=\"async\" width=\"1024\" height=\"683\" src=\"https:\/\/www.mirabel-baiedecayola.com\/wp-content\/uploads\/2022\/04\/Nieul-sur-lAutise-abbaye-1024x683.jpg\" alt=\"\" class=\"wp-image-9368 size-full\" srcset=\"https:\/\/mirabel-baiedecayola.com\/wp-content\/uploads\/2022\/04\/Nieul-sur-lAutise-abbaye-1024x683.jpg 1024w, https:\/\/mirabel-baiedecayola.com\/wp-content\/uploads\/2022\/04\/Nieul-sur-lAutise-abbaye-300x200.jpg 300w, https:\/\/mirabel-baiedecayola.com\/wp-content\/uploads\/2022\/04\/Nieul-sur-lAutise-abbaye-768x512.jpg 768w, https:\/\/mirabel-baiedecayola.com\/wp-content\/uploads\/2022\/04\/Nieul-sur-lAutise-abbaye.jpg 1200w\" sizes=\"auto, (max-width: 1024px) 100vw, 1024px\" \/><\/a><\/figure><div class=\"wp-block-media-text__content\">\n<h2 class=\"wp-block-heading\">Architecture and History - Abbeys<\/h2>\n\n\n\n<p>Between Abbeys and Priories, plunge into another era near the Bay of Cayola. Just 900 metres from the campsite is the\u2019<strong>Saint Jean d'Orbestier Abbey<\/strong>, built in the 12th century by the Duke of Aquitaine and Count of Poitou.<\/p>\n\n\n\n<p>Located in Nieul-sur-l'Autise, the\u2019<strong>Abbey of Eleanor <\/strong>is a magnificent example of architecture, which has benefited from a unique restoration. The Abbey is one of the rare monastic complexes in Poitou to have survived virtually intact, and boasts the only Romanesque cloister in the West to have been preserved in its entirety.<\/p>\n\n\n\n<p class=\"texte-rond has-orange-color has-text-color has-large-font-size\">Vend\u00e9e and its heritage: a whole history!<\/p>\n\n\n\n<p>If you like priories, then you'll be under the spell of the <a href=\"https:\/\/nossites.vendee.fr\/prieure-de-grammont\" target=\"_blank\" rel=\"noreferrer noopener\"><strong>Grammont Priory<\/strong><\/a>. Founded at the end of the 12th century under Richard the Lionheart, it is now one of the best preserved in France. You'll see some remarkable features, such as the chapel and chapter house.<\/p>\n<\/div><\/div>","protected":false},"excerpt":{"rendered":"<p>L\u2019exp\u00e9rience \u00ab&nbsp;culture et patrimoine&nbsp;\u00bb en Vend\u00e9e La Vend\u00e9e regorge de tr\u00e9sors culturels et est dot\u00e9e d\u2019un patrimoine important et vari\u00e9. [&hellip;]<\/p>\n","protected":false},"author":3,"featured_media":0,"parent":272,"menu_order":0,"comment_status":"closed","ping_status":"closed","template":"","meta":{"_seopress_robots_primary_cat":"","_seopress_titles_title":"Exp\u00e9rience Culture et Patrimoine | Vend\u00e9e","_seopress_titles_desc":"Lors de votre s\u00e9jour \u00e0 La Baie de Cayola ***, d\u00e9couvrez la richesse culturelle de la Vend\u00e9e, ch\u00e2teaux, historial de la Vend\u00e9e ou encore Abbaye","_seopress_robots_index":"","footnotes":""},"class_list":["post-8691","page","type-page","status-publish","hentry"],"_links":{"self":[{"href":"https:\/\/mirabel-baiedecayola.com\/en\/wp-json\/wp\/v2\/pages\/8691","targetHints":{"allow":["GET"]}}],"collection":[{"href":"https:\/\/mirabel-baiedecayola.com\/en\/wp-json\/wp\/v2\/pages"}],"about":[{"href":"https:\/\/mirabel-baiedecayola.com\/en\/wp-json\/wp\/v2\/types\/page"}],"author":[{"embeddable":true,"href":"https:\/\/mirabel-baiedecayola.com\/en\/wp-json\/wp\/v2\/users\/3"}],"replies":[{"embeddable":true,"href":"https:\/\/mirabel-baiedecayola.com\/en\/wp-json\/wp\/v2\/comments?post=8691"}],"version-history":[{"count":9,"href":"https:\/\/mirabel-baiedecayola.com\/en\/wp-json\/wp\/v2\/pages\/8691\/revisions"}],"predecessor-version":[{"id":16061,"href":"https:\/\/mirabel-baiedecayola.com\/en\/wp-json\/wp\/v2\/pages\/8691\/revisions\/16061"}],"up":[{"embeddable":true,"href":"https:\/\/mirabel-baiedecayola.com\/en\/wp-json\/wp\/v2\/pages\/272"}],"wp:attachment":[{"href":"https:\/\/mirabel-baiedecayola.com\/en\/wp-json\/wp\/v2\/media?parent=8691"}],"curies":[{"name":"wp","href":"https:\/\/api.w.org\/{rel}","templated":true}]}}