{"id":87,"date":"2021-12-10T14:32:29","date_gmt":"2021-12-10T13:32:29","guid":{"rendered":"https:\/\/www.campinglarenaudiere.com\/?page_id=87"},"modified":"2025-03-26T13:52:25","modified_gmt":"2025-03-26T12:52:25","slug":"legal-notice","status":"publish","type":"page","link":"https:\/\/mirabel-baiedecayola.com\/en\/mentions-legales\/","title":{"rendered":"Legal notice"},"content":{"rendered":"<h1 class=\"wp-block-heading\">Legal notice<\/h1>\n\n\n\n<div class=\"wp-block-columns is-layout-flex wp-container-core-columns-is-layout-28f84493 wp-block-columns-is-layout-flex\">\n<div class=\"wp-block-column is-layout-flow wp-block-column-is-layout-flow\">\n<h2 class=\"wp-block-heading\">Who we are<\/h2>\n\n\n\n<h3 class=\"wp-block-heading\">Publisher<\/h3>\n\n\n\n<p>CAYOLA<\/p>\n\n\n\n<p>Share capital: \u20ac80,000<br>Siret : 431 810 332 000 20<br>APE Code: 5530Z<br>RCS: La Roche-sur-Yon B 431 810 332<br>Intracommunity VAT: FR82 431810332<br>4 Star Rating<br>Head office: 17 Promenade de Cayola, 85180 LES SABLES D'OLONNE<br>Telephone number: 02 51 22 00 09<br>E-mail: cayola@mirabel-campings.com<\/p>\n\n\n\n<h3 class=\"wp-block-heading\">Publishing Director<\/h3>\n\n\n\n<p>Marion LENEVEU<\/p>\n<\/div>\n\n\n\n<div class=\"wp-block-column is-layout-flow wp-block-column-is-layout-flow\">\n<h3 class=\"wp-block-heading\">Technical &amp; Graphic Design :<\/h3>\n\n\n\n<p>SEV \/ Ouest-Communication<\/p>\n\n\n\n<p>123 bd Louis blanc, Loconum\u00e9rique Hall 2<br>85000 La Roche sur Yon<br>Tel.: 02 51 20 30 40<br>E-mail: contact@ouest-communication.com<br>Website :&nbsp;<a href=\"https:\/\/www.ouest-communication.com\/\" target=\"_blank\" rel=\"noreferrer noopener\">https:\/\/www.ouest-communication.com\/<\/a><\/p>\n\n\n\n<h3 class=\"wp-block-heading\">Site hosting :<\/h3>\n\n\n\n<p>OVH<br>2 rue Kellermann<br>59100 Roubaix<\/p>\n<\/div>\n<\/div>\n\n\n\n<h2 class=\"wp-block-heading\">Use of personal data collected<\/h2>\n\n\n\n<p>Your personal data will only be used in the context of the commercial relationship between you and the publisher \u00abCAYOLA\u00bb.<\/p>\n\n\n\n<p>Your data will not be passed on to third parties without your express consent.<\/p>\n\n\n\n<h3 class=\"wp-block-heading\">Contact forms<\/h3>\n\n\n\n<p>The information collected by the forms is recorded in a computerized file within the framework of a request for information and of the commercial relation which can ensue from it. You may exercise your right of access to your personal data by using the following form.&nbsp;<a href=\"https:\/\/mirabel-baiedecayola.com\/en\/legal-notice\/\">the appropriate form<\/a>.<\/p>\n\n\n\n<h3 class=\"wp-block-heading\">Cookies<\/h3>\n\n\n\n<p>If you leave a comment on our site, you will be asked to save your name, e-mail address and website in cookies. This is purely for your convenience, so that you don't have to enter this information if you post another comment later. These cookies expire after one year.<\/p>\n\n\n\n<p>If you have an account and log on to this site, a temporary cookie will be created to determine whether your browser accepts cookies. It contains no personal data and will be deleted automatically when you close your browser.<\/p>\n\n\n\n<p>For statistical purposes, this site uses cookies to collect information on the pages you have visited. In particular, they store anonymous information about your geographical position, your browser, etc.<\/p>\n\n\n\n<h3 class=\"wp-block-heading\">Media<\/h3>\n\n\n\n<p>If you are a registered user uploading images to the website, we advise you to avoid uploading images containing EXIF data of GPS coordinates. Visitors to your website may download and extract location data from these images.<\/p>\n\n\n\n<h3 class=\"wp-block-heading\">Embedded content from other sites<\/h3>\n\n\n\n<p>Articles on this site may include embedded content (e.g. videos, images, articles, etc.). Embedded content from other sites behaves in the same way as if the visitor were visiting that other site.<\/p>\n\n\n\n<p>These websites may collect data about you, use cookies, embed third-party tracking tools, track your interactions with these embedded contents if you have a logged-in account on their website.<\/p>\n\n\n\n<h2 class=\"wp-block-heading\">Data storage periods<\/h2>\n\n\n\n<p>If you leave a comment, the comment and its metadata are retained indefinitely. This makes it possible to automatically recognize and approve subsequent comments, rather than leaving them in the moderation queue.<\/p>\n\n\n\n<p>For users who register on our site (where possible), we also store the personal data indicated in their profile. All users can view, modify or delete their personal information at any time (with the exception of their username). Site managers can also view and modify this information.<\/p>\n\n\n\n<h2 class=\"wp-block-heading\">The rights you have over your data<\/h2>\n\n\n\n<p>If you have an account or if you have left comments on the site, you may request to receive a file containing all the personal data we hold about you, including that which you have provided to us. You can also request the deletion of your personal data. This does not include data stored for administrative, legal or security purposes.<\/p>\n\n\n\n<h2 class=\"wp-block-heading\" id=\"coordonnees-mediateur-a-la-consommation\">Consumer ombudsman contact details<\/h2>\n\n\n\n<p>In accordance with the provisions of the French Consumer Code (articles L.111-1 and L.612-1 of the Code de la Consommation) concerning the mediation process for consumer disputes, the customer has the right to free recourse to the mediation service offered by the establishment.<\/p>\n\n\n\n<h2 class=\"wp-block-heading\">Photo credits<\/h2>\n\n\n\n<p>Copyright Roland OZIEL all rights reserved photos of Vend\u00e9e <a href=\"https:\/\/www.photo-vendee.com\" target=\"_blank\" rel=\"noreferrer noopener\">https:\/\/www.photo-vendee.com<\/a><\/p>\n\n\n\n<div class=\"wp-block-columns is-layout-flex wp-container-core-columns-is-layout-28f84493 wp-block-columns-is-layout-flex\">\n<div class=\"wp-block-column is-layout-flow wp-block-column-is-layout-flow\" style=\"flex-basis:33.34%\">\n<figure class=\"wp-block-image size-full\"><a href=\"https:\/\/www.vendeecamping.com\/\" target=\"_blank\" rel=\" noreferrer noopener\"><img loading=\"lazy\" decoding=\"async\" width=\"128\" height=\"128\" src=\"https:\/\/mirabel-baiedecayola.com\/wp-content\/uploads\/2025\/02\/Vendee-Camping-128px.png\" alt=\"Campsites Vend\u00e9e\" class=\"wp-image-17067\"\/><\/a><\/figure>\n<\/div>\n\n\n\n<div class=\"wp-block-column is-layout-flow wp-block-column-is-layout-flow\" style=\"flex-basis:33.34%\">\n<figure class=\"wp-block-image size-full\"><a href=\"https:\/\/vacances-en-vendee.com\/\" target=\"_blank\" rel=\" noreferrer noopener\"><img loading=\"lazy\" decoding=\"async\" width=\"128\" height=\"128\" src=\"https:\/\/mirabel-baiedecayola.com\/wp-content\/uploads\/2025\/02\/Logo-Vacances-en-Vendee-128px.png\" alt=\"Vacances Vend\u00e9e\" class=\"wp-image-17070\"\/><\/a><\/figure>\n<\/div>\n\n\n\n<div class=\"wp-block-column is-layout-flow wp-block-column-is-layout-flow\" style=\"flex-basis:33.33%\">\n<figure class=\"wp-block-image size-full\"><a href=\"https:\/\/camping-sablesdolonne.com\/\" target=\"_blank\" rel=\" noreferrer noopener\"><img loading=\"lazy\" decoding=\"async\" width=\"128\" height=\"128\" src=\"https:\/\/mirabel-baiedecayola.com\/wp-content\/uploads\/2025\/02\/Logo-Campings-les-Sables-dOlonne-128px.png\" alt=\"Vacations Les Sables d&#039;Olonne\" class=\"wp-image-17073\"\/><\/a><\/figure>\n<\/div>\n<\/div>\n\n\n\n<p><\/p>","protected":false},"excerpt":{"rendered":"<p>Mentions l\u00e9gales Qui sommes-nous&nbsp;? \u00c9diteur CAYOLA Capital social : 80 000 \u20acSiret : 431 810 332 000 20Code APE : [&hellip;]<\/p>\n","protected":false},"author":3,"featured_media":0,"parent":0,"menu_order":0,"comment_status":"closed","ping_status":"closed","template":"","meta":{"_seopress_robots_primary_cat":"","_seopress_titles_title":"Mentions l\u00e9gales du site Web - La Baie de Cayola ****","_seopress_titles_desc":"Mentions l\u00e9gales - notre camping r\u00e9sidentiel avec ses 4 \u00e9toiles vous accueille aux Sables d'Olonne pour vos futures vacances en Vend\u00e9e.","_seopress_robots_index":"","footnotes":""},"class_list":["post-87","page","type-page","status-publish","hentry"],"_links":{"self":[{"href":"https:\/\/mirabel-baiedecayola.com\/en\/wp-json\/wp\/v2\/pages\/87","targetHints":{"allow":["GET"]}}],"collection":[{"href":"https:\/\/mirabel-baiedecayola.com\/en\/wp-json\/wp\/v2\/pages"}],"about":[{"href":"https:\/\/mirabel-baiedecayola.com\/en\/wp-json\/wp\/v2\/types\/page"}],"author":[{"embeddable":true,"href":"https:\/\/mirabel-baiedecayola.com\/en\/wp-json\/wp\/v2\/users\/3"}],"replies":[{"embeddable":true,"href":"https:\/\/mirabel-baiedecayola.com\/en\/wp-json\/wp\/v2\/comments?post=87"}],"version-history":[{"count":10,"href":"https:\/\/mirabel-baiedecayola.com\/en\/wp-json\/wp\/v2\/pages\/87\/revisions"}],"predecessor-version":[{"id":17136,"href":"https:\/\/mirabel-baiedecayola.com\/en\/wp-json\/wp\/v2\/pages\/87\/revisions\/17136"}],"wp:attachment":[{"href":"https:\/\/mirabel-baiedecayola.com\/en\/wp-json\/wp\/v2\/media?parent=87"}],"curies":[{"name":"wp","href":"https:\/\/api.w.org\/{rel}","templated":true}]}}