{"id":8716,"date":"2022-04-11T15:23:33","date_gmt":"2022-04-11T13:23:33","guid":{"rendered":"https:\/\/www.camping-vendee-cayola.com\/?page_id=8716"},"modified":"2026-03-16T15:45:59","modified_gmt":"2026-03-16T14:45:59","slug":"apartment-rental-les-sables-d-olonne","status":"publish","type":"page","link":"https:\/\/mirabel-baiedecayola.com\/en\/location-appartement-les-sables-d-olonne\/","title":{"rendered":"Apartment rental"},"content":{"rendered":"<h1 class=\"wp-block-heading\" id=\"location-de-vacances-a-ouistreham\"><strong>Apartments for rent with swimming pool in Vend\u00e9e<\/strong><\/h1>\n\n\n\n<div class=\"wp-block-media-text alignwide is-stacked-on-mobile is-image-fill-element\"><figure class=\"wp-block-media-text__media\"><img loading=\"lazy\" decoding=\"async\" width=\"683\" height=\"1024\" src=\"https:\/\/www.mirabel-baiedecayola.com\/wp-content\/uploads\/2022\/04\/vue-mer-fenetre-ocean-683x1024.jpg\" alt=\"View of the Vend\u00e9e coast from the window of the sea-view apartment in a vacation rental in Les Sables d&#039;Olonne.\" class=\"wp-image-9681 size-full\" style=\"object-position:36% 58%\" srcset=\"https:\/\/mirabel-baiedecayola.com\/wp-content\/uploads\/2022\/04\/vue-mer-fenetre-ocean-683x1024.jpg 683w, https:\/\/mirabel-baiedecayola.com\/wp-content\/uploads\/2022\/04\/vue-mer-fenetre-ocean-200x300.jpg 200w, https:\/\/mirabel-baiedecayola.com\/wp-content\/uploads\/2022\/04\/vue-mer-fenetre-ocean-768x1152.jpg 768w, https:\/\/mirabel-baiedecayola.com\/wp-content\/uploads\/2022\/04\/vue-mer-fenetre-ocean.jpg 800w\" sizes=\"auto, (max-width: 683px) 100vw, 683px\" \/><\/figure><div class=\"wp-block-media-text__content\">\n<h2 class=\"wp-block-heading\" id=\"les-mobil-homes-du-camping-les-prairies-de-la-mer\">New quality apartments at the Les Sables d'Olonne campsite&nbsp;<\/h2>\n\n\n\n<figure class=\"wp-block-image size-full\"><img decoding=\"async\" src=\"https:\/\/www.mirabel-baiedecayola.com\/wp-content\/uploads\/2022\/01\/barre-bleue.png\" alt=\"\" class=\"wp-image-2382\"\/><\/figure>\n\n\n\n<p>For your vacations, we've renovated a number of buildings and converted them into comfortable apartments. <strong>Facing the sea, with private terrace<\/strong> well exposed and with garden furniture, our apartments offer a unique experience for holidaymakers who want to take part in the life and atmosphere of the campsite while enjoying exceptional comfort. <strong>From 50m<sup>2<\/sup> at 90m<sup>2<\/sup><\/strong>, From 2-bedroom apartments to 3-bedroom duplexes accommodating up to 6 people, these 4-star furnished apartments have been tastefully designed and decorated to make you feel right at home.<\/p>\n\n\n\n<p><\/p>\n<\/div><\/div>\n\n\n\n<div style=\"height:30px\" aria-hidden=\"true\" class=\"wp-block-spacer\"><\/div>\n\n\n\n<div class=\"wp-block-columns is-layout-flex wp-container-core-columns-is-layout-28f84493 wp-block-columns-is-layout-flex\">\n<div class=\"wp-block-column is-layout-flow wp-block-column-is-layout-flow\">\n<h2 class=\"wp-block-heading\">Sea view apartments video<\/h2>\n\n\n\n<figure class=\"wp-block-image size-full\"><img decoding=\"async\" src=\"https:\/\/www.mirabel-baiedecayola.com\/wp-content\/uploads\/2022\/01\/barre-bleue.png\" alt=\"\" class=\"wp-image-2382\"\/><\/figure>\n\n\n\n<p>From the window, the sea is as far as the eye can see. At sunset, take time to admire the breathtaking orange sky from this incredible vantage point!<\/p>\n\n\n\n<p>High-quality facilities are available to enhance your vacation: <strong>fully equipped kitchen<\/strong> (oven, microwave, dishwasher, fridge-freezer) bathroom with walk-in shower, WC, living room with sofa and TV, double and single bedrooms to accommodate all your little family. We're sure you'll be looking forward to coming back for your next vacation!<\/p>\n<\/div>\n\n\n\n<div class=\"wp-block-column is-layout-flow wp-block-column-is-layout-flow\">\n<iframe loading=\"lazy\" width=\"560\" height=\"315\" src=\"https:\/\/www.youtube.com\/embed\/-On9mnbhjYM?si=Bs8IQ29HBZn3W_Uj\" title=\"YouTube video player\" frameborder=\"0\" allow=\"accelerometer; autoplay; clipboard-write; encrypted-media; gyroscope; picture-in-picture; web-share\" referrerpolicy=\"strict-origin-when-cross-origin\" allowfullscreen><\/iframe>\n<\/div>\n<\/div>\n\n\n\n<div class=\"wp-block-columns is-layout-flex wp-container-core-columns-is-layout-28f84493 wp-block-columns-is-layout-flex\">\n<div class=\"wp-block-column is-layout-flow wp-block-column-is-layout-flow\">\n<p class=\"texte-rond has-orange-color has-text-color has-large-font-size\">Put down your suitcases and simply enjoy<\/p>\n\n\n\n<p><\/p>\n\n\n<div class=\"multiple-hebergements\">\r\n<article class=\"multiple-item clearfix\">\r\n<a href=\"https:\/\/mirabel-baiedecayola.com\/en\/hebergement\/appartement-4-pers\/\">\r\n\t<div class=\"d-flex flex-column\">\r\n\t\t\r\n\t\t<div class=\"multiple-item-photo\">\r\n\t\t\t<img decoding=\"async\" src=\"https:\/\/mirabel-baiedecayola.com\/wp-content\/uploads\/2022\/04\/3A6A2294.jpg\" alt=\"4-person apartment.\">\r\n\t\t<\/div>\r\n\r\n\t\t<div class=\"multiple-item-titre\">\r\n\t\t\t4-person apartment. \r\n\r\n\t\t\t\t\t\t\t\t\t\t\t\t<\/div>\r\n\t\t\r\n\t\t<div class=\"multiple-item-desc\">\r\n\t\t\t\t\t\t\t\t\t\t\t<div class=\"multiple-item-nbchambres multiple-item-champ\">\r\n\t\t\t\t\t<span class=\"val\">2<\/span>&nbsp;\r\n\t\t\t\t\t<span class=\"lbl\">bd<\/span>\r\n\t\t\t\t<\/div>\r\n\t\t\t\r\n\t\t\t\t\t\t\t\t\t\t\t<div class=\"multiple-item-nbpersonnes multiple-item-champ\">\r\n\t\t\t\t\t<span class=\"val\">4<\/span>&nbsp;\r\n\t\t\t\t\t<span class=\"lbl\"><i class=\"fas fa-male\"><\/i><\/span>\r\n\t\t\t\t<\/div>\r\n\t\t\t\r\n\t\t\t\r\n\r\n\r\n\t\t\t\r\n\t\t\t\r\n\r\n\t\t\t\t\t\t<div class=\"multiple-item-champ\">\r\n\t\t\t\t<span class=\"lbl\">Area&nbsp;:<\/span>&nbsp;\r\n\t\t\t\t<span class=\"val\">50 m\u00b2<\/span>\r\n\t\t\t<\/div>\r\n\t\t\t\r\n\r\n\t\t\t\t\t<\/div>\r\n\r\n\r\n\t\t<button class=\"plus\">\r\n\t\t\tRead more\t\t<\/button>\r\n\r\n\t<\/div>\r\n<\/a>\r\n<\/article>\r\n\r\n<article class=\"multiple-item clearfix\">\r\n<a href=\"https:\/\/mirabel-baiedecayola.com\/en\/hebergement\/appartement-duplex-4-pers\/\">\r\n\t<div class=\"d-flex flex-column\">\r\n\t\t\r\n\t\t<div class=\"multiple-item-photo\">\r\n\t\t\t<img decoding=\"async\" src=\"https:\/\/mirabel-baiedecayola.com\/wp-content\/uploads\/2022\/04\/Cayola-location-appart-duplex-2ch-1024x493.jpg\" alt=\"Duplex apartment 4 pers.\">\r\n\t\t<\/div>\r\n\r\n\t\t<div class=\"multiple-item-titre\">\r\n\t\t\tDuplex apartment 4 pers. \r\n\r\n\t\t\t\t\t\t\t\t\t\t\t\t<\/div>\r\n\t\t\r\n\t\t<div class=\"multiple-item-desc\">\r\n\t\t\t\t\t\t\t\t\t\t\t<div class=\"multiple-item-nbchambres multiple-item-champ\">\r\n\t\t\t\t\t<span class=\"val\">2<\/span>&nbsp;\r\n\t\t\t\t\t<span class=\"lbl\">bd<\/span>\r\n\t\t\t\t<\/div>\r\n\t\t\t\r\n\t\t\t\t\t\t\t\t\t\t\t<div class=\"multiple-item-nbpersonnes multiple-item-champ\">\r\n\t\t\t\t\t<span class=\"val\">4<\/span>&nbsp;\r\n\t\t\t\t\t<span class=\"lbl\"><i class=\"fas fa-male\"><\/i><\/span>\r\n\t\t\t\t<\/div>\r\n\t\t\t\r\n\t\t\t\r\n\r\n\r\n\t\t\t\r\n\t\t\t\r\n\r\n\t\t\t\t\t\t<div class=\"multiple-item-champ\">\r\n\t\t\t\t<span class=\"lbl\">Area&nbsp;:<\/span>&nbsp;\r\n\t\t\t\t<span class=\"val\">65 m\u00b2<\/span>\r\n\t\t\t<\/div>\r\n\t\t\t\r\n\r\n\t\t\t\t\t<\/div>\r\n\r\n\r\n\t\t<button class=\"plus\">\r\n\t\t\tRead more\t\t<\/button>\r\n\r\n\t<\/div>\r\n<\/a>\r\n<\/article>\r\n\r\n<article class=\"multiple-item clearfix\">\r\n<a href=\"https:\/\/mirabel-baiedecayola.com\/en\/hebergement\/appartement-duplex-6-pers-2\/\">\r\n\t<div class=\"d-flex flex-column\">\r\n\t\t\r\n\t\t<div class=\"multiple-item-photo\">\r\n\t\t\t<img decoding=\"async\" src=\"https:\/\/mirabel-baiedecayola.com\/wp-content\/uploads\/2023\/03\/location-camping-avec-toboggan-les-sables-d-olonne.jpg\" alt=\"Duplex apartment 6 pers.\">\r\n\t\t<\/div>\r\n\r\n\t\t<div class=\"multiple-item-titre\">\r\n\t\t\tDuplex apartment 6 pers. \r\n\r\n\t\t\t\t\t\t\t\t\t\t\t\t<\/div>\r\n\t\t\r\n\t\t<div class=\"multiple-item-desc\">\r\n\t\t\t\t\t\t\t\t\t\t\t<div class=\"multiple-item-nbchambres multiple-item-champ\">\r\n\t\t\t\t\t<span class=\"val\">3<\/span>&nbsp;\r\n\t\t\t\t\t<span class=\"lbl\">bd<\/span>\r\n\t\t\t\t<\/div>\r\n\t\t\t\r\n\t\t\t\t\t\t\t\t\t\t\t<div class=\"multiple-item-nbpersonnes multiple-item-champ\">\r\n\t\t\t\t\t<span class=\"val\">6<\/span>&nbsp;\r\n\t\t\t\t\t<span class=\"lbl\"><i class=\"fas fa-male\"><\/i><\/span>\r\n\t\t\t\t<\/div>\r\n\t\t\t\r\n\t\t\t\t\t\t\t<div class=\"multiple-item-nbsdb multiple-item-champ\">\r\n\t\t\t\t\t<span class=\"val\">1<\/span>\r\n\t\t\t\t\t<span class=\"lbl\"><img decoding=\"async\" src=\"https:\/\/mirabel-baiedecayola.com\/wp-content\/themes\/mirabel-site\/assets\/img\/picto-sdb.png\"><\/span>\r\n\t\t\t\t<\/div>\r\n\t\t\t\r\n\r\n\r\n\t\t\t\r\n\t\t\t\r\n\r\n\t\t\t\t\t\t<div class=\"multiple-item-champ\">\r\n\t\t\t\t<span class=\"lbl\">Area&nbsp;:<\/span>&nbsp;\r\n\t\t\t\t<span class=\"val\">90 m\u00b2<\/span>\r\n\t\t\t<\/div>\r\n\t\t\t\r\n\r\n\t\t\t\t\t<\/div>\r\n\r\n\r\n\t\t<button class=\"plus\">\r\n\t\t\tRead more\t\t<\/button>\r\n\r\n\t<\/div>\r\n<\/a>\r\n<\/article>\r\n<div class=\"multiple-item-line-return\"><\/div>\r\n<article class=\"multiple-item clearfix\">\r\n<a href=\"https:\/\/mirabel-baiedecayola.com\/en\/hebergement\/appartement-duplex-6-pers\/\">\r\n\t<div class=\"d-flex flex-column\">\r\n\t\t\r\n\t\t<div class=\"multiple-item-photo\">\r\n\t\t\t<img decoding=\"async\" src=\"https:\/\/mirabel-baiedecayola.com\/wp-content\/uploads\/2022\/01\/IMG_4562_WEB-1024x682.jpg\" alt=\"Duplex apartment 6 pers. 2 sdb\">\r\n\t\t<\/div>\r\n\r\n\t\t<div class=\"multiple-item-titre\">\r\n\t\t\tDuplex apartment 6 pers. 2 sdb \r\n\r\n\t\t\t\t\t\t\t\t\t\t\t\t<\/div>\r\n\t\t\r\n\t\t<div class=\"multiple-item-desc\">\r\n\t\t\t\t\t\t\t\t\t\t\t<div class=\"multiple-item-nbchambres multiple-item-champ\">\r\n\t\t\t\t\t<span class=\"val\">3<\/span>&nbsp;\r\n\t\t\t\t\t<span class=\"lbl\">bd<\/span>\r\n\t\t\t\t<\/div>\r\n\t\t\t\r\n\t\t\t\t\t\t\t\t\t\t\t<div class=\"multiple-item-nbpersonnes multiple-item-champ\">\r\n\t\t\t\t\t<span class=\"val\">6<\/span>&nbsp;\r\n\t\t\t\t\t<span class=\"lbl\"><i class=\"fas fa-male\"><\/i><\/span>\r\n\t\t\t\t<\/div>\r\n\t\t\t\r\n\t\t\t\t\t\t\t<div class=\"multiple-item-nbsdb multiple-item-champ\">\r\n\t\t\t\t\t<span class=\"val\">2<\/span>\r\n\t\t\t\t\t<span class=\"lbl\"><img decoding=\"async\" src=\"https:\/\/mirabel-baiedecayola.com\/wp-content\/themes\/mirabel-site\/assets\/img\/picto-sdb.png\"><\/span>\r\n\t\t\t\t<\/div>\r\n\t\t\t\r\n\r\n\r\n\t\t\t\r\n\t\t\t\r\n\r\n\t\t\t\t\t\t<div class=\"multiple-item-champ\">\r\n\t\t\t\t<span class=\"lbl\">Area&nbsp;:<\/span>&nbsp;\r\n\t\t\t\t<span class=\"val\">90 m\u00b2<\/span>\r\n\t\t\t<\/div>\r\n\t\t\t\r\n\r\n\t\t\t\t\t<\/div>\r\n\r\n\r\n\t\t<button class=\"plus\">\r\n\t\t\tRead more\t\t<\/button>\r\n\r\n\t<\/div>\r\n<\/a>\r\n<\/article>\r\n<\/div>\n<\/div>\n<\/div>\n\n\n\n<div class=\"wp-block-columns is-layout-flex wp-container-core-columns-is-layout-28f84493 wp-block-columns-is-layout-flex\">\n<div class=\"wp-block-column has-white-color has-text-color is-layout-flow wp-block-column-is-layout-flow\" id=\"options\">\n<div class=\"wp-block-group card h-100 pl-4 pr-4 pt-4 rounded-lg border border-info is-layout-flow wp-block-group-is-layout-flow\">\n<p class=\"has-text-align-left has-turquoise-color has-text-color has-medium-font-size\"><img loading=\"lazy\" decoding=\"async\" width=\"50\" height=\"51\" class=\"wp-image-1933\" style=\"width: 50px;\" src=\"https:\/\/www.mirabel-baiedecayola.com\/wp-content\/uploads\/2021\/12\/etoile.png\" alt=\"star\" srcset=\"https:\/\/mirabel-baiedecayola.com\/wp-content\/uploads\/2021\/12\/etoile.png 320w, https:\/\/mirabel-baiedecayola.com\/wp-content\/uploads\/2021\/12\/etoile-292x300.png 292w, https:\/\/mirabel-baiedecayola.com\/wp-content\/uploads\/2021\/12\/etoile-150x150.png 150w\" sizes=\"auto, (max-width: 50px) 100vw, 50px\" \/>   &nbsp;      <strong>OPTIONAL<\/strong><\/p>\n\n\n\n<figure id=\"table-tarifs\" class=\"wp-block-table text-left is-style-regular table-tarifs\"><table class=\"has-turquoise-color has-text-color\"><tbody><tr><td><strong><mark style=\"background-color:rgba(0, 0, 0, 0)\" class=\"has-inline-color has-orange-color\">\u2022<\/mark> <\/strong><strong>Sheet rental<\/strong><\/td><td class=\"has-text-align-left\" data-align=\"left\"><strong>13\u20ac\/16\u20ac<\/strong><\/td><\/tr><tr><td><strong> <mark style=\"background-color:rgba(0, 0, 0, 0)\" class=\"has-inline-color has-orange-color\">\u2022<\/mark> <\/strong><strong>Baby kit rental<br><\/strong><em>(Cot and high chair) <\/em><\/td><td class=\"has-text-align-left\" data-align=\"left\"><strong>4\/day <\/strong><\/td><\/tr><tr><td><strong> <mark style=\"background-color:rgba(0, 0, 0, 0)\" class=\"has-inline-color has-orange-color\">\u2022<\/mark> <\/strong><strong>Laundry <br><\/strong><em><em>(Washing machine \u20ac5, laundry \u20ac1, tumble dryer \u20ac4)<\/em><\/em><\/td><td class=\"has-text-align-left\" data-align=\"left\"><strong> 1\u20ac\/5\u20ac <\/strong><\/td><\/tr><tr><td><strong><mark style=\"background-color:rgba(0, 0, 0, 0)\" class=\"has-inline-color has-orange-color\">\u2022<\/mark> WIFI<br><\/strong><em><em>(hourly or fixed price)<\/em><\/em><\/td><td class=\"has-text-align-left\" data-align=\"left\"><strong>5\u20ac\/28\u20ac<\/strong><\/td><\/tr><tr><td><strong> <mark style=\"background-color:rgba(0, 0, 0, 0)\" class=\"has-inline-color has-orange-color\">\u2022<\/mark> <\/strong><strong>Pets allowed  <em><br><\/em><\/strong><em>(cats and dogs, excluding cat 1 and 2)<\/em><\/td><td class=\"has-text-align-left\" data-align=\"left\"><strong>5\/night<\/strong><\/td><\/tr><\/tbody><\/table><\/figure>\n<\/div>\n<\/div>\n\n\n\n<div class=\"wp-block-column is-vertically-aligned-top has-orange-color has-white-color has-text-color is-layout-flow wp-block-column-is-layout-flow\">\n<div class=\"wp-block-cover aligncenter card h-100 pl-4 pr-4 pt-4 rounded-lg border border-info\"><img decoding=\"async\" class=\"wp-block-cover__image-background wp-image-4773\" alt=\"camping services in Ouistreham\" src=\"https:\/\/www.mirabel-baiedecayola.com\/wp-content\/uploads\/2022\/02\/header-services-cle.jpg\" style=\"object-position:48% 48%\" data-object-fit=\"cover\" data-object-position=\"48% 48%\"\/><span aria-hidden=\"true\" class=\"wp-block-cover__background has-turquoise-background-color has-background-dim-80 has-background-dim\"><\/span><div class=\"wp-block-cover__inner-container is-layout-flow wp-block-cover-is-layout-flow\">\n<p class=\"has-medium-font-size\"><img loading=\"lazy\" decoding=\"async\" width=\"70\" height=\"47\" class=\"wp-image-1977\" style=\"width: 70px;\" src=\"https:\/\/www.mirabel-baiedecayola.com\/wp-content\/uploads\/2021\/12\/smile-blanc.png\" alt=\"\" srcset=\"https:\/\/mirabel-baiedecayola.com\/wp-content\/uploads\/2021\/12\/smile-blanc.png 320w, https:\/\/mirabel-baiedecayola.com\/wp-content\/uploads\/2021\/12\/smile-blanc-300x201.png 300w\" sizes=\"auto, (max-width: 70px) 100vw, 70px\" \/>    &nbsp;  <strong>PRACTICE<\/strong><\/p>\n\n\n\n<div style=\"height:18px\" aria-hidden=\"true\" class=\"wp-block-spacer\"><\/div>\n\n\n\n<p class=\"wp-block-sev-picto-text\"><i class=\"fa fa-calendar-alt\"><\/i><span>Reservations for 2 nights minimum in low season, and 7 nights minimum in July and August, with arrival and departure possible on Wednesday or Saturday.<\/span><\/p>\n\n\n\n<p class=\"wp-block-sev-picto-text\"><i class=\"fa fa-clock\"><\/i><span>Arrival from 3pm and departure until 10am<\/span><\/p>\n\n\n\n<p class=\"wp-block-sev-picto-text\"><i class=\"fa fa-tv\"><\/i><span>TV in all apartments<\/span><\/p>\n\n\n\n<p class=\"wp-block-sev-picto-text\"><i class=\"fa fa-bacon\"><\/i><span>Electric barbecue on all terraces<\/span><\/p>\n\n\n\n<div style=\"height:41px\" aria-hidden=\"true\" class=\"wp-block-spacer\"><\/div>\n\n\n\n<p class=\"has-text-align-center\"><strong>Reception hours <\/strong> <br><img loading=\"lazy\" decoding=\"async\" width=\"49\" height=\"6\" class=\"wp-image-4325\" style=\"width: 49px;\" src=\"https:\/\/www.mirabel-baiedecayola.com\/wp-content\/uploads\/2021\/12\/barre-camping-1.png\" alt=\"\"> <\/p>\n\n\n\n<p class=\"has-text-align-center\">9am - 12pm and 2pm - 6pm July-August &nbsp;<br>Sunday 9am - 12pm <\/p>\n\n\n\n<p class=\"has-text-align-center\">9am - 12:30pm and 2pm - 5:30pm in low season&nbsp;<br><em>closed on Sunday<\/em><\/p>\n\n\n\n<div style=\"height:31px\" aria-hidden=\"true\" class=\"wp-block-spacer\"><\/div>\n<\/div><\/div>\n<\/div>\n<\/div>\n\n\n\n<p><\/p>\n\n\n\n<p class=\"has-text-align-center texte-rond mt-5 has-large-font-size\">Discover the campsite<\/p>\n\n\n\n<div class=\"wp-block-columns are-vertically-aligned-center h-20 front-page-section grey is-layout-flex wp-container-core-columns-is-layout-28f84493 wp-block-columns-is-layout-flex\">\n<div class=\"wp-block-column is-layout-flow wp-block-column-is-layout-flow\"><\/div>\n\n\n\n<div class=\"wp-block-column is-vertically-aligned-center is-layout-flow wp-block-column-is-layout-flow\">\n<div class=\"wp-block-create-block-sevgutenberg-navigation\"><aside class=\"encart-sev-navigation small carre\"><a href=\"https:\/\/mirabel-baiedecayola.com\/en\/mobile-home-owner-vendee\/\" class=\"d-flex flex-column align-items-center\"><div class=\"encart-title\"><span>Become an owner<\/span><\/div><div class=\"vague\"><\/div><img decoding=\"async\" src=\"https:\/\/www.mirabel-baiedecayola.com\/wp-content\/uploads\/2023\/01\/galerie-toscane-8733.jpeg\" alt=\"sale new mobile home kitchen\"\/><div class=\"ligne\"><\/div><div class=\"hover\"><\/div><\/a><\/aside><\/div>\n<\/div>\n\n\n\n<div class=\"wp-block-column is-layout-flow wp-block-column-is-layout-flow\">\n<div class=\"wp-block-create-block-sevgutenberg-navigation\"><aside class=\"encart-sev-navigation small carre\"><a href=\"https:\/\/mirabel-baiedecayola.com\/en\/camping-vendee-services-4-etoiles\/\" class=\"d-flex flex-column align-items-center\"><div class=\"encart-title\"><span>Our services<\/span><\/div><div class=\"vague\"><\/div><img decoding=\"async\" src=\"https:\/\/www.mirabel-baiedecayola.com\/wp-content\/uploads\/2022\/04\/accueil-reception-vacanciers.jpg\" alt=\"accueil camping ***\"\/><div class=\"ligne\"><\/div><div class=\"hover\"><\/div><\/a><\/aside><\/div>\n<\/div>\n\n\n\n<div class=\"wp-block-column is-vertically-aligned-center is-layout-flow wp-block-column-is-layout-flow\">\n<div class=\"wp-block-create-block-sevgutenberg-navigation\"><aside class=\"encart-sev-navigation small carre\"><a href=\"https:\/\/mirabel-baiedecayola.com\/en\/campsite-vendee-indoor-heated-pool\/\" class=\"d-flex flex-column align-items-center\"><div class=\"encart-title\"><span>Aquatic area<\/span><\/div><div class=\"vague\"><\/div><img decoding=\"async\" src=\"https:\/\/www.mirabel-baiedecayola.com\/wp-content\/uploads\/2022\/04\/Cayola-piscines-toboggans-1200px.jpg\" alt=\"\"\/><div class=\"ligne\"><\/div><div class=\"hover\"><\/div><\/a><\/aside><\/div>\n<\/div>\n\n\n\n<div class=\"wp-block-column is-layout-flow wp-block-column-is-layout-flow\"><\/div>\n<\/div>","protected":false},"excerpt":{"rendered":"<p>Locations d\u2019appartements avec piscine en Vend\u00e9e Les appartements vue mer en vid\u00e9o Depuis la fen\u00eatre, la mer est \u00e0 perte [&hellip;]<\/p>\n","protected":false},"author":3,"featured_media":0,"parent":0,"menu_order":0,"comment_status":"closed","ping_status":"closed","template":"","meta":{"_seopress_robots_primary_cat":"","_seopress_titles_title":"De grands appartements vue mer aux Sables d'Olonne | Vend\u00e9e","_seopress_titles_desc":"Location d'appartement 2 et 3 chambres au sein du camping avec piscine aux Sables d'Olonne en Vend\u00e9e. Venez passer vos vacances au bord de la mer.","_seopress_robots_index":"","footnotes":""},"class_list":["post-8716","page","type-page","status-publish","hentry"],"_links":{"self":[{"href":"https:\/\/mirabel-baiedecayola.com\/en\/wp-json\/wp\/v2\/pages\/8716","targetHints":{"allow":["GET"]}}],"collection":[{"href":"https:\/\/mirabel-baiedecayola.com\/en\/wp-json\/wp\/v2\/pages"}],"about":[{"href":"https:\/\/mirabel-baiedecayola.com\/en\/wp-json\/wp\/v2\/types\/page"}],"author":[{"embeddable":true,"href":"https:\/\/mirabel-baiedecayola.com\/en\/wp-json\/wp\/v2\/users\/3"}],"replies":[{"embeddable":true,"href":"https:\/\/mirabel-baiedecayola.com\/en\/wp-json\/wp\/v2\/comments?post=8716"}],"version-history":[{"count":41,"href":"https:\/\/mirabel-baiedecayola.com\/en\/wp-json\/wp\/v2\/pages\/8716\/revisions"}],"predecessor-version":[{"id":17463,"href":"https:\/\/mirabel-baiedecayola.com\/en\/wp-json\/wp\/v2\/pages\/8716\/revisions\/17463"}],"wp:attachment":[{"href":"https:\/\/mirabel-baiedecayola.com\/en\/wp-json\/wp\/v2\/media?parent=8716"}],"curies":[{"name":"wp","href":"https:\/\/api.w.org\/{rel}","templated":true}]}}