{"id":889,"date":"2021-12-20T11:10:21","date_gmt":"2021-12-20T10:10:21","guid":{"rendered":"https:\/\/www.campinglarenaudiere.com\/?page_id=889"},"modified":"2024-04-11T09:21:07","modified_gmt":"2024-04-11T07:21:07","slug":"activities-with-children","status":"publish","type":"page","link":"https:\/\/mirabel-baiedecayola.com\/en\/les-experiences\/loisirs-avec-enfants\/","title":{"rendered":"Experience with children"},"content":{"rendered":"<h1 class=\"wp-block-heading\" id=\"decouvrez-le-calvados-a-velo-depuis-votre-camping-4-etoiles\"><strong>Your holidays with the children<\/strong><\/h1>\n\n\n\n<p class=\"has-text-align-center\">A multitude of outings and leisure activities await your children and grandchildren near the campsite and your vacation spot.<\/p>\n\n\n\n<figure class=\"wp-block-image aligncenter size-full\"><img decoding=\"async\" src=\"https:\/\/www.mirabel-baiedecayola.com\/wp-content\/uploads\/2022\/01\/barre-bleue.png\" alt=\"\" class=\"wp-image-2382\"\/><\/figure>\n\n\n\n<div class=\"wp-block-media-text alignwide is-stacked-on-mobile is-image-fill\"><figure class=\"wp-block-media-text__media\" style=\"background-image:url(https:\/\/www.mirabel-baiedecayola.com\/wp-content\/uploads\/2022\/04\/chateau-aventuriers-cayola-2.jpg);background-position:51% 57%\"><a href=\"https:\/\/www.mirabel-baiedecayola.com\/wp-content\/uploads\/2022\/04\/chateau-aventuriers-cayola-2.jpg\"><img loading=\"lazy\" decoding=\"async\" width=\"496\" height=\"1020\" src=\"https:\/\/www.mirabel-baiedecayola.com\/wp-content\/uploads\/2022\/04\/chateau-aventuriers-cayola-2.jpg\" alt=\"\" class=\"wp-image-9318 size-full\" srcset=\"https:\/\/mirabel-baiedecayola.com\/wp-content\/uploads\/2022\/04\/chateau-aventuriers-cayola-2.jpg 496w, https:\/\/mirabel-baiedecayola.com\/wp-content\/uploads\/2022\/04\/chateau-aventuriers-cayola-2-146x300.jpg 146w\" sizes=\"auto, (max-width: 496px) 100vw, 496px\" \/><\/a><\/figure><div class=\"wp-block-media-text__content\">\n<h2 class=\"wp-block-heading\" id=\"la-velo-maritime-longez-la-cote-normande-en-deux-roues\"><strong>Activities for children near Les Sables d'Olonne<\/strong><\/h2>\n\n\n\n<figure class=\"wp-block-image size-full\"><img decoding=\"async\" src=\"https:\/\/www.mirabel-baiedecayola.com\/wp-content\/uploads\/2022\/01\/barre-bleue.png\" alt=\"\" class=\"wp-image-2382\"\/><\/figure>\n\n\n\n<p><strong>Less than 30 minutes<\/strong> From the campsite, you can discover the magnificent <strong><a href=\"https:\/\/www.aquarium-vendee.com\/\" target=\"_blank\" rel=\"noreferrer noopener\">Aquarium de Vend\u00e9e<\/a><\/strong> where over 500 marine species are presented, or <strong><a href=\"https:\/\/www.zoodessables.fr\/\" target=\"_blank\" rel=\"noreferrer noopener\">Les Sables Zoo<\/a><\/strong>, for a journey across continents and animals. For sports enthusiasts, the <strong><a href=\"https:\/\/www.joa.fr\/casinos\/sables-dolonne-les-pins\/loisirs\/mini-golf\" target=\"_blank\" rel=\"noreferrer noopener\">Casino mini-golf<\/a><\/strong> is open for some family relaxation time. When the days get darker, why not go see a short animated children's film at the cinema \u00ab\u00a0<strong>The Grand Palace<\/strong>\u00a0\u00bb.<br>Always meeting animals, the Olonne Island Bird Observatory will allow the curious to observe the species that live in the Vend\u00e9e marshes. Looking for challenges? Head to the <strong><a href=\"https:\/\/chateau-aventuriers.com\/\" target=\"_blank\" rel=\"noreferrer noopener\">Ch\u00e2teau des Aventuriers<\/a><\/strong> for <strong>Family riddles<\/strong>, discovery trail, inflatable games, etc. Plenty to have a pleasant day for both the little ones and the grown-ups.<br><strong><a href=\"https:\/\/www.vendee-miniature.fr\/\" target=\"_blank\" rel=\"noreferrer noopener\">Vend\u00e9e Miniature<\/a><\/strong> invites you to a marvel in one of the most beautiful miniature villages in France. Everything is recreated with care and detail: shops, a locomotive, a mill, and more!<\/p>\n<\/div><\/div>\n\n\n\n<div style=\"height:40px\" aria-hidden=\"true\" class=\"wp-block-spacer\"><\/div>\n\n\n\n<div class=\"wp-block-media-text alignwide has-media-on-the-right is-stacked-on-mobile is-image-fill front-page-section grey\"><div class=\"wp-block-media-text__content\">\n<h2 class=\"wp-block-heading\" id=\"de-ouistreham-a-caen-par-le-canal\"><strong><strong>Amusement parks within an hour of the campsite<\/strong><\/strong><\/h2>\n\n\n\n<figure class=\"wp-block-image size-full\"><img decoding=\"async\" src=\"https:\/\/www.mirabel-baiedecayola.com\/wp-content\/uploads\/2022\/01\/barre-bleue.png\" alt=\"\" class=\"wp-image-2382\"\/><\/figure>\n\n\n\n<p>For even more fun and enjoyment, bring your children and the whole family for enjoyable days filled with laughter and memories. Various parks are located near your La Baie de Cayola campsite; you'll just have to choose your favorite, or try several!<br>The <strong><a href=\"https:\/\/www.parc-des-dunes.com\/\" target=\"_blank\" rel=\"noreferrer noopener\">Dunes Park<\/a><\/strong> offers a multitude of sensations and fun: water slides, toboggan run, mini-golf, pedal go-karts, trampoline, etc. <a href=\"https:\/\/dinos-park.com\/\" target=\"_blank\" rel=\"noreferrer noopener\"><strong>Dino's Park<\/strong><\/a> is located 50 minutes from the campsite in St-Hilaire-de-Riez and brings to life the <strong>Dinosaurs<\/strong> thanks to robotic systems. Go back in time to discover creatures 230 million years old.<br><strong><a href=\"https:\/\/oglisspark.fr\/\" data-type=\"page\" target=\"_blank\" rel=\"noreferrer noopener\">O'Gliss Park :<\/a> <\/strong>For lovers of <strong>Water features and swimming pools<\/strong>, this park is for you! Slides, wave pool, tube ride, children's area. You can enjoy a beautiful day with your loved ones and have fun as you wish.<\/p>\n\n\n\n<div class=\"wp-block-buttons is-content-justification-center is-layout-flex wp-container-core-buttons-is-layout-a89b3969 wp-block-buttons-is-layout-flex\">\n<div class=\"wp-block-button\"><a class=\"wp-block-button__link has-turquoise-background-color has-background wp-element-button\" href=\"https:\/\/mirabel-baiedecayola.com\/en\/camping-vendee-bonnes-adresses\/\">Activities and Outings<\/a><\/div>\n<\/div>\n<\/div><figure class=\"wp-block-media-text__media\" style=\"background-image:url(https:\/\/www.mirabel-baiedecayola.com\/wp-content\/uploads\/2022\/04\/jeux-eau-toboggan-enfantjpg.jpg);background-position:50% 50%\"><a href=\"https:\/\/www.mirabel-baiedecayola.com\/wp-content\/uploads\/2022\/04\/jeux-eau-toboggan-enfantjpg.jpg\"><img loading=\"lazy\" decoding=\"async\" width=\"680\" height=\"1020\" src=\"https:\/\/www.mirabel-baiedecayola.com\/wp-content\/uploads\/2022\/04\/jeux-eau-toboggan-enfantjpg.jpg\" alt=\"\" class=\"wp-image-9321 size-full\" srcset=\"https:\/\/mirabel-baiedecayola.com\/wp-content\/uploads\/2022\/04\/jeux-eau-toboggan-enfantjpg.jpg 680w, https:\/\/mirabel-baiedecayola.com\/wp-content\/uploads\/2022\/04\/jeux-eau-toboggan-enfantjpg-200x300.jpg 200w\" sizes=\"auto, (max-width: 680px) 100vw, 680px\" \/><\/a><\/figure><\/div>\n\n\n\n<div style=\"height:40px\" aria-hidden=\"true\" class=\"wp-block-spacer\"><\/div>\n\n\n\n<div class=\"wp-block-media-text alignwide is-stacked-on-mobile is-image-fill animate left\"><figure class=\"wp-block-media-text__media\" style=\"background-image:url(https:\/\/www.mirabel-baiedecayola.com\/wp-content\/uploads\/2022\/04\/jeu-plage-enfant-sable.jpg);background-position:48% 45%\"><img loading=\"lazy\" decoding=\"async\" width=\"765\" height=\"1020\" src=\"https:\/\/www.mirabel-baiedecayola.com\/wp-content\/uploads\/2022\/04\/jeu-plage-enfant-sable.jpg\" alt=\"\" class=\"wp-image-9324 size-full\" srcset=\"https:\/\/mirabel-baiedecayola.com\/wp-content\/uploads\/2022\/04\/jeu-plage-enfant-sable.jpg 765w, https:\/\/mirabel-baiedecayola.com\/wp-content\/uploads\/2022\/04\/jeu-plage-enfant-sable-225x300.jpg 225w\" sizes=\"auto, (max-width: 765px) 100vw, 765px\" \/><\/figure><div class=\"wp-block-media-text__content\">\n<p class=\"texte-rond has-orange-color has-text-color has-large-font-size\" id=\"des-circuits-velo-accessibles-a-tous-pour-vos-balades-en-famille\"><strong>A Beach Day \u2013 The Must-Have for a Seaside Vacation<\/strong><\/p>\n\n\n\n<p>While staying at <a href=\"https:\/\/mirabel-baiedecayola.com\/en\/\">4-star campsite La Baie de Cayola<\/a> at <a href=\"https:\/\/mirabel-baiedecayola.com\/en\/camping-les-sables-dolonne\/\" data-type=\"page\" data-id=\"67\">Sables d'Olonne<\/a>, you will have a superb view of the ocean from your rental or the pool. To get there, you will only need a 5-minute drive. And on the <strong>Coast of Lights<\/strong>, several beaches await you. Children will love spending the day or the afternoon there searching for the most beautiful seashell or the biggest <strong>sandcastle.<\/strong> Once the towel is laid on the sand and the sunscreen is applied, you can finally enjoy a moment of rest. For the more athletic, a small game of beach volleyball or m\u00f6lkky awaits you. It's almost time for a swim: put on your swimsuit, grab the float and armbands for the youngest, and let's go challenge the <strong>Atlantic waves!<\/strong><\/p>\n<\/div><\/div>\n\n\n\n<div style=\"height:60px\" aria-hidden=\"true\" class=\"wp-block-spacer\"><\/div>\n\n\n\n<div style=\"height:10px\" aria-hidden=\"true\" class=\"wp-block-spacer\"><\/div>\n\n\n\n<figure class=\"wp-block-image aligncenter size-large is-resized mt-5\"><img decoding=\"async\" src=\"https:\/\/www.mirabel-baiedecayola.com\/wp-content\/uploads\/2022\/01\/photo-1024x84.png\" alt=\"photo gallery\" class=\"wp-image-2371\" style=\"width:768px;height:63px\"\/><\/figure>\n\n\n\t\t\t<div id=\"sevgallery-1496344414\" class=\"sev-diaporama sev-diaporama-portfolio\">\r\n\t\t\t\t<div class=\"row\">\r\n\r\n\t\t\t\t\t\r\n\t\t\t\t\t\t\r\n\t\t\t\t\t\t<div class=\"sev-diaporama-portfolio-item   btnseeall btnseeall-xl col-12 col-md\">\r\n\t\t\t\t\t\t\t<a href=\"https:\/\/mirabel-baiedecayola.com\/wp-content\/uploads\/2022\/04\/chateau-aventuriers-cayola-3.jpg\" data-lightbox=\"sevgallery-1496344414\" style=\"background-image: url(https:\/\/mirabel-baiedecayola.com\/wp-content\/uploads\/2022\/04\/chateau-aventuriers-cayola-3.jpg)\">\r\n\t\t\t\t\t\t\t\t<img decoding=\"async\" src=\"https:\/\/mirabel-baiedecayola.com\/wp-content\/uploads\/2022\/04\/chateau-aventuriers-cayola-3.jpg\" alt=\"Chateau of the Adventurers\" loading=\"lazy\">\r\n\t\t\t\t\t\t\t\t\t\t\t\t\t\t\t<\/a>\r\n\t\t\t\t\t\t<\/div>\r\n\r\n\t\t\t\t\t\t\r\n\t\t\t\t\t\t\t\t\t\t\t\t\t\t\t\t\t\r\n\t\t\t\t\t\t\r\n\t\t\t\t\t\t<div class=\"sev-diaporama-portfolio-item   btnseeall btnseeall-xl col-12 col-md\">\r\n\t\t\t\t\t\t\t<a href=\"https:\/\/mirabel-baiedecayola.com\/wp-content\/uploads\/2022\/04\/IMG_2060-1024x683.jpg\" data-lightbox=\"sevgallery-1496344414\" style=\"background-image: url(https:\/\/mirabel-baiedecayola.com\/wp-content\/uploads\/2022\/04\/IMG_2060-1024x683.jpg)\">\r\n\t\t\t\t\t\t\t\t<img decoding=\"async\" src=\"https:\/\/mirabel-baiedecayola.com\/wp-content\/uploads\/2022\/04\/IMG_2060-1024x683.jpg\" alt=\"child experience\" loading=\"lazy\">\r\n\t\t\t\t\t\t\t\t\t\t\t\t\t\t\t<\/a>\r\n\t\t\t\t\t\t<\/div>\r\n\r\n\t\t\t\t\t\t\r\n\t\t\t\t\t\t\t\t\t\t\t\t\t\t\t\t\t\r\n\t\t\t\t\t\t\r\n\t\t\t\t\t\t<div class=\"sev-diaporama-portfolio-item   btnseeall btnseeall-xl col-12 col-md  col-grow\">\r\n\t\t\t\t\t\t\t<a href=\"https:\/\/mirabel-baiedecayola.com\/wp-content\/uploads\/2022\/04\/jeu-plage-enfant-sable-1.jpg\" data-lightbox=\"sevgallery-1496344414\" style=\"background-image: url(https:\/\/mirabel-baiedecayola.com\/wp-content\/uploads\/2022\/04\/jeu-plage-enfant-sable-1.jpg)\">\r\n\t\t\t\t\t\t\t\t<img decoding=\"async\" src=\"https:\/\/mirabel-baiedecayola.com\/wp-content\/uploads\/2022\/04\/jeu-plage-enfant-sable-1.jpg\" alt=\"family vacation\" loading=\"lazy\">\r\n\t\t\t\t\t\t\t\t\t\t\t\t\t\t\t<\/a>\r\n\t\t\t\t\t\t<\/div>\r\n\r\n\t\t\t\t\t\t\t\t\t\t\t\t\t<div class=\"w-100\"><\/div>\r\n\t\t\t\t\t\t\t\t\t\t\t\t\t\r\n\t\t\t\t\t\t\t\t\t\t\t\t\t\t\t\t\t\r\n\t\t\t\t\t\t\r\n\t\t\t\t\t\t<div class=\"sev-diaporama-portfolio-item   btnseeall btnseeall-xl col-12 col-md\">\r\n\t\t\t\t\t\t\t<a href=\"https:\/\/mirabel-baiedecayola.com\/wp-content\/uploads\/2022\/04\/jeux-eau-toboggan-enfantjpg-1.jpg\" data-lightbox=\"sevgallery-1496344414\" style=\"background-image: url(https:\/\/mirabel-baiedecayola.com\/wp-content\/uploads\/2022\/04\/jeux-eau-toboggan-enfantjpg-1.jpg)\">\r\n\t\t\t\t\t\t\t\t<img decoding=\"async\" src=\"https:\/\/mirabel-baiedecayola.com\/wp-content\/uploads\/2022\/04\/jeux-eau-toboggan-enfantjpg-1.jpg\" alt=\"family vacation with the kids\" loading=\"lazy\">\r\n\t\t\t\t\t\t\t\t\t\t\t\t\t\t\t<\/a>\r\n\t\t\t\t\t\t<\/div>\r\n\r\n\t\t\t\t\t\t\r\n\t\t\t\t\t\t\t\t\t\t\t\t\t\t\t\t\t\r\n\t\t\t\t\t\t\r\n\t\t\t\t\t\t<div class=\"sev-diaporama-portfolio-item   btnseeall btnseeall-xl col-12 col-md  col-grow\">\r\n\t\t\t\t\t\t\t<a href=\"https:\/\/mirabel-baiedecayola.com\/wp-content\/uploads\/2022\/04\/journee-plage-jeu-2.jpg\" data-lightbox=\"sevgallery-1496344414\" style=\"background-image: url(https:\/\/mirabel-baiedecayola.com\/wp-content\/uploads\/2022\/04\/journee-plage-jeu-2.jpg)\">\r\n\t\t\t\t\t\t\t\t<img decoding=\"async\" src=\"https:\/\/mirabel-baiedecayola.com\/wp-content\/uploads\/2022\/04\/journee-plage-jeu-2.jpg\" alt=\"summer vacation\" loading=\"lazy\">\r\n\t\t\t\t\t\t\t\t\t\t\t\t\t\t\t<\/a>\r\n\t\t\t\t\t\t<\/div>\r\n\r\n\t\t\t\t\t\t\r\n\t\t\t\t\t\t\t\t\t\t\t\t\t\t\t\t\t\r\n\t\t\t\t\t\t\r\n\t\t\t\t\t\t<div class=\"sev-diaporama-portfolio-item  limitsm btnseeall btnseeall-xl col-12 col-md  col-grow last-visible\">\r\n\t\t\t\t\t\t\t<a href=\"https:\/\/mirabel-baiedecayola.com\/en\/camping-vendee-photos\/\"  style=\"background-image: url(https:\/\/mirabel-baiedecayola.com\/wp-content\/uploads\/2022\/04\/visite_chateau_tiffauges-enfant-1-1024x683.jpg)\">\r\n\t\t\t\t\t\t\t\t<img decoding=\"async\" src=\"https:\/\/mirabel-baiedecayola.com\/wp-content\/uploads\/2022\/04\/visite_chateau_tiffauges-enfant-1-1024x683.jpg\" alt=\"Visit of Tiffauges Castle\" loading=\"lazy\">\r\n\t\t\t\t\t\t\t\t\t\t\t\t\t\t\t\t\t<img decoding=\"async\" src=\"https:\/\/mirabel-baiedecayola.com\/wp-content\/themes\/mirabel-site\/assets\/img\/voir-photos.png\" alt=\"\" \/>\r\n\t\t\t\t\t\t\t\t\t<span>See all photos<\/span>\r\n\t\t\t\t\t\t\t\t\t\t\t\t\t\t\t<\/a>\r\n\t\t\t\t\t\t<\/div>\r\n\r\n\t\t\t\t\t\t\t\t\t\t\t\t\t<div class=\"w-100\"><\/div>\r\n\t\t\t\t\t\t\t\t\t\t\t\t\t\r\n\t\t\t\t\t\t\t\t\t\t\t\t\t\t\t\t\t\t\t\t\t<\/div>\r\n\t\t\t<\/div>\r\n\r\n\t\t\t<script>\r\n\t\t\tjQuery(function($) {\r\n\r\n\t\t\t\tvar marginPortfolio = function() {\r\n\r\n\t\t\t\t\tvar $diapo          = $('#sevgallery-1496344414');\r\n\t\t\t\t\tvar container_width = $diapo.parent().outerWidth();\r\n\t\t\t\t\tvar side            = ( $(window).innerWidth() - container_width ) \/ 2;\r\n\r\n\t\t\t\t\t$diapo.css( {\r\n\t\t\t\t\t\t'margin-left': '-' + side + 'px',\r\n\t\t\t\t\t\t'margin-right': '-' + side + 'px',\r\n\t\t\t\t\t} );\r\n\t\t\t\t};\r\n\r\n\t\t\t\t$( window ).resize( function() {\r\n\t\t\t\t\tmarginPortfolio();\r\n\t\t\t\t} );\r\n\t\t\t\tmarginPortfolio();\r\n\t\t\t});\r\n\t\t\t<\/script>","protected":false},"excerpt":{"rendered":"<p>Vos vacances avec les enfants Une multitude de sorties et d\u2019activit\u00e9s de loisirs attendent vos enfants et petits-enfants \u00e0 proximit\u00e9 [&hellip;]<\/p>\n","protected":false},"author":3,"featured_media":0,"parent":272,"menu_order":0,"comment_status":"closed","ping_status":"closed","template":"","meta":{"_seopress_robots_primary_cat":"","_seopress_titles_title":"La d\u00e9couverte de la Vend\u00e9e avec vos enfants","_seopress_titles_desc":"En s\u00e9journant au camping La Baie de Cayola *** aux Sables d'Olonne vous pourrez profiter d'une multitude d'activit\u00e9s pour petits et grands","_seopress_robots_index":"","footnotes":""},"class_list":["post-889","page","type-page","status-publish","hentry"],"_links":{"self":[{"href":"https:\/\/mirabel-baiedecayola.com\/en\/wp-json\/wp\/v2\/pages\/889","targetHints":{"allow":["GET"]}}],"collection":[{"href":"https:\/\/mirabel-baiedecayola.com\/en\/wp-json\/wp\/v2\/pages"}],"about":[{"href":"https:\/\/mirabel-baiedecayola.com\/en\/wp-json\/wp\/v2\/types\/page"}],"author":[{"embeddable":true,"href":"https:\/\/mirabel-baiedecayola.com\/en\/wp-json\/wp\/v2\/users\/3"}],"replies":[{"embeddable":true,"href":"https:\/\/mirabel-baiedecayola.com\/en\/wp-json\/wp\/v2\/comments?post=889"}],"version-history":[{"count":33,"href":"https:\/\/mirabel-baiedecayola.com\/en\/wp-json\/wp\/v2\/pages\/889\/revisions"}],"predecessor-version":[{"id":16062,"href":"https:\/\/mirabel-baiedecayola.com\/en\/wp-json\/wp\/v2\/pages\/889\/revisions\/16062"}],"up":[{"embeddable":true,"href":"https:\/\/mirabel-baiedecayola.com\/en\/wp-json\/wp\/v2\/pages\/272"}],"wp:attachment":[{"href":"https:\/\/mirabel-baiedecayola.com\/en\/wp-json\/wp\/v2\/media?parent=889"}],"curies":[{"name":"wp","href":"https:\/\/api.w.org\/{rel}","templated":true}]}}