{"id":895,"date":"2021-12-20T11:14:26","date_gmt":"2021-12-20T10:14:26","guid":{"rendered":"https:\/\/www.campinglarenaudiere.com\/?page_id=895"},"modified":"2024-04-08T17:36:37","modified_gmt":"2024-04-08T15:36:37","slug":"local-gastronomy","status":"publish","type":"page","link":"https:\/\/mirabel-baiedecayola.com\/en\/les-experiences\/gastronomie-locale\/","title":{"rendered":"Local gastronomy experience"},"content":{"rendered":"<h1 class=\"wp-block-heading\" id=\"vivez-l-experience-du-moyen-age\"><strong>The Vend\u00e9e and its local gastronomy<\/strong><\/h1>\n\n\n\n<p class=\"has-text-align-center\">Are you looking for a culinary break to discover something new? Then you've chosen the right destination. The most gourmet of you will appreciate the Vend\u00e9e for its many renowned specialties. Here's a quick overview.<\/p>\n\n\n\n<figure class=\"wp-block-image aligncenter size-full\"><img decoding=\"async\" src=\"https:\/\/www.mirabel-baiedecayola.com\/wp-content\/uploads\/2022\/01\/barre-bleue.png\" alt=\"\" class=\"wp-image-2382\"\/><\/figure>\n\n\n\n<div class=\"wp-block-media-text alignwide is-stacked-on-mobile is-image-fill\"><figure class=\"wp-block-media-text__media\" style=\"background-image:url(https:\/\/www.mirabel-baiedecayola.com\/wp-content\/uploads\/2022\/04\/brioche-vendee-specialite-1024x683.jpg);background-position:50% 50%\"><img loading=\"lazy\" decoding=\"async\" width=\"1024\" height=\"683\" src=\"https:\/\/www.mirabel-baiedecayola.com\/wp-content\/uploads\/2022\/04\/brioche-vendee-specialite-1024x683.jpg\" alt=\"brioche vendeenne\" class=\"wp-image-9292 size-full\" srcset=\"https:\/\/mirabel-baiedecayola.com\/wp-content\/uploads\/2022\/04\/brioche-vendee-specialite-1024x683.jpg 1024w, https:\/\/mirabel-baiedecayola.com\/wp-content\/uploads\/2022\/04\/brioche-vendee-specialite-300x200.jpg 300w, https:\/\/mirabel-baiedecayola.com\/wp-content\/uploads\/2022\/04\/brioche-vendee-specialite-768x512.jpg 768w, https:\/\/mirabel-baiedecayola.com\/wp-content\/uploads\/2022\/04\/brioche-vendee-specialite.jpg 1200w\" sizes=\"auto, (max-width: 1024px) 100vw, 1024px\" \/><\/figure><div class=\"wp-block-media-text__content\">\n<p class=\"has-medium-font-size\"><strong><strong>Vend\u00e9e's bakery specialities<\/strong><\/strong><\/p>\n\n\n\n<figure class=\"wp-block-image size-full\"><img decoding=\"async\" src=\"https:\/\/www.mirabel-baiedecayola.com\/wp-content\/uploads\/2022\/01\/barre-bleue.png\" alt=\"\" class=\"wp-image-2382\"\/><\/figure>\n\n\n\n<p>We start with breakfast, and what better way to start a new day than with a full stomach in your camping vacation rental. The local bakeries will be delighted to give you a taste of the traditional <strong>brioche vend\u00e9enne<\/strong> plain, with butter or jam... a real treat. Some will prefer <strong>the famous strike plate<\/strong>, The fresh cream in the secret recipe makes it smoother and denser. That's all we can tell you - trade secret....<\/p>\n\n\n\n<p>It's the moment every self-respecting holidaymaker has been waiting for: the time of the\u2019<a href=\"https:\/\/mirabel-baiedecayola.com\/en\/\">camping aperitif<\/a>. The people of Vend\u00e9e have come up with the perfect recipe for sharing a real moment of delight with your loved ones. This bread roll, known here as <strong>Prefou <\/strong>is garnished with fresh garlic and salted butter. To be eaten hot, just out of the oven and crisp. The choice of accompanying beverage is yours.<\/p>\n<\/div><\/div>\n\n\n\n<div style=\"height:40px\" aria-hidden=\"true\" class=\"wp-block-spacer\"><\/div>\n\n\n\n<div class=\"wp-block-media-text alignwide has-media-on-the-right is-stacked-on-mobile front-page-section grey animate right\"><div class=\"wp-block-media-text__content\">\n<p class=\"texte-rond has-orange-color has-text-color has-large-font-size\">We'll take you ashore!<\/p>\n\n\n\n<ul class=\"wp-block-list\">\n<li><strong>Vend\u00e9e ham:<\/strong> This ham is rubbed with dry salt (from Vend\u00e9e, of course) then basted with brandy, wine and sprinkled with natural spices and herbs! Ideal as an aperitif or to accompany melon or a cold summer meal.<\/li>\n<\/ul>\n\n\n\n<ul class=\"wp-block-list\">\n<li><strong>Mogette :<\/strong> a large, ingot-shaped kidney bean that generally accompanies cooked Vend\u00e9e ham. Mogette (also spelled mojette) can also be eaten plain with a knob of butter.<\/li>\n<\/ul>\n\n\n\n<ul class=\"wp-block-list\">\n<li><strong>Noirmoutier potatoes:<\/strong> Several varieties grow peacefully on the island, benefiting from its mild climate and salty air. These include Bonnotte, Sirtema, Lady Crist'L, Roseval and Charlotte, which you'll love for their sweet, nutty flavor.<\/li>\n<\/ul>\n<\/div><figure class=\"wp-block-media-text__media\"><img loading=\"lazy\" decoding=\"async\" width=\"600\" height=\"400\" src=\"https:\/\/www.mirabel-baiedecayola.com\/wp-content\/uploads\/2023\/02\/mogettes-vendee-gastronomie.jpg\" alt=\"mogette de vend\u00e9e local gastronomy\" class=\"wp-image-12019 size-full\" srcset=\"https:\/\/mirabel-baiedecayola.com\/wp-content\/uploads\/2023\/02\/mogettes-vendee-gastronomie.jpg 600w, https:\/\/mirabel-baiedecayola.com\/wp-content\/uploads\/2023\/02\/mogettes-vendee-gastronomie-300x200.jpg 300w\" sizes=\"auto, (max-width: 600px) 100vw, 600px\" \/><\/figure><\/div>\n\n\n\n<div class=\"wp-block-media-text alignwide is-stacked-on-mobile is-image-fill animate left\"><figure class=\"wp-block-media-text__media\" style=\"background-image:url(https:\/\/www.mirabel-baiedecayola.com\/wp-content\/uploads\/2022\/04\/huitre-degustation-aperitif.jpg);background-position:57% 82%\"><img loading=\"lazy\" decoding=\"async\" width=\"680\" height=\"1020\" src=\"https:\/\/www.mirabel-baiedecayola.com\/wp-content\/uploads\/2022\/04\/huitre-degustation-aperitif.jpg\" alt=\"\" class=\"wp-image-9299 size-full\" srcset=\"https:\/\/mirabel-baiedecayola.com\/wp-content\/uploads\/2022\/04\/huitre-degustation-aperitif.jpg 680w, https:\/\/mirabel-baiedecayola.com\/wp-content\/uploads\/2022\/04\/huitre-degustation-aperitif-200x300.jpg 200w\" sizes=\"auto, (max-width: 680px) 100vw, 680px\" \/><\/figure><div class=\"wp-block-media-text__content\">\n<p class=\"texte-rond has-orange-color has-text-color has-large-font-size\">Rendezvous in an unknown sea!<\/p>\n\n\n\n<p>The Vend\u00e9e is renowned as a coastal destination par excellence, thanks to its many sandy beaches, fishing ports and marinas. Seafood is of course the star of the region. We've selected a few for you:<\/p>\n\n\n\n<ul class=\"wp-block-list\">\n<li><strong>Bouchot mussels:<\/strong> direct from l'Aiguillon-sur-Mer, these small mussels are well filled, raised on oak stakes planted underwater.<\/li>\n<\/ul>\n\n\n\n<ul class=\"wp-block-list\">\n<li><strong>The Vend\u00e9e Atlantique oyster:<\/strong> Hollow and iodized, it can be eaten raw or cooked according to your preferences. With a drizzle of lemon or vinegar, or hot, its firm, crunchy flesh will delight your taste buds.<\/li>\n<\/ul>\n\n\n\n<ul class=\"wp-block-list\">\n<li><strong>La Sardine :<\/strong> the city of <a href=\"https:\/\/www.payssaintgilles-tourisme.fr\/\" data-type=\"page\" target=\"_blank\" rel=\"noreferrer noopener\">Saint-Gilles-Croix-de-Vie<\/a> has obtained the red label for its sardines. They can be eaten fresh or canned, and can be cooked in a variety of ways to suit your taste.<\/li>\n<\/ul>\n\n\n\n<ul class=\"wp-block-list\">\n<li><strong>La sole des sables :<\/strong> A small flatfish with an ovoid shape, this rare species lives off the Vend\u00e9e coast.<\/li>\n<\/ul>\n<\/div><\/div>\n\n\n\n<p><\/p>\n\n\n\n<p><\/p>\n\n\n\n<p><\/p>\n\n\n\n<div class=\"wp-block-media-text alignwide has-media-on-the-right is-stacked-on-mobile\"><div class=\"wp-block-media-text__content\">\n<figure class=\"wp-block-image alignleft size-full is-resized\"><img loading=\"lazy\" decoding=\"async\" width=\"320\" height=\"326\" src=\"https:\/\/www.mirabel-baiedecayola.com\/wp-content\/uploads\/2022\/01\/Etoile2-1.png\" alt=\"\" class=\"wp-image-2051\" style=\"width:99px;height:100px\" srcset=\"https:\/\/mirabel-baiedecayola.com\/wp-content\/uploads\/2022\/01\/Etoile2-1.png 320w, https:\/\/mirabel-baiedecayola.com\/wp-content\/uploads\/2022\/01\/Etoile2-1-294x300.png 294w\" sizes=\"auto, (max-width: 320px) 100vw, 320px\" \/><\/figure>\n\n\n\n<h2 class=\"wp-block-heading\">Salt marshes - The white gold of Vend\u00e9e<\/h2>\n\n\n\n<p>Salt-making is one of the Vend\u00e9e's oldest specialties. From May to September, salt is harvested from <a href=\"https:\/\/www.ile-noirmoutier.com\/fr\" data-type=\"page\" target=\"_blank\" rel=\"noreferrer noopener\">\u00cele de Noirmoutier<\/a>, to <a href=\"https:\/\/mirabel-baiedecayola.com\/en\/camping-les-sables-dolonne\/\" data-type=\"page\" data-id=\"67\">Sables d'Olonne<\/a> near the La Baie de Cayola campsite. You can discover <strong>les Salines<\/strong> by boat for total immersion.<\/p>\n\n\n\n<p>Today, there are different types of salt, such as coarse salt and fleur de sel, but also \u00abaromatic\u00bb salts: with Proven\u00e7al herbs, garlic and parsley, basil, seaweed and many others, ...<\/p>\n<\/div><figure class=\"wp-block-media-text__media\"><img loading=\"lazy\" decoding=\"async\" width=\"1024\" height=\"683\" src=\"https:\/\/www.mirabel-baiedecayola.com\/wp-content\/uploads\/2022\/04\/Noirmoutier-marais-salants-1024x683.jpg\" alt=\"salt marsh\" class=\"wp-image-9302 size-full\" srcset=\"https:\/\/mirabel-baiedecayola.com\/wp-content\/uploads\/2022\/04\/Noirmoutier-marais-salants-1024x683.jpg 1024w, https:\/\/mirabel-baiedecayola.com\/wp-content\/uploads\/2022\/04\/Noirmoutier-marais-salants-300x200.jpg 300w, https:\/\/mirabel-baiedecayola.com\/wp-content\/uploads\/2022\/04\/Noirmoutier-marais-salants-768x512.jpg 768w, https:\/\/mirabel-baiedecayola.com\/wp-content\/uploads\/2022\/04\/Noirmoutier-marais-salants.jpg 1200w\" sizes=\"auto, (max-width: 1024px) 100vw, 1024px\" \/><\/figure><\/div>","protected":false},"excerpt":{"rendered":"<p>La Vend\u00e9e et sa gastronomie locale Vous souhaitiez un s\u00e9jour culinaire \u00e0 la d\u00e9couverte de nouveaut\u00e9s&nbsp;? Alors vous avez choisi [&hellip;]<\/p>\n","protected":false},"author":3,"featured_media":0,"parent":272,"menu_order":0,"comment_status":"closed","ping_status":"closed","template":"","meta":{"_seopress_robots_primary_cat":"","_seopress_titles_title":"Les exp\u00e9riences : la gastronomie vend\u00e9enne","_seopress_titles_desc":"Le pr\u00e9fou, la brioche, la mogette... Durant votre s\u00e9jour ne manquez pas les sp\u00e9cialit\u00e9s culinaire de ce d\u00e9partement","_seopress_robots_index":"","footnotes":""},"class_list":["post-895","page","type-page","status-publish","hentry"],"_links":{"self":[{"href":"https:\/\/mirabel-baiedecayola.com\/en\/wp-json\/wp\/v2\/pages\/895","targetHints":{"allow":["GET"]}}],"collection":[{"href":"https:\/\/mirabel-baiedecayola.com\/en\/wp-json\/wp\/v2\/pages"}],"about":[{"href":"https:\/\/mirabel-baiedecayola.com\/en\/wp-json\/wp\/v2\/types\/page"}],"author":[{"embeddable":true,"href":"https:\/\/mirabel-baiedecayola.com\/en\/wp-json\/wp\/v2\/users\/3"}],"replies":[{"embeddable":true,"href":"https:\/\/mirabel-baiedecayola.com\/en\/wp-json\/wp\/v2\/comments?post=895"}],"version-history":[{"count":36,"href":"https:\/\/mirabel-baiedecayola.com\/en\/wp-json\/wp\/v2\/pages\/895\/revisions"}],"predecessor-version":[{"id":15985,"href":"https:\/\/mirabel-baiedecayola.com\/en\/wp-json\/wp\/v2\/pages\/895\/revisions\/15985"}],"up":[{"embeddable":true,"href":"https:\/\/mirabel-baiedecayola.com\/en\/wp-json\/wp\/v2\/pages\/272"}],"wp:attachment":[{"href":"https:\/\/mirabel-baiedecayola.com\/en\/wp-json\/wp\/v2\/media?parent=895"}],"curies":[{"name":"wp","href":"https:\/\/api.w.org\/{rel}","templated":true}]}}