{"id":267,"date":"2022-02-02T10:04:00","date_gmt":"2022-02-02T09:04:00","guid":{"rendered":"https:\/\/www.campinglarenaudiere.com\/?page_id=267"},"modified":"2025-03-13T16:37:52","modified_gmt":"2025-03-13T15:37:52","slug":"vendee-globe-accommodatie","status":"publish","type":"page","link":"https:\/\/mirabel-baiedecayola.com\/nl\/hebergement-vendee-globe\/","title":{"rendered":"De wereldbol van Vend\u00e9e"},"content":{"rendered":"<h1 class=\"wp-block-heading\" id=\"les-plages-du-debarquement-en-normandie-terre-de-liberte\"><strong>Ontdek de Vend\u00e9e Globe - De legendarische race vanuit Les Sables d'Olonne<\/strong><\/h1>\n\n\n\n<div class=\"wp-block-group is-layout-flow wp-block-group-is-layout-flow\">\n<p class=\"has-text-align-center\">Of je nu een zeilliefhebber, een watersportfanaat of gewoon nieuwsgierig bent, Les Sables d'Olonne is de place to be voor de beroemde race.<\/p>\n\n\n\n<figure class=\"wp-block-image aligncenter size-full is-resized\"><img decoding=\"async\" src=\"https:\/\/www.mirabel-baiedecayola.com\/wp-content\/uploads\/2022\/01\/barre-bleue.png\" alt=\"\" class=\"wp-image-2382\" style=\"width:50px;height:8px\"\/><\/figure>\n<\/div>\n\n\n\n<div class=\"wp-block-media-text alignwide has-media-on-the-right is-stacked-on-mobile is-vertically-aligned-center is-image-fill-element is-style-default\"><div class=\"wp-block-media-text__content\">\n<p class=\"texte-rond has-orange-color has-text-color has-large-font-size\" id=\"de-belles-histoires-a-vous-raconter\">Op weg naar de Vend\u00e9e Globe!<\/p>\n\n\n\n<p>Het is de place to be in het resort: <a href=\"https:\/\/www.vendeeglobe.org\/\" target=\"_blank\" rel=\"noreferrer noopener\">De wereldbol van Vend\u00e9e<\/a>, deze <strong>legendarische solorace rond de wereld<\/strong>. Schippers uit alle hoeken van de wereld nemen het tegen elkaar op aan boord van hun 60-voets monohulls, non-stop en zonder hulp. Het doel: de <strong>de wereld rond<\/strong>, en natuurlijk een nieuw record vestigen. De race werd in 1989 in het leven geroepen en is nu een van de zwaarste ter wereld. Bijna 25.000 mijl moet worden afgelegd tegen wind en getij in, waarbij de Atlantische, Indische en Stille Oceaan worden overgestoken terwijl de seizoenen wisselen.<\/p>\n<\/div><figure class=\"wp-block-media-text__media\"><img loading=\"lazy\" decoding=\"async\" width=\"1024\" height=\"682\" src=\"https:\/\/www.mirabel-baiedecayola.com\/wp-content\/uploads\/2022\/04\/vendee-globe-vainqueur-1024x682.jpg\" alt=\"Vend\u00e9e Globe in Les Sables d&#039;Olonne\" class=\"wp-image-9235 size-full\" style=\"object-position:50% 50%\" srcset=\"https:\/\/mirabel-baiedecayola.com\/wp-content\/uploads\/2022\/04\/vendee-globe-vainqueur-1024x682.jpg 1024w, https:\/\/mirabel-baiedecayola.com\/wp-content\/uploads\/2022\/04\/vendee-globe-vainqueur-300x200.jpg 300w, https:\/\/mirabel-baiedecayola.com\/wp-content\/uploads\/2022\/04\/vendee-globe-vainqueur-768x511.jpg 768w, https:\/\/mirabel-baiedecayola.com\/wp-content\/uploads\/2022\/04\/vendee-globe-vainqueur.jpg 1200w\" sizes=\"auto, (max-width: 1024px) 100vw, 1024px\" \/><\/figure><\/div>\n\n\n\n<div style=\"height:40px\" aria-hidden=\"true\" class=\"wp-block-spacer\"><\/div>\n\n\n\n<div class=\"wp-block-media-text alignwide is-stacked-on-mobile is-vertically-aligned-center is-image-fill-element animate front-page-section grey\"><figure class=\"wp-block-media-text__media\"><img loading=\"lazy\" decoding=\"async\" width=\"1024\" height=\"683\" src=\"https:\/\/www.mirabel-baiedecayola.com\/wp-content\/uploads\/2022\/04\/banque-populaire-armel-le-cleach-vendee-globe-2016-IMG_9388-1024x683.jpg\" alt=\"Vend\u00e9e Globe boot\" class=\"wp-image-9239 size-full\" style=\"object-position:34% 70%\" srcset=\"https:\/\/mirabel-baiedecayola.com\/wp-content\/uploads\/2022\/04\/banque-populaire-armel-le-cleach-vendee-globe-2016-IMG_9388-1024x683.jpg 1024w, https:\/\/mirabel-baiedecayola.com\/wp-content\/uploads\/2022\/04\/banque-populaire-armel-le-cleach-vendee-globe-2016-IMG_9388-300x200.jpg 300w, https:\/\/mirabel-baiedecayola.com\/wp-content\/uploads\/2022\/04\/banque-populaire-armel-le-cleach-vendee-globe-2016-IMG_9388-768x512.jpg 768w, https:\/\/mirabel-baiedecayola.com\/wp-content\/uploads\/2022\/04\/banque-populaire-armel-le-cleach-vendee-globe-2016-IMG_9388.jpg 1200w\" sizes=\"auto, (max-width: 1024px) 100vw, 1024px\" \/><\/figure><div class=\"wp-block-media-text__content\">\n<h2 class=\"wp-block-heading\" id=\"une-ville-active-pour-vos-achats-et-vos-sorties\"><strong><strong>Welke boot voor deze solo race rond de wereld?<\/strong><\/strong><\/h2>\n\n\n\n<figure class=\"wp-block-image size-full\"><img decoding=\"async\" src=\"https:\/\/www.mirabel-baiedecayola.com\/wp-content\/uploads\/2022\/01\/barre-bleue.png\" alt=\"\" class=\"wp-image-2382\"\/><\/figure>\n\n\n\n<figure class=\"wp-block-image alignright size-full is-resized\"><img loading=\"lazy\" decoding=\"async\" width=\"320\" height=\"326\" src=\"https:\/\/www.mirabel-baiedecayola.com\/wp-content\/uploads\/2022\/01\/Etoile2-1.png\" alt=\"\" class=\"wp-image-2051\" style=\"width:100px\" srcset=\"https:\/\/mirabel-baiedecayola.com\/wp-content\/uploads\/2022\/01\/Etoile2-1.png 320w, https:\/\/mirabel-baiedecayola.com\/wp-content\/uploads\/2022\/01\/Etoile2-1-294x300.png 294w\" sizes=\"auto, (max-width: 320px) 100vw, 320px\" \/><\/figure>\n\n\n\n<p>Om deel te nemen aan de Vend\u00e9e Globe moeten alle boten de volgende afmetingen hebben <strong>60 voet<\/strong> (ongeveer 18 m lang) met een diepgang van 4,50 m. Deze <strong>monohulls <\/strong>zijn de krachtigste die er bestaan, omdat ze zeer goed zijn uitgerust en meer dan 30 knopen kunnen halen. De huidige schippers zijn uitgerust om single-handed rond de wereld te zeilen en de verschillende weersomstandigheden die ze tijdens de race kunnen tegenkomen, te weerstaan.<\/p>\n<\/div><\/div>\n\n\n\n<div class=\"wp-block-media-text alignwide has-media-on-the-right is-stacked-on-mobile is-vertically-aligned-center is-image-fill-element is-style-default\"><div class=\"wp-block-media-text__content\">\n<h2 class=\"wp-block-heading\" id=\"les-cimetieres-en-hommage-a-nos-liberateurs\"><strong><strong><strong>De start van de race in Les Sables d'Olonne<\/strong><\/strong><\/strong><\/h2>\n\n\n\n<figure class=\"wp-block-image size-full\"><img decoding=\"async\" src=\"https:\/\/www.mirabel-baiedecayola.com\/wp-content\/uploads\/2022\/01\/barre-bleue.png\" alt=\"\" class=\"wp-image-2382\"\/><\/figure>\n\n\n\n<p>De Vend\u00e9e Globe vindt meestal plaats in de herfst tussen oktober en november en trekt een enorm aantal enthousiastelingen en nieuwsgierige toeschouwers! Bezoek <strong>startdorp<\/strong> biedt de kans om de boten voor de start van de race te zien, de stands van de exposanten te bezoeken en te ontdekken wat er achter de schermen van dit ongelooflijke evenement gebeurt. Bezoek <strong>De volgende editie vindt plaats in 2028<\/strong>, Dus een goede raad: stel het dit jaar niet uit. <a href=\"https:\/\/bookingpremium.secureholiday.net\/FR\/3287\/\" target=\"_blank\" rel=\"noreferrer noopener\">boek uw verblijf<\/a> op <strong>camping La Baie de Cayola<\/strong> om het beste uit de race te halen.<\/p>\n<\/div><figure class=\"wp-block-media-text__media\"><img loading=\"lazy\" decoding=\"async\" width=\"1024\" height=\"683\" src=\"https:\/\/www.mirabel-baiedecayola.com\/wp-content\/uploads\/2022\/04\/les-ecoles-vendee-globe-2016-IMG_9246-1-1024x683.jpg\" alt=\"Vend\u00e9e Globe in Les Sables d&#039;Olonne\" class=\"wp-image-9242 size-full\" style=\"object-position:50% 50%\" srcset=\"https:\/\/mirabel-baiedecayola.com\/wp-content\/uploads\/2022\/04\/les-ecoles-vendee-globe-2016-IMG_9246-1-1024x683.jpg 1024w, https:\/\/mirabel-baiedecayola.com\/wp-content\/uploads\/2022\/04\/les-ecoles-vendee-globe-2016-IMG_9246-1-300x200.jpg 300w, https:\/\/mirabel-baiedecayola.com\/wp-content\/uploads\/2022\/04\/les-ecoles-vendee-globe-2016-IMG_9246-1-768x512.jpg 768w, https:\/\/mirabel-baiedecayola.com\/wp-content\/uploads\/2022\/04\/les-ecoles-vendee-globe-2016-IMG_9246-1.jpg 1200w\" sizes=\"auto, (max-width: 1024px) 100vw, 1024px\" \/><\/figure><\/div>\n\n\n\n<p class=\"has-text-align-center texte-rond mt-5 has-large-font-size\">Ontdek de camping<\/p>\n\n\n\n<div class=\"wp-block-columns front-page-section grey is-layout-flex wp-container-core-columns-is-layout-28f84493 wp-block-columns-is-layout-flex\">\n<div class=\"wp-block-column is-layout-flow wp-block-column-is-layout-flow\"><\/div>\n\n\n\n<div class=\"wp-block-column is-vertically-aligned-center is-layout-flow wp-block-column-is-layout-flow\">\n<div class=\"wp-block-create-block-sevgutenberg-navigation\"><aside class=\"encart-sev-navigation small carre\"><a href=\"https:\/\/mirabel-baiedecayola.com\/nl\/evenementen-juli-augustus\/\" class=\"d-flex flex-column align-items-center\"><div class=\"encart-title\"><span>Amusement<\/span><\/div><div class=\"vague\"><\/div><img decoding=\"async\" src=\"https:\/\/www.mirabel-baiedecayola.com\/wp-content\/uploads\/2022\/04\/HEADER_ANIMATION_OLYMPIADES_CAYOLA-1.jpg\" alt=\"animaties op de camping in de Vend\u00e9e\"\/><div class=\"ligne\"><\/div><div class=\"hover\"><\/div><\/a><\/aside><\/div>\n<\/div>\n\n\n\n<div class=\"wp-block-column is-layout-flow wp-block-column-is-layout-flow\">\n<div class=\"wp-block-create-block-sevgutenberg-navigation\"><aside class=\"encart-sev-navigation small carre\"><a href=\"https:\/\/mirabel-baiedecayola.com\/nl\/camping-les-sables-dolonne\/\" class=\"d-flex flex-column align-items-center\"><div class=\"encart-title\"><span>Sables d'Olonne<\/span><\/div><div class=\"vague\"><\/div><img decoding=\"async\" src=\"https:\/\/www.mirabel-baiedecayola.com\/wp-content\/uploads\/2022\/04\/restaurant-sur-la-plage-sables-dolonne.jpg\" alt=\"restaurant aan het strand in les sables d&#039;olonne\"\/><div class=\"ligne\"><\/div><div class=\"hover\"><\/div><\/a><\/aside><\/div>\n<\/div>\n\n\n\n<div class=\"wp-block-column is-layout-flow wp-block-column-is-layout-flow\">\n<div class=\"wp-block-create-block-sevgutenberg-navigation\"><aside class=\"encart-sev-navigation small carre\"><a href=\"https:\/\/mirabel-baiedecayola.com\/nl\/4-sterren-camping-vendee-diensten\/\" class=\"d-flex flex-column align-items-center\"><div class=\"encart-title\"><span>Onze diensten<\/span><\/div><div class=\"vague\"><\/div><img decoding=\"async\" src=\"https:\/\/www.mirabel-baiedecayola.com\/wp-content\/uploads\/2022\/04\/accueil-reception-vacanciers.jpg\" alt=\"welkom camping ***\"\/><div class=\"ligne\"><\/div><div class=\"hover\"><\/div><\/a><\/aside><\/div>\n<\/div>\n\n\n\n<div class=\"wp-block-column is-layout-flow wp-block-column-is-layout-flow\"><\/div>\n<\/div>\n\n\n\n<figure class=\"wp-block-image aligncenter size-large is-resized mt-5\"><img decoding=\"async\" src=\"https:\/\/www.mirabel-baiedecayola.com\/wp-content\/uploads\/2022\/01\/photo-1024x84.png\" alt=\"fotogalerij\" class=\"wp-image-2371\" style=\"width:768px;height:63px\"\/><\/figure>\n\n\n\t\t\t<div id=\"sevgallery-1775075352\" class=\"sev-diaporama sev-diaporama-portfolio\">\r\n\t\t\t\t<div class=\"row\">\r\n\r\n\t\t\t\t\t\r\n\t\t\t\t\t\t\r\n\t\t\t\t\t\t<div class=\"sev-diaporama-portfolio-item   btnseeall btnseeall-xl col-12 col-md\">\r\n\t\t\t\t\t\t\t<a href=\"https:\/\/mirabel-baiedecayola.com\/wp-content\/uploads\/2022\/04\/les-ecoles-vendee-globe-2016-IMG_9246-1-1024x683.jpg\" data-lightbox=\"sevgallery-1775075352\" style=\"background-image: url(https:\/\/mirabel-baiedecayola.com\/wp-content\/uploads\/2022\/04\/les-ecoles-vendee-globe-2016-IMG_9246-1-1024x683.jpg)\">\r\n\t\t\t\t\t\t\t\t<img decoding=\"async\" src=\"https:\/\/mirabel-baiedecayola.com\/wp-content\/uploads\/2022\/04\/les-ecoles-vendee-globe-2016-IMG_9246-1-1024x683.jpg\" alt=\"Vend\u00e9e Globe startdorp\" loading=\"lazy\">\r\n\t\t\t\t\t\t\t\t\t\t\t\t\t\t\t<\/a>\r\n\t\t\t\t\t\t<\/div>\r\n\r\n\t\t\t\t\t\t\r\n\t\t\t\t\t\t\t\t\t\t\t\t\t\t\t\t\t\r\n\t\t\t\t\t\t\r\n\t\t\t\t\t\t<div class=\"sev-diaporama-portfolio-item   btnseeall btnseeall-xl col-12 col-md  col-shrink\">\r\n\t\t\t\t\t\t\t<a href=\"https:\/\/mirabel-baiedecayola.com\/wp-content\/uploads\/2022\/04\/banque-populaire-armel-le-cleach-vendee-globe-2016-IMG_9388-1024x683.jpg\" data-lightbox=\"sevgallery-1775075352\" style=\"background-image: url(https:\/\/mirabel-baiedecayola.com\/wp-content\/uploads\/2022\/04\/banque-populaire-armel-le-cleach-vendee-globe-2016-IMG_9388-1024x683.jpg)\">\r\n\t\t\t\t\t\t\t\t<img decoding=\"async\" src=\"https:\/\/mirabel-baiedecayola.com\/wp-content\/uploads\/2022\/04\/banque-populaire-armel-le-cleach-vendee-globe-2016-IMG_9388-1024x683.jpg\" alt=\"Vend\u00e9e Globe boot\" loading=\"lazy\">\r\n\t\t\t\t\t\t\t\t\t\t\t\t\t\t\t<\/a>\r\n\t\t\t\t\t\t<\/div>\r\n\r\n\t\t\t\t\t\t\r\n\t\t\t\t\t\t\t\t\t\t\t\t\t\t\t\t\t\r\n\t\t\t\t\t\t\r\n\t\t\t\t\t\t<div class=\"sev-diaporama-portfolio-item   btnseeall btnseeall-xl col-12 col-md  col-shrink\">\r\n\t\t\t\t\t\t\t<a href=\"https:\/\/mirabel-baiedecayola.com\/wp-content\/uploads\/2022\/04\/one-planet-one-ocean-didac-costa-vendee-globe-2016-IMG_9307-1024x682.jpg\" data-lightbox=\"sevgallery-1775075352\" style=\"background-image: url(https:\/\/mirabel-baiedecayola.com\/wp-content\/uploads\/2022\/04\/one-planet-one-ocean-didac-costa-vendee-globe-2016-IMG_9307-1024x682.jpg)\">\r\n\t\t\t\t\t\t\t\t<img decoding=\"async\" src=\"https:\/\/mirabel-baiedecayola.com\/wp-content\/uploads\/2022\/04\/one-planet-one-ocean-didac-costa-vendee-globe-2016-IMG_9307-1024x682.jpg\" alt=\"Vend\u00e9e Globe dorp\" loading=\"lazy\">\r\n\t\t\t\t\t\t\t\t\t\t\t\t\t\t\t<\/a>\r\n\t\t\t\t\t\t<\/div>\r\n\r\n\t\t\t\t\t\t\r\n\t\t\t\t\t\t\t\t\t\t\t\t\t\t\t\t\t\r\n\t\t\t\t\t\t\r\n\t\t\t\t\t\t<div class=\"sev-diaporama-portfolio-item  limitsm btnseeall btnseeall-xl col-12 col-md  col-shrink last-visible\">\r\n\t\t\t\t\t\t\t<a href=\"https:\/\/mirabel-baiedecayola.com\/nl\/camping-vendee-photos\/\"  style=\"background-image: url(https:\/\/mirabel-baiedecayola.com\/wp-content\/uploads\/2022\/04\/vendee-globe-vainqueur-1024x682.jpg)\">\r\n\t\t\t\t\t\t\t\t<img decoding=\"async\" src=\"https:\/\/mirabel-baiedecayola.com\/wp-content\/uploads\/2022\/04\/vendee-globe-vainqueur-1024x682.jpg\" alt=\"Vend\u00e9e Wereldbol\" loading=\"lazy\">\r\n\t\t\t\t\t\t\t\t\t\t\t\t\t\t\t\t\t<img decoding=\"async\" src=\"https:\/\/mirabel-baiedecayola.com\/wp-content\/themes\/mirabel-site\/assets\/img\/voir-photos.png\" alt=\"\" \/>\r\n\t\t\t\t\t\t\t\t\t<span>Bekijk alle foto's<\/span>\r\n\t\t\t\t\t\t\t\t\t\t\t\t\t\t\t<\/a>\r\n\t\t\t\t\t\t<\/div>\r\n\r\n\t\t\t\t\t\t\t\t\t\t\t\t\t<div class=\"w-100\"><\/div>\r\n\t\t\t\t\t\t\t\t\t\t\t\t\t\r\n\t\t\t\t\t\t\t\t\t\t\t\t\t\t\t\t\t\t\t\t\t<\/div>\r\n\t\t\t<\/div>\r\n\r\n\t\t\t<script>\r\n\t\t\tjQuery(function($) {\r\n\r\n\t\t\t\tvar marginPortfolio = function() {\r\n\r\n\t\t\t\t\tvar $diapo          = $('#sevgallery-1775075352');\r\n\t\t\t\t\tvar container_width = $diapo.parent().outerWidth();\r\n\t\t\t\t\tvar side            = ( $(window).innerWidth() - container_width ) \/ 2;\r\n\r\n\t\t\t\t\t$diapo.css( {\r\n\t\t\t\t\t\t'margin-left': '-' + side + 'px',\r\n\t\t\t\t\t\t'margin-right': '-' + side + 'px',\r\n\t\t\t\t\t} );\r\n\t\t\t\t};\r\n\r\n\t\t\t\t$( window ).resize( function() {\r\n\t\t\t\t\tmarginPortfolio();\r\n\t\t\t\t} );\r\n\t\t\t\tmarginPortfolio();\r\n\t\t\t});\r\n\t\t\t<\/script>","protected":false},"excerpt":{"rendered":"<p>D\u00e9couvrez Le Vend\u00e9e Globe &#8211; La course mythique des Sables d\u2019Olonne Passionn\u00e9 de voile, de sport nautique ou simplement curieux, [&hellip;]<\/p>\n","protected":false},"author":3,"featured_media":0,"parent":0,"menu_order":0,"comment_status":"closed","ping_status":"closed","template":"","meta":{"_seopress_robots_primary_cat":"","_seopress_titles_title":"Camping proche du Vend\u00e9e Globe aux Sables d'Olonne","_seopress_titles_desc":"D\u00e9couvrez le d\u00e9part du Vend\u00e9e Globe et son grand village d\u00e9part au coeur de la ville des Sables d'Olonne","_seopress_robots_index":"","footnotes":""},"class_list":["post-267","page","type-page","status-publish","hentry"],"_links":{"self":[{"href":"https:\/\/mirabel-baiedecayola.com\/nl\/wp-json\/wp\/v2\/pages\/267","targetHints":{"allow":["GET"]}}],"collection":[{"href":"https:\/\/mirabel-baiedecayola.com\/nl\/wp-json\/wp\/v2\/pages"}],"about":[{"href":"https:\/\/mirabel-baiedecayola.com\/nl\/wp-json\/wp\/v2\/types\/page"}],"author":[{"embeddable":true,"href":"https:\/\/mirabel-baiedecayola.com\/nl\/wp-json\/wp\/v2\/users\/3"}],"replies":[{"embeddable":true,"href":"https:\/\/mirabel-baiedecayola.com\/nl\/wp-json\/wp\/v2\/comments?post=267"}],"version-history":[{"count":43,"href":"https:\/\/mirabel-baiedecayola.com\/nl\/wp-json\/wp\/v2\/pages\/267\/revisions"}],"predecessor-version":[{"id":17119,"href":"https:\/\/mirabel-baiedecayola.com\/nl\/wp-json\/wp\/v2\/pages\/267\/revisions\/17119"}],"wp:attachment":[{"href":"https:\/\/mirabel-baiedecayola.com\/nl\/wp-json\/wp\/v2\/media?parent=267"}],"curies":[{"name":"wp","href":"https:\/\/api.w.org\/{rel}","templated":true}]}}