{"id":46,"date":"2021-12-10T14:16:06","date_gmt":"2021-12-10T13:16:06","guid":{"rendered":"https:\/\/www.campinglarenaudiere.com\/?page_id=46"},"modified":"2025-11-05T15:53:56","modified_gmt":"2025-11-05T14:53:56","slug":"evenementen-juli-augustus","status":"publish","type":"page","link":"https:\/\/mirabel-baiedecayola.com\/nl\/animations-juillet-aout\/","title":{"rendered":"Amusement"},"content":{"rendered":"<h1 class=\"wp-block-heading\" id=\"animations-au-camping-de-ouistreham-riva-bella\"><strong>De animatie op de camping in juli en augustus<\/strong><\/h1>\n\n\n\n<h2 class=\"wp-block-heading has-text-align-center\">In Cayola biedt het animatieteam u elke zomer sportieve en gezamenlijke activiteiten voor het hele gezin. <strong>van dinsdag tot vrijdag<\/strong>. Kom met de kinderen een zomer doorbrengen in Les Sables d'Olonne. <\/h2>\n\n\n\n<figure class=\"wp-block-image aligncenter size-full\"><img decoding=\"async\" src=\"https:\/\/www.mirabel-baiedecayola.com\/wp-content\/uploads\/2022\/01\/barre-bleue.png\" alt=\"\" class=\"wp-image-2382\"\/><\/figure>\n\n\n\n<div class=\"wp-block-media-text alignwide has-media-on-the-right is-stacked-on-mobile\"><div class=\"wp-block-media-text__content\">\n<h3 class=\"wp-block-heading\"><strong>De mini-club voor kinderen van 6 tot 12 jaar<\/strong><\/h3>\n\n\n\n<figure class=\"wp-block-image size-full\"><img loading=\"lazy\" decoding=\"async\" width=\"50\" height=\"8\" src=\"https:\/\/www.mirabel-baiedecayola.com\/wp-content\/uploads\/2022\/01\/barre-bleue.png\" alt=\"\" class=\"wp-image-2627\"\/><\/figure>\n\n\n\n<figure class=\"wp-block-image alignleft size-full is-resized\"><img loading=\"lazy\" decoding=\"async\" width=\"320\" height=\"306\" src=\"https:\/\/www.mirabel-baiedecayola.com\/wp-content\/uploads\/2022\/01\/Coquillage.png\" alt=\"\" class=\"wp-image-2175\" style=\"width:35px;height:auto\" srcset=\"https:\/\/mirabel-baiedecayola.com\/wp-content\/uploads\/2022\/01\/Coquillage.png 320w, https:\/\/mirabel-baiedecayola.com\/wp-content\/uploads\/2022\/01\/Coquillage-300x287.png 300w\" sizes=\"auto, (max-width: 320px) 100vw, 320px\" \/><\/figure>\n\n\n\n<p>In de zomer opent de kinderclub van de camping zijn deuren! Hij verwelkomt de kleintjes vanaf 6 jaar. <strong>van dinsdag tot vrijdag<\/strong>. Onze animators bereiden elke dag kleine activiteiten voor die uw kleintjes een onvergetelijke vakantie bezorgen. Op het programma: <strong>speurtocht<\/strong>, handvaardigheid, sporttoernooien, <strong>Olympische Spelen<\/strong>, uitstapjes naar onze partners en nog veel meer... De mini-club is de perfecte plek om nieuwe vriendjes te maken en nieuwe spelletjes te ontdekken!<\/p>\n<\/div><figure class=\"wp-block-media-text__media\"><img loading=\"lazy\" decoding=\"async\" width=\"1024\" height=\"683\" src=\"https:\/\/www.mirabel-baiedecayola.com\/wp-content\/uploads\/2022\/04\/MINI_CLUB_ENFANTS-1024x683.jpg\" alt=\"De kinderen spelen in de kinderclub van camping Les Sables d&#039;Olonne\" class=\"wp-image-8223 size-full\" srcset=\"https:\/\/mirabel-baiedecayola.com\/wp-content\/uploads\/2022\/04\/MINI_CLUB_ENFANTS-1024x683.jpg 1024w, https:\/\/mirabel-baiedecayola.com\/wp-content\/uploads\/2022\/04\/MINI_CLUB_ENFANTS-300x200.jpg 300w, https:\/\/mirabel-baiedecayola.com\/wp-content\/uploads\/2022\/04\/MINI_CLUB_ENFANTS-768x512.jpg 768w, https:\/\/mirabel-baiedecayola.com\/wp-content\/uploads\/2022\/04\/MINI_CLUB_ENFANTS.jpg 1200w\" sizes=\"auto, (max-width: 1024px) 100vw, 1024px\" \/><\/figure><\/div>\n\n\n\n<p><\/p>\n\n\n\n<div class=\"wp-block-media-text alignwide is-stacked-on-mobile front-page-section grey animate left\"><figure class=\"wp-block-media-text__media\"><img loading=\"lazy\" decoding=\"async\" width=\"1024\" height=\"663\" src=\"https:\/\/mirabel-baiedecayola.com\/wp-content\/uploads\/2023\/04\/aquagym-piscine-camping-cayola-1024x663.jpg\" alt=\"Aquagym in het overdekte zwembad van camping Mirabel La Baie de Cayola\" class=\"wp-image-13899 size-full\" srcset=\"https:\/\/mirabel-baiedecayola.com\/wp-content\/uploads\/2023\/04\/aquagym-piscine-camping-cayola-1024x663.jpg 1024w, https:\/\/mirabel-baiedecayola.com\/wp-content\/uploads\/2023\/04\/aquagym-piscine-camping-cayola-300x194.jpg 300w, https:\/\/mirabel-baiedecayola.com\/wp-content\/uploads\/2023\/04\/aquagym-piscine-camping-cayola-768x497.jpg 768w, https:\/\/mirabel-baiedecayola.com\/wp-content\/uploads\/2023\/04\/aquagym-piscine-camping-cayola.jpg 1200w\" sizes=\"auto, (max-width: 1024px) 100vw, 1024px\" \/><\/figure><div class=\"wp-block-media-text__content\">\n<h3 class=\"wp-block-heading has-orange-color has-text-color\" id=\"animations-adultes-sport-et-echange-au-rendez-vous\"><strong>Sportactiviteiten voor volwassenen<\/strong><\/h3>\n\n\n\n<figure class=\"wp-block-image size-full is-resized\"><img decoding=\"async\" src=\"https:\/\/www.mirabel-baiedecayola.com\/wp-content\/uploads\/2022\/01\/barre-bleue.png\" alt=\"\" class=\"wp-image-2382\"\/><\/figure>\n\n\n\n<p>Op camping La Baie de Cayola wordt u 's ochtends fit met <strong>aquafitness-sessies<\/strong> onder de <a href=\"https:\/\/mirabel-baiedecayola.com\/nl\/waterpark\/\">overdekt zwembad<\/a> in juli-augustus. Krijg je dosis energie en goede moed om je dag te beginnen. Op sommige middagen zullen onze animatoren je enkele aanbieden <strong>sporttoernooien<\/strong>, wandelingen en andere activiteiten die speciaal zijn ontworpen voor de ouderen (tieners\/volwassenen).<\/p>\n\n\n\n<p>En vacances dans notre <strong>4-sterrencamping in de Vend\u00e9e<\/strong>, zorgen we ervoor dat u kunt genieten van uw verblijf weg van de dagelijkse routine en, waarom niet, nieuwe mensen ontmoeten!<\/p>\n<\/div><\/div>\n\n\n\n<div class=\"wp-block-media-text alignwide has-media-on-the-right is-stacked-on-mobile is-vertically-aligned-center animate right\"><div class=\"wp-block-media-text__content\">\n<h3 class=\"wp-block-heading texte-rond has-orange-color has-text-color has-large-font-size\" id=\"des-soirees-animees-pour-tous-aux-prairies-de-la-mer\">Uw zomeravonden om te delen met familie<\/h3>\n\n\n\n<p>Hoewel onze camping rustig is, hebben we enkele <strong>zomeravonden<\/strong> voor u, beste vakantiegangers. Tijdens de maanden<strong> juli en augustus<\/strong>, kunt u meedoen aan onze traditionele loterij, quizavonden, karaoke. Op sommige avonden kunt u onze leveranciers ontmoeten in de polyvalente zaal voor een <strong>concert of voorstelling voor het hele gezin.<\/strong> Er is voor ieder wat wils en voor elke smaak. En het belangrijkste: u kunt genieten van een echt gezellig en amusant moment met uw dierbaren en het campingteam!<\/p>\n\n\n\n<p>Wij bieden u ook\u00a0<strong>Foodtruckavonden\u00ab<\/strong>. Kom je avondeten bestellen en neem het mee in<strong><a href=\"https:\/\/mirabel-baiedecayola.com\/nl\/verhuur-appartement-les-sables-d-olonne\/\" target=\"_blank\" rel=\"noreferrer noopener\"> vakantieverblijf<\/a><\/strong>, aan zee. Je hebt de keuze: pizza's, panini's, taco's, kebab, ... het is naar je huidige wensen!<\/p>\n\n\n\n<div class=\"wp-block-buttons is-layout-flex wp-block-buttons-is-layout-flex\">\n<div class=\"wp-block-button is-style-fill\"><a class=\"wp-block-button__link has-turquoise-background-color has-background wp-element-button\" href=\"https:\/\/notre.guide\/labaiedecayola\/#events_onsite\" target=\"_blank\" rel=\"noreferrer noopener\">Vind de animatieplanningen in het welkomstboekje<\/a><\/div>\n<\/div>\n\n\n\n<p><\/p>\n\n\n\n<div class=\"wp-block-button aligncenter\"><a class=\"wp-block-button__link has-white-color has-turquoise-background-color has-text-color has-background\" href=\"https:\/\/www.facebook.com\/mirabelcayola\" target=\"_blank\" rel=\"noreferrer noopener\">Volg ons op onze Facebookpagina <i class=\"fab fa-facebook-f\"><\/i><\/a><\/div>\n<\/div><figure class=\"wp-block-media-text__media\"><img loading=\"lazy\" decoding=\"async\" width=\"1024\" height=\"768\" src=\"https:\/\/www.mirabel-baiedecayola.com\/wp-content\/uploads\/2022\/04\/SOIREE_DANSANTE-1024x768.jpg\" alt=\"Concert en avondfeest op camping Mirabel des Sables d&#039;Olonne\" class=\"wp-image-8229 size-full\" srcset=\"https:\/\/mirabel-baiedecayola.com\/wp-content\/uploads\/2022\/04\/SOIREE_DANSANTE-1024x768.jpg 1024w, https:\/\/mirabel-baiedecayola.com\/wp-content\/uploads\/2022\/04\/SOIREE_DANSANTE-300x225.jpg 300w, https:\/\/mirabel-baiedecayola.com\/wp-content\/uploads\/2022\/04\/SOIREE_DANSANTE-768x576.jpg 768w, https:\/\/mirabel-baiedecayola.com\/wp-content\/uploads\/2022\/04\/SOIREE_DANSANTE.jpg 1200w\" sizes=\"auto, (max-width: 1024px) 100vw, 1024px\" \/><\/figure><\/div>\n\n\n\n<div style=\"height:40px\" aria-hidden=\"true\" class=\"wp-block-spacer\"><\/div>\n\n\n\n<p class=\"has-text-align-center texte-rond mt-5 has-large-font-size\">Ontdek de camping<\/p>\n\n\n\n<div class=\"wp-block-columns are-vertically-aligned-center h-20 front-page-section grey is-layout-flex wp-container-core-columns-is-layout-28f84493 wp-block-columns-is-layout-flex\">\n<div class=\"wp-block-column is-layout-flow wp-block-column-is-layout-flow\"><\/div>\n\n\n\n<div class=\"wp-block-column is-layout-flow wp-block-column-is-layout-flow\">\n<div class=\"wp-block-create-block-sevgutenberg-navigation\"><aside class=\"encart-sev-navigation small carre\"><a href=\"https:\/\/mirabel-baiedecayola.com\/nl\/ervaringen\/\" class=\"d-flex flex-column align-items-center\"><div class=\"encart-title\"><span>Ervaringen<\/span><\/div><div class=\"vague\"><\/div><img decoding=\"async\" src=\"https:\/\/www.mirabel-baiedecayola.com\/wp-content\/uploads\/2022\/04\/huitre-degustation-aperitif2.jpg\" alt=\"Vend\u00e9ense gastronomie\"\/><div class=\"ligne\"><\/div><div class=\"hover\"><\/div><\/a><\/aside><\/div>\n<\/div>\n\n\n\n<div class=\"wp-block-column is-vertically-aligned-center is-layout-flow wp-block-column-is-layout-flow\">\n<div class=\"wp-block-create-block-sevgutenberg-navigation\"><aside class=\"encart-sev-navigation small carre\"><a href=\"https:\/\/mirabel-baiedecayola.com\/nl\/waterpark\/\" class=\"d-flex flex-column align-items-center\"><div class=\"encart-title\"><span>Waterpark<\/span><\/div><div class=\"vague\"><\/div><img decoding=\"async\" src=\"https:\/\/www.mirabel-baiedecayola.com\/wp-content\/uploads\/2022\/04\/Cayola-piscines-toboggans-1200px.jpg\" alt=\"\"\/><div class=\"ligne\"><\/div><div class=\"hover\"><\/div><\/a><\/aside><\/div>\n<\/div>\n\n\n\n<div class=\"wp-block-column is-vertically-aligned-center is-layout-flow wp-block-column-is-layout-flow\">\n<div class=\"wp-block-create-block-sevgutenberg-navigation\"><aside class=\"encart-sev-navigation small carre\"><a href=\"https:\/\/mirabel-baiedecayola.com\/nl\/eigenaar-stacaravan-verkoper\/\" class=\"d-flex flex-column align-items-center\"><div class=\"encart-title\"><span>Word eigenaar<\/span><\/div><div class=\"vague\"><\/div><img decoding=\"async\" src=\"https:\/\/www.mirabel-baiedecayola.com\/wp-content\/uploads\/2023\/01\/galerie-toscane-8733.jpeg\" alt=\"verkoop nieuwe stacaravan keuken\"\/><div class=\"ligne\"><\/div><div class=\"hover\"><\/div><\/a><\/aside><\/div>\n<\/div>\n\n\n\n<div class=\"wp-block-column is-layout-flow wp-block-column-is-layout-flow\"><\/div>\n<\/div>\n\n\n\n<figure class=\"wp-block-image aligncenter size-large is-resized mt-5\"><img decoding=\"async\" src=\"https:\/\/www.mirabel-baiedecayola.com\/wp-content\/uploads\/2022\/01\/photo-1024x84.png\" alt=\"fotogalerij\" class=\"wp-image-2371\" style=\"width:742px;height:auto\"\/><\/figure>\n\n\n\t\t\t<div id=\"sevgallery-165570015\" class=\"sev-diaporama sev-diaporama-portfolio\">\r\n\t\t\t\t<div class=\"row\">\r\n\r\n\t\t\t\t\t\r\n\t\t\t\t\t\t\r\n\t\t\t\t\t\t<div class=\"sev-diaporama-portfolio-item   btnseeall btnseeall-xl col-12 col-md  col-grow\">\r\n\t\t\t\t\t\t\t<a href=\"https:\/\/mirabel-baiedecayola.com\/wp-content\/uploads\/2022\/04\/ACTIVITE_PADDLE-1024x683.jpg\" data-lightbox=\"sevgallery-165570015\" style=\"background-image: url(https:\/\/mirabel-baiedecayola.com\/wp-content\/uploads\/2022\/04\/ACTIVITE_PADDLE-1024x683.jpg)\">\r\n\t\t\t\t\t\t\t\t<img decoding=\"async\" src=\"https:\/\/mirabel-baiedecayola.com\/wp-content\/uploads\/2022\/04\/ACTIVITE_PADDLE-1024x683.jpg\" alt=\"animatie peddel\" loading=\"lazy\">\r\n\t\t\t\t\t\t\t\t\t\t\t\t\t\t\t<\/a>\r\n\t\t\t\t\t\t<\/div>\r\n\r\n\t\t\t\t\t\t\r\n\t\t\t\t\t\t\t\t\t\t\t\t\t\t\t\t\t\r\n\t\t\t\t\t\t\r\n\t\t\t\t\t\t<div class=\"sev-diaporama-portfolio-item   btnseeall btnseeall-xl col-12 col-md  col-shrink\">\r\n\t\t\t\t\t\t\t<a href=\"https:\/\/mirabel-baiedecayola.com\/wp-content\/uploads\/2024\/01\/danse-camping-cayola-animateurs-1024x683.jpg\" data-lightbox=\"sevgallery-165570015\" style=\"background-image: url(https:\/\/mirabel-baiedecayola.com\/wp-content\/uploads\/2024\/01\/danse-camping-cayola-animateurs-1024x683.jpg)\">\r\n\t\t\t\t\t\t\t\t<img decoding=\"async\" src=\"https:\/\/mirabel-baiedecayola.com\/wp-content\/uploads\/2024\/01\/danse-camping-cayola-animateurs-1024x683.jpg\" alt=\"De campingdans met de animatrices van de kinderclub van camping Cayola\" loading=\"lazy\">\r\n\t\t\t\t\t\t\t\t\t\t\t\t\t\t\t<\/a>\r\n\t\t\t\t\t\t<\/div>\r\n\r\n\t\t\t\t\t\t\r\n\t\t\t\t\t\t\t\t\t\t\t\t\t\t\t\t\t\r\n\t\t\t\t\t\t\r\n\t\t\t\t\t\t<div class=\"sev-diaporama-portfolio-item   btnseeall btnseeall-xl col-12 col-md  col-grow\">\r\n\t\t\t\t\t\t\t<a href=\"https:\/\/mirabel-baiedecayola.com\/wp-content\/uploads\/2022\/04\/CHATEUSES_SALLE_POLYVALENTE-1024x683.jpg\" data-lightbox=\"sevgallery-165570015\" style=\"background-image: url(https:\/\/mirabel-baiedecayola.com\/wp-content\/uploads\/2022\/04\/CHATEUSES_SALLE_POLYVALENTE-1024x683.jpg)\">\r\n\t\t\t\t\t\t\t\t<img decoding=\"async\" src=\"https:\/\/mirabel-baiedecayola.com\/wp-content\/uploads\/2022\/04\/CHATEUSES_SALLE_POLYVALENTE-1024x683.jpg\" alt=\"avond op de camping in Les Sables-d&#039;Olonne in de Vend\u00e9e\" loading=\"lazy\">\r\n\t\t\t\t\t\t\t\t\t\t\t\t\t\t\t<\/a>\r\n\t\t\t\t\t\t<\/div>\r\n\r\n\t\t\t\t\t\t\r\n\t\t\t\t\t\t\t\t\t\t\t\t\t\t\t\t\t\r\n\t\t\t\t\t\t\r\n\t\t\t\t\t\t<div class=\"sev-diaporama-portfolio-item   btnseeall btnseeall-xl col-12 col-md  col-shrink\">\r\n\t\t\t\t\t\t\t<a href=\"https:\/\/mirabel-baiedecayola.com\/wp-content\/uploads\/2022\/04\/CHANTEUR_GUITARISTE_CAYOLA-768x1024.jpg\" data-lightbox=\"sevgallery-165570015\" style=\"background-image: url(https:\/\/mirabel-baiedecayola.com\/wp-content\/uploads\/2022\/04\/CHANTEUR_GUITARISTE_CAYOLA-768x1024.jpg)\">\r\n\t\t\t\t\t\t\t\t<img decoding=\"async\" src=\"https:\/\/mirabel-baiedecayola.com\/wp-content\/uploads\/2022\/04\/CHANTEUR_GUITARISTE_CAYOLA-768x1024.jpg\" alt=\"concert op de camping in Vend\u00e9e\" loading=\"lazy\">\r\n\t\t\t\t\t\t\t\t\t\t\t\t\t\t\t<\/a>\r\n\t\t\t\t\t\t<\/div>\r\n\r\n\t\t\t\t\t\t\t\t\t\t\t\t\t<div class=\"w-100\"><\/div>\r\n\t\t\t\t\t\t\t\t\t\t\t\t\t\r\n\t\t\t\t\t\t\t\t\t\t\t\t\t\t\t\t\t\r\n\t\t\t\t\t\t\r\n\t\t\t\t\t\t<div class=\"sev-diaporama-portfolio-item   btnseeall btnseeall-xl col-12 col-md  col-grow\">\r\n\t\t\t\t\t\t\t<a href=\"https:\/\/mirabel-baiedecayola.com\/wp-content\/uploads\/2022\/04\/BALADE_FORET-1024x683.jpg\" data-lightbox=\"sevgallery-165570015\" style=\"background-image: url(https:\/\/mirabel-baiedecayola.com\/wp-content\/uploads\/2022\/04\/BALADE_FORET-1024x683.jpg)\">\r\n\t\t\t\t\t\t\t\t<img decoding=\"async\" src=\"https:\/\/mirabel-baiedecayola.com\/wp-content\/uploads\/2022\/04\/BALADE_FORET-1024x683.jpg\" alt=\"camping in het hart van de natuur\" loading=\"lazy\">\r\n\t\t\t\t\t\t\t\t\t\t\t\t\t\t\t<\/a>\r\n\t\t\t\t\t\t<\/div>\r\n\r\n\t\t\t\t\t\t\r\n\t\t\t\t\t\t\t\t\t\t\t\t\t\t\t\t\t\r\n\t\t\t\t\t\t\r\n\t\t\t\t\t\t<div class=\"sev-diaporama-portfolio-item   btnseeall btnseeall-xl col-12 col-md\">\r\n\t\t\t\t\t\t\t<a href=\"https:\/\/mirabel-baiedecayola.com\/nl\/camping-vendee-photos\/\"  style=\"background-image: url(https:\/\/mirabel-baiedecayola.com\/wp-content\/uploads\/2022\/04\/TOURNOIS_PETANQUE_1-1024x683.jpg)\">\r\n\t\t\t\t\t\t\t\t<img decoding=\"async\" src=\"https:\/\/mirabel-baiedecayola.com\/wp-content\/uploads\/2022\/04\/TOURNOIS_PETANQUE_1-1024x683.jpg\" alt=\"animaties en dag op de camping\" loading=\"lazy\">\r\n\t\t\t\t\t\t\t\t\t\t\t\t\t\t\t<\/a>\r\n\t\t\t\t\t\t<\/div>\r\n\r\n\t\t\t\t\t\t\r\n\t\t\t\t\t\t\t\t\t\t\t\t\t\t\t\t\t\r\n\t\t\t\t\t\t\r\n\t\t\t\t\t\t<div class=\"sev-diaporama-portfolio-item   btnseeall btnseeall-xl col-12 col-md\">\r\n\t\t\t\t\t\t\t<a href=\"https:\/\/mirabel-baiedecayola.com\/wp-content\/uploads\/2022\/04\/CHANTEUR-768x1024.jpg\" data-lightbox=\"sevgallery-165570015\" style=\"background-image: url(https:\/\/mirabel-baiedecayola.com\/wp-content\/uploads\/2022\/04\/CHANTEUR-768x1024.jpg)\">\r\n\t\t\t\t\t\t\t\t<img decoding=\"async\" src=\"https:\/\/mirabel-baiedecayola.com\/wp-content\/uploads\/2022\/04\/CHANTEUR-768x1024.jpg\" alt=\"avond op de camping in Les Sables-d&#039;Olonne in de Vend\u00e9e\" loading=\"lazy\">\r\n\t\t\t\t\t\t\t\t\t\t\t\t\t\t\t<\/a>\r\n\t\t\t\t\t\t<\/div>\r\n\r\n\t\t\t\t\t\t\r\n\t\t\t\t\t\t\t\t\t\t\t\t\t\t\t\t\t\r\n\t\t\t\t\t\t\r\n\t\t\t\t\t\t<div class=\"sev-diaporama-portfolio-item  limitsm btnseeall btnseeall-xl col-12 col-md  last-visible\">\r\n\t\t\t\t\t\t\t<a href=\"https:\/\/mirabel-baiedecayola.com\/wp-content\/uploads\/2022\/04\/HEADER_ANIMATION_OLYMPIADES_CAYOLA-1-1024x418.jpg\" data-lightbox=\"sevgallery-165570015\" style=\"background-image: url(https:\/\/mirabel-baiedecayola.com\/wp-content\/uploads\/2022\/04\/HEADER_ANIMATION_OLYMPIADES_CAYOLA-1-1024x418.jpg)\">\r\n\t\t\t\t\t\t\t\t<img decoding=\"async\" src=\"https:\/\/mirabel-baiedecayola.com\/wp-content\/uploads\/2022\/04\/HEADER_ANIMATION_OLYMPIADES_CAYOLA-1-1024x418.jpg\" alt=\"animaties op de camping in de Vend\u00e9e\" loading=\"lazy\">\r\n\t\t\t\t\t\t\t\t\t\t\t\t\t\t\t\t\t<img decoding=\"async\" src=\"https:\/\/mirabel-baiedecayola.com\/wp-content\/themes\/mirabel-site\/assets\/img\/voir-photos.png\" alt=\"\" \/>\r\n\t\t\t\t\t\t\t\t\t<span>Bekijk alle foto's<\/span>\r\n\t\t\t\t\t\t\t\t\t\t\t\t\t\t\t<\/a>\r\n\t\t\t\t\t\t<\/div>\r\n\r\n\t\t\t\t\t\t\t\t\t\t\t\t\t<div class=\"w-100\"><\/div>\r\n\t\t\t\t\t\t\t\t\t\t\t\t\t\r\n\t\t\t\t\t\t\t\t\t\t\t\t\t\t\t\t\t\t\t\t\t<\/div>\r\n\t\t\t<\/div>\r\n\r\n\t\t\t<script>\r\n\t\t\tjQuery(function($) {\r\n\r\n\t\t\t\tvar marginPortfolio = function() {\r\n\r\n\t\t\t\t\tvar $diapo          = $('#sevgallery-165570015');\r\n\t\t\t\t\tvar container_width = $diapo.parent().outerWidth();\r\n\t\t\t\t\tvar side            = ( $(window).innerWidth() - container_width ) \/ 2;\r\n\r\n\t\t\t\t\t$diapo.css( {\r\n\t\t\t\t\t\t'margin-left': '-' + side + 'px',\r\n\t\t\t\t\t\t'margin-right': '-' + side + 'px',\r\n\t\t\t\t\t} );\r\n\t\t\t\t};\r\n\r\n\t\t\t\t$( window ).resize( function() {\r\n\t\t\t\t\tmarginPortfolio();\r\n\t\t\t\t} );\r\n\t\t\t\tmarginPortfolio();\r\n\t\t\t});\r\n\t\t\t<\/script>","protected":false},"excerpt":{"rendered":"<p>Les animations au camping en juillet et ao\u00fbt A Cayola, l\u2019\u00e9quipe d\u2019animation vous propose chaque \u00e9t\u00e9 des activit\u00e9s sportives et [&hellip;]<\/p>\n","protected":false},"author":3,"featured_media":0,"parent":0,"menu_order":0,"comment_status":"closed","ping_status":"closed","template":"","meta":{"_seopress_robots_primary_cat":"","_seopress_titles_title":"Camping Aux Sables d'Olonne avec animations en \u00e9t\u00e9","_seopress_titles_desc":"Activit\u00e9s pour les petits au club enfants, animations ados et adultes en journ\u00e9e, soir\u00e9es \u00e0 th\u00e8me... En juillet et ao\u00fbt, \u00e7a bouge au camping !","_seopress_robots_index":"","footnotes":""},"class_list":["post-46","page","type-page","status-publish","hentry"],"_links":{"self":[{"href":"https:\/\/mirabel-baiedecayola.com\/nl\/wp-json\/wp\/v2\/pages\/46","targetHints":{"allow":["GET"]}}],"collection":[{"href":"https:\/\/mirabel-baiedecayola.com\/nl\/wp-json\/wp\/v2\/pages"}],"about":[{"href":"https:\/\/mirabel-baiedecayola.com\/nl\/wp-json\/wp\/v2\/types\/page"}],"author":[{"embeddable":true,"href":"https:\/\/mirabel-baiedecayola.com\/nl\/wp-json\/wp\/v2\/users\/3"}],"replies":[{"embeddable":true,"href":"https:\/\/mirabel-baiedecayola.com\/nl\/wp-json\/wp\/v2\/comments?post=46"}],"version-history":[{"count":58,"href":"https:\/\/mirabel-baiedecayola.com\/nl\/wp-json\/wp\/v2\/pages\/46\/revisions"}],"predecessor-version":[{"id":17329,"href":"https:\/\/mirabel-baiedecayola.com\/nl\/wp-json\/wp\/v2\/pages\/46\/revisions\/17329"}],"wp:attachment":[{"href":"https:\/\/mirabel-baiedecayola.com\/nl\/wp-json\/wp\/v2\/media?parent=46"}],"curies":[{"name":"wp","href":"https:\/\/api.w.org\/{rel}","templated":true}]}}