{"id":5462,"date":"2022-02-24T12:28:06","date_gmt":"2022-02-24T11:28:06","guid":{"rendered":"https:\/\/www.camping-vendee-cayola.com\/?page_id=5462"},"modified":"2024-04-08T17:29:35","modified_gmt":"2024-04-08T15:29:35","slug":"camping-la-tranche-sur-mer","status":"publish","type":"page","link":"https:\/\/mirabel-baiedecayola.com\/nl\/camping-la-tranche-sur-mer\/","title":{"rendered":"La Tranche sur Mer"},"content":{"rendered":"<h1 class=\"wp-block-heading\">La Tranche-sur-Mer - Gezinsbestemming bij uitstek in de Vend\u00e9e<\/h1>\n\n\n\n<div class=\"wp-block-media-text alignwide has-media-on-the-right is-stacked-on-mobile is-vertically-aligned-center\"><div class=\"wp-block-media-text__content\">\n<h2 class=\"wp-block-heading\">La Tranche-sur-Mer, een gecertificeerde badplaats<\/h2>\n\n\n\n<figure class=\"wp-block-image size-full\"><img decoding=\"async\" src=\"https:\/\/www.mirabel-baiedecayola.com\/wp-content\/uploads\/2022\/01\/barre-bleue.png\" alt=\"\" class=\"wp-image-2382\"\/><\/figure>\n\n\n\n<p>Op minder dan 1 uur van uw camping in Les Sables d'Olonne ligt het kleine dorpje La Tranche-sur-Mer, een geweldige plek om een dag door te brengen met vrienden en familie. Bezoek <strong>9 km fijne zandstranden tegenover het \u00cele de R\u00e9<\/strong> waar je van het uitzicht kunt genieten terwijl je je kleurtje verzorgt. Het resort wordt omringd door bossen en moerassen, ideaal voor wandelingen in alle seizoenen of fietstochten over de fietspaden van het departement. Gelabeld <strong>Familie plus<\/strong> en <strong>Blauwe vlag<\/strong>, La Tranche-sur-Mer is een populaire bestemming voor gezinnen, die kunnen profiteren van de vele activiteiten en evenementen die de hele zomer worden aangeboden.<\/p>\n<\/div><figure class=\"wp-block-media-text__media\"><img loading=\"lazy\" decoding=\"async\" width=\"1024\" height=\"683\" src=\"https:\/\/www.mirabel-baiedecayola.com\/wp-content\/uploads\/2022\/04\/tranche-commerce-souvenir-ville-1024x683.jpg\" alt=\"winkels in la tranche sur Mer\" class=\"wp-image-9189 size-full\" srcset=\"https:\/\/mirabel-baiedecayola.com\/wp-content\/uploads\/2022\/04\/tranche-commerce-souvenir-ville-1024x683.jpg 1024w, https:\/\/mirabel-baiedecayola.com\/wp-content\/uploads\/2022\/04\/tranche-commerce-souvenir-ville-300x200.jpg 300w, https:\/\/mirabel-baiedecayola.com\/wp-content\/uploads\/2022\/04\/tranche-commerce-souvenir-ville-768x512.jpg 768w, https:\/\/mirabel-baiedecayola.com\/wp-content\/uploads\/2022\/04\/tranche-commerce-souvenir-ville.jpg 1200w\" sizes=\"auto, (max-width: 1024px) 100vw, 1024px\" \/><\/figure><\/div>\n\n\n\n<div style=\"height:20px\" aria-hidden=\"true\" class=\"wp-block-spacer\"><\/div>\n\n\n\n<div class=\"wp-block-media-text alignwide is-stacked-on-mobile is-vertically-aligned-center is-image-fill animate left\"><figure class=\"wp-block-media-text__media\" style=\"background-image:url(https:\/\/www.mirabel-baiedecayola.com\/wp-content\/uploads\/2022\/04\/sport-nautique-tranche.jpg);background-position:48% 36%\"><img loading=\"lazy\" decoding=\"async\" width=\"680\" height=\"1020\" src=\"https:\/\/www.mirabel-baiedecayola.com\/wp-content\/uploads\/2022\/04\/sport-nautique-tranche.jpg\" alt=\"watersporten op de stranden van la tranche sur mer\" class=\"wp-image-9192 size-full\" srcset=\"https:\/\/mirabel-baiedecayola.com\/wp-content\/uploads\/2022\/04\/sport-nautique-tranche.jpg 680w, https:\/\/mirabel-baiedecayola.com\/wp-content\/uploads\/2022\/04\/sport-nautique-tranche-200x300.jpg 200w\" sizes=\"auto, (max-width: 680px) 100vw, 680px\" \/><\/figure><div class=\"wp-block-media-text__content\">\n<h2 class=\"wp-block-heading\">Een bekende plek voor watersporten<\/h2>\n\n\n\n<figure class=\"wp-block-image size-full\"><img decoding=\"async\" src=\"https:\/\/www.mirabel-baiedecayola.com\/wp-content\/uploads\/2022\/01\/barre-bleue.png\" alt=\"\" class=\"wp-image-2382\"\/><\/figure>\n\n\n\n<figure class=\"wp-block-image alignright size-full is-resized\"><img loading=\"lazy\" decoding=\"async\" width=\"320\" height=\"326\" src=\"https:\/\/www.mirabel-baiedecayola.com\/wp-content\/uploads\/2022\/01\/Etoile2-1.png\" alt=\"\" class=\"wp-image-2051\" style=\"width:100px\" srcset=\"https:\/\/mirabel-baiedecayola.com\/wp-content\/uploads\/2022\/01\/Etoile2-1.png 320w, https:\/\/mirabel-baiedecayola.com\/wp-content\/uploads\/2022\/01\/Etoile2-1-294x300.png 294w\" sizes=\"auto, (max-width: 320px) 100vw, 320px\" \/><\/figure>\n\n\n\n<p>La Tranche-sur-Mer is de ideale plek voor watersporten. Als je van sensatie houdt, probeer dan eens<strong> strandzeilen, kitesurfen, windsurfen<\/strong> of de <strong>surfen <\/strong>voor liefhebbers van grote golven. Er zijn tal van recreatiemogelijkheden, dus aarzel niet om alle praktische informatie te vragen die je nodig hebt bij de receptie van de camping of bij het VVV-kantoor (<a rel=\"noreferrer noopener\" href=\"https:\/\/www.latranchesurmer-tourisme.fr\/que-faire\/activites\/glisse-et-nautisme\" target=\"_blank\">surfen en watersporten<\/a>). We hebben er een aantal opgesomd in onze \u00ab&nbsp;<a href=\"https:\/\/mirabel-baiedecayola.com\/nl\/camping-vendee-bonnes-adresses\/\" data-type=\"page\" data-id=\"8674\">de activiteiten<\/a>&nbsp;\u00bb. Voor wie liever gaat zwemmen, zijn er 13 km aan stranden rond het dorp die zeker in de smaak zullen vallen.<\/p>\n\n\n\n<p><\/p>\n<\/div><\/div>\n\n\n\n<div style=\"height:20px\" aria-hidden=\"true\" class=\"wp-block-spacer\"><\/div>\n\n\n\n<div class=\"wp-block-media-text alignwide has-media-on-the-right is-stacked-on-mobile is-vertically-aligned-center is-image-fill animate right\"><div class=\"wp-block-media-text__content\">\n<h2 class=\"wp-block-heading\">Wat je niet mag missen: de must-sees in La Tranche-sur-Mer in Zuid-Vend\u00e9e<\/h2>\n\n\n\n<figure class=\"wp-block-image size-full\"><img decoding=\"async\" src=\"https:\/\/www.mirabel-baiedecayola.com\/wp-content\/uploads\/2022\/01\/barre-bleue.png\" alt=\"\" class=\"wp-image-2382\"\/><\/figure>\n\n\n\n<p>In L'Aiguillon-sur-Mer verwelkomt het enorme meer van 7 hectare jong en oud om te genieten van <strong>leuke en sportieve activiteiten<\/strong>&nbsp;Waterski\u00ebn, wakeboarden, wakeskating en zelfs wake foiling, de ster van het moment! Vlieg op je board boven zee over het water voor een nieuwe ervaring en nieuwe sensaties, onder begeleiding van gekwalificeerde en gepassioneerde professionals. Om van de dag te genieten is er een snackbar op het terrein.<strong> recreatiecentrum<\/strong>.<\/p>\n\n\n\n<p>Een andere bezienswaardigheid in de omgeving is de <strong>Baai van Aiguillon<\/strong>. Als je op zoek bent naar een plek in perfecte harmonie met de natuur, dan is dit de plek om naartoe te gaan. Op meer dan 5.000 hectare vermengen zoet en zout water zich op het ritme van de getijden. Het landschap verandert op elk moment van de dag, dus je hoeft alleen maar het spektakel te bewonderen!<\/p>\n<\/div><figure class=\"wp-block-media-text__media\" style=\"background-image:url(https:\/\/www.mirabel-baiedecayola.com\/wp-content\/uploads\/2023\/02\/baie-Aiguillon-sur-Mer11.jpg);background-position:50% 50%\"><img loading=\"lazy\" decoding=\"async\" width=\"600\" height=\"400\" src=\"https:\/\/www.mirabel-baiedecayola.com\/wp-content\/uploads\/2023\/02\/baie-Aiguillon-sur-Mer11.jpg\" alt=\"baie de l&#039;aiguillon natuur fauna flora\" class=\"wp-image-12008 size-full\" srcset=\"https:\/\/mirabel-baiedecayola.com\/wp-content\/uploads\/2023\/02\/baie-Aiguillon-sur-Mer11.jpg 600w, https:\/\/mirabel-baiedecayola.com\/wp-content\/uploads\/2023\/02\/baie-Aiguillon-sur-Mer11-300x200.jpg 300w\" sizes=\"auto, (max-width: 600px) 100vw, 600px\" \/><\/figure><\/div>\n\n\n\n<div class=\"wp-block-media-text alignwide is-stacked-on-mobile animate left\"><figure class=\"wp-block-media-text__media\"><img loading=\"lazy\" decoding=\"async\" width=\"1024\" height=\"683\" src=\"https:\/\/www.mirabel-baiedecayola.com\/wp-content\/uploads\/2022\/04\/Musee-Clemenceaud-jardin-1024x683.jpg\" alt=\"Het huis van Cl\u00e9menceau in de Vend\u00e9e\" class=\"wp-image-9199 size-full\" srcset=\"https:\/\/mirabel-baiedecayola.com\/wp-content\/uploads\/2022\/04\/Musee-Clemenceaud-jardin-1024x683.jpg 1024w, https:\/\/mirabel-baiedecayola.com\/wp-content\/uploads\/2022\/04\/Musee-Clemenceaud-jardin-300x200.jpg 300w, https:\/\/mirabel-baiedecayola.com\/wp-content\/uploads\/2022\/04\/Musee-Clemenceaud-jardin-768x512.jpg 768w, https:\/\/mirabel-baiedecayola.com\/wp-content\/uploads\/2022\/04\/Musee-Clemenceaud-jardin.jpg 1200w\" sizes=\"auto, (max-width: 1024px) 100vw, 1024px\" \/><\/figure><div class=\"wp-block-media-text__content\">\n<h2 class=\"wp-block-heading\">Bezoek het huis van Georges Cl\u00e9menceau<\/h2>\n\n\n\n<figure class=\"wp-block-image size-full is-resized\"><img loading=\"lazy\" decoding=\"async\" width=\"50\" height=\"8\" src=\"https:\/\/www.mirabel-baiedecayola.com\/wp-content\/uploads\/2022\/01\/barre-bleue.png\" alt=\"\" class=\"wp-image-2627\" style=\"width:50px;height:8px\"\/><\/figure>\n\n\n\n<p>Het beroemde huis dat Georges Cl\u00e9menceau bewoonde tijdens de laatste jaren van zijn leven is nu open voor bezoekers. Het is nog steeds ingericht zoals in die tijd en je kunt naar binnen gaan om zijn wereld te ontdekken, zijn \u00abimpressionistische\u00bb tuin en veel verrassingen om meer te weten te komen over deze man die ook journalist, senator en schrijver was.<\/p>\n\n\n\n<figure class=\"wp-block-image aligncenter size-full is-resized\"><img loading=\"lazy\" decoding=\"async\" width=\"320\" height=\"214\" src=\"https:\/\/www.mirabel-baiedecayola.com\/wp-content\/uploads\/2021\/12\/Smile.png\" alt=\"praktisch glimlachen\" class=\"wp-image-1947\" style=\"width:100px\" srcset=\"https:\/\/mirabel-baiedecayola.com\/wp-content\/uploads\/2021\/12\/Smile.png 320w, https:\/\/mirabel-baiedecayola.com\/wp-content\/uploads\/2021\/12\/Smile-300x201.png 300w\" sizes=\"auto, (max-width: 320px) 100vw, 320px\" \/><\/figure>\n<\/div><\/div>\n\n\n\n<p class=\"has-text-align-center texte-rond mt-5 has-large-font-size\">Ontdek de camping<\/p>\n\n\n\n<div class=\"wp-block-columns front-page-section grey is-layout-flex wp-container-core-columns-is-layout-28f84493 wp-block-columns-is-layout-flex\">\n<div class=\"wp-block-column is-layout-flow wp-block-column-is-layout-flow\"><\/div>\n\n\n\n<div class=\"wp-block-column is-layout-flow wp-block-column-is-layout-flow\">\n<div class=\"wp-block-create-block-sevgutenberg-navigation\"><aside class=\"encart-sev-navigation small carre\"><a href=\"https:\/\/mirabel-baiedecayola.com\/nl\/4-sterren-camping-vendee-diensten\/\" class=\"d-flex flex-column align-items-center\"><div class=\"encart-title\"><span>Onze diensten<\/span><\/div><div class=\"vague\"><\/div><img decoding=\"async\" src=\"https:\/\/www.mirabel-baiedecayola.com\/wp-content\/uploads\/2022\/04\/accueil-reception-vacanciers.jpg\" alt=\"welkom camping ***\"\/><div class=\"ligne\"><\/div><div class=\"hover\"><\/div><\/a><\/aside><\/div>\n<\/div>\n\n\n\n<div class=\"wp-block-column is-vertically-aligned-center is-layout-flow wp-block-column-is-layout-flow\">\n<div class=\"wp-block-create-block-sevgutenberg-navigation\"><aside class=\"encart-sev-navigation small carre\"><a href=\"https:\/\/mirabel-baiedecayola.com\/nl\/evenementen-juli-augustus\/\" class=\"d-flex flex-column align-items-center\"><div class=\"encart-title\"><span>Amusement<\/span><\/div><div class=\"vague\"><\/div><img decoding=\"async\" src=\"https:\/\/www.mirabel-baiedecayola.com\/wp-content\/uploads\/2022\/04\/HEADER_ANIMATION_OLYMPIADES_CAYOLA-1.jpg\" alt=\"animaties op de camping in de Vend\u00e9e\"\/><div class=\"ligne\"><\/div><div class=\"hover\"><\/div><\/a><\/aside><\/div>\n<\/div>\n\n\n\n<div class=\"wp-block-column is-layout-flow wp-block-column-is-layout-flow\">\n<div class=\"wp-block-create-block-sevgutenberg-navigation\"><aside class=\"encart-sev-navigation small carre\"><a href=\"https:\/\/mirabel-baiedecayola.com\/nl\/waterpark\/\" class=\"d-flex flex-column align-items-center\"><div class=\"encart-title\"><span>Waterpark<\/span><\/div><div class=\"vague\"><\/div><img decoding=\"async\" src=\"https:\/\/www.mirabel-baiedecayola.com\/wp-content\/uploads\/2022\/04\/Cayola-piscines-toboggans-1200px-1.jpg\" alt=\"watergebied van de camping in de Vend\u00e9e\"\/><div class=\"ligne\"><\/div><div class=\"hover\"><\/div><\/a><\/aside><\/div>\n<\/div>\n\n\n\n<div class=\"wp-block-column is-layout-flow wp-block-column-is-layout-flow\"><\/div>\n<\/div>\n\n\n\n<figure class=\"wp-block-image aligncenter size-large\"><img loading=\"lazy\" decoding=\"async\" width=\"1024\" height=\"84\" src=\"https:\/\/www.mirabel-baiedecayola.com\/wp-content\/uploads\/2022\/01\/photo-1024x84.png\" alt=\"Fotogalerij\" class=\"wp-image-2680\" srcset=\"https:\/\/mirabel-baiedecayola.com\/wp-content\/uploads\/2022\/01\/photo-1024x84.png 1024w, https:\/\/mirabel-baiedecayola.com\/wp-content\/uploads\/2022\/01\/photo-300x25.png 300w, https:\/\/mirabel-baiedecayola.com\/wp-content\/uploads\/2022\/01\/photo-768x63.png 768w, https:\/\/mirabel-baiedecayola.com\/wp-content\/uploads\/2022\/01\/photo-1536x126.png 1536w, https:\/\/mirabel-baiedecayola.com\/wp-content\/uploads\/2022\/01\/photo-2048x169.png 2048w\" sizes=\"auto, (max-width: 1024px) 100vw, 1024px\" \/><\/figure>\n\n\n\t\t\t<div id=\"sevgallery-1774066861\" class=\"sev-diaporama sev-diaporama-portfolio\">\r\n\t\t\t\t<div class=\"row\">\r\n\r\n\t\t\t\t\t\r\n\t\t\t\t\t\t\r\n\t\t\t\t\t\t<div class=\"sev-diaporama-portfolio-item   btnseeall btnseeall-xl col-12 col-md  col-shrink\">\r\n\t\t\t\t\t\t\t<a href=\"https:\/\/mirabel-baiedecayola.com\/wp-content\/uploads\/2022\/04\/tranche-commerce-souvenir-ville-1-1024x683.jpg\" data-lightbox=\"sevgallery-1774066861\" style=\"background-image: url(https:\/\/mirabel-baiedecayola.com\/wp-content\/uploads\/2022\/04\/tranche-commerce-souvenir-ville-1-1024x683.jpg)\">\r\n\t\t\t\t\t\t\t\t<img decoding=\"async\" src=\"https:\/\/mirabel-baiedecayola.com\/wp-content\/uploads\/2022\/04\/tranche-commerce-souvenir-ville-1-1024x683.jpg\" alt=\"vakantie in Vend\u00e9e\" loading=\"lazy\">\r\n\t\t\t\t\t\t\t\t\t\t\t\t\t\t\t<\/a>\r\n\t\t\t\t\t\t<\/div>\r\n\r\n\t\t\t\t\t\t\r\n\t\t\t\t\t\t\t\t\t\t\t\t\t\t\t\t\t\r\n\t\t\t\t\t\t\r\n\t\t\t\t\t\t<div class=\"sev-diaporama-portfolio-item   btnseeall btnseeall-xl col-12 col-md  col-grow\">\r\n\t\t\t\t\t\t\t<a href=\"https:\/\/mirabel-baiedecayola.com\/wp-content\/uploads\/2022\/04\/IMG_7671.jpg\" data-lightbox=\"sevgallery-1774066861\" style=\"background-image: url(https:\/\/mirabel-baiedecayola.com\/wp-content\/uploads\/2022\/04\/IMG_7671.jpg)\">\r\n\t\t\t\t\t\t\t\t<img decoding=\"async\" src=\"https:\/\/mirabel-baiedecayola.com\/wp-content\/uploads\/2022\/04\/IMG_7671.jpg\" alt=\"la tranche sur Mer strand\" loading=\"lazy\">\r\n\t\t\t\t\t\t\t\t\t\t\t\t\t\t\t<\/a>\r\n\t\t\t\t\t\t<\/div>\r\n\r\n\t\t\t\t\t\t\r\n\t\t\t\t\t\t\t\t\t\t\t\t\t\t\t\t\t\r\n\t\t\t\t\t\t\r\n\t\t\t\t\t\t<div class=\"sev-diaporama-portfolio-item   btnseeall btnseeall-xl col-12 col-md  col-grow\">\r\n\t\t\t\t\t\t\t<a href=\"https:\/\/mirabel-baiedecayola.com\/wp-content\/uploads\/2022\/04\/IMG_7675-1.jpg\" data-lightbox=\"sevgallery-1774066861\" style=\"background-image: url(https:\/\/mirabel-baiedecayola.com\/wp-content\/uploads\/2022\/04\/IMG_7675-1.jpg)\">\r\n\t\t\t\t\t\t\t\t<img decoding=\"async\" src=\"https:\/\/mirabel-baiedecayola.com\/wp-content\/uploads\/2022\/04\/IMG_7675-1.jpg\" alt=\"kampeervakanties in de buurt van la tranche sur mer\" loading=\"lazy\">\r\n\t\t\t\t\t\t\t\t\t\t\t\t\t\t\t<\/a>\r\n\t\t\t\t\t\t<\/div>\r\n\r\n\t\t\t\t\t\t\r\n\t\t\t\t\t\t\t\t\t\t\t\t\t\t\t\t\t\r\n\t\t\t\t\t\t\r\n\t\t\t\t\t\t<div class=\"sev-diaporama-portfolio-item   btnseeall btnseeall-xl col-12 col-md\">\r\n\t\t\t\t\t\t\t<a href=\"https:\/\/mirabel-baiedecayola.com\/wp-content\/uploads\/2022\/04\/IMG_7709.jpg\" data-lightbox=\"sevgallery-1774066861\" style=\"background-image: url(https:\/\/mirabel-baiedecayola.com\/wp-content\/uploads\/2022\/04\/IMG_7709.jpg)\">\r\n\t\t\t\t\t\t\t\t<img decoding=\"async\" src=\"https:\/\/mirabel-baiedecayola.com\/wp-content\/uploads\/2022\/04\/IMG_7709.jpg\" alt=\"Vakantie dichtbij het strand\" loading=\"lazy\">\r\n\t\t\t\t\t\t\t\t\t\t\t\t\t\t\t<\/a>\r\n\t\t\t\t\t\t<\/div>\r\n\r\n\t\t\t\t\t\t\t\t\t\t\t\t\t<div class=\"w-100\"><\/div>\r\n\t\t\t\t\t\t\t\t\t\t\t\t\t\r\n\t\t\t\t\t\t\t\t\t\t\t\t\t\t\t\t\t\r\n\t\t\t\t\t\t\r\n\t\t\t\t\t\t<div class=\"sev-diaporama-portfolio-item  limitsm btnseeall btnseeall-xl col-12 col-md\">\r\n\t\t\t\t\t\t\t<a href=\"https:\/\/mirabel-baiedecayola.com\/nl\/camping-vendee-photos\/\"  style=\"background-image: url(https:\/\/mirabel-baiedecayola.com\/wp-content\/uploads\/2022\/04\/Musee-Clemenceaud-jardin-1-1024x683.jpg)\">\r\n\t\t\t\t\t\t\t\t<img decoding=\"async\" src=\"https:\/\/mirabel-baiedecayola.com\/wp-content\/uploads\/2022\/04\/Musee-Clemenceaud-jardin-1-1024x683.jpg\" alt=\"strand bij de camping\" loading=\"lazy\">\r\n\t\t\t\t\t\t\t\t\t\t\t\t\t\t\t<\/a>\r\n\t\t\t\t\t\t<\/div>\r\n\r\n\t\t\t\t\t\t\r\n\t\t\t\t\t\t\t\t\t\t\t\t\t\t\t\t\t\t\t\t\t<\/div>\r\n\t\t\t<\/div>\r\n\r\n\t\t\t<script>\r\n\t\t\tjQuery(function($) {\r\n\r\n\t\t\t\tvar marginPortfolio = function() {\r\n\r\n\t\t\t\t\tvar $diapo          = $('#sevgallery-1774066861');\r\n\t\t\t\t\tvar container_width = $diapo.parent().outerWidth();\r\n\t\t\t\t\tvar side            = ( $(window).innerWidth() - container_width ) \/ 2;\r\n\r\n\t\t\t\t\t$diapo.css( {\r\n\t\t\t\t\t\t'margin-left': '-' + side + 'px',\r\n\t\t\t\t\t\t'margin-right': '-' + side + 'px',\r\n\t\t\t\t\t} );\r\n\t\t\t\t};\r\n\r\n\t\t\t\t$( window ).resize( function() {\r\n\t\t\t\t\tmarginPortfolio();\r\n\t\t\t\t} );\r\n\t\t\t\tmarginPortfolio();\r\n\t\t\t});\r\n\t\t\t<\/script>","protected":false},"excerpt":{"rendered":"<p>La Tranche-sur-Mer \u2013 Destination familiale par excellence en Vend\u00e9e A d\u00e9couvrir au camping<\/p>","protected":false},"author":3,"featured_media":0,"parent":0,"menu_order":0,"comment_status":"closed","ping_status":"closed","template":"","meta":{"_seopress_robots_primary_cat":"","_seopress_titles_title":"Camping La Tranche sur Mer - tourisme et activit\u00e9s pour tous","_seopress_titles_desc":"Partez \u00e0 la d\u00e9couverte de La Tranche sur Mer et ses superbes plages de sable fin. Ne manquez pas les activit\u00e9s nautiques et la maison de Cl\u00e9menceau","_seopress_robots_index":"","footnotes":""},"class_list":["post-5462","page","type-page","status-publish","hentry"],"_links":{"self":[{"href":"https:\/\/mirabel-baiedecayola.com\/nl\/wp-json\/wp\/v2\/pages\/5462","targetHints":{"allow":["GET"]}}],"collection":[{"href":"https:\/\/mirabel-baiedecayola.com\/nl\/wp-json\/wp\/v2\/pages"}],"about":[{"href":"https:\/\/mirabel-baiedecayola.com\/nl\/wp-json\/wp\/v2\/types\/page"}],"author":[{"embeddable":true,"href":"https:\/\/mirabel-baiedecayola.com\/nl\/wp-json\/wp\/v2\/users\/3"}],"replies":[{"embeddable":true,"href":"https:\/\/mirabel-baiedecayola.com\/nl\/wp-json\/wp\/v2\/comments?post=5462"}],"version-history":[{"count":19,"href":"https:\/\/mirabel-baiedecayola.com\/nl\/wp-json\/wp\/v2\/pages\/5462\/revisions"}],"predecessor-version":[{"id":15958,"href":"https:\/\/mirabel-baiedecayola.com\/nl\/wp-json\/wp\/v2\/pages\/5462\/revisions\/15958"}],"wp:attachment":[{"href":"https:\/\/mirabel-baiedecayola.com\/nl\/wp-json\/wp\/v2\/media?parent=5462"}],"curies":[{"name":"wp","href":"https:\/\/api.w.org\/{rel}","templated":true}]}}