{"id":73,"date":"2021-12-10T14:27:07","date_gmt":"2021-12-10T13:27:07","guid":{"rendered":"https:\/\/www.campinglarenaudiere.com\/?page_id=73"},"modified":"2025-11-07T16:41:16","modified_gmt":"2025-11-07T15:41:16","slug":"camping-vendee-toerisme","status":"publish","type":"page","link":"https:\/\/mirabel-baiedecayola.com\/nl\/camping-vendee-tourisme\/","title":{"rendered":"Vend\u00e9e toerisme"},"content":{"rendered":"<h1 class=\"wp-block-heading\" id=\"ou-sortir-pendant-vos-vacances-aux-prairie-de-la-mer\"><strong>Verblijf in de Vend\u00e9e voor een geslaagde vakantie<\/strong><\/h1>\n\n\n\n<p class=\"has-text-align-center\">Watersporten, ontspannende vakanties, vrijetijdsactiviteiten voor kinderen, culturele bezoeken: ontdek de must-sees van de bestemming tijdens uw verblijf op camping La Baie de Cayola.<\/p>\n\n\n\n<h2 class=\"wp-block-heading has-text-align-center\"><img loading=\"lazy\" decoding=\"async\" width=\"50\" height=\"8\" class=\"wp-image-2627\" style=\"width: 50px;\" src=\"https:\/\/www.mirabel-baiedecayola.com\/wp-content\/uploads\/2022\/01\/barre-bleue.png\" alt=\"\"><\/h2>\n\n\n\n<div class=\"wp-block-media-text alignwide has-media-on-the-right is-stacked-on-mobile\"><div class=\"wp-block-media-text__content\">\n<h2 class=\"wp-block-heading\">Saint-Gilles-Croix-de-Vie - een maritieme stad om te ontdekken<\/h2>\n\n\n\n<figure class=\"wp-block-image size-full\"><img loading=\"lazy\" decoding=\"async\" width=\"50\" height=\"8\" src=\"https:\/\/www.mirabel-baiedecayola.com\/wp-content\/uploads\/2022\/01\/barre-bleue.png\" alt=\"\" class=\"wp-image-2627\"\/><\/figure>\n\n\n\n<p>Het dorp Saint-Gilles-Croix-de-Vie ligt ten noorden van de camping en is erg populair bij toeristen die op zoek zijn naar een levendige gezinsvakantie. Tussen <strong>vissershaven, jachthaven<\/strong>, watersportactiviteiten, <strong>fijne zandstranden<\/strong>, Je zult keuze te over hebben. De belangrijkste sardinehaven in de regio, ontdek <a href=\"https:\/\/www.laperledesdieux.com\/\" target=\"_blank\" rel=\"noreferrer noopener\">l'Atelier de la Sardine<\/a>&nbsp;Een museum, winkel en galerie die de stappen van de conservenindustrie en haar knowhow laat zien.<\/p>\n\n\n\n<p>Een ander paradepaardje van Sint-Gillis is de <strong>velorail<\/strong>, Je kunt dit met je familie of vrienden doen. Maak met een groep een wandeling midden in de natuur en ontdek de rijke flora, het oude station en het viaduct \u00abDe la Vie\u00bb. Het is een unieke en originele manier om de omgeving te ontdekken.<\/p>\n\n\n\n<figure class=\"wp-block-image alignleft size-full is-resized\"><img loading=\"lazy\" decoding=\"async\" width=\"320\" height=\"292\" src=\"https:\/\/www.mirabel-baiedecayola.com\/wp-content\/uploads\/2021\/12\/Soleil.png\" alt=\"zonner nieuws\" class=\"wp-image-1946\" style=\"width:100px\" srcset=\"https:\/\/mirabel-baiedecayola.com\/wp-content\/uploads\/2021\/12\/Soleil.png 320w, https:\/\/mirabel-baiedecayola.com\/wp-content\/uploads\/2021\/12\/Soleil-300x274.png 300w\" sizes=\"auto, (max-width: 320px) 100vw, 320px\" \/><\/figure>\n\n\n\n<p>In het hart van de regio Saint-Gilles-Croix-de-Vie ligt de kleine gemeenschap van <strong>Saint-Hilaire-de-Riez<\/strong> is vooral bekend om zijn <strong>kwelders<\/strong>. Van april tot september kun je de boerderij bezoeken om meer te leren over het maken van zout en de traditionele technieken. Het is een mooie gelegenheid om een zakje mee naar huis te nemen als souvenir van je vakantie in de Vend\u00e9e.<\/p>\n<\/div><figure class=\"wp-block-media-text__media\"><img loading=\"lazy\" decoding=\"async\" width=\"1024\" height=\"683\" src=\"https:\/\/www.mirabel-baiedecayola.com\/wp-content\/uploads\/2022\/04\/Saint-Gilles-Croix-de-Vi-1024x683.jpg\" alt=\"haven van saint gilles croix de vie\" class=\"wp-image-9252 size-full\" srcset=\"https:\/\/mirabel-baiedecayola.com\/wp-content\/uploads\/2022\/04\/Saint-Gilles-Croix-de-Vi-1024x683.jpg 1024w, https:\/\/mirabel-baiedecayola.com\/wp-content\/uploads\/2022\/04\/Saint-Gilles-Croix-de-Vi-300x200.jpg 300w, https:\/\/mirabel-baiedecayola.com\/wp-content\/uploads\/2022\/04\/Saint-Gilles-Croix-de-Vi-768x512.jpg 768w, https:\/\/mirabel-baiedecayola.com\/wp-content\/uploads\/2022\/04\/Saint-Gilles-Croix-de-Vi.jpg 1200w\" sizes=\"auto, (max-width: 1024px) 100vw, 1024px\" \/><\/figure><\/div>\n\n\n\n<div style=\"height:29px\" aria-hidden=\"true\" class=\"wp-block-spacer\"><\/div>\n\n\n\n<div class=\"wp-block-media-text alignwide is-stacked-on-mobile front-page-section grey animate left\"><figure class=\"wp-block-media-text__media\"><img loading=\"lazy\" decoding=\"async\" width=\"1024\" height=\"683\" src=\"https:\/\/www.mirabel-baiedecayola.com\/wp-content\/uploads\/2022\/04\/st-jean-de-mont-Thalasso_Bienetre-1024x683.jpg\" alt=\"thalasso saint jean de monts\" class=\"wp-image-9255 size-full\" srcset=\"https:\/\/mirabel-baiedecayola.com\/wp-content\/uploads\/2022\/04\/st-jean-de-mont-Thalasso_Bienetre-1024x683.jpg 1024w, https:\/\/mirabel-baiedecayola.com\/wp-content\/uploads\/2022\/04\/st-jean-de-mont-Thalasso_Bienetre-300x200.jpg 300w, https:\/\/mirabel-baiedecayola.com\/wp-content\/uploads\/2022\/04\/st-jean-de-mont-Thalasso_Bienetre-768x512.jpg 768w, https:\/\/mirabel-baiedecayola.com\/wp-content\/uploads\/2022\/04\/st-jean-de-mont-Thalasso_Bienetre.jpg 1200w\" sizes=\"auto, (max-width: 1024px) 100vw, 1024px\" \/><\/figure><div class=\"wp-block-media-text__content\">\n<h2 class=\"wp-block-heading\"><strong>Saint-Jean-de-Monts - Een uitstekend kuuroord<\/strong><\/h2>\n\n\n\n<figure class=\"wp-block-image size-full\"><img loading=\"lazy\" decoding=\"async\" width=\"50\" height=\"8\" src=\"https:\/\/www.mirabel-baiedecayola.com\/wp-content\/uploads\/2022\/01\/barre-bleue.png\" alt=\"\" class=\"wp-image-2627\"\/><\/figure>\n\n\n\n<p>Bezoek ten zuiden van \u00cele de Noirmoutier <a href=\"https:\/\/www.saintjeandemonts.fr\/\" target=\"_blank\" rel=\"noreferrer noopener\">Saint-Jean-de-Monts<\/a>, de badplaats met 2.300 zonuren per jaar! In een uitzonderlijke omgeving geniet je van een ansichtkaart-perfecte diversiteit aan landschappen. De oceaan, de duinen, het bos en de bijna 20 km lange stranden zijn het speelterrein voor je favoriete activiteiten met het gezin of met vrienden. Ongeveer <strong>200 km fietspaden<\/strong> liggen verspreid langs de kust van Saint-Jean-de-Monts en bieden de moedigsten de mogelijkheid om <a href=\"https:\/\/mirabel-baiedecayola.com\/nl\/4-sterren-camping-vendee-diensten\/\" target=\"_blank\" rel=\"noreferrer noopener\">fietsen vanaf de camping<\/a> voor \u00e9\u00e9n dag <strong>100% sport.<\/strong> Eenmaal daar is het aan jou om te genieten van een rondje golf, een kanotocht of gewoon een heerlijk ontspannen moment in het <strong>thalassotherapie<\/strong> met een zeewaterzwembad verwarmd tot 32\u00b0 en onderwater massagestralen.<\/p>\n<\/div><\/div>\n\n\n\n<div class=\"wp-block-media-text alignwide has-media-on-the-right is-stacked-on-mobile animate right\"><div class=\"wp-block-media-text__content\">\n<h2 class=\"wp-block-heading\">Le Puy du Fou - Het beste themapark ter wereld<\/h2>\n\n\n\n<figure class=\"wp-block-image size-full\"><img loading=\"lazy\" decoding=\"async\" width=\"50\" height=\"8\" src=\"https:\/\/www.mirabel-baiedecayola.com\/wp-content\/uploads\/2022\/01\/barre-bleue.png\" alt=\"\" class=\"wp-image-2627\"\/><\/figure>\n\n\n\n<p>Ontdek een nieuwe wereld op slechts 1 uur rijden van uw camping. <strong>roofvogelshow<\/strong> of paardrijden, watervallen, <strong>gladiatorengevecht<\/strong> in een gloeiend hete arena! <a href=\"https:\/\/www.puydufou.com\/france\/fr\" target=\"_blank\" rel=\"noreferrer noopener\">Puy du Fou<\/a> nodigt je uit voor een aantal adembenemende shows. <\/p>\n\n\n\n<figure class=\"wp-block-image alignleft size-full is-resized\"><img loading=\"lazy\" decoding=\"async\" width=\"320\" height=\"214\" src=\"https:\/\/www.mirabel-baiedecayola.com\/wp-content\/uploads\/2021\/12\/Smile.png\" alt=\"praktisch glimlachen\" class=\"wp-image-1947\" style=\"width:100px\" srcset=\"https:\/\/mirabel-baiedecayola.com\/wp-content\/uploads\/2021\/12\/Smile.png 320w, https:\/\/mirabel-baiedecayola.com\/wp-content\/uploads\/2021\/12\/Smile-300x201.png 300w\" sizes=\"auto, (max-width: 320px) 100vw, 320px\" \/><\/figure>\n\n\n\n<p>Het park is meerdere keren uitgeroepen tot het beste park ter wereld en is zonder twijfel de attractie van de Vend\u00e9e die je niet mag missen. Le Balais des Oiseaux Fant\u00f4mes, het 18e-eeuwse dorp, Les Vikings en de <strong>Cinesc\u00e9nie<\/strong>, de grootste nachtshow ooit, met meer dan 2.500 acteurs op het podium, neemt je mee terug in de tijd en tovert sterren in de ogen van jong en oud! Dat is alles wat we je kunnen vertellen, dus het beste wat je kunt doen is komen en genieten van deze ongelooflijke ervaring met je familie en vrienden!<\/p>\n\n\n\n<p><\/p>\n<\/div><figure class=\"wp-block-media-text__media\"><img loading=\"lazy\" decoding=\"async\" width=\"1024\" height=\"576\" src=\"https:\/\/www.mirabel-baiedecayola.com\/wp-content\/uploads\/2022\/04\/puy-du-fou5-2-1024x576.jpg\" alt=\"groot park van de puy du fou vlakbij de camping in de Vend\u00e9e\" class=\"wp-image-9258 size-full\" srcset=\"https:\/\/mirabel-baiedecayola.com\/wp-content\/uploads\/2022\/04\/puy-du-fou5-2-1024x576.jpg 1024w, https:\/\/mirabel-baiedecayola.com\/wp-content\/uploads\/2022\/04\/puy-du-fou5-2-300x169.jpg 300w, https:\/\/mirabel-baiedecayola.com\/wp-content\/uploads\/2022\/04\/puy-du-fou5-2-768x432.jpg 768w, https:\/\/mirabel-baiedecayola.com\/wp-content\/uploads\/2022\/04\/puy-du-fou5-2.jpg 1200w\" sizes=\"auto, (max-width: 1024px) 100vw, 1024px\" \/><\/figure><\/div>\n\n\n\n<div class=\"wp-block-media-text alignwide is-stacked-on-mobile animate left\"><figure class=\"wp-block-media-text__media\"><img loading=\"lazy\" decoding=\"async\" width=\"1024\" height=\"683\" src=\"https:\/\/www.mirabel-baiedecayola.com\/wp-content\/uploads\/2022\/04\/marais-salant-noirmoutiers-1024x683.jpg\" alt=\"bezoek aan de zoutmoerassen van Noirmoutier\" class=\"wp-image-9262 size-full\" srcset=\"https:\/\/mirabel-baiedecayola.com\/wp-content\/uploads\/2022\/04\/marais-salant-noirmoutiers-1024x683.jpg 1024w, https:\/\/mirabel-baiedecayola.com\/wp-content\/uploads\/2022\/04\/marais-salant-noirmoutiers-300x200.jpg 300w, https:\/\/mirabel-baiedecayola.com\/wp-content\/uploads\/2022\/04\/marais-salant-noirmoutiers-768x512.jpg 768w, https:\/\/mirabel-baiedecayola.com\/wp-content\/uploads\/2022\/04\/marais-salant-noirmoutiers.jpg 1200w\" sizes=\"auto, (max-width: 1024px) 100vw, 1024px\" \/><\/figure><div class=\"wp-block-media-text__content\">\n<h2 class=\"wp-block-heading\">Noirmoutier - De hoofdstad van het zout<\/h2>\n\n\n\n<figure class=\"wp-block-image size-full\"><img loading=\"lazy\" decoding=\"async\" width=\"50\" height=\"8\" src=\"https:\/\/www.mirabel-baiedecayola.com\/wp-content\/uploads\/2022\/01\/barre-bleue.png\" alt=\"\" class=\"wp-image-2627\"\/><\/figure>\n\n\n\n<p>De Vend\u00e9e heeft een rijkdom aan uitzonderlijke toeristische bestemmingen. <a href=\"https:\/\/www.ile-noirmoutier.com\/fr\" target=\"_blank\" rel=\"noreferrer noopener\">Het eiland Noirmoutier<\/a> is er een van. Je kunt het te voet, met de fiets of met de auto bereiken. Toegankelijk vanaf het vasteland via de <strong>Doorgang van Gois <\/strong>(4,2 km lang) alleen bij eb, ontdek je een adembenemend panorama, unieke landschappen en de typische lokale architectuur met zijn witte huizen en blauwe luiken.<\/p>\n\n\n\n<p>Neem meer dan een derde van het eiland in beslag en stop bij de <strong>kwelders<\/strong>. Daar geven ze uitleg over alle vaardigheden die bij het maken van zout komen kijken. De zoutpannen zijn elke zomer open voor bezoekers. Je kunt er grof zout proeven of <strong>fleur de sel,<\/strong> specialiteit van Noirmoutier.<\/p>\n\n\n\n<p>Nog een idee voor gezinsactiviteiten op het eiland: <a href=\"https:\/\/www.aquariumdenoirmoutier.com\/\" target=\"_blank\" rel=\"noreferrer noopener\">Zeeaquarium<\/a>. De onderwaterfauna en -flora wachten op je voor een ontdekkingsmoment dat je met het hele gezin kunt delen. In het aquarium leven 200 soorten zeedieren uit de koude en tropische zee\u00ebn van de wereld. Je kunt ook de zeeleeuwen bewonderen die met hun ballonnen spelen.<\/p>\n<\/div><\/div>\n\n\n\n<p class=\"has-text-align-center texte-rond mt-5 has-large-font-size\">Ontdek de camping<\/p>\n\n\n\n<div class=\"wp-block-columns front-page-section grey is-layout-flex wp-container-core-columns-is-layout-28f84493 wp-block-columns-is-layout-flex\">\n<div class=\"wp-block-column is-layout-flow wp-block-column-is-layout-flow\"><\/div>\n\n\n\n<div class=\"wp-block-column is-vertically-aligned-center is-layout-flow wp-block-column-is-layout-flow\">\n<div class=\"wp-block-create-block-sevgutenberg-navigation\"><aside class=\"encart-sev-navigation small carre\"><a href=\"https:\/\/mirabel-baiedecayola.com\/nl\/camping-vendee-bonnes-adresses\/\" class=\"d-flex flex-column align-items-center\"><div class=\"encart-title\"><span>De activiteiten<\/span><\/div><div class=\"vague\"><\/div><img decoding=\"async\" src=\"https:\/\/mirabel-baiedecayola.com\/wp-content\/uploads\/2022\/04\/zoo-des-sables-IMG_4050.jpg\" alt=\"dierentuin in de buurt van de camping\"\/><div class=\"ligne\"><\/div><div class=\"hover\"><\/div><\/a><\/aside><\/div>\n<\/div>\n\n\n\n<div class=\"wp-block-column is-layout-flow wp-block-column-is-layout-flow\">\n<div class=\"wp-block-create-block-sevgutenberg-navigation\"><aside class=\"encart-sev-navigation small carre\"><a href=\"https:\/\/mirabel-baiedecayola.com\/nl\/verhuur-appartement-les-sables-d-olonne\/\" class=\"d-flex flex-column align-items-center\"><div class=\"encart-title\"><span>Onze appartementen<\/span><\/div><div class=\"vague\"><\/div><img decoding=\"async\" src=\"https:\/\/www.mirabel-baiedecayola.com\/wp-content\/uploads\/2022\/04\/Cayola-location-appart-2ch.jpeg\" alt=\"vakantiewoningen in les sables d&#039;olonne\"\/><div class=\"ligne\"><\/div><div class=\"hover\"><\/div><\/a><\/aside><\/div>\n<\/div>\n\n\n\n<div class=\"wp-block-column is-layout-flow wp-block-column-is-layout-flow\">\n<div class=\"wp-block-create-block-sevgutenberg-navigation\"><aside class=\"encart-sev-navigation small carre\"><a href=\"https:\/\/mirabel-baiedecayola.com\/nl\/waterpark\/\" class=\"d-flex flex-column align-items-center\"><div class=\"encart-title\"><span>Waterpark<\/span><\/div><div class=\"vague\"><\/div><img decoding=\"async\" src=\"https:\/\/www.mirabel-baiedecayola.com\/wp-content\/uploads\/2022\/04\/Cayola-piscines-toboggans-1200px-1.jpg\" alt=\"watergebied van de camping in de Vend\u00e9e\"\/><div class=\"ligne\"><\/div><div class=\"hover\"><\/div><\/a><\/aside><\/div>\n<\/div>\n\n\n\n<div class=\"wp-block-column is-layout-flow wp-block-column-is-layout-flow\"><\/div>\n<\/div>\n\n\n\n<figure class=\"wp-block-image aligncenter size-large\"><img loading=\"lazy\" decoding=\"async\" width=\"1024\" height=\"84\" src=\"https:\/\/www.mirabel-baiedecayola.com\/wp-content\/uploads\/2022\/01\/photo-1024x84.png\" alt=\"Fotogalerij\" class=\"wp-image-2680\" srcset=\"https:\/\/mirabel-baiedecayola.com\/wp-content\/uploads\/2022\/01\/photo-1024x84.png 1024w, https:\/\/mirabel-baiedecayola.com\/wp-content\/uploads\/2022\/01\/photo-300x25.png 300w, https:\/\/mirabel-baiedecayola.com\/wp-content\/uploads\/2022\/01\/photo-768x63.png 768w, https:\/\/mirabel-baiedecayola.com\/wp-content\/uploads\/2022\/01\/photo-1536x126.png 1536w, https:\/\/mirabel-baiedecayola.com\/wp-content\/uploads\/2022\/01\/photo-2048x169.png 2048w\" sizes=\"auto, (max-width: 1024px) 100vw, 1024px\" \/><\/figure>\n\n\n\t\t\t<div id=\"sevgallery-1114608435\" class=\"sev-diaporama sev-diaporama-portfolio\">\r\n\t\t\t\t<div class=\"row\">\r\n\r\n\t\t\t\t\t\r\n\t\t\t\t\t\t\r\n\t\t\t\t\t\t<div class=\"sev-diaporama-portfolio-item   btnseeall btnseeall-xl col-12 col-md  col-grow\">\r\n\t\t\t\t\t\t\t<a href=\"https:\/\/mirabel-baiedecayola.com\/wp-content\/uploads\/2022\/04\/jard-sur-mer-1024x683.jpg\" data-lightbox=\"sevgallery-1114608435\" style=\"background-image: url(https:\/\/mirabel-baiedecayola.com\/wp-content\/uploads\/2022\/04\/jard-sur-mer-1024x683.jpg)\">\r\n\t\t\t\t\t\t\t\t<img decoding=\"async\" src=\"https:\/\/mirabel-baiedecayola.com\/wp-content\/uploads\/2022\/04\/jard-sur-mer-1024x683.jpg\" alt=\"haven van jard sur mer\" loading=\"lazy\">\r\n\t\t\t\t\t\t\t\t\t\t\t\t\t\t\t<\/a>\r\n\t\t\t\t\t\t<\/div>\r\n\r\n\t\t\t\t\t\t\r\n\t\t\t\t\t\t\t\t\t\t\t\t\t\t\t\t\t\r\n\t\t\t\t\t\t\r\n\t\t\t\t\t\t<div class=\"sev-diaporama-portfolio-item   btnseeall btnseeall-xl col-12 col-md\">\r\n\t\t\t\t\t\t\t<a href=\"https:\/\/mirabel-baiedecayola.com\/wp-content\/uploads\/2022\/04\/jard-sur-mer-port-1024x683.jpg\" data-lightbox=\"sevgallery-1114608435\" style=\"background-image: url(https:\/\/mirabel-baiedecayola.com\/wp-content\/uploads\/2022\/04\/jard-sur-mer-port-1024x683.jpg)\">\r\n\t\t\t\t\t\t\t\t<img decoding=\"async\" src=\"https:\/\/mirabel-baiedecayola.com\/wp-content\/uploads\/2022\/04\/jard-sur-mer-port-1024x683.jpg\" alt=\"haven van jard sur mer\" loading=\"lazy\">\r\n\t\t\t\t\t\t\t\t\t\t\t\t\t\t\t<\/a>\r\n\t\t\t\t\t\t<\/div>\r\n\r\n\t\t\t\t\t\t\r\n\t\t\t\t\t\t\t\t\t\t\t\t\t\t\t\t\t\r\n\t\t\t\t\t\t\r\n\t\t\t\t\t\t<div class=\"sev-diaporama-portfolio-item   btnseeall btnseeall-xl col-12 col-md  col-shrink\">\r\n\t\t\t\t\t\t\t<a href=\"https:\/\/mirabel-baiedecayola.com\/wp-content\/uploads\/2022\/04\/marais-salant-noirmoutiers-1-1024x683.jpg\" data-lightbox=\"sevgallery-1114608435\" style=\"background-image: url(https:\/\/mirabel-baiedecayola.com\/wp-content\/uploads\/2022\/04\/marais-salant-noirmoutiers-1-1024x683.jpg)\">\r\n\t\t\t\t\t\t\t\t<img decoding=\"async\" src=\"https:\/\/mirabel-baiedecayola.com\/wp-content\/uploads\/2022\/04\/marais-salant-noirmoutiers-1-1024x683.jpg\" alt=\"blackmoutier kwelder\" loading=\"lazy\">\r\n\t\t\t\t\t\t\t\t\t\t\t\t\t\t\t<\/a>\r\n\t\t\t\t\t\t<\/div>\r\n\r\n\t\t\t\t\t\t\r\n\t\t\t\t\t\t\t\t\t\t\t\t\t\t\t\t\t\r\n\t\t\t\t\t\t\r\n\t\t\t\t\t\t<div class=\"sev-diaporama-portfolio-item   btnseeall btnseeall-xl col-12 col-md  col-shrink\">\r\n\t\t\t\t\t\t\t<a href=\"https:\/\/mirabel-baiedecayola.com\/wp-content\/uploads\/2022\/04\/plage-vendee-tourisme-1-1024x683.jpg\" data-lightbox=\"sevgallery-1114608435\" style=\"background-image: url(https:\/\/mirabel-baiedecayola.com\/wp-content\/uploads\/2022\/04\/plage-vendee-tourisme-1-1024x683.jpg)\">\r\n\t\t\t\t\t\t\t\t<img decoding=\"async\" src=\"https:\/\/mirabel-baiedecayola.com\/wp-content\/uploads\/2022\/04\/plage-vendee-tourisme-1-1024x683.jpg\" alt=\"strand bij de camping\" loading=\"lazy\">\r\n\t\t\t\t\t\t\t\t\t\t\t\t\t\t\t<\/a>\r\n\t\t\t\t\t\t<\/div>\r\n\r\n\t\t\t\t\t\t\t\t\t\t\t\t\t<div class=\"w-100\"><\/div>\r\n\t\t\t\t\t\t\t\t\t\t\t\t\t\r\n\t\t\t\t\t\t\t\t\t\t\t\t\t\t\t\t\t\r\n\t\t\t\t\t\t\r\n\t\t\t\t\t\t<div class=\"sev-diaporama-portfolio-item   btnseeall btnseeall-xl col-12 col-md  col-shrink\">\r\n\t\t\t\t\t\t\t<a href=\"https:\/\/mirabel-baiedecayola.com\/wp-content\/uploads\/2022\/04\/Saint-Gilles-Croix-de-Vi-1-1024x683.jpg\" data-lightbox=\"sevgallery-1114608435\" style=\"background-image: url(https:\/\/mirabel-baiedecayola.com\/wp-content\/uploads\/2022\/04\/Saint-Gilles-Croix-de-Vi-1-1024x683.jpg)\">\r\n\t\t\t\t\t\t\t\t<img decoding=\"async\" src=\"https:\/\/mirabel-baiedecayola.com\/wp-content\/uploads\/2022\/04\/Saint-Gilles-Croix-de-Vi-1-1024x683.jpg\" alt=\"gemeente saint gilles croix de vie\" loading=\"lazy\">\r\n\t\t\t\t\t\t\t\t\t\t\t\t\t\t\t<\/a>\r\n\t\t\t\t\t\t<\/div>\r\n\r\n\t\t\t\t\t\t\r\n\t\t\t\t\t\t\t\t\t\t\t\t\t\t\t\t\t\r\n\t\t\t\t\t\t\r\n\t\t\t\t\t\t<div class=\"sev-diaporama-portfolio-item   btnseeall btnseeall-xl col-12 col-md\">\r\n\t\t\t\t\t\t\t<a href=\"https:\/\/mirabel-baiedecayola.com\/wp-content\/uploads\/2022\/04\/marais-salants-ile-olonne-IMG_5048-1024x683.jpg\" data-lightbox=\"sevgallery-1114608435\" style=\"background-image: url(https:\/\/mirabel-baiedecayola.com\/wp-content\/uploads\/2022\/04\/marais-salants-ile-olonne-IMG_5048-1024x683.jpg)\">\r\n\t\t\t\t\t\t\t\t<img decoding=\"async\" src=\"https:\/\/mirabel-baiedecayola.com\/wp-content\/uploads\/2022\/04\/marais-salants-ile-olonne-IMG_5048-1024x683.jpg\" alt=\"kwelders vend\u00e9e\" loading=\"lazy\">\r\n\t\t\t\t\t\t\t\t\t\t\t\t\t\t\t<\/a>\r\n\t\t\t\t\t\t<\/div>\r\n\r\n\t\t\t\t\t\t\r\n\t\t\t\t\t\t\t\t\t\t\t\t\t\t\t\t\t\r\n\t\t\t\t\t\t\r\n\t\t\t\t\t\t<div class=\"sev-diaporama-portfolio-item   btnseeall btnseeall-xl col-12 col-md  col-shrink\">\r\n\t\t\t\t\t\t\t<a href=\"https:\/\/mirabel-baiedecayola.com\/wp-content\/uploads\/2022\/04\/st-jean-de-mont-Thalasso_Bienetre-1-1024x683.jpg\" data-lightbox=\"sevgallery-1114608435\" style=\"background-image: url(https:\/\/mirabel-baiedecayola.com\/wp-content\/uploads\/2022\/04\/st-jean-de-mont-Thalasso_Bienetre-1-1024x683.jpg)\">\r\n\t\t\t\t\t\t\t\t<img decoding=\"async\" src=\"https:\/\/mirabel-baiedecayola.com\/wp-content\/uploads\/2022\/04\/st-jean-de-mont-Thalasso_Bienetre-1-1024x683.jpg\" alt=\"thalasso in de buurt van de camping\" loading=\"lazy\">\r\n\t\t\t\t\t\t\t\t\t\t\t\t\t\t\t<\/a>\r\n\t\t\t\t\t\t<\/div>\r\n\r\n\t\t\t\t\t\t\r\n\t\t\t\t\t\t\t\t\t\t\t\t\t\t\t\t\t\r\n\t\t\t\t\t\t\r\n\t\t\t\t\t\t<div class=\"sev-diaporama-portfolio-item   btnseeall btnseeall-xl col-12 col-md  last-visible\">\r\n\t\t\t\t\t\t\t<a href=\"https:\/\/mirabel-baiedecayola.com\/nl\/camping-vendee-photos\/\"  style=\"background-image: url(https:\/\/mirabel-baiedecayola.com\/wp-content\/uploads\/2022\/04\/marais-dolonne-P1010432-1024x575.jpg)\">\r\n\t\t\t\t\t\t\t\t<img decoding=\"async\" src=\"https:\/\/mirabel-baiedecayola.com\/wp-content\/uploads\/2022\/04\/marais-dolonne-P1010432-1024x575.jpg\" alt=\"moerassen les sables d&#039;olonne\" loading=\"lazy\">\r\n\t\t\t\t\t\t\t\t\t\t\t\t\t\t\t\t\t<img decoding=\"async\" src=\"https:\/\/mirabel-baiedecayola.com\/wp-content\/themes\/mirabel-site\/assets\/img\/voir-photos.png\" alt=\"\" \/>\r\n\t\t\t\t\t\t\t\t\t<span>Bekijk alle foto's<\/span>\r\n\t\t\t\t\t\t\t\t\t\t\t\t\t\t\t<\/a>\r\n\t\t\t\t\t\t<\/div>\r\n\r\n\t\t\t\t\t\t\t\t\t\t\t\t\t<div class=\"w-100\"><\/div>\r\n\t\t\t\t\t\t\t\t\t\t\t\t\t\r\n\t\t\t\t\t\t\t\t\t\t\t\t\t\t\t\t\t\r\n\t\t\t\t\t\t\r\n\t\t\t\t\t\t<div class=\"sev-diaporama-portfolio-item   btnseeall btnseeall-xl col-12 col-md  col-shrink d-none\">\r\n\t\t\t\t\t\t\t<a href=\"https:\/\/mirabel-baiedecayola.com\/wp-content\/uploads\/2022\/04\/marais-ile-d-olonne-P1000826-1024x575.jpg\" data-lightbox=\"sevgallery-1114608435\" style=\"background-image: url(https:\/\/mirabel-baiedecayola.com\/wp-content\/uploads\/2022\/04\/marais-ile-d-olonne-P1000826-1024x575.jpg)\">\r\n\t\t\t\t\t\t\t\t<img decoding=\"async\" src=\"https:\/\/mirabel-baiedecayola.com\/wp-content\/uploads\/2022\/04\/marais-ile-d-olonne-P1000826-1024x575.jpg\" alt=\"moerassen les sables d&#039;olonne\" loading=\"lazy\">\r\n\t\t\t\t\t\t\t\t\t\t\t\t\t\t\t<\/a>\r\n\t\t\t\t\t\t<\/div>\r\n\r\n\t\t\t\t\t\t\r\n\t\t\t\t\t\t\t\t\t\t\t\t\t\t\t\t\t\r\n\t\t\t\t\t\t\r\n\t\t\t\t\t\t<div class=\"sev-diaporama-portfolio-item  limitsm btnseeall btnseeall-xl col-12 col-md  col-grow d-none\">\r\n\t\t\t\t\t\t\t<a href=\"https:\/\/mirabel-baiedecayola.com\/wp-content\/uploads\/2022\/04\/marais-salants-ile-olonne-IMG_5024-1024x683.jpg\" data-lightbox=\"sevgallery-1114608435\" style=\"background-image: url(https:\/\/mirabel-baiedecayola.com\/wp-content\/uploads\/2022\/04\/marais-salants-ile-olonne-IMG_5024-1024x683.jpg)\">\r\n\t\t\t\t\t\t\t\t<img decoding=\"async\" src=\"https:\/\/mirabel-baiedecayola.com\/wp-content\/uploads\/2022\/04\/marais-salants-ile-olonne-IMG_5024-1024x683.jpg\" alt=\"kwelder Vend\u00e9e\" loading=\"lazy\">\r\n\t\t\t\t\t\t\t\t\t\t\t\t\t\t\t<\/a>\r\n\t\t\t\t\t\t<\/div>\r\n\r\n\t\t\t\t\t\t\r\n\t\t\t\t\t\t\t\t\t\t\t\t\t\t\t\t\t\t\t\t\t<\/div>\r\n\t\t\t<\/div>\r\n\r\n\t\t\t<script>\r\n\t\t\tjQuery(function($) {\r\n\r\n\t\t\t\tvar marginPortfolio = function() {\r\n\r\n\t\t\t\t\tvar $diapo          = $('#sevgallery-1114608435');\r\n\t\t\t\t\tvar container_width = $diapo.parent().outerWidth();\r\n\t\t\t\t\tvar side            = ( $(window).innerWidth() - container_width ) \/ 2;\r\n\r\n\t\t\t\t\t$diapo.css( {\r\n\t\t\t\t\t\t'margin-left': '-' + side + 'px',\r\n\t\t\t\t\t\t'margin-right': '-' + side + 'px',\r\n\t\t\t\t\t} );\r\n\t\t\t\t};\r\n\r\n\t\t\t\t$( window ).resize( function() {\r\n\t\t\t\t\tmarginPortfolio();\r\n\t\t\t\t} );\r\n\t\t\t\tmarginPortfolio();\r\n\t\t\t});\r\n\t\t\t<\/script>\r\n\t\t\t\n\n\n\n<p><\/p>","protected":false},"excerpt":{"rendered":"<p>S\u00e9journez en Vend\u00e9e, pour des vacances r\u00e9ussies Activit\u00e9s nautiques, vacances reposantes, loisirs pour les enfants, visites culturelles&nbsp;: retrouvez les incontournables [&hellip;]<\/p>\n","protected":false},"author":3,"featured_media":0,"parent":0,"menu_order":0,"comment_status":"closed","ping_status":"closed","template":"","meta":{"_seopress_robots_primary_cat":"","_seopress_titles_title":"Les activit\u00e9s pour votre s\u00e9jour en Vend\u00e9e","_seopress_titles_desc":"O\u00f9 sortir pendant vos vacances dans notre camping 4 \u00e9toiles des Sables d'Olonne ? D\u00e9couvrez les activit\u00e9s de loisirs de la Vend\u00e9e  autour de la Baie de Cayola","_seopress_robots_index":"","footnotes":""},"class_list":["post-73","page","type-page","status-publish","hentry"],"_links":{"self":[{"href":"https:\/\/mirabel-baiedecayola.com\/nl\/wp-json\/wp\/v2\/pages\/73","targetHints":{"allow":["GET"]}}],"collection":[{"href":"https:\/\/mirabel-baiedecayola.com\/nl\/wp-json\/wp\/v2\/pages"}],"about":[{"href":"https:\/\/mirabel-baiedecayola.com\/nl\/wp-json\/wp\/v2\/types\/page"}],"author":[{"embeddable":true,"href":"https:\/\/mirabel-baiedecayola.com\/nl\/wp-json\/wp\/v2\/users\/3"}],"replies":[{"embeddable":true,"href":"https:\/\/mirabel-baiedecayola.com\/nl\/wp-json\/wp\/v2\/comments?post=73"}],"version-history":[{"count":69,"href":"https:\/\/mirabel-baiedecayola.com\/nl\/wp-json\/wp\/v2\/pages\/73\/revisions"}],"predecessor-version":[{"id":17353,"href":"https:\/\/mirabel-baiedecayola.com\/nl\/wp-json\/wp\/v2\/pages\/73\/revisions\/17353"}],"wp:attachment":[{"href":"https:\/\/mirabel-baiedecayola.com\/nl\/wp-json\/wp\/v2\/media?parent=73"}],"curies":[{"name":"wp","href":"https:\/\/api.w.org\/{rel}","templated":true}]}}