{"id":75,"date":"2021-12-10T14:27:37","date_gmt":"2021-12-10T13:27:37","guid":{"rendered":"https:\/\/www.campinglarenaudiere.com\/?page_id=75"},"modified":"2025-11-05T10:09:43","modified_gmt":"2025-11-05T09:09:43","slug":"camping-vendee-contact","status":"publish","type":"page","link":"https:\/\/mirabel-baiedecayola.com\/nl\/camping-vendee-contact\/","title":{"rendered":"Neem contact op met"},"content":{"rendered":"<h1 class=\"wp-block-heading\" id=\"contacter-le-camping\">Contact opnemen met camping La Baie de Cayola<\/h1>\n\n\n\n<h2 class=\"wp-block-heading\" id=\"les-mobil-homes-du-camping-les-prairies-de-la-mer\">Onze camping is geopend van maart tot november<\/h2>\n\n\n\n<figure class=\"wp-block-image size-full\"><img decoding=\"async\" src=\"https:\/\/www.mirabel-baiedecayola.com\/wp-content\/uploads\/2022\/01\/barre-bleue.png\" alt=\"\" class=\"wp-image-2382\"\/><\/figure>\n\n\n\n<div class=\"wp-block-columns are-vertically-aligned-top is-layout-flex wp-container-core-columns-is-layout-28f84493 wp-block-columns-is-layout-flex\">\n<div class=\"wp-block-column is-vertically-aligned-top col-sm-12 is-layout-flow wp-block-column-is-layout-flow\" style=\"flex-basis:60%\">\n<p>Camping La Baie de Cayola is geopend van 15 maart tot 15 november voor residenten en van april tot Allerheiligen voor verhuurders (alleen appartementen sinds 2026). Het is een kleine camping met 154 standplaatsen en 5 huurappartementen.<\/p>\n\n\n\n<p>De receptie is&nbsp;<strong>open<\/strong>&nbsp;:<\/p>\n\n\n\n<ul class=\"wp-block-list\">\n<li>Hoogseizoen: 9.00 - 12.00 uur en 14.00 - 18.00 uur, <em>Zondag 9.00 - 12.00 uur<\/em><\/li>\n\n\n\n<li>Laagseizoen: 9.00 - 12.30 en 14.00 - 17.30 (<em>gesloten op zondag)<\/em> <\/li>\n<\/ul>\n\n\n\n<p>Raadpleeg onze <a href=\"https:\/\/mirabel-baiedecayola.com\/nl\/veelgestelde-vragen\/\" data-type=\"page\" data-id=\"83\">Foire aux Ques<\/a><a href=\"https:\/\/mirabel-baiedecayola.com\/nl\/veelgestelde-vragen\/\" data-type=\"page\" data-id=\"83\">t<\/a><a href=\"https:\/\/mirabel-baiedecayola.com\/nl\/veelgestelde-vragen\/\" data-type=\"page\" data-id=\"83\">ionen<\/a> om alles te weten te komen over de camping en uw huuraccommodatie.<\/p>\n<\/div>\n\n\n\n<div class=\"wp-block-column is-vertically-aligned-top col-sm-12 is-layout-flow wp-block-column-is-layout-flow\" style=\"flex-basis:40%\">\n<div class=\"wp-block-group border border-info p-2 card is-layout-flow wp-block-group-is-layout-flow\">\n<figure class=\"wp-block-image alignright size-full is-resized\"><img loading=\"lazy\" decoding=\"async\" width=\"320\" height=\"326\" src=\"https:\/\/www.mirabel-baiedecayola.com\/wp-content\/uploads\/2022\/01\/Etoile2-1.png\" alt=\"\" class=\"wp-image-2051\" style=\"width:80px;height:82px\" srcset=\"https:\/\/mirabel-baiedecayola.com\/wp-content\/uploads\/2022\/01\/Etoile2-1.png 320w, https:\/\/mirabel-baiedecayola.com\/wp-content\/uploads\/2022\/01\/Etoile2-1-294x300.png 294w\" sizes=\"auto, (max-width: 320px) 100vw, 320px\" \/><\/figure>\n\n\n\n<p><strong>Adres <\/strong>:<br><\/p>\n\n\n\n<p>17 Promenade de Cayola<br>85 180 Kasteel van Olonne<\/p>\n\n\n\n<p><a href=\"tel:02 51 22 00 09\">+33 (0)2 51 22 00 09<\/a><br><a href=\"mailto:cayola@mirabel-campings.com\">cayola@mirabel-campings.com<\/a><\/p>\n<\/div>\n<\/div>\n<\/div>\n\n\n\n<p><strong>Meer informatie nodig?<\/strong><br>Neem direct contact met ons op op de camping of laat een bericht achter via onderstaand formulier.<\/p>\n\n\n\n<div class=\"wp-block-group alignfull has-background is-layout-constrained wp-container-core-group-is-layout-6c0cbf42 wp-block-group-is-layout-constrained\" style=\"background-color:#e7e7e7;padding-top:var(--wp--preset--spacing--70);padding-right:var(--wp--preset--spacing--70);padding-bottom:var(--wp--preset--spacing--70);padding-left:var(--wp--preset--spacing--70)\">\t\t<script>\r\n\t\t\tvar customOptions = {\r\n\t\t\t\tIdentity:{\r\n\t\t\t\t\tCompanyId: '233',\r\n\t\t\t\t\tEstablishmentIds: '3287',\r\n\t\t\t\t\tLanguage: 'fr',\r\n\t\t\t\t\tPolice: 'Open Sans',\r\n\t\t\t\t\tShowHeader: 'false',\r\n\t\t\t\t\tTextColor: '266674',\r\n\t\t\t\t\tBackgroundColor: 'e7e7e7',\r\n\t\t\t\t\tPoliceColor: '266674',\r\n\t\t\t\t\tButtonColor: 'ff665c',\r\n\t\t\t\t\tHoverColor: '266674'\r\n\t\t\t\t}\r\n\t\t\t};\r\n\t\t\t!function(){var e=new window.CTV.Widget(\"CRM\", \"Informations\", customOptions);\r\n\t\t\tdocument.write(e.Write()),window.CTV.WidgetsCollection.push(e), e.Send()}();\r\n\t\t<\/script>\r\n\t\t\n<\/div>","protected":false},"excerpt":{"rendered":"<p>Contacter le camping La Baie de Cayola Notre camping vous accueille de mars \u00e0 novembre Le camping La Baie de [&hellip;]<\/p>\n","protected":false},"author":3,"featured_media":0,"parent":0,"menu_order":0,"comment_status":"closed","ping_status":"closed","template":"","meta":{"_seopress_robots_primary_cat":"","_seopress_titles_title":"Contacter le camping Cayola aux Sables d'Olonne","_seopress_titles_desc":"Pour un s\u00e9jour aux Sables d'Olonne, contacter l'accueil du camping 4 \u00e9toiles Le Cayola Nos h\u00f4tesses se feront une joie de vous renseigner.","_seopress_robots_index":"","footnotes":""},"class_list":["post-75","page","type-page","status-publish","hentry"],"_links":{"self":[{"href":"https:\/\/mirabel-baiedecayola.com\/nl\/wp-json\/wp\/v2\/pages\/75","targetHints":{"allow":["GET"]}}],"collection":[{"href":"https:\/\/mirabel-baiedecayola.com\/nl\/wp-json\/wp\/v2\/pages"}],"about":[{"href":"https:\/\/mirabel-baiedecayola.com\/nl\/wp-json\/wp\/v2\/types\/page"}],"author":[{"embeddable":true,"href":"https:\/\/mirabel-baiedecayola.com\/nl\/wp-json\/wp\/v2\/users\/3"}],"replies":[{"embeddable":true,"href":"https:\/\/mirabel-baiedecayola.com\/nl\/wp-json\/wp\/v2\/comments?post=75"}],"version-history":[{"count":55,"href":"https:\/\/mirabel-baiedecayola.com\/nl\/wp-json\/wp\/v2\/pages\/75\/revisions"}],"predecessor-version":[{"id":17324,"href":"https:\/\/mirabel-baiedecayola.com\/nl\/wp-json\/wp\/v2\/pages\/75\/revisions\/17324"}],"wp:attachment":[{"href":"https:\/\/mirabel-baiedecayola.com\/nl\/wp-json\/wp\/v2\/media?parent=75"}],"curies":[{"name":"wp","href":"https:\/\/api.w.org\/{rel}","templated":true}]}}