{"id":77,"date":"2021-12-10T14:28:16","date_gmt":"2021-12-10T13:28:16","guid":{"rendered":"https:\/\/www.campinglarenaudiere.com\/?page_id=77"},"modified":"2024-04-08T17:31:27","modified_gmt":"2024-04-08T15:31:27","slug":"camping-vendee","status":"publish","type":"page","link":"https:\/\/mirabel-baiedecayola.com\/nl\/camping-vendee\/","title":{"rendered":"Toegang"},"content":{"rendered":"<h1 class=\"wp-block-heading\" id=\"acces\">Kom naar Camping La Baie de Cayola<\/h1>\n\n\n\n<p class=\"has-text-align-center\">De camping Mirabel La Baie de Cayola, is gelegen in de Vend\u00e9e (85) in Pays-de-Loire, in de buurt van Les Sables d\u2019Olonne, aan de wilde kust.<br><strong>GPS-co\u00f6rdinaten :<\/strong>&nbsp;Breedtegraad 46.464990 ; Lengtegraad -1.726385<\/p>\n\n\n\n<div class=\"wp-block-group is-layout-flow wp-block-group-is-layout-flow\">\n<figure class=\"wp-block-image aligncenter size-full is-resized\"><img decoding=\"async\" src=\"https:\/\/www.mirabel-baiedecayola.com\/wp-content\/uploads\/2022\/01\/barre-bleue.png\" alt=\"\" class=\"wp-image-2382\" style=\"width:50px;height:8px\"\/><\/figure>\n<\/div>\n\n\n\n<div class=\"wp-block-columns is-layout-flex wp-container-core-columns-is-layout-28f84493 wp-block-columns-is-layout-flex\">\n<div class=\"wp-block-column is-vertically-aligned-center is-layout-flow wp-block-column-is-layout-flow\" style=\"flex-basis:40%\">\n<div style=\"height:21px\" aria-hidden=\"true\" class=\"wp-block-spacer\"><\/div>\n\n\n\n<div class=\"wp-block-group border border-info card pt-4 is-layout-flow wp-block-group-is-layout-flow\">\n<div class=\"wp-block-group is-layout-flow wp-block-group-is-layout-flow\">\n<p class=\"has-text-align-center\"><strong><strong>Camping la Baie de Cayola<\/strong> <br><\/strong>17 Promenade de Cayola<br>85180 Le Ch\u00e2teau d\u2019Olonne<\/p>\n<\/div>\n\n\n\n<div style=\"height:15px\" aria-hidden=\"true\" class=\"wp-block-spacer\"><\/div>\n\n\n\n<p class=\"has-text-align-center\"><strong>Naast de camping :<\/strong> <br>Le Ch\u00e2teau d'Olonne \u2013 6,5 km<br>Les Sables d\u2019Olonne \u2013 10 km<br>Treinstation Sables d\u2019Olonne \u2013 6,5 km<\/p>\n\n\n\n<div class=\"wp-block-buttons is-horizontal is-content-justification-center is-layout-flex wp-container-core-buttons-is-layout-03627597 wp-block-buttons-is-layout-flex\">\n<div class=\"wp-block-button\"><a class=\"wp-block-button__link has-turquoise-background-color has-background wp-element-button\" href=\"https:\/\/mirabel-baiedecayola.com\/nl\/camping-vendee-contact\/\">Neem contact op met<\/a><\/div>\n<\/div>\n\n\n\n<div style=\"height:11px\" aria-hidden=\"true\" class=\"wp-block-spacer\"><\/div>\n<\/div>\n\n\n\n<div style=\"height:27px\" aria-hidden=\"true\" class=\"wp-block-spacer\"><\/div>\n<\/div>\n\n\n\n<div class=\"wp-block-column is-layout-flow wp-block-column-is-layout-flow\" style=\"flex-basis:60%\">\n<div style=\"height:30px\" aria-hidden=\"true\" class=\"wp-block-spacer\"><\/div>\n\n\n\n<iframe src=\"https:\/\/www.google.com\/maps\/embed?pb=!1m14!1m8!1m3!1d2748.233121807482!2d-1.729481!3d46.4638902!3m2!1i1024!2i768!4f13.1!3m3!1m2!1s0x480468ff4f2d604d%3A0x913174948b4a31fe!2sDomaine%20R%C3%A9sidentiel%20La%20Baie%20de%20Cayola!5e0!3m2!1sfr!2sfr!4v1649665621197!5m2!1sfr!2sfr\" width=\"100%\" height=\"350\" style=\"border:0;\" allowfullscreen=\"\" loading=\"lazy\" referrerpolicy=\"no-referrer-when-downgrade\"><\/iframe>\n<\/div>\n<\/div>\n\n\n\n<figure class=\"wp-block-image alignright size-full is-resized\"><img loading=\"lazy\" decoding=\"async\" width=\"320\" height=\"329\" src=\"https:\/\/www.mirabel-baiedecayola.com\/wp-content\/uploads\/2022\/01\/etoile.png\" alt=\"\" class=\"wp-image-2111\" style=\"width:160px;height:165px\" srcset=\"https:\/\/mirabel-baiedecayola.com\/wp-content\/uploads\/2022\/01\/etoile.png 320w, https:\/\/mirabel-baiedecayola.com\/wp-content\/uploads\/2022\/01\/etoile-292x300.png 292w\" sizes=\"auto, (max-width: 320px) 100vw, 320px\" \/><\/figure>\n\n\n\n<p class=\"texte-rond has-orange-color has-text-color has-large-font-size\">Onze route-adviezen om naar La Baie de Cayola te komen<\/p>\n\n\n\n<p><strong>Vanuit Parijs (4.30 uur):<\/strong> A10 dan A11 \u2013 Op de A10 (34 km) richting Nantes \u2013 Voeg in op de A11 voor 232 km richting Nantes \u2013 Voeg in op de A87 voor 142 km richting Niort\/La Roche sur Yon \u2013 Neem afslag 14 en ga verder op de D160 (24 km) richting Ch\u00e2teau d\u2019Olonne vervolgens de D32a \u2013 Daarna D32b tot de camping (ingang aan uw linkerhand).<\/p>\n\n\n\n<p><strong>Vanuit Nantes (1u24):<\/strong> Neem de A87 richting Les Sables d\u2019Olonne (via Saint-S\u00e9bastien-sur-Loire) \u2013 Blijf op de A87 gedurende 36 km \u2013 Neem afslag 33 richting La Roche sur Yon \u2013 Ga verder op de D160 gedurende 24 km tot aan Ch\u00e2teau d\u2019Olonne<\/p>\n\n\n\n<p><strong>Vanuit La Rochelle (1u30):<\/strong> Neem de D105 richting de D10 in Villedoux \u2013 Ga verder op de D9, D10a, D137 tot aan de D949 \u2013 Op de D949 neem je de richting Les Sables d\u2019Olonne op de D32a \u2013 Ga verder op de D32b tot aan de camping.<\/p>\n\n\n\n<p><strong>Als u per trein wilt komen:<\/strong> TGV vertrekt vanaf Parijs (Gare de l\u2019Est) \u2013 3.30 uur tot Gare des Sables d\u2019Olonne<\/p>\n\n\n\n<p><strong>Met het vliegtuig:<\/strong> Parijs Orly Sud \/ Luchthaven van Nantes dan vliegveld La Lande au Ch\u00e2teau d\u2019Olonne<\/p>\n\n\n\n<p><strong>GPS-co\u00f6rdinaten :<\/strong><br>Breedtegraad : 46.464645 \u2013 Lengtegraad : -1.727554<\/p>\n\n\n\n<p class=\"has-text-align-center texte-rond mt-5 has-large-font-size\">Ontdek de camping<\/p>\n\n\n\n<div class=\"wp-block-columns are-vertically-aligned-center h-20 front-page-section grey is-layout-flex wp-container-core-columns-is-layout-28f84493 wp-block-columns-is-layout-flex\">\n<div class=\"wp-block-column is-layout-flow wp-block-column-is-layout-flow\"><\/div>\n\n\n\n<div class=\"wp-block-column is-layout-flow wp-block-column-is-layout-flow\">\n<div class=\"wp-block-create-block-sevgutenberg-navigation\"><aside class=\"encart-sev-navigation small carre\"><a href=\"https:\/\/mirabel-baiedecayola.com\/nl\/camping-vendee-contact\/\" class=\"d-flex flex-column align-items-center\"><div class=\"encart-title\"><span>Neem contact op met<\/span><\/div><div class=\"vague\"><\/div><img decoding=\"async\" src=\"https:\/\/www.mirabel-baiedecayola.com\/wp-content\/uploads\/2022\/04\/accueil-reception-vacanciers.jpg\" alt=\"welkom camping ***\"\/><div class=\"ligne\"><\/div><div class=\"hover\"><\/div><\/a><\/aside><\/div>\n<\/div>\n\n\n\n<div class=\"wp-block-column is-layout-flow wp-block-column-is-layout-flow\">\n<div class=\"wp-block-create-block-sevgutenberg-navigation\"><aside class=\"encart-sev-navigation small carre\"><a href=\"https:\/\/mirabel-baiedecayola.com\/nl\/camping-les-sables-dolonne\/\" class=\"d-flex flex-column align-items-center\"><div class=\"encart-title\"><span>Sables d'Olonne<\/span><\/div><div class=\"vague\"><\/div><img decoding=\"async\" src=\"https:\/\/www.mirabel-baiedecayola.com\/wp-content\/uploads\/2022\/04\/restaurant-sur-la-plage-sables-dolonne.jpg\" alt=\"restaurant aan het strand in les sables d&#039;olonne\"\/><div class=\"ligne\"><\/div><div class=\"hover\"><\/div><\/a><\/aside><\/div>\n<\/div>\n\n\n\n<div class=\"wp-block-column is-layout-flow wp-block-column-is-layout-flow\">\n<div class=\"wp-block-create-block-sevgutenberg-navigation\"><aside class=\"encart-sev-navigation small carre\"><a href=\"https:\/\/mirabel-baiedecayola.com\/nl\/ervaringen\/\" class=\"d-flex flex-column align-items-center\"><div class=\"encart-title\"><span>Ervaringen<\/span><\/div><div class=\"vague\"><\/div><img decoding=\"async\" src=\"https:\/\/www.mirabel-baiedecayola.com\/wp-content\/uploads\/2022\/04\/huitre-degustation-aperitif2.jpg\" alt=\"Vend\u00e9ense gastronomie\"\/><div class=\"ligne\"><\/div><div class=\"hover\"><\/div><\/a><\/aside><\/div>\n<\/div>\n\n\n\n<div class=\"wp-block-column is-layout-flow wp-block-column-is-layout-flow\"><\/div>\n<\/div>","protected":false},"excerpt":{"rendered":"<p>Venir au camping La Baie de Cayola Le camping Mirabel La Baie de Cayola, est situ\u00e9 en Vend\u00e9e (85) en [&hellip;]<\/p>\n","protected":false},"author":3,"featured_media":0,"parent":0,"menu_order":0,"comment_status":"closed","ping_status":"closed","template":"","meta":{"_seopress_robots_primary_cat":"","_seopress_titles_title":"Acc\u00e8s au Camping La Baie de Cayola aux Sables d'Olonne","_seopress_titles_desc":"Carte de situation et itin\u00e9raires conseill\u00e9s pour venir au camping Mirabel La Baie de Cayola, situ\u00e9 aux Sables d'Olonne en Vend\u00e9e.","_seopress_robots_index":"","footnotes":""},"class_list":["post-77","page","type-page","status-publish","hentry"],"_links":{"self":[{"href":"https:\/\/mirabel-baiedecayola.com\/nl\/wp-json\/wp\/v2\/pages\/77","targetHints":{"allow":["GET"]}}],"collection":[{"href":"https:\/\/mirabel-baiedecayola.com\/nl\/wp-json\/wp\/v2\/pages"}],"about":[{"href":"https:\/\/mirabel-baiedecayola.com\/nl\/wp-json\/wp\/v2\/types\/page"}],"author":[{"embeddable":true,"href":"https:\/\/mirabel-baiedecayola.com\/nl\/wp-json\/wp\/v2\/users\/3"}],"replies":[{"embeddable":true,"href":"https:\/\/mirabel-baiedecayola.com\/nl\/wp-json\/wp\/v2\/comments?post=77"}],"version-history":[{"count":32,"href":"https:\/\/mirabel-baiedecayola.com\/nl\/wp-json\/wp\/v2\/pages\/77\/revisions"}],"predecessor-version":[{"id":15968,"href":"https:\/\/mirabel-baiedecayola.com\/nl\/wp-json\/wp\/v2\/pages\/77\/revisions\/15968"}],"wp:attachment":[{"href":"https:\/\/mirabel-baiedecayola.com\/nl\/wp-json\/wp\/v2\/media?parent=77"}],"curies":[{"name":"wp","href":"https:\/\/api.w.org\/{rel}","templated":true}]}}