{"id":81,"date":"2021-12-10T14:29:20","date_gmt":"2021-12-10T13:29:20","guid":{"rendered":"https:\/\/www.campinglarenaudiere.com\/?page_id=81"},"modified":"2026-01-19T12:25:49","modified_gmt":"2026-01-19T11:25:49","slug":"camping-vendee-2","status":"publish","type":"page","link":"https:\/\/mirabel-baiedecayola.com\/nl\/camping-vendee-2\/","title":{"rendered":"Nuttige documenten"},"content":{"rendered":"<h1 class=\"wp-block-heading\" id=\"les-documents-utiles\">Nuttige documenten<\/h1>\n\n\n\n<div class=\"wp-block-columns is-layout-flex wp-container-core-columns-is-layout-28f84493 wp-block-columns-is-layout-flex\">\n<div class=\"wp-block-column  col-xl-4 col-0 col-md-2 is-layout-flow wp-block-column-is-layout-flow\"><\/div>\n\n\n\n<div class=\"wp-block-column col-12 col-xl-4 col-md-8 is-layout-flow wp-block-column-is-layout-flow\">\n<div class=\"wp-block-group card border border-info p-md-5 p-2 has-turquoise-color has-text-color is-layout-flow wp-block-group-is-layout-flow\">\n<figure class=\"wp-block-image alignleft size-full is-resized\"><img loading=\"lazy\" decoding=\"async\" width=\"320\" height=\"281\" src=\"https:\/\/www.campinglarenaudiere.com\/wp-content\/uploads\/2022\/01\/livre-1.png\" alt=\"downloads van de camping\" class=\"wp-image-2934\" style=\"width:70px\" srcset=\"https:\/\/mirabel-baiedecayola.com\/wp-content\/uploads\/2022\/01\/livre-1.png 320w, https:\/\/mirabel-baiedecayola.com\/wp-content\/uploads\/2022\/01\/livre-1-300x263.png 300w\" sizes=\"auto, (max-width: 320px) 100vw, 320px\" \/><\/figure>\n\n\n\n<p class=\"has-text-align-left has-medium-font-size\"><strong>Downloaden<\/strong><\/p>\n\n\n\n<p><strong><mark style=\"background-color:rgba(0, 0, 0, 0)\" class=\"has-inline-color has-orange-color\">\u2022<\/mark> <a href=\"https:\/\/mirabel-baiedecayola.com\/wp-content\/uploads\/2023\/04\/CGV-appart-2025.pdf\" target=\"_blank\" rel=\"noreferrer noopener\">Algemene voorwaarden - Appartement<\/a><\/strong><\/p>\n\n\n\n<p><strong><mark style=\"background-color:rgba(0, 0, 0, 0)\" class=\"has-inline-color has-orange-color\">\u2022<\/mark> <a href=\"https:\/\/mirabel-baiedecayola.com\/wp-content\/uploads\/2024\/02\/IPIDCGA-FR_merged_compressed.pdf\" target=\"_blank\" rel=\"noreferrer noopener\">Annuleringsverzekering<\/a><\/strong><\/p>\n\n\n\n<p><strong><mark style=\"background-color:rgba(0, 0, 0, 0)\" class=\"has-inline-color has-orange-color\">\u2022<\/mark> <a href=\"https:\/\/mirabel-baiedecayola.com\/wp-content\/uploads\/2023\/04\/Plan-Cayola-2026-web.jpg\" target=\"_blank\" rel=\"noreferrer noopener\">Plattegrond van de camping<\/a><\/strong><\/p>\n\n\n\n<p><strong><mark style=\"background-color:rgba(0, 0, 0, 0)\" class=\"has-inline-color has-orange-color\">\u2022<\/mark> <a rel=\"noreferrer noopener\" class=\"text-decoration-none\" href=\"https:\/\/www.mirabel-baiedecayola.com\/wp-content\/uploads\/2023\/04\/Reglement-interieur-2025.pdf\" target=\"_blank\">Reglement<\/a><\/strong><\/p>\n\n\n\n<p><strong><mark style=\"background-color:rgba(0, 0, 0, 0)\" class=\"has-inline-color has-orange-color\">\u2022<\/mark> <a href=\"https:\/\/mirabel-campings.com\/nos-offres-demploi\/\" target=\"_blank\" rel=\"noreferrer noopener\">Onze vacatures<\/a><\/strong><\/p>\n\n\n\n<p><\/p>\n\n\n\n<p><\/p>\n<\/div>\n<\/div>\n<\/div>\n\n\n\n<p><\/p>","protected":false},"excerpt":{"rendered":"<p>Les Documents utiles A t\u00e9l\u00e9charger \u2022 CGV \u2013 Appartement \u2022 Assurance annulation \u2022 Plan du camping \u2022 R\u00e8glement int\u00e9rieur \u2022 [&hellip;]<\/p>\n","protected":false},"author":3,"featured_media":0,"parent":0,"menu_order":0,"comment_status":"closed","ping_status":"closed","template":"","meta":{"_seopress_robots_primary_cat":"","_seopress_titles_title":"T\u00e9l\u00e9chargez les documents utiles \u00e0 vos vacances en Vend\u00e9e","_seopress_titles_desc":"Sur cette page, retrouvez les documents \u00e0 t\u00e9l\u00e9charger pour vos vacances au camping 4 \u00e9toiles des Sables d'Olonne en Vend\u00e9e.","_seopress_robots_index":"","footnotes":""},"class_list":["post-81","page","type-page","status-publish","hentry"],"_links":{"self":[{"href":"https:\/\/mirabel-baiedecayola.com\/nl\/wp-json\/wp\/v2\/pages\/81","targetHints":{"allow":["GET"]}}],"collection":[{"href":"https:\/\/mirabel-baiedecayola.com\/nl\/wp-json\/wp\/v2\/pages"}],"about":[{"href":"https:\/\/mirabel-baiedecayola.com\/nl\/wp-json\/wp\/v2\/types\/page"}],"author":[{"embeddable":true,"href":"https:\/\/mirabel-baiedecayola.com\/nl\/wp-json\/wp\/v2\/users\/3"}],"replies":[{"embeddable":true,"href":"https:\/\/mirabel-baiedecayola.com\/nl\/wp-json\/wp\/v2\/comments?post=81"}],"version-history":[{"count":63,"href":"https:\/\/mirabel-baiedecayola.com\/nl\/wp-json\/wp\/v2\/pages\/81\/revisions"}],"predecessor-version":[{"id":17417,"href":"https:\/\/mirabel-baiedecayola.com\/nl\/wp-json\/wp\/v2\/pages\/81\/revisions\/17417"}],"wp:attachment":[{"href":"https:\/\/mirabel-baiedecayola.com\/nl\/wp-json\/wp\/v2\/media?parent=81"}],"curies":[{"name":"wp","href":"https:\/\/api.w.org\/{rel}","templated":true}]}}