{"id":8691,"date":"2022-04-11T14:52:58","date_gmt":"2022-04-11T12:52:58","guid":{"rendered":"https:\/\/www.camping-vendee-cayola.com\/?page_id=8691"},"modified":"2024-04-11T09:20:15","modified_gmt":"2024-04-11T07:20:15","slug":"cultuur-en-erfgoed","status":"publish","type":"page","link":"https:\/\/mirabel-baiedecayola.com\/nl\/les-experiences\/culture-et-patrimoine\/","title":{"rendered":"Cultuur en erfgoed"},"content":{"rendered":"<h1 class=\"wp-block-heading\" id=\"vivez-l-experience-du-moyen-age\"><strong>De \u00abcultuur en erfgoed\u00bb ervaring in de Vend\u00e9e<\/strong><\/h1>\n\n\n\n<p class=\"has-text-align-center\">De Vend\u00e9e barst van de culturele schatten en is gezegend met een belangrijk en gevarieerd erfgoed.<\/p>\n\n\n\n<figure class=\"wp-block-image aligncenter size-full\"><img decoding=\"async\" src=\"https:\/\/www.mirabel-baiedecayola.com\/wp-content\/uploads\/2022\/01\/barre-bleue.png\" alt=\"\" class=\"wp-image-2382\"\/><\/figure>\n\n\n\n<div class=\"wp-block-media-text alignwide is-stacked-on-mobile is-image-fill\"><figure class=\"wp-block-media-text__media\" style=\"background-image:url(https:\/\/www.mirabel-baiedecayola.com\/wp-content\/uploads\/2022\/04\/visite_chateau_tiffauges28-1024x683.jpg);background-position:50% 50%\"><a href=\"https:\/\/www.mirabel-baiedecayola.com\/wp-content\/uploads\/2022\/04\/visite_chateau_tiffauges28.jpg\"><img loading=\"lazy\" decoding=\"async\" width=\"1024\" height=\"683\" src=\"https:\/\/www.mirabel-baiedecayola.com\/wp-content\/uploads\/2022\/04\/visite_chateau_tiffauges28-1024x683.jpg\" alt=\"\" class=\"wp-image-9371 size-full\" srcset=\"https:\/\/mirabel-baiedecayola.com\/wp-content\/uploads\/2022\/04\/visite_chateau_tiffauges28-1024x683.jpg 1024w, https:\/\/mirabel-baiedecayola.com\/wp-content\/uploads\/2022\/04\/visite_chateau_tiffauges28-300x200.jpg 300w, https:\/\/mirabel-baiedecayola.com\/wp-content\/uploads\/2022\/04\/visite_chateau_tiffauges28-768x512.jpg 768w, https:\/\/mirabel-baiedecayola.com\/wp-content\/uploads\/2022\/04\/visite_chateau_tiffauges28.jpg 1200w\" sizes=\"auto, (max-width: 1024px) 100vw, 1024px\" \/><\/a><\/figure><div class=\"wp-block-media-text__content\">\n<p class=\"has-medium-font-size\"><strong><strong>De kastelen \u2013 Terug naar de middeleeuwen<\/strong><\/strong><\/p>\n\n\n\n<figure class=\"wp-block-image size-full\"><img decoding=\"async\" src=\"https:\/\/www.mirabel-baiedecayola.com\/wp-content\/uploads\/2022\/01\/barre-bleue.png\" alt=\"\" class=\"wp-image-2382\"\/><\/figure>\n\n\n\n<figure class=\"wp-block-image alignright size-full is-resized\"><img loading=\"lazy\" decoding=\"async\" width=\"320\" height=\"214\" src=\"https:\/\/www.mirabel-baiedecayola.com\/wp-content\/uploads\/2021\/12\/Smile.png\" alt=\"praktisch glimlachen\" class=\"wp-image-1947\" style=\"width:100px\" srcset=\"https:\/\/mirabel-baiedecayola.com\/wp-content\/uploads\/2021\/12\/Smile.png 320w, https:\/\/mirabel-baiedecayola.com\/wp-content\/uploads\/2021\/12\/Smile-300x201.png 300w\" sizes=\"auto, (max-width: 320px) 100vw, 320px\" \/><\/figure>\n\n\n\n<p>Meerdere kastelen, opgericht in de Vend\u00e9e en die de eeuwen hebben doorstaan, getuigen van een rijk verleden. Op onze vorige pagina's hadden we het over de <strong><a rel=\"noreferrer noopener\" href=\"https:\/\/chateaudetalmont.com\/\" target=\"_blank\">Kasteel van Talmont-Saint-Hilaire<\/a><\/strong>, gelegen op een rotsachtige uitloper en daardoor genietend van een panoramisch uitzicht over de gemeente. <strong>talrijke animaties<\/strong> worden gedurende het hele jaar gepland die je alleen of met anderen kunt doen. Maar er zijn ook andere even opmerkelijke kastelen te bezoeken zoals <a rel=\"noreferrer noopener\" href=\"https:\/\/www.vendee-tourisme.com\/le-chateau-dapremont\/apremont\/pcupdl053v5049lt\" target=\"_blank\"><strong>het kasteel van Apremont<\/strong><\/a> wie domineert de <strong>Vallei van het Leven<\/strong>. De 2 torens die in de 16e eeuw zijn gebouwd, herinneren ons aan de Renaissance. Er worden dagelijks rondleidingen georganiseerd.<\/p>\n\n\n\n<p>Tiffauges, de beroemde <strong>Kasteel van Gilles de Rais<\/strong>, (wapenbroeder van <strong>Jeanne d'Arc<\/strong> wie zou het personage \u00abge\u00efnspireerd hebben\u00ab&nbsp;<strong>Blauwbaard<\/strong>&nbsp;\u00bb De verhalen van Charles Perrault). De grootste middeleeuwse vesting van het Westen herbergt nog steeds een indrukwekkende collectie werkende oorlogsmachines.<\/p>\n<\/div><\/div>\n\n\n\n<div style=\"height:40px\" aria-hidden=\"true\" class=\"wp-block-spacer\"><\/div>\n\n\n\n<div class=\"wp-block-media-text alignwide has-media-on-the-right is-stacked-on-mobile is-image-fill front-page-section grey animate right\"><div class=\"wp-block-media-text__content\">\n<h2 class=\"wp-block-heading\">Musea om speels te blijven leren<\/h2>\n\n\n\n<p>Geopend in 1976 door Gaston Giron, <strong>autoliefhebber<\/strong> sinds zijn jongste leeftijd, De <a href=\"https:\/\/www.musee-auto-vendee.com\/\" target=\"_blank\" rel=\"noreferrer noopener\"><strong>Automobielmuseum van Vend\u00e9e<\/strong><\/a> ligt op slechts 10 minuten van uw camping La Baie de Cayola. Er worden niet minder dan 150 voertuigen tentoongesteld (auto's, motoren, enz.) die dateren van het einde van de 19e eeuw tot nu. De muren zijn versierd met historische posters en borden om je meteen in de stemming te brengen.<\/p>\n\n\n\n<p>Voor de <strong>kunstliefhebbers,<\/strong> u kunt het Mus\u00e9e de l\u2019Abbaye Sainte Croix bezoeken. Het museum is gevestigd in een voormalig priorij in Les Sables d'Olonne en toont moderne en hedendaagse kunstwerken. Schilderijen van grote namen zoals Victor Bruner, Jean Dubuffer, Alberto Magnelli en Albert Marquet worden er tentoongesteld.<\/p>\n\n\n\n<p>Op minder dan een half uur van uw vakantiebestemming, ontdek de <a rel=\"noreferrer noopener\" href=\"https:\/\/www.museumducoquillage.com\/\" target=\"_blank\">Museum van Schelpen<\/a>. Dichtbij <strong>45.000 unieke schelpen in Europa <\/strong>met buitengewone vormen en glinsterende kleuren.<\/p>\n\n\n\n<p class=\"texte-rond has-orange-color has-text-color has-large-font-size\">Je leert elke dag weer bij!<\/p>\n\n\n\n<p>Voor degenen die meer willen weten over de geschiedenis van de Vend\u00e9e, raden we een bezoek aan l'Historial de la Vend\u00e9e aan. Daar, ongeveer<strong> 7000 jaar geschiedenis<\/strong> worden verteld binnen een architectuur die zowel verrassend als ongelooflijk is!<\/p>\n<\/div><figure class=\"wp-block-media-text__media\" style=\"background-image:url(https:\/\/www.mirabel-baiedecayola.com\/wp-content\/uploads\/2022\/04\/Historial-vendee-musee-1024x683.jpg);background-position:84% 61%\"><a href=\"https:\/\/www.mirabel-baiedecayola.com\/wp-content\/uploads\/2022\/04\/Historial-vendee-musee.jpg\"><img loading=\"lazy\" decoding=\"async\" width=\"1024\" height=\"683\" src=\"https:\/\/www.mirabel-baiedecayola.com\/wp-content\/uploads\/2022\/04\/Historial-vendee-musee-1024x683.jpg\" alt=\"\" class=\"wp-image-9364 size-full\" srcset=\"https:\/\/mirabel-baiedecayola.com\/wp-content\/uploads\/2022\/04\/Historial-vendee-musee-1024x683.jpg 1024w, https:\/\/mirabel-baiedecayola.com\/wp-content\/uploads\/2022\/04\/Historial-vendee-musee-300x200.jpg 300w, https:\/\/mirabel-baiedecayola.com\/wp-content\/uploads\/2022\/04\/Historial-vendee-musee-768x512.jpg 768w, https:\/\/mirabel-baiedecayola.com\/wp-content\/uploads\/2022\/04\/Historial-vendee-musee.jpg 1200w\" sizes=\"auto, (max-width: 1024px) 100vw, 1024px\" \/><\/a><\/figure><\/div>\n\n\n\n<div class=\"wp-block-media-text alignwide is-stacked-on-mobile is-image-fill animate left\"><figure class=\"wp-block-media-text__media\" style=\"background-image:url(https:\/\/www.mirabel-baiedecayola.com\/wp-content\/uploads\/2022\/04\/Nieul-sur-lAutise-abbaye-1024x683.jpg);background-position:50% 50%\"><a href=\"https:\/\/www.mirabel-baiedecayola.com\/wp-content\/uploads\/2022\/04\/Nieul-sur-lAutise-abbaye.jpg\"><img loading=\"lazy\" decoding=\"async\" width=\"1024\" height=\"683\" src=\"https:\/\/www.mirabel-baiedecayola.com\/wp-content\/uploads\/2022\/04\/Nieul-sur-lAutise-abbaye-1024x683.jpg\" alt=\"\" class=\"wp-image-9368 size-full\" srcset=\"https:\/\/mirabel-baiedecayola.com\/wp-content\/uploads\/2022\/04\/Nieul-sur-lAutise-abbaye-1024x683.jpg 1024w, https:\/\/mirabel-baiedecayola.com\/wp-content\/uploads\/2022\/04\/Nieul-sur-lAutise-abbaye-300x200.jpg 300w, https:\/\/mirabel-baiedecayola.com\/wp-content\/uploads\/2022\/04\/Nieul-sur-lAutise-abbaye-768x512.jpg 768w, https:\/\/mirabel-baiedecayola.com\/wp-content\/uploads\/2022\/04\/Nieul-sur-lAutise-abbaye.jpg 1200w\" sizes=\"auto, (max-width: 1024px) 100vw, 1024px\" \/><\/a><\/figure><div class=\"wp-block-media-text__content\">\n<h2 class=\"wp-block-heading\">Architectuur en Geschiedenis \u2013 de Abdijen<\/h2>\n\n\n\n<p>Tussen Abdijen en Priorijen, duik in een andere tijd in de buurt van de Baai van Cayola. Slechts 900 meter van de camping bevindt zich de\u2019<strong>Abdij Saint Jean d\u2019Orbestier<\/strong>, gebouwd in de 12e eeuw door de Hertog van Aquitani\u00eb en Graaf van Poitou.<\/p>\n\n\n\n<p>Gelegen in Nieul-sur-l\u2019Autise, de\u2019<strong>Abdij van Ali\u00e9nor <\/strong>is een prachtig voorbeeld van architectuur, dat is gerestaureerd op een unieke manier. De abdij is een van de weinige quasi-intacte romaanse ensembles in Poitou en bezit het enige romaanse klooster in het Westen dat volledig bewaard is gebleven.<\/p>\n\n\n\n<p class=\"texte-rond has-orange-color has-text-color has-large-font-size\">La Vend\u00e9e en zijn erfgoed: een heel verhaal!<\/p>\n\n\n\n<p>Als je van priorijen houdt, dan zul je weggeblazen worden door de <a href=\"https:\/\/nossites.vendee.fr\/prieure-de-grammont\" target=\"_blank\" rel=\"noreferrer noopener\"><strong>Priorij van Grammont<\/strong><\/a>. Gesticht eind twaalfde eeuw onder Richard Leeuwenhart, is het een van de best bewaarde kastelen van Frankrijk. U kunt opmerkelijke elementen bewonderen, zoals de kapel of de kapittelzaal.<\/p>\n<\/div><\/div>","protected":false},"excerpt":{"rendered":"<p>L\u2019exp\u00e9rience \u00ab&nbsp;culture et patrimoine&nbsp;\u00bb en Vend\u00e9e La Vend\u00e9e regorge de tr\u00e9sors culturels et est dot\u00e9e d\u2019un patrimoine important et vari\u00e9. [&hellip;]<\/p>\n","protected":false},"author":3,"featured_media":0,"parent":272,"menu_order":0,"comment_status":"closed","ping_status":"closed","template":"","meta":{"_seopress_robots_primary_cat":"","_seopress_titles_title":"Exp\u00e9rience Culture et Patrimoine | Vend\u00e9e","_seopress_titles_desc":"Lors de votre s\u00e9jour \u00e0 La Baie de Cayola ***, d\u00e9couvrez la richesse culturelle de la Vend\u00e9e, ch\u00e2teaux, historial de la Vend\u00e9e ou encore Abbaye","_seopress_robots_index":"","footnotes":""},"class_list":["post-8691","page","type-page","status-publish","hentry"],"_links":{"self":[{"href":"https:\/\/mirabel-baiedecayola.com\/nl\/wp-json\/wp\/v2\/pages\/8691","targetHints":{"allow":["GET"]}}],"collection":[{"href":"https:\/\/mirabel-baiedecayola.com\/nl\/wp-json\/wp\/v2\/pages"}],"about":[{"href":"https:\/\/mirabel-baiedecayola.com\/nl\/wp-json\/wp\/v2\/types\/page"}],"author":[{"embeddable":true,"href":"https:\/\/mirabel-baiedecayola.com\/nl\/wp-json\/wp\/v2\/users\/3"}],"replies":[{"embeddable":true,"href":"https:\/\/mirabel-baiedecayola.com\/nl\/wp-json\/wp\/v2\/comments?post=8691"}],"version-history":[{"count":9,"href":"https:\/\/mirabel-baiedecayola.com\/nl\/wp-json\/wp\/v2\/pages\/8691\/revisions"}],"predecessor-version":[{"id":16061,"href":"https:\/\/mirabel-baiedecayola.com\/nl\/wp-json\/wp\/v2\/pages\/8691\/revisions\/16061"}],"up":[{"embeddable":true,"href":"https:\/\/mirabel-baiedecayola.com\/nl\/wp-json\/wp\/v2\/pages\/272"}],"wp:attachment":[{"href":"https:\/\/mirabel-baiedecayola.com\/nl\/wp-json\/wp\/v2\/media?parent=8691"}],"curies":[{"name":"wp","href":"https:\/\/api.w.org\/{rel}","templated":true}]}}