{"id":889,"date":"2021-12-20T11:10:21","date_gmt":"2021-12-20T10:10:21","guid":{"rendered":"https:\/\/www.campinglarenaudiere.com\/?page_id=889"},"modified":"2024-04-11T09:21:07","modified_gmt":"2024-04-11T07:21:07","slug":"vrijetijdsactiviteiten-met-kinderen","status":"publish","type":"page","link":"https:\/\/mirabel-baiedecayola.com\/nl\/les-experiences\/loisirs-avec-enfants\/","title":{"rendered":"Ervaring met kinderen"},"content":{"rendered":"<h1 class=\"wp-block-heading\" id=\"decouvrez-le-calvados-a-velo-depuis-votre-camping-4-etoiles\"><strong>Vakantie met kinderen<\/strong><\/h1>\n\n\n\n<p class=\"has-text-align-center\">In de buurt van de camping en je vakantiebestemming wachten je kinderen en kleinkinderen talloze uitstapjes en vrijetijdsactiviteiten.<\/p>\n\n\n\n<figure class=\"wp-block-image aligncenter size-full\"><img decoding=\"async\" src=\"https:\/\/www.mirabel-baiedecayola.com\/wp-content\/uploads\/2022\/01\/barre-bleue.png\" alt=\"\" class=\"wp-image-2382\"\/><\/figure>\n\n\n\n<div class=\"wp-block-media-text alignwide is-stacked-on-mobile is-image-fill\"><figure class=\"wp-block-media-text__media\" style=\"background-image:url(https:\/\/www.mirabel-baiedecayola.com\/wp-content\/uploads\/2022\/04\/chateau-aventuriers-cayola-2.jpg);background-position:51% 57%\"><a href=\"https:\/\/www.mirabel-baiedecayola.com\/wp-content\/uploads\/2022\/04\/chateau-aventuriers-cayola-2.jpg\"><img loading=\"lazy\" decoding=\"async\" width=\"496\" height=\"1020\" src=\"https:\/\/www.mirabel-baiedecayola.com\/wp-content\/uploads\/2022\/04\/chateau-aventuriers-cayola-2.jpg\" alt=\"\" class=\"wp-image-9318 size-full\" srcset=\"https:\/\/mirabel-baiedecayola.com\/wp-content\/uploads\/2022\/04\/chateau-aventuriers-cayola-2.jpg 496w, https:\/\/mirabel-baiedecayola.com\/wp-content\/uploads\/2022\/04\/chateau-aventuriers-cayola-2-146x300.jpg 146w\" sizes=\"auto, (max-width: 496px) 100vw, 496px\" \/><\/a><\/figure><div class=\"wp-block-media-text__content\">\n<h2 class=\"wp-block-heading\" id=\"la-velo-maritime-longez-la-cote-normande-en-deux-roues\"><strong>Activiteiten voor kinderen in de buurt van Les Sables d'Olonne<\/strong><\/h2>\n\n\n\n<figure class=\"wp-block-image size-full\"><img decoding=\"async\" src=\"https:\/\/www.mirabel-baiedecayola.com\/wp-content\/uploads\/2022\/01\/barre-bleue.png\" alt=\"\" class=\"wp-image-2382\"\/><\/figure>\n\n\n\n<p><strong>Minder dan 30 minuten rijden<\/strong> de camping kunt u de prachtige <strong><a href=\"https:\/\/www.aquarium-vendee.com\/\" target=\"_blank\" rel=\"noreferrer noopener\">Aquarium de Vend\u00e9e<\/a><\/strong> waar meer dan 500 mariene soorten worden gepresenteerd, of de <strong><a href=\"https:\/\/www.zoodessables.fr\/\" target=\"_blank\" rel=\"noreferrer noopener\">Zoo van de Zandvlaktes<\/a><\/strong>, voor een reis langs continenten en dieren. Voor sportfans is er de <strong><a href=\"https:\/\/www.joa.fr\/casinos\/sables-dolonne-les-pins\/loisirs\/mini-golf\" target=\"_blank\" rel=\"noreferrer noopener\">casino midgetgolf<\/a><\/strong> is open voor familieplezier. Waarom ga je als de dagen donkerder worden niet naar een korte animatiefilm voor kinderen in de bioscoop?\u00ab\u00a0<strong>Grand Palace<\/strong>\u00a0\u00bb.<br>Het Vogelobservatorium van \u00cele d'Olonne is altijd op zoek naar dieren en biedt de meest nieuwsgierige bezoekers de kans om de soorten te observeren die in de moerassen van de Vend\u00e9e leven. Op zoek naar een uitdaging? Ga dan naar de <strong><a href=\"https:\/\/chateau-aventuriers.com\/\" target=\"_blank\" rel=\"noreferrer noopener\">Ch\u00e2teau des Aventuriers<\/a><\/strong> voor <strong>familiepuzzels<\/strong>, Een dag vol plezier voor jong en oud. Al met al een geweldig dagje uit voor jong en oud.<br><strong><a href=\"https:\/\/www.vendee-miniature.fr\/\" target=\"_blank\" rel=\"noreferrer noopener\">Vend\u00e9e Miniatuur<\/a><\/strong> nodigt je uit om je te vergapen aan een van de mooiste miniatuurdorpen van Frankrijk. Elk detail is zorgvuldig nagebouwd, inclusief winkels, een locomotief en een molen!<\/p>\n<\/div><\/div>\n\n\n\n<div style=\"height:40px\" aria-hidden=\"true\" class=\"wp-block-spacer\"><\/div>\n\n\n\n<div class=\"wp-block-media-text alignwide has-media-on-the-right is-stacked-on-mobile is-image-fill front-page-section grey\"><div class=\"wp-block-media-text__content\">\n<h2 class=\"wp-block-heading\" id=\"de-ouistreham-a-caen-par-le-canal\"><strong><strong>Recreatieparken op minder dan een uur van de camping<\/strong><\/strong><\/h2>\n\n\n\n<figure class=\"wp-block-image size-full\"><img decoding=\"async\" src=\"https:\/\/www.mirabel-baiedecayola.com\/wp-content\/uploads\/2022\/01\/barre-bleue.png\" alt=\"\" class=\"wp-image-2382\"\/><\/figure>\n\n\n\n<p>Voor nog meer plezier neemt u uw kinderen en het hele gezin mee voor een dag vol plezier en herinneringen. Er zijn verschillende parken in de buurt van uw camping La Baie de Cayola, dus u hoeft alleen maar uw favoriet te kiezen, of er meerdere uit te proberen!<br>Le <strong><a href=\"https:\/\/www.parc-des-dunes.com\/\" target=\"_blank\" rel=\"noreferrer noopener\">Duinenpark<\/a><\/strong> biedt een hele waaier aan sensatie en plezier: waterglijbanen, rodelbaan, minigolf, skelteren, trampoline, enz... <a href=\"https:\/\/dinos-park.com\/\" target=\"_blank\" rel=\"noreferrer noopener\"><strong>Dino's Park<\/strong><\/a> ligt op 50 minuten van de camping in St-Hilaire-de-Riez en geeft leven aan de <strong>Dinosaurussen<\/strong> dankzij robotsystemen. Ga terug in de tijd en ontdek wezens die 230 miljoen jaar oud zijn.<br><strong><a href=\"https:\/\/oglisspark.fr\/\" data-type=\"page\" target=\"_blank\" rel=\"noreferrer noopener\">O'Gliss Park :<\/a> <\/strong>voor liefhebbers van <strong>waterspelen en zwembaden<\/strong>, dan is dit het park voor jou! Glijbanen, golfslagbad, boeien, kinderzone. Je kunt hier een geweldige dag beleven met je geliefden en zoveel plezier hebben als je maar wilt.<\/p>\n\n\n\n<div class=\"wp-block-buttons is-content-justification-center is-layout-flex wp-container-core-buttons-is-layout-a89b3969 wp-block-buttons-is-layout-flex\">\n<div class=\"wp-block-button\"><a class=\"wp-block-button__link has-turquoise-background-color has-background wp-element-button\" href=\"https:\/\/mirabel-baiedecayola.com\/nl\/camping-vendee-bonnes-adresses\/\">Activiteiten en uitstapjes<\/a><\/div>\n<\/div>\n<\/div><figure class=\"wp-block-media-text__media\" style=\"background-image:url(https:\/\/www.mirabel-baiedecayola.com\/wp-content\/uploads\/2022\/04\/jeux-eau-toboggan-enfantjpg.jpg);background-position:50% 50%\"><a href=\"https:\/\/www.mirabel-baiedecayola.com\/wp-content\/uploads\/2022\/04\/jeux-eau-toboggan-enfantjpg.jpg\"><img loading=\"lazy\" decoding=\"async\" width=\"680\" height=\"1020\" src=\"https:\/\/www.mirabel-baiedecayola.com\/wp-content\/uploads\/2022\/04\/jeux-eau-toboggan-enfantjpg.jpg\" alt=\"\" class=\"wp-image-9321 size-full\" srcset=\"https:\/\/mirabel-baiedecayola.com\/wp-content\/uploads\/2022\/04\/jeux-eau-toboggan-enfantjpg.jpg 680w, https:\/\/mirabel-baiedecayola.com\/wp-content\/uploads\/2022\/04\/jeux-eau-toboggan-enfantjpg-200x300.jpg 200w\" sizes=\"auto, (max-width: 680px) 100vw, 680px\" \/><\/a><\/figure><\/div>\n\n\n\n<div style=\"height:40px\" aria-hidden=\"true\" class=\"wp-block-spacer\"><\/div>\n\n\n\n<div class=\"wp-block-media-text alignwide is-stacked-on-mobile is-image-fill animate left\"><figure class=\"wp-block-media-text__media\" style=\"background-image:url(https:\/\/www.mirabel-baiedecayola.com\/wp-content\/uploads\/2022\/04\/jeu-plage-enfant-sable.jpg);background-position:48% 45%\"><img loading=\"lazy\" decoding=\"async\" width=\"765\" height=\"1020\" src=\"https:\/\/www.mirabel-baiedecayola.com\/wp-content\/uploads\/2022\/04\/jeu-plage-enfant-sable.jpg\" alt=\"\" class=\"wp-image-9324 size-full\" srcset=\"https:\/\/mirabel-baiedecayola.com\/wp-content\/uploads\/2022\/04\/jeu-plage-enfant-sable.jpg 765w, https:\/\/mirabel-baiedecayola.com\/wp-content\/uploads\/2022\/04\/jeu-plage-enfant-sable-225x300.jpg 225w\" sizes=\"auto, (max-width: 765px) 100vw, 765px\" \/><\/figure><div class=\"wp-block-media-text__content\">\n<p class=\"texte-rond has-orange-color has-text-color has-large-font-size\" id=\"des-circuits-velo-accessibles-a-tous-pour-vos-balades-en-famille\"><strong>Een dagje naar het strand - Een must voor een vakantie aan zee<\/strong><\/p>\n\n\n\n<p>Door te verblijven bij <a href=\"https:\/\/mirabel-baiedecayola.com\/nl\/\">4-sterren camping La Baie de Cayola<\/a> op <a href=\"https:\/\/mirabel-baiedecayola.com\/nl\/camping-les-sables-dolonne\/\" data-type=\"page\" data-id=\"67\">Sables d'Olonne<\/a>, Je hebt een prachtig uitzicht op de oceaan vanuit je huurauto of het zwembad. Met de auto ben je er in 5 minuten. En op de <strong>C\u00f4te des Lumi\u00e8res<\/strong>, Er zijn genoeg stranden om uit te kiezen. Kinderen zullen het heerlijk vinden om de dag of middag door te brengen op zoek naar de mooiste schelp of de grootste. <strong>zandkasteel.<\/strong> Nadat je je handdoek op het zand hebt gelegd en je hebt ingesmeerd met zonnebrandcr\u00e8me, kun je eindelijk genieten van een moment van rust. Voor de sportievelingen staat er een potje beachvolleybal of m\u00f6lkky op je te wachten. Het is bijna tijd om te zwemmen: trek je zwemkleding aan, zwemvest en armbanden voor de kleintjes, en ga de strijd aan met de golven. <strong>Atlantische golven!<\/strong><\/p>\n<\/div><\/div>\n\n\n\n<div style=\"height:60px\" aria-hidden=\"true\" class=\"wp-block-spacer\"><\/div>\n\n\n\n<div style=\"height:10px\" aria-hidden=\"true\" class=\"wp-block-spacer\"><\/div>\n\n\n\n<figure class=\"wp-block-image aligncenter size-large is-resized mt-5\"><img decoding=\"async\" src=\"https:\/\/www.mirabel-baiedecayola.com\/wp-content\/uploads\/2022\/01\/photo-1024x84.png\" alt=\"fotogalerij\" class=\"wp-image-2371\" style=\"width:768px;height:63px\"\/><\/figure>\n\n\n\t\t\t<div id=\"sevgallery-1133356115\" class=\"sev-diaporama sev-diaporama-portfolio\">\r\n\t\t\t\t<div class=\"row\">\r\n\r\n\t\t\t\t\t\r\n\t\t\t\t\t\t\r\n\t\t\t\t\t\t<div class=\"sev-diaporama-portfolio-item   btnseeall btnseeall-xl col-12 col-md  col-shrink\">\r\n\t\t\t\t\t\t\t<a href=\"https:\/\/mirabel-baiedecayola.com\/wp-content\/uploads\/2022\/04\/chateau-aventuriers-cayola-3.jpg\" data-lightbox=\"sevgallery-1133356115\" style=\"background-image: url(https:\/\/mirabel-baiedecayola.com\/wp-content\/uploads\/2022\/04\/chateau-aventuriers-cayola-3.jpg)\">\r\n\t\t\t\t\t\t\t\t<img decoding=\"async\" src=\"https:\/\/mirabel-baiedecayola.com\/wp-content\/uploads\/2022\/04\/chateau-aventuriers-cayola-3.jpg\" alt=\"kasteel van avonturiers\" loading=\"lazy\">\r\n\t\t\t\t\t\t\t\t\t\t\t\t\t\t\t<\/a>\r\n\t\t\t\t\t\t<\/div>\r\n\r\n\t\t\t\t\t\t\r\n\t\t\t\t\t\t\t\t\t\t\t\t\t\t\t\t\t\r\n\t\t\t\t\t\t\r\n\t\t\t\t\t\t<div class=\"sev-diaporama-portfolio-item   btnseeall btnseeall-xl col-12 col-md\">\r\n\t\t\t\t\t\t\t<a href=\"https:\/\/mirabel-baiedecayola.com\/wp-content\/uploads\/2022\/04\/IMG_2060-1024x683.jpg\" data-lightbox=\"sevgallery-1133356115\" style=\"background-image: url(https:\/\/mirabel-baiedecayola.com\/wp-content\/uploads\/2022\/04\/IMG_2060-1024x683.jpg)\">\r\n\t\t\t\t\t\t\t\t<img decoding=\"async\" src=\"https:\/\/mirabel-baiedecayola.com\/wp-content\/uploads\/2022\/04\/IMG_2060-1024x683.jpg\" alt=\"ervaringen van kinderen\" loading=\"lazy\">\r\n\t\t\t\t\t\t\t\t\t\t\t\t\t\t\t<\/a>\r\n\t\t\t\t\t\t<\/div>\r\n\r\n\t\t\t\t\t\t\r\n\t\t\t\t\t\t\t\t\t\t\t\t\t\t\t\t\t\r\n\t\t\t\t\t\t\r\n\t\t\t\t\t\t<div class=\"sev-diaporama-portfolio-item   btnseeall btnseeall-xl col-12 col-md  col-grow\">\r\n\t\t\t\t\t\t\t<a href=\"https:\/\/mirabel-baiedecayola.com\/wp-content\/uploads\/2022\/04\/jeu-plage-enfant-sable-1.jpg\" data-lightbox=\"sevgallery-1133356115\" style=\"background-image: url(https:\/\/mirabel-baiedecayola.com\/wp-content\/uploads\/2022\/04\/jeu-plage-enfant-sable-1.jpg)\">\r\n\t\t\t\t\t\t\t\t<img decoding=\"async\" src=\"https:\/\/mirabel-baiedecayola.com\/wp-content\/uploads\/2022\/04\/jeu-plage-enfant-sable-1.jpg\" alt=\"gezinsvakantie\" loading=\"lazy\">\r\n\t\t\t\t\t\t\t\t\t\t\t\t\t\t\t<\/a>\r\n\t\t\t\t\t\t<\/div>\r\n\r\n\t\t\t\t\t\t\t\t\t\t\t\t\t<div class=\"w-100\"><\/div>\r\n\t\t\t\t\t\t\t\t\t\t\t\t\t\r\n\t\t\t\t\t\t\t\t\t\t\t\t\t\t\t\t\t\r\n\t\t\t\t\t\t\r\n\t\t\t\t\t\t<div class=\"sev-diaporama-portfolio-item   btnseeall btnseeall-xl col-12 col-md\">\r\n\t\t\t\t\t\t\t<a href=\"https:\/\/mirabel-baiedecayola.com\/wp-content\/uploads\/2022\/04\/jeux-eau-toboggan-enfantjpg-1.jpg\" data-lightbox=\"sevgallery-1133356115\" style=\"background-image: url(https:\/\/mirabel-baiedecayola.com\/wp-content\/uploads\/2022\/04\/jeux-eau-toboggan-enfantjpg-1.jpg)\">\r\n\t\t\t\t\t\t\t\t<img decoding=\"async\" src=\"https:\/\/mirabel-baiedecayola.com\/wp-content\/uploads\/2022\/04\/jeux-eau-toboggan-enfantjpg-1.jpg\" alt=\"gezinsvakanties met kinderen\" loading=\"lazy\">\r\n\t\t\t\t\t\t\t\t\t\t\t\t\t\t\t<\/a>\r\n\t\t\t\t\t\t<\/div>\r\n\r\n\t\t\t\t\t\t\r\n\t\t\t\t\t\t\t\t\t\t\t\t\t\t\t\t\t\r\n\t\t\t\t\t\t\r\n\t\t\t\t\t\t<div class=\"sev-diaporama-portfolio-item   btnseeall btnseeall-xl col-12 col-md  col-shrink\">\r\n\t\t\t\t\t\t\t<a href=\"https:\/\/mirabel-baiedecayola.com\/wp-content\/uploads\/2022\/04\/journee-plage-jeu-2.jpg\" data-lightbox=\"sevgallery-1133356115\" style=\"background-image: url(https:\/\/mirabel-baiedecayola.com\/wp-content\/uploads\/2022\/04\/journee-plage-jeu-2.jpg)\">\r\n\t\t\t\t\t\t\t\t<img decoding=\"async\" src=\"https:\/\/mirabel-baiedecayola.com\/wp-content\/uploads\/2022\/04\/journee-plage-jeu-2.jpg\" alt=\"kindervakanties\" loading=\"lazy\">\r\n\t\t\t\t\t\t\t\t\t\t\t\t\t\t\t<\/a>\r\n\t\t\t\t\t\t<\/div>\r\n\r\n\t\t\t\t\t\t\r\n\t\t\t\t\t\t\t\t\t\t\t\t\t\t\t\t\t\r\n\t\t\t\t\t\t\r\n\t\t\t\t\t\t<div class=\"sev-diaporama-portfolio-item  limitsm btnseeall btnseeall-xl col-12 col-md  col-shrink last-visible\">\r\n\t\t\t\t\t\t\t<a href=\"https:\/\/mirabel-baiedecayola.com\/nl\/camping-vendee-photos\/\"  style=\"background-image: url(https:\/\/mirabel-baiedecayola.com\/wp-content\/uploads\/2022\/04\/visite_chateau_tiffauges-enfant-1-1024x683.jpg)\">\r\n\t\t\t\t\t\t\t\t<img decoding=\"async\" src=\"https:\/\/mirabel-baiedecayola.com\/wp-content\/uploads\/2022\/04\/visite_chateau_tiffauges-enfant-1-1024x683.jpg\" alt=\"bezoek aan het kasteel van tiffauge\" loading=\"lazy\">\r\n\t\t\t\t\t\t\t\t\t\t\t\t\t\t\t\t\t<img decoding=\"async\" src=\"https:\/\/mirabel-baiedecayola.com\/wp-content\/themes\/mirabel-site\/assets\/img\/voir-photos.png\" alt=\"\" \/>\r\n\t\t\t\t\t\t\t\t\t<span>Bekijk alle foto's<\/span>\r\n\t\t\t\t\t\t\t\t\t\t\t\t\t\t\t<\/a>\r\n\t\t\t\t\t\t<\/div>\r\n\r\n\t\t\t\t\t\t\t\t\t\t\t\t\t<div class=\"w-100\"><\/div>\r\n\t\t\t\t\t\t\t\t\t\t\t\t\t\r\n\t\t\t\t\t\t\t\t\t\t\t\t\t\t\t\t\t\t\t\t\t<\/div>\r\n\t\t\t<\/div>\r\n\r\n\t\t\t<script>\r\n\t\t\tjQuery(function($) {\r\n\r\n\t\t\t\tvar marginPortfolio = function() {\r\n\r\n\t\t\t\t\tvar $diapo          = $('#sevgallery-1133356115');\r\n\t\t\t\t\tvar container_width = $diapo.parent().outerWidth();\r\n\t\t\t\t\tvar side            = ( $(window).innerWidth() - container_width ) \/ 2;\r\n\r\n\t\t\t\t\t$diapo.css( {\r\n\t\t\t\t\t\t'margin-left': '-' + side + 'px',\r\n\t\t\t\t\t\t'margin-right': '-' + side + 'px',\r\n\t\t\t\t\t} );\r\n\t\t\t\t};\r\n\r\n\t\t\t\t$( window ).resize( function() {\r\n\t\t\t\t\tmarginPortfolio();\r\n\t\t\t\t} );\r\n\t\t\t\tmarginPortfolio();\r\n\t\t\t});\r\n\t\t\t<\/script>","protected":false},"excerpt":{"rendered":"<p>Vos vacances avec les enfants Une multitude de sorties et d\u2019activit\u00e9s de loisirs attendent vos enfants et petits-enfants \u00e0 proximit\u00e9 [&hellip;]<\/p>\n","protected":false},"author":3,"featured_media":0,"parent":272,"menu_order":0,"comment_status":"closed","ping_status":"closed","template":"","meta":{"_seopress_robots_primary_cat":"","_seopress_titles_title":"La d\u00e9couverte de la Vend\u00e9e avec vos enfants","_seopress_titles_desc":"En s\u00e9journant au camping La Baie de Cayola *** aux Sables d'Olonne vous pourrez profiter d'une multitude d'activit\u00e9s pour petits et grands","_seopress_robots_index":"","footnotes":""},"class_list":["post-889","page","type-page","status-publish","hentry"],"_links":{"self":[{"href":"https:\/\/mirabel-baiedecayola.com\/nl\/wp-json\/wp\/v2\/pages\/889","targetHints":{"allow":["GET"]}}],"collection":[{"href":"https:\/\/mirabel-baiedecayola.com\/nl\/wp-json\/wp\/v2\/pages"}],"about":[{"href":"https:\/\/mirabel-baiedecayola.com\/nl\/wp-json\/wp\/v2\/types\/page"}],"author":[{"embeddable":true,"href":"https:\/\/mirabel-baiedecayola.com\/nl\/wp-json\/wp\/v2\/users\/3"}],"replies":[{"embeddable":true,"href":"https:\/\/mirabel-baiedecayola.com\/nl\/wp-json\/wp\/v2\/comments?post=889"}],"version-history":[{"count":33,"href":"https:\/\/mirabel-baiedecayola.com\/nl\/wp-json\/wp\/v2\/pages\/889\/revisions"}],"predecessor-version":[{"id":16062,"href":"https:\/\/mirabel-baiedecayola.com\/nl\/wp-json\/wp\/v2\/pages\/889\/revisions\/16062"}],"up":[{"embeddable":true,"href":"https:\/\/mirabel-baiedecayola.com\/nl\/wp-json\/wp\/v2\/pages\/272"}],"wp:attachment":[{"href":"https:\/\/mirabel-baiedecayola.com\/nl\/wp-json\/wp\/v2\/media?parent=889"}],"curies":[{"name":"wp","href":"https:\/\/api.w.org\/{rel}","templated":true}]}}